{"id":1985,"date":"2023-06-06T21:15:10","date_gmt":"2023-06-06T20:15:10","guid":{"rendered":"https:\/\/escasainguitars.com\/?page_id=1985"},"modified":"2024-03-08T12:02:53","modified_gmt":"2024-03-08T11:02:53","slug":"libros","status":"publish","type":"page","link":"https:\/\/escasainguitars.com\/pt\/libros\/","title":{"rendered":"Libros"},"content":{"rendered":"<p>[et_pb_section fb_built=&#8221;1&#8243; _builder_version=&#8221;4.21.0&#8243; _module_preset=&#8221;default&#8221; background_color=&#8221;#f2f2f2&#8243; custom_margin=&#8221;||||false|false&#8221; custom_padding=&#8221;10px||10px||true|false&#8221; global_colors_info=&#8221;{}&#8221;][et_pb_row _builder_version=&#8221;4.22.2&#8243; _module_preset=&#8221;default&#8221; width=&#8221;90%&#8221; width_phone=&#8221;90%&#8221; width_last_edited=&#8221;off|desktop&#8221; max_width=&#8221;90%&#8221; custom_margin=&#8221;||||false|false&#8221; custom_padding=&#8221;0px||10px||false|true&#8221; locked=&#8221;off&#8221; global_colors_info=&#8221;{}&#8221;][et_pb_column type=&#8221;4_4&#8243; _builder_version=&#8221;4.21.0&#8243; _module_preset=&#8221;default&#8221; global_colors_info=&#8221;{}&#8221;][et_pb_code _builder_version=&#8221;4.22.2&#8243; _module_preset=&#8221;default&#8221; custom_margin=&#8221;||0px||false|false&#8221; global_colors_info=&#8221;{}&#8221;]<nav aria-label=\"breadcrumbs\" class=\"rank-math-breadcrumb\"><p><span class=\"last\">Inicio<\/span><\/p><\/nav>[\/et_pb_code][et_pb_text _builder_version=&#8221;4.22.2&#8243; _module_preset=&#8221;default&#8221; global_colors_info=&#8221;{}&#8221;]<\/p>\n<h1>MIS LIBROS<\/h1>\n<p>[\/et_pb_text][\/et_pb_column][\/et_pb_row][et_pb_row column_structure=&#8221;1_3,1_3,1_3&#8243; _builder_version=&#8221;4.22.2&#8243; _module_preset=&#8221;default&#8221; width=&#8221;90%&#8221; max_width=&#8221;90%&#8221; custom_margin=&#8221;||||false|false&#8221; custom_padding=&#8221;0px||||false|false&#8221; global_colors_info=&#8221;{}&#8221;][et_pb_column type=&#8221;1_3&#8243; _builder_version=&#8221;4.21.0&#8243; _module_preset=&#8221;default&#8221; background_color=&#8221;#FFFFFF&#8221; custom_padding=&#8221;20px|20px|20px|20px|true|true&#8221; box_shadow_style=&#8221;preset1&#8243; global_colors_info=&#8221;{}&#8221;][et_pb_blurb title=&#8221;T\u00fa puedes tocar la guitarra &#8211; Iniciaci\u00f3n&#8221; url_new_window=&#8221;on&#8221; image=&#8221;https:\/\/escasainguitars.com\/wp-content\/uploads\/2023\/06\/tu-puedes-tocar-la-guitarra-1-1.jpg&#8221; _builder_version=&#8221;4.22.2&#8243; _module_preset=&#8221;default&#8221; header_level=&#8221;h2&#8243; header_font=&#8221;||||||||&#8221; animation_style=&#8221;fade&#8221; animation_duration=&#8221;2000ms&#8221; link_option_url=&#8221;https:\/\/www.amazon.es\/gp\/product\/B09QF44VBM&#8221; link_option_url_new_window=&#8221;on&#8221; global_colors_info=&#8221;{}&#8221;]<\/p>\n<p>El objetivo de este libro es que el lector adquiera las habilidades esenciales para tocar la guitarra y que aprenda la teor\u00eda musical aplicada al instrumento.<\/p>\n<p>Los cap\u00edtulos de este primer volumen son: teor\u00eda musical, las cuerdas de la guitarra, acordes b\u00e1sicos, t\u00e9cnica de la guitarra, escala mayor y menor, alteraciones, acordes de cejilla, acordes de quinta, 12 bar blues, escala pentat\u00f3nica, intervalos, teor\u00eda de acordes, circulo de quintas y armaduras. El libro contiene recursos como: pentagramas, tablaturas y diagramas de acordes.<\/p>\n<p>[\/et_pb_blurb][dsm_star_rating title=&#8221;Amazon&#8221; star_alignment=&#8221;left&#8221; stars_size=&#8221;30px&#8221; show_number=&#8221;off&#8221; _builder_version=&#8221;4.21.0&#8243; _module_preset=&#8221;default&#8221; global_colors_info=&#8221;{}&#8221;][\/dsm_star_rating][\/et_pb_column][et_pb_column type=&#8221;1_3&#8243; _builder_version=&#8221;4.21.0&#8243; _module_preset=&#8221;default&#8221; background_color=&#8221;#FFFFFF&#8221; custom_padding=&#8221;20px|20px|20px|20px|true|true&#8221; box_shadow_style=&#8221;preset1&#8243; global_colors_info=&#8221;{}&#8221;][et_pb_blurb title=&#8221;T\u00fa puedes tocar la guitarra &#8211; Intermedio&#8221; url_new_window=&#8221;on&#8221; image=&#8221;https:\/\/escasainguitars.com\/wp-content\/uploads\/2023\/06\/tu-puedes-tocar-la-guitarra-2.jpg&#8221; _builder_version=&#8221;4.22.2&#8243; _module_preset=&#8221;default&#8221; header_level=&#8221;h2&#8243; animation_style=&#8221;fade&#8221; animation_duration=&#8221;2000ms&#8221; link_option_url=&#8221;https:\/\/www.amazon.es\/gp\/product\/B0C4TRWNPL&#8221; link_option_url_new_window=&#8221;on&#8221; global_colors_info=&#8221;{}&#8221;]<\/p>\n<p>Los cap\u00edtulos de este segundo volumen son: intervalos, triadas, armon\u00eda diat\u00f3nica, escalas mayores, menores, pentat\u00f3nicas, el sistema CADEG, Blues y apregios..<\/p>\n<p>[\/et_pb_blurb][dsm_star_rating title=&#8221;Amazon&#8221; star_alignment=&#8221;left&#8221; stars_size=&#8221;30px&#8221; show_number=&#8221;off&#8221; _builder_version=&#8221;4.21.0&#8243; _module_preset=&#8221;default&#8221; global_colors_info=&#8221;{}&#8221;][\/dsm_star_rating][\/et_pb_column][et_pb_column type=&#8221;1_3&#8243; _builder_version=&#8221;4.21.0&#8243; _module_preset=&#8221;default&#8221; background_color=&#8221;#FFFFFF&#8221; custom_padding=&#8221;20px|20px|20px|20px|true|true&#8221; box_shadow_style=&#8221;preset1&#8243; global_colors_info=&#8221;{}&#8221;][et_pb_blurb title=&#8221;T\u00fa puedes tocar la guitarra &#8211; Avanzado&#8221; url_new_window=&#8221;on&#8221; image=&#8221;https:\/\/escasainguitars.com\/wp-content\/uploads\/2023\/06\/tu-puedes-tocar-la-guitarra-1.jpg&#8221; _builder_version=&#8221;4.22.2&#8243; _module_preset=&#8221;default&#8221; header_level=&#8221;h2&#8243; animation_style=&#8221;fade&#8221; animation_duration=&#8221;2000ms&#8221; link_option_url=&#8221;https:\/\/www.amazon.es\/gp\/product\/B0C4VPV9FN&#8221; link_option_url_new_window=&#8221;on&#8221; global_colors_info=&#8221;{}&#8221;]<\/p>\n<p>La tercera y \u00faltima parte de esta obra comprende los acordes t\u00e9trada y sus inversiones, los modos griegos, los estudios interv\u00e1licos, los complejos arm\u00f3nicos menores, las extensiones de acordes, los dominantes alterados y sin alterar, el pentatonismo modal, el intercambio modal, los acordes semidisminuidos y los patrones sim\u00e9tricos.<\/p>\n<p>[\/et_pb_blurb][dsm_star_rating title=&#8221;Amazon&#8221; star_alignment=&#8221;left&#8221; stars_size=&#8221;30px&#8221; show_number=&#8221;off&#8221; _builder_version=&#8221;4.21.0&#8243; _module_preset=&#8221;default&#8221; global_colors_info=&#8221;{}&#8221;][\/dsm_star_rating][\/et_pb_column][\/et_pb_row][et_pb_row column_structure=&#8221;1_3,1_3,1_3&#8243; _builder_version=&#8221;4.21.0&#8243; _module_preset=&#8221;default&#8221; width=&#8221;90%&#8221; max_width=&#8221;90%&#8221; global_colors_info=&#8221;{}&#8221;][et_pb_column type=&#8221;1_3&#8243; _builder_version=&#8221;4.21.0&#8243; _module_preset=&#8221;default&#8221; background_color=&#8221;#FFFFFF&#8221; custom_padding=&#8221;20px|20px|20px|20px|true|true&#8221; box_shadow_style=&#8221;preset1&#8243; global_colors_info=&#8221;{}&#8221;][et_pb_blurb title=&#8221;M\u00fasica &#038; Psicolog\u00eda &#8211; Talento, sinestesia y los 42 modos griegos&#8221; url_new_window=&#8221;on&#8221; image=&#8221;https:\/\/escasainguitars.com\/wp-content\/uploads\/2023\/06\/musica-y-psicologia.jpg&#8221; _builder_version=&#8221;4.22.2&#8243; _module_preset=&#8221;default&#8221; header_level=&#8221;h2&#8243; animation_style=&#8221;fade&#8221; animation_duration=&#8221;2000ms&#8221; link_option_url=&#8221;https:\/\/www.amazon.es\/gp\/product\/B0C4TTGPCZ&#8221; link_option_url_new_window=&#8221;on&#8221; global_colors_info=&#8221;{}&#8221;]<\/p>\n<p>El objetivo de este libro es que el lector adquiera las habilidades esenciales para tocar la guitarra y que aprenda la teor\u00eda musical aplicada al instrumento.<\/p>\n<p>Los cap\u00edtulos de este primer volumen son: teor\u00eda musical, las cuerdas de la guitarra, acordes b\u00e1sicos, t\u00e9cnica de la guitarra, escala mayor y menor, alteraciones, acordes de cejilla, acordes de quinta, 12 bar blues, escala pentat\u00f3nica, intervalos, teor\u00eda de acordes, circulo de quintas y armaduras. El libro contiene recursos como: pentagramas, tablaturas y diagramas de acordes.<\/p>\n<p>[\/et_pb_blurb][dsm_star_rating title=&#8221;Amazon&#8221; star_alignment=&#8221;left&#8221; stars_size=&#8221;30px&#8221; show_number=&#8221;off&#8221; _builder_version=&#8221;4.21.0&#8243; _module_preset=&#8221;default&#8221; global_colors_info=&#8221;{}&#8221;][\/dsm_star_rating][\/et_pb_column][et_pb_column type=&#8221;1_3&#8243; _builder_version=&#8221;4.21.0&#8243; _module_preset=&#8221;default&#8221; background_color=&#8221;#FFFFFF&#8221; custom_padding=&#8221;20px|20px|20px|20px|true|true&#8221; box_shadow_style=&#8221;preset1&#8243; global_colors_info=&#8221;{}&#8221;][et_pb_blurb title=&#8221;Sinestesia&#8221; url_new_window=&#8221;on&#8221; image=&#8221;https:\/\/escasainguitars.com\/wp-content\/uploads\/2023\/06\/sinestesia.jpg&#8221; _builder_version=&#8221;4.22.2&#8243; _module_preset=&#8221;default&#8221; header_level=&#8221;h2&#8243; animation_style=&#8221;fade&#8221; animation_duration=&#8221;2000ms&#8221; link_option_url=&#8221;https:\/\/www.amazon.es\/gp\/product\/B0C58YS2LW&#8221; link_option_url_new_window=&#8221;on&#8221; border_width_all_image=&#8221;2px&#8221; border_color_all_image=&#8221;#D3D5D7&#8243; global_colors_info=&#8221;{}&#8221;]<\/p>\n<p>Los cap\u00edtulos de este segundo volumen son: intervalos, triadas, armon\u00eda diat\u00f3nica, escalas mayores, menores, pentat\u00f3nicas, el sistema CADEG, Blues y apregios..<\/p>\n<p>[\/et_pb_blurb][\/et_pb_column][et_pb_column type=&#8221;1_3&#8243; _builder_version=&#8221;4.21.0&#8243; _module_preset=&#8221;default&#8221; background_color=&#8221;#FFFFFF&#8221; custom_padding=&#8221;20px|20px|20px|20px|true|true&#8221; box_shadow_style=&#8221;preset1&#8243; global_colors_info=&#8221;{}&#8221;][et_pb_blurb title=&#8221;Los 42 modos griegos &#8211; Teor\u00eda de improvisaci\u00f3n avanzada&#8221; url_new_window=&#8221;on&#8221; image=&#8221;https:\/\/escasainguitars.com\/wp-content\/uploads\/2023\/06\/los-42-metodos-griegos.jpg&#8221; _builder_version=&#8221;4.22.2&#8243; _module_preset=&#8221;default&#8221; header_level=&#8221;h2&#8243; animation_style=&#8221;fade&#8221; animation_duration=&#8221;2000ms&#8221; link_option_url=&#8221;https:\/\/www.amazon.es\/gp\/product\/B0C5VSXCPP&#8221; link_option_url_new_window=&#8221;on&#8221; global_colors_info=&#8221;{}&#8221;]<\/p>\n<p>La tercera y \u00faltima parte de esta obra comprende los acordes t\u00e9trada y sus inversiones, los modos griegos, los estudios interv\u00e1licos, los complejos arm\u00f3nicos menores, las extensiones de acordes, los dominantes alterados y sin alterar, el pentatonismo modal, el intercambio modal, los acordes semidisminuidos y los patrones sim\u00e9tricos.<\/p>\n<p>[\/et_pb_blurb][\/et_pb_column][\/et_pb_row][et_pb_row column_structure=&#8221;1_3,1_3,1_3&#8243; _builder_version=&#8221;4.21.0&#8243; _module_preset=&#8221;default&#8221; width=&#8221;90%&#8221; max_width=&#8221;90%&#8221; global_colors_info=&#8221;{}&#8221; locked=&#8221;off&#8221;][et_pb_column type=&#8221;1_3&#8243; _builder_version=&#8221;4.21.0&#8243; _module_preset=&#8221;default&#8221; background_color=&#8221;#FFFFFF&#8221; custom_padding=&#8221;20px|20px|20px|20px|true|true&#8221; box_shadow_style=&#8221;preset1&#8243; global_colors_info=&#8221;{}&#8221;][et_pb_blurb title=&#8221;T\u00fa puedes tocar la guitarra: M\u00e9todo completo vol\u00famenes 1, 2 y 3&#8243; url_new_window=&#8221;on&#8221; image=&#8221;https:\/\/escasainguitars.com\/wp-content\/uploads\/2024\/03\/Portada-Completa.png&#8221; _builder_version=&#8221;4.24.2&#8243; _module_preset=&#8221;default&#8221; header_level=&#8221;h2&#8243; animation_style=&#8221;fade&#8221; animation_duration=&#8221;2000ms&#8221; link_option_url=&#8221;https:\/\/www.amazon.es\/dp\/B0CWX88CZQ&#8221; link_option_url_new_window=&#8221;on&#8221; hover_enabled=&#8221;0&#8243; global_colors_info=&#8221;{}&#8221; title_text=&#8221;Portada Completa&#8221; sticky_enabled=&#8221;0&#8243;]<\/p>\n<p>M\u00e9todo completo compuesto por:<\/p>\n<ul>\n<li><span class=\"a-text-bold\">T\u00fa puedes tocar la guitarra. <\/span><span class=\"a-text-italic\">Vol 1,<\/span> Iniciaci\u00f3n.<span class=\"a-list-item\"><\/span><\/li>\n<li><span class=\"a-text-bold\">T\u00fa puedes tocar la guitarra.<\/span> <span class=\"a-text-italic\">Vol 2, Intermedio.<\/span><\/li>\n<li><span class=\"a-text-bold\">T\u00fa puedes tocar la guitarra.<\/span><span class=\"a-text-italic\"> Vol 3, Avanzado.<\/span><span class=\"a-list-item\"><\/span><\/li>\n<\/ul>\n<p>[\/et_pb_blurb][dsm_star_rating title=&#8221;Amazon&#8221; star_alignment=&#8221;left&#8221; stars_size=&#8221;30px&#8221; show_number=&#8221;off&#8221; _builder_version=&#8221;4.21.0&#8243; _module_preset=&#8221;default&#8221; global_colors_info=&#8221;{}&#8221;][\/dsm_star_rating][\/et_pb_column][et_pb_column type=&#8221;1_3&#8243; _builder_version=&#8221;4.21.0&#8243; _module_preset=&#8221;default&#8221; background_color=&#8221;#FFFFFF&#8221; custom_padding=&#8221;20px|20px|20px|20px|true|true&#8221; box_shadow_style=&#8221;preset1&#8243; global_colors_info=&#8221;{}&#8221;][et_pb_blurb title=&#8221;Guitar Book: Estudio para guitarra&#8221; url_new_window=&#8221;on&#8221; image=&#8221;https:\/\/escasainguitars.com\/wp-content\/uploads\/2024\/03\/Guitar-Book.png&#8221; _builder_version=&#8221;4.24.2&#8243; _module_preset=&#8221;default&#8221; header_level=&#8221;h2&#8243; animation_style=&#8221;fade&#8221; animation_duration=&#8221;2000ms&#8221; link_option_url=&#8221;https:\/\/www.amazon.es\/dp\/B0CV47CNRB&#8221; link_option_url_new_window=&#8221;on&#8221; hover_enabled=&#8221;0&#8243; border_width_all_image=&#8221;2px&#8221; border_color_all_image=&#8221;#D3D5D7&#8243; global_colors_info=&#8221;{}&#8221; title_text=&#8221;Guitar Book&#8221; sticky_enabled=&#8221;0&#8243;]<\/p>\n<p><span>Con el deseo de que cada guitarrista desarrolle al m\u00e1ximo su talento, he dise\u00f1ado este cuaderno de tablaturas. Espero que alg\u00fan d\u00eda este cuaderno recoja las nuevas canciones que est\u00e1n por escribirse.<\/span><\/p>\n<p>[\/et_pb_blurb][\/et_pb_column][et_pb_column type=&#8221;1_3&#8243; _builder_version=&#8221;4.21.0&#8243; _module_preset=&#8221;default&#8221; background_color=&#8221;#FFFFFF&#8221; custom_padding=&#8221;20px|20px|20px|20px|true|true&#8221; box_shadow_style=&#8221;preset1&#8243; global_colors_info=&#8221;{}&#8221;][et_pb_blurb title=&#8221;Only Tabs: Tablaturas para guitarristas&#8221; url_new_window=&#8221;on&#8221; image=&#8221;https:\/\/escasainguitars.com\/wp-content\/uploads\/2024\/03\/Only-Tabs.png&#8221; _builder_version=&#8221;4.24.2&#8243; _module_preset=&#8221;default&#8221; header_level=&#8221;h2&#8243; animation_style=&#8221;fade&#8221; animation_duration=&#8221;2000ms&#8221; link_option_url=&#8221;https:\/\/www.amazon.es\/dp\/B0CV47CNRB&#8221; link_option_url_new_window=&#8221;on&#8221; hover_enabled=&#8221;0&#8243; global_colors_info=&#8221;{}&#8221; title_text=&#8221;Only Tabs&#8221; sticky_enabled=&#8221;0&#8243;]<\/p>\n<p><span>Con el deseo de que cada guitarrista desarrolle al m\u00e1ximo su talento, he dise\u00f1ado este cuaderno de tablaturas. Espero que alg\u00fan d\u00eda este cuaderno recoja las nuevas canciones que est\u00e1n por escribirse.<\/span><\/p>\n<p>[\/et_pb_blurb][\/et_pb_column][\/et_pb_row][\/et_pb_section]<\/p>\n","protected":false},"excerpt":{"rendered":"<p><nav aria-label=\"breadcrumbs\" class=\"rank-math-breadcrumb\"><p><span class=\"last\">Inicio<\/span><\/p><\/nav>MIS LIBROSEl objetivo de este libro es que el lector adquiera las habilidades esenciales para tocar la guitarra y que aprenda la teor\u00eda musical aplicada al instrumento. Los cap\u00edtulos de este primer volumen son: teor\u00eda musical, las cuerdas de la guitarra, acordes b\u00e1sicos, t\u00e9cnica de la guitarra, escala mayor y menor, alteraciones, acordes de cejilla, [&hellip;]<\/p>\n","protected":false},"author":1,"featured_media":0,"parent":0,"menu_order":0,"comment_status":"closed","ping_status":"closed","template":"","meta":{"nf_dc_page":"","_et_pb_use_builder":"on","_et_pb_old_content":"","_et_gb_content_width":"","footnotes":""},"class_list":["post-1985","page","type-page","status-publish","hentry"],"_links":{"self":[{"href":"https:\/\/escasainguitars.com\/pt\/wp-json\/wp\/v2\/pages\/1985","targetHints":{"allow":["GET"]}}],"collection":[{"href":"https:\/\/escasainguitars.com\/pt\/wp-json\/wp\/v2\/pages"}],"about":[{"href":"https:\/\/escasainguitars.com\/pt\/wp-json\/wp\/v2\/types\/page"}],"author":[{"embeddable":true,"href":"https:\/\/escasainguitars.com\/pt\/wp-json\/wp\/v2\/users\/1"}],"replies":[{"embeddable":true,"href":"https:\/\/escasainguitars.com\/pt\/wp-json\/wp\/v2\/comments?post=1985"}],"version-history":[{"count":4,"href":"https:\/\/escasainguitars.com\/pt\/wp-json\/wp\/v2\/pages\/1985\/revisions"}],"predecessor-version":[{"id":6109,"href":"https:\/\/escasainguitars.com\/pt\/wp-json\/wp\/v2\/pages\/1985\/revisions\/6109"}],"wp:attachment":[{"href":"https:\/\/escasainguitars.com\/pt\/wp-json\/wp\/v2\/media?parent=1985"}],"curies":[{"name":"wp","href":"https:\/\/api.w.org\/{rel}","templated":true}]}}