{"id":6118,"date":"2024-04-22T12:04:59","date_gmt":"2024-04-22T11:04:59","guid":{"rendered":"https:\/\/escasainguitars.com\/?page_id=6118"},"modified":"2024-04-22T14:14:45","modified_gmt":"2024-04-22T13:14:45","slug":"vende","status":"publish","type":"page","link":"https:\/\/escasainguitars.com\/pt\/vende\/","title":{"rendered":"Venda sua guitarra"},"content":{"rendered":"<p>[et_pb_section fb_built=&#8221;1&#8243; theme_builder_area=&#8221;post_content&#8221; _builder_version=&#8221;4.25.0&#8243; _module_preset=&#8221;default&#8221;][et_pb_row _builder_version=&#8221;4.25.0&#8243; _module_preset=&#8221;default&#8221; theme_builder_area=&#8221;post_content&#8221;][et_pb_column _builder_version=&#8221;4.25.0&#8243; _module_preset=&#8221;default&#8221; type=&#8221;4_4&#8243; theme_builder_area=&#8221;post_content&#8221;][et_pb_text _builder_version=&#8221;4.25.0&#8243; _module_preset=&#8221;default&#8221; theme_builder_area=&#8221;post_content&#8221; hover_enabled=&#8221;0&#8243; sticky_enabled=&#8221;0&#8243;]<\/p>\n<p>Si tienes alguna guitarra vintage que est\u00e9s interesado en vender rellena el siguiente formulario y me pondr\u00e9 en contacto contigo.<\/p>\n<p>[\/et_pb_text][wpforms_selector _builder_version=&#8221;4.25.0&#8243; _module_preset=&#8221;default&#8221; theme_builder_area=&#8221;post_content&#8221; form_id=&#8221;5352&#8243; hover_enabled=&#8221;0&#8243; sticky_enabled=&#8221;0&#8243;][\/wpforms_selector][\/et_pb_column][\/et_pb_row][\/et_pb_section]<\/p>\n","protected":false},"excerpt":{"rendered":"<p>Si tienes alguna guitarra vintage que est\u00e9s interesado en vender rellena el siguiente formulario y me pondr\u00e9 en contacto contigo.<div class=\"et_pb_module wpforms_selector wpforms_selector_0\">\n\t\t\t\t\n\t\t\t\t\n\t\t\t\t\n\t\t\t\t\n\t\t\t\t\n\t\t\t\t\n\t\t\t\t<div class=\"et_pb_module_inner\">\n\t\t\t\t\t<div class=\"wpforms-container \" id=\"wpforms-5352\"><form id=\"wpforms-form-5352\" class=\"wpforms-validate wpforms-form wpforms-ajax-form\" data-formid=\"5352\" method=\"post\" enctype=\"multipart\/form-data\" action=\"\/pt\/wp-json\/wp\/v2\/pages\/6118\" data-token=\"18533775d1afd65a08c1cb6a49535a78\" data-token-time=\"1776970751\"><noscript class=\"wpforms-error-noscript\">Ative o JavaScript no seu navegador para preencher este formul\u00e1rio.<\/noscript><div class=\"wpforms-field-container\"><div id=\"wpforms-5352-field_2-container\" class=\"wpforms-field wpforms-field-name\" data-field-id=\"2\"><label class=\"wpforms-field-label\">Nombre <span class=\"wpforms-required-label\">*<\/span><\/label><div class=\"wpforms-field-row wpforms-field-medium\"><div class=\"wpforms-field-row-block wpforms-first wpforms-one-half\"><input type=\"text\" id=\"wpforms-5352-field_2\" class=\"wpforms-field-name-first wpforms-field-required\" name=\"wpforms[fields][2][first]\" required><label for=\"wpforms-5352-field_2\" class=\"wpforms-field-sublabel after\">Nome<\/label><\/div><div class=\"wpforms-field-row-block wpforms-one-half\"><input type=\"text\" id=\"wpforms-5352-field_2-last\" class=\"wpforms-field-name-last wpforms-field-required\" name=\"wpforms[fields][2][last]\" required><label for=\"wpforms-5352-field_2-last\" class=\"wpforms-field-sublabel after\">Sobrenome<\/label><\/div><\/div><\/div><div id=\"wpforms-5352-field_3-container\" class=\"wpforms-field wpforms-field-email\" data-field-id=\"3\"><label class=\"wpforms-field-label\" for=\"wpforms-5352-field_3\">Correo electr\u00f3nico <span class=\"wpforms-required-label\">*<\/span><\/label><input type=\"email\" id=\"wpforms-5352-field_3\" class=\"wpforms-field-medium wpforms-field-required\" name=\"wpforms[fields][3]\" spellcheck=\"false\" required><\/div><div id=\"wpforms-5352-field_8-container\" class=\"wpforms-field wpforms-field-email\" data-field-id=\"8\"><label class=\"wpforms-field-label\" for=\"wpforms-5352-field_8\">Whatsapp <span class=\"wpforms-required-label\">*<\/span><\/label><input type=\"email\" id=\"wpforms-5352-field_8\" class=\"wpforms-field-medium wpforms-field-required\" name=\"wpforms[fields][8]\" spellcheck=\"false\" required><\/div><div id=\"wpforms-5352-field_6-container\" class=\"wpforms-field wpforms-field-radio wpforms-list-3-columns\" data-field-id=\"6\"><label class=\"wpforms-field-label\">Marca de la guitarra que quieres vender <span class=\"wpforms-required-label\">*<\/span><\/label><ul id=\"wpforms-5352-field_6\" class=\"wpforms-field-required wpforms-image-choices wpforms-image-choices-classic\"><li class=\"choice-7 depth-1 wpforms-image-choices-item\"><label class=\"wpforms-field-label-inline\" for=\"wpforms-5352-field_6_7\" tabindex=\"0\"><span class=\"wpforms-image-choices-image\"><img decoding=\"async\" src=\"https:\/\/escasainguitars.com\/wp-content\/uploads\/2023\/07\/gibson-guitars-logo-125.png\" alt=\"Gibson\" title=\"Gibson\"><\/span><input type=\"radio\" id=\"wpforms-5352-field_6_7\" class=\"wpforms-screen-reader-element\" name=\"wpforms[fields][6]\" value=\"Gibson\" tabindex=\"-1\" required ><span class=\"wpforms-image-choices-label\">Gibson<\/span><\/label><\/li><li class=\"choice-8 depth-1 wpforms-image-choices-item\"><label class=\"wpforms-field-label-inline\" for=\"wpforms-5352-field_6_8\" tabindex=\"0\"><span class=\"wpforms-image-choices-image\"><img decoding=\"async\" src=\"https:\/\/escasainguitars.com\/wp-content\/uploads\/2023\/07\/fender-guitars-logo-125.png\" alt=\"Fender\" title=\"Fender\"><\/span><input type=\"radio\" id=\"wpforms-5352-field_6_8\" class=\"wpforms-screen-reader-element\" name=\"wpforms[fields][6]\" value=\"Fender\" tabindex=\"-1\" required ><span class=\"wpforms-image-choices-label\">Fender<\/span><\/label><\/li><li class=\"choice-9 depth-1 wpforms-image-choices-item\"><label class=\"wpforms-field-label-inline\" for=\"wpforms-5352-field_6_9\" tabindex=\"0\"><span class=\"wpforms-image-choices-image\"><img decoding=\"async\" src=\"https:\/\/escasainguitars.com\/wp-content\/uploads\/2023\/07\/gretsch-guitars-logo-125.png\" alt=\"Gretsch\" title=\"Gretsch\"><\/span><input type=\"radio\" id=\"wpforms-5352-field_6_9\" class=\"wpforms-screen-reader-element\" name=\"wpforms[fields][6]\" value=\"Gretsch\" tabindex=\"-1\" required ><span class=\"wpforms-image-choices-label\">Gretsch<\/span><\/label><\/li><li class=\"choice-10 depth-1 wpforms-image-choices-item\"><label class=\"wpforms-field-label-inline\" for=\"wpforms-5352-field_6_10\" tabindex=\"0\"><span class=\"wpforms-image-choices-image\"><img decoding=\"async\" src=\"https:\/\/escasainguitars.com\/wp-content\/uploads\/2023\/07\/martin-guitars-logo-125.png\" alt=\"Martin\" title=\"Martin\"><\/span><input type=\"radio\" id=\"wpforms-5352-field_6_10\" class=\"wpforms-screen-reader-element\" name=\"wpforms[fields][6]\" value=\"Martin\" tabindex=\"-1\" required ><span class=\"wpforms-image-choices-label\">Martin<\/span><\/label><\/li><li class=\"choice-11 depth-1 wpforms-image-choices-item\"><label class=\"wpforms-field-label-inline\" for=\"wpforms-5352-field_6_11\" tabindex=\"0\"><span class=\"wpforms-image-choices-image\"><img decoding=\"async\" src=\"https:\/\/escasainguitars.com\/wp-content\/uploads\/2023\/07\/taylor-guitars-logo-125.png\" alt=\"Taylor\" title=\"Taylor\"><\/span><input type=\"radio\" id=\"wpforms-5352-field_6_11\" class=\"wpforms-screen-reader-element\" name=\"wpforms[fields][6]\" value=\"Taylor\" tabindex=\"-1\" required ><span class=\"wpforms-image-choices-label\">Taylor<\/span><\/label><\/li><li class=\"choice-12 depth-1 wpforms-image-choices-item\"><label class=\"wpforms-field-label-inline\" for=\"wpforms-5352-field_6_12\" tabindex=\"0\"><span class=\"wpforms-image-choices-image\"><img decoding=\"async\" src=\"https:\/\/escasainguitars.com\/wp-content\/uploads\/2023\/07\/others-guitar-logo-125.png\" alt=\"Otras\" title=\"Otras\"><\/span><input type=\"radio\" id=\"wpforms-5352-field_6_12\" class=\"wpforms-screen-reader-element\" name=\"wpforms[fields][6]\" value=\"Otras\" tabindex=\"-1\" required ><span class=\"wpforms-image-choices-label\">Otras<\/span><\/label><\/li><\/ul><\/div><div id=\"wpforms-5352-field_4-container\" class=\"wpforms-field wpforms-field-text\" data-field-id=\"4\"><label class=\"wpforms-field-label\" for=\"wpforms-5352-field_4\">Modelo <span class=\"wpforms-required-label\">*<\/span><\/label><input type=\"text\" id=\"wpforms-5352-field_4\" class=\"wpforms-field-medium wpforms-field-required\" name=\"wpforms[fields][4]\" required><\/div><div id=\"wpforms-5352-field_5-container\" class=\"wpforms-field wpforms-field-textarea\" data-field-id=\"5\"><label class=\"wpforms-field-label\" for=\"wpforms-5352-field_5\">Mensaje <span class=\"wpforms-required-label\">*<\/span><\/label><textarea id=\"wpforms-5352-field_5\" class=\"wpforms-field-medium wpforms-field-required\" name=\"wpforms[fields][5]\" required><\/textarea><\/div><div id=\"wpforms-5352-field_7-container\" class=\"wpforms-field wpforms-field-gdpr-checkbox\" data-field-id=\"7\"><label class=\"wpforms-field-label\">Acuerdo RGPD <span class=\"wpforms-required-label\">*<\/span><\/label><ul id=\"wpforms-5352-field_7\" class=\"wpforms-field-required\"><li class=\"choice-1\"><input type=\"checkbox\" id=\"wpforms-5352-field_7_1\" name=\"wpforms[fields][7][]\" value=\"Doy mi consentimiento para que esta web almacene la informaci\u00f3n que env\u00edo para que puedan responder a mi petici\u00f3n.\" required ><label class=\"wpforms-field-label-inline\" for=\"wpforms-5352-field_7_1\">Doy mi consentimiento para que esta web almacene la informaci\u00f3n que env\u00edo para que puedan responder a mi petici\u00f3n.<\/label><\/li><\/ul><\/div><\/div><!-- .wpforms-field-container --><div class=\"wpforms-submit-container\" ><input type=\"hidden\" name=\"wpforms[id]\" value=\"5352\"><input type=\"hidden\" name=\"page_title\" value=\"\"><input type=\"hidden\" name=\"page_url\" value=\"https:\/\/escasainguitars.com\/pt\/wp-json\/wp\/v2\/pages\/6118\"><input type=\"hidden\" name=\"url_referer\" value=\"\"><button type=\"submit\" name=\"wpforms[submit]\" id=\"wpforms-submit-5352\" class=\"wpforms-submit\" data-alt-text=\"Enviando...\" data-submit-text=\"Enviar\" aria-live=\"assertive\" value=\"wpforms-submit\">Enviar<\/button><img loading=\"lazy\" decoding=\"async\" src=\"https:\/\/escasainguitars.com\/wp-content\/plugins\/wpforms-lite\/assets\/images\/submit-spin.svg\" class=\"wpforms-submit-spinner\" style=\"display: none;\" width=\"26\" height=\"26\" alt=\"Carregando\"><\/div><\/form><\/div>  <!-- .wpforms-container -->\n\t\t\t\t<\/div>\n\t\t\t<\/div><\/p>\n","protected":false},"author":1,"featured_media":0,"parent":0,"menu_order":0,"comment_status":"closed","ping_status":"closed","template":"","meta":{"nf_dc_page":"","_et_pb_use_builder":"on","_et_pb_old_content":"","_et_gb_content_width":"","footnotes":""},"class_list":["post-6118","page","type-page","status-publish","hentry"],"_links":{"self":[{"href":"https:\/\/escasainguitars.com\/pt\/wp-json\/wp\/v2\/pages\/6118","targetHints":{"allow":["GET"]}}],"collection":[{"href":"https:\/\/escasainguitars.com\/pt\/wp-json\/wp\/v2\/pages"}],"about":[{"href":"https:\/\/escasainguitars.com\/pt\/wp-json\/wp\/v2\/types\/page"}],"author":[{"embeddable":true,"href":"https:\/\/escasainguitars.com\/pt\/wp-json\/wp\/v2\/users\/1"}],"replies":[{"embeddable":true,"href":"https:\/\/escasainguitars.com\/pt\/wp-json\/wp\/v2\/comments?post=6118"}],"version-history":[{"count":4,"href":"https:\/\/escasainguitars.com\/pt\/wp-json\/wp\/v2\/pages\/6118\/revisions"}],"predecessor-version":[{"id":6127,"href":"https:\/\/escasainguitars.com\/pt\/wp-json\/wp\/v2\/pages\/6118\/revisions\/6127"}],"wp:attachment":[{"href":"https:\/\/escasainguitars.com\/pt\/wp-json\/wp\/v2\/media?parent=6118"}],"curies":[{"name":"wp","href":"https:\/\/api.w.org\/{rel}","templated":true}]}}