{"id":1089,"date":"2021-04-05T07:46:40","date_gmt":"2021-04-05T06:46:40","guid":{"rendered":"https:\/\/escasainguitars.com\/producto\/bicycle-helmet-green\/"},"modified":"2023-09-29T11:14:06","modified_gmt":"2023-09-29T10:14:06","slug":"gibsonlpdstd1995cherry","status":"publish","type":"product","link":"https:\/\/escasainguitars.com\/pt\/gibson\/gibsonlpdstd1995cherry\/","title":{"rendered":"Gibson Les Paul Standard 1995 &#8211; Cherry Sunburst"},"content":{"rendered":"<p><iframe loading=\"lazy\" title=\"Gibson Les Paul Standard 1995 Cherry Sunburst\" width=\"1080\" height=\"608\" src=\"https:\/\/www.youtube.com\/embed\/VqPdd1SWyqM?start=20&#038;feature=oembed\"  allow=\"accelerometer; autoplay; clipboard-write; encrypted-media; gyroscope; picture-in-picture; web-share\" allowfullscreen><\/iframe><\/p>\n<p>IMPORTANTE: LA PALA HA SIDO REPARADA.<\/p>\n<p>Gibson Les Paul Standard de 1995 en perfecto estado de funcionamiento y muy bien conservada. Un tono incre\u00edble, puro rock. Est\u00e1 completamente original salvo un potenciometro que se ha sustituido por su equivalente cts. La pala ha sido reparada y no repintada, as\u00ed que se puede ver perfectamente c\u00f3mo est\u00e1. La antigua rotura no afecta a su sonoridad y la afinaci\u00f3n se mantiene.<\/p>\n<p>Marca:\u00a0Gibson<br \/>\nModelo:\u00a0Les Paul Standard<br \/>\nAcabado:\u00a0Cherry Sunburst<br \/>\nCategor\u00edas:\u00a0Cuerpo s\u00f3lido<br \/>\nA\u00f1o:\u00a01995<br \/>\nHecho en:\u00a0Estados Unidos<br \/>\nMaterial del m\u00e1stil:\u00a0Palo de rosa<br \/>\nRadio del diapas\u00f3n:\u00a012&#8243;<br \/>\nMaterial del cuerpo:\u00a0Caoba<br \/>\nForma del Cuerpo:\u00a0Cutaway Singular<br \/>\nMaterial del cuello:\u00a0Caoba<br \/>\nEstilo tapa de madera:\u00a0Liso<br \/>\nTipo De Cuerpo:\u00a0Cuerpo s\u00f3lido<br \/>\nTipo de puente\/cordal:\u00a0Barra de parada<br \/>\nConfiguraci\u00f3n de la pastilla:\u00a0HH<br \/>\nLongitud de la escala:\u00a024,75&#8243;<br \/>\nAncho de silleta:\u00a01,6875&#8243;<br \/>\nMaterial del tope:\u00a0Arce<br \/>\nN\u00famero de trastes:\u00a022<\/p>","protected":false},"excerpt":{"rendered":"<p>IMPORTANTE: LA PALA HA SIDO REPARADA.<\/p>\n<p>Vendo Gibson Les Paul Standard de 1995 en perfecto estado de funcionamiento y muy bien conservada. Est\u00e1 completamente original salvo un potenciometro que se ha sustituido por su equivalente cts. La pala ha sido reparada y no repintada, as\u00ed que se puede ver perfectamente c\u00f3mo est\u00e1. La antigua rotura no afecta a su sonoridad y la afinaci\u00f3n se mantiene.<\/p>","protected":false},"featured_media":5825,"template":"","meta":{"nf_dc_page":"","_et_pb_use_builder":"","_et_pb_old_content":"","_et_gb_content_width":""},"product_brand":[],"product_cat":[27,16],"product_tag":[],"class_list":{"0":"post-1089","1":"product","2":"type-product","3":"status-publish","4":"has-post-thumbnail","6":"product_cat-gibson","7":"product_cat-gibson-les-paul","9":"first","10":"outofstock","11":"sold-individually","12":"taxable","13":"shipping-taxable","14":"purchasable","15":"product-type-simple"},"_links":{"self":[{"href":"https:\/\/escasainguitars.com\/pt\/wp-json\/wp\/v2\/product\/1089","targetHints":{"allow":["GET"]}}],"collection":[{"href":"https:\/\/escasainguitars.com\/pt\/wp-json\/wp\/v2\/product"}],"about":[{"href":"https:\/\/escasainguitars.com\/pt\/wp-json\/wp\/v2\/types\/product"}],"wp:featuredmedia":[{"embeddable":true,"href":"https:\/\/escasainguitars.com\/pt\/wp-json\/wp\/v2\/media\/5825"}],"wp:attachment":[{"href":"https:\/\/escasainguitars.com\/pt\/wp-json\/wp\/v2\/media?parent=1089"}],"wp:term":[{"taxonomy":"product_brand","embeddable":true,"href":"https:\/\/escasainguitars.com\/pt\/wp-json\/wp\/v2\/product_brand?post=1089"},{"taxonomy":"product_cat","embeddable":true,"href":"https:\/\/escasainguitars.com\/pt\/wp-json\/wp\/v2\/product_cat?post=1089"},{"taxonomy":"product_tag","embeddable":true,"href":"https:\/\/escasainguitars.com\/pt\/wp-json\/wp\/v2\/product_tag?post=1089"}],"curies":[{"name":"wp","href":"https:\/\/api.w.org\/{rel}","templated":true}]}}