{"id":1091,"date":"2021-04-05T07:48:36","date_gmt":"2021-04-05T06:48:36","guid":{"rendered":"https:\/\/escasainguitars.com\/producto\/bicycle-gloves-yellow\/"},"modified":"2023-12-28T10:50:05","modified_gmt":"2023-12-28T09:50:05","slug":"gibsonlespaulprodelux1980","status":"publish","type":"product","link":"https:\/\/escasainguitars.com\/pt\/gibson\/gibsonlespaulprodelux1980\/","title":{"rendered":"Gibson Les Paul Pro Deluxe 1980 &#8211; Ebony"},"content":{"rendered":"<p><iframe loading=\"lazy\" title=\"Gibson Les Paul Deluxe Pro 1980 Ebony\" width=\"1080\" height=\"608\" src=\"https:\/\/www.youtube.com\/embed\/ASLRx3k-jmE?start=12&#038;feature=oembed\"  allow=\"accelerometer; autoplay; clipboard-write; encrypted-media; gyroscope; picture-in-picture; web-share\" allowfullscreen><\/iframe><\/p>\n<p>Vendo una Gibson Les Paul Deluxe Pro de 1980 acabado Ebano. La guitarra est\u00e1 en perfecto estado de funcionamiento, tiene la acci\u00f3n muy baja. La tapa de la pala no es original, el resto s\u00ed.<\/p>\n<ul>\n<li>Acabado: Ebano<\/li>\n<li>Longitud de la escala: 24.75&#8243;<\/li>\n<li>M\u00e1stil de arce<\/li>\n<li>Cuerpo de caoba<\/li>\n<li>Tapa de arce<\/li>\n<li>Diapas\u00f3n de \u00c9bano<\/li>\n<li>Perfil del m\u00e1stil: 50s Vintage<\/li>\n<li>Recuento de trastes: 22<\/li>\n<li>Forma del cuerpo: LesPaul<\/li>\n<li>Material del cuerpo: caoba con tapa de arce<\/li>\n<li>Pastilla de m\u00e1stil: P90<\/li>\n<li>Pastilla del puente: P90<\/li>\n<li>Controles: 2 vol\u00famenes, 2 tonos e interruptor de palanca<\/li>\n<li>A\u00f1o: 1980<\/li>\n<li>Weight 4.5kg<\/li>\n<\/ul>\n<p>&nbsp;<\/p>","protected":false},"excerpt":{"rendered":"<p>Vendo una Gibson Les Paul Deluxe Pro de 1980 acabado Ebano. La guitarra est\u00e1 en perfecto estado de funcionamiento, tiene la acci\u00f3n muy baja. Tiene algunas marcas de uso normales. La tapa de la pala no es original, el resto s\u00ed. Pesa 4,5kgs<\/p>","protected":false},"featured_media":1653,"template":"","meta":{"nf_dc_page":"","_et_pb_use_builder":"","_et_pb_old_content":"","_et_gb_content_width":""},"product_brand":[],"product_cat":[27,16],"product_tag":[],"class_list":{"0":"post-1091","1":"product","2":"type-product","3":"status-publish","4":"has-post-thumbnail","6":"product_cat-gibson","7":"product_cat-gibson-les-paul","9":"first","10":"outofstock","11":"sold-individually","12":"taxable","13":"shipping-taxable","14":"purchasable","15":"product-type-simple"},"_links":{"self":[{"href":"https:\/\/escasainguitars.com\/pt\/wp-json\/wp\/v2\/product\/1091","targetHints":{"allow":["GET"]}}],"collection":[{"href":"https:\/\/escasainguitars.com\/pt\/wp-json\/wp\/v2\/product"}],"about":[{"href":"https:\/\/escasainguitars.com\/pt\/wp-json\/wp\/v2\/types\/product"}],"wp:featuredmedia":[{"embeddable":true,"href":"https:\/\/escasainguitars.com\/pt\/wp-json\/wp\/v2\/media\/1653"}],"wp:attachment":[{"href":"https:\/\/escasainguitars.com\/pt\/wp-json\/wp\/v2\/media?parent=1091"}],"wp:term":[{"taxonomy":"product_brand","embeddable":true,"href":"https:\/\/escasainguitars.com\/pt\/wp-json\/wp\/v2\/product_brand?post=1091"},{"taxonomy":"product_cat","embeddable":true,"href":"https:\/\/escasainguitars.com\/pt\/wp-json\/wp\/v2\/product_cat?post=1091"},{"taxonomy":"product_tag","embeddable":true,"href":"https:\/\/escasainguitars.com\/pt\/wp-json\/wp\/v2\/product_tag?post=1091"}],"curies":[{"name":"wp","href":"https:\/\/api.w.org\/{rel}","templated":true}]}}