{"id":1092,"date":"2021-04-05T07:48:39","date_gmt":"2021-04-05T07:48:39","guid":{"rendered":"https:\/\/escasainguitars.com\/producto\/bicycle-gloves-blue\/"},"modified":"2024-02-18T12:06:29","modified_gmt":"2024-02-18T11:06:29","slug":"gibsoneds1275from1996","status":"publish","type":"product","link":"https:\/\/escasainguitars.com\/pt\/gibson\/gibsoneds1275from1996\/","title":{"rendered":"Gibson EDS-1275 1996 &#8211; Cherry Red"},"content":{"rendered":"<div class=\"sell-form-review-section__description-content\">\n<p><iframe loading=\"lazy\" title=\"SOLD | Gibson EDS-1275 Cherry Red 1996 OMG \ud83d\ude31\ud83d\ude31\ud83d\ude31\ud83c\udfb8\ud83c\udfb8\ud83c\udfb8\" width=\"1080\" height=\"608\" src=\"https:\/\/www.youtube.com\/embed\/DUMaA4s5yi4?start=6&#038;feature=oembed\"  allow=\"accelerometer; autoplay; clipboard-write; encrypted-media; gyroscope; picture-in-picture; web-share\" referrerpolicy=\"strict-origin-when-cross-origin\" allowfullscreen><\/iframe><\/p>\n<p>Original Gibson EDS1275 Doble m\u00e1stil de 1996. N\u00famero de serie 94036347. La guitarra es completamente original, es el icono cl\u00e1sico de: Jimmy Page, Don Felder, Slash, Alex Lifeson and John Mclaughlin. La guitarra est\u00e1 en perfecto estado de funcionamiento. Suena realmente bien, el m\u00e1stil de 12 cuerdas es el m\u00e1s c\u00f3modo que he probado de todos y el de 6 suena como la mejor SG que he probado nunca.<\/p>\n<p>La guitarra est\u00e1 en perfecto estado de funcionamiento y suena de lujo. Aseguro al comprador que esta guitarra va a cumplir todas las expectitvas.<\/p>\n<ul>\n<li>Marca: Gibson<\/li>\n<li>Modelo:\u00a0EDS-1275<\/li>\n<li>Acabado:\u00a0Cherry<\/li>\n<li>Categor\u00edas:\u00a0Cuerpo s\u00f3lido<\/li>\n<li>A\u00f1o:\u00a01996<\/li>\n<li>Hecho en:\u00a0Estados Unidos<\/li>\n<li>Material del m\u00e1stil:\u00a0Palo de rosa<\/li>\n<li>Material del cuerpo:\u00a0Caoba<\/li>\n<li>Forma del Cuerpo:\u00a0Doble Cutaway<\/li>\n<li>Material del cuello:\u00a0Caoba<\/li>\n<li>Familia de colores:\u00a0Rojo<\/li>\n<li>Estilo del terminado:\u00a0Gloss<\/li>\n<li>Tipo De Cuerpo:\u00a0Cuerpo s\u00f3lido<\/li>\n<li>Tipo de puente\/cordal:\u00a0Barra de parada<\/li>\n<li>Familia de Modelo:\u00a0Gibson EDS-1275<\/li>\n<\/ul>\n<\/div>","protected":false},"excerpt":{"rendered":"<p>Original Gibson EDS1275 with Double Neck from 1996. Serial number 94036347. This guitar is for rock lovers: Jimmy Page, Don Felder, Slash, Alex Lifeson and John Mclaughlin. Everything is original in the guitar.<\/p>","protected":false},"featured_media":5847,"template":"","meta":{"nf_dc_page":"","_et_pb_use_builder":"","_et_pb_old_content":"","_et_gb_content_width":""},"product_brand":[],"product_cat":[27,15],"product_tag":[],"class_list":{"0":"post-1092","1":"product","2":"type-product","3":"status-publish","4":"has-post-thumbnail","6":"product_cat-gibson","7":"product_cat-otras","9":"first","10":"outofstock","11":"sold-individually","12":"taxable","13":"shipping-taxable","14":"purchasable","15":"product-type-simple"},"_links":{"self":[{"href":"https:\/\/escasainguitars.com\/pt\/wp-json\/wp\/v2\/product\/1092","targetHints":{"allow":["GET"]}}],"collection":[{"href":"https:\/\/escasainguitars.com\/pt\/wp-json\/wp\/v2\/product"}],"about":[{"href":"https:\/\/escasainguitars.com\/pt\/wp-json\/wp\/v2\/types\/product"}],"wp:featuredmedia":[{"embeddable":true,"href":"https:\/\/escasainguitars.com\/pt\/wp-json\/wp\/v2\/media\/5847"}],"wp:attachment":[{"href":"https:\/\/escasainguitars.com\/pt\/wp-json\/wp\/v2\/media?parent=1092"}],"wp:term":[{"taxonomy":"product_brand","embeddable":true,"href":"https:\/\/escasainguitars.com\/pt\/wp-json\/wp\/v2\/product_brand?post=1092"},{"taxonomy":"product_cat","embeddable":true,"href":"https:\/\/escasainguitars.com\/pt\/wp-json\/wp\/v2\/product_cat?post=1092"},{"taxonomy":"product_tag","embeddable":true,"href":"https:\/\/escasainguitars.com\/pt\/wp-json\/wp\/v2\/product_tag?post=1092"}],"curies":[{"name":"wp","href":"https:\/\/api.w.org\/{rel}","templated":true}]}}