{"id":326,"date":"2021-03-18T14:03:22","date_gmt":"2021-03-18T13:03:22","guid":{"rendered":"https:\/\/escasainguitars.com\/producto\/bicycle-gloves-gold\/"},"modified":"2023-11-29T19:44:11","modified_gmt":"2023-11-29T18:44:11","slug":"fendertelecaster522008","status":"publish","type":"product","link":"https:\/\/escasainguitars.com\/pt\/fender\/fendertelecaster522008\/","title":{"rendered":"Fender Telecaster Vintage 52 Reissue 2008"},"content":{"rendered":"<p><iframe loading=\"lazy\" title=\"Fender Telecaster Reissue 52 Vintage 2008\" width=\"1080\" height=\"608\" src=\"https:\/\/www.youtube.com\/embed\/ZnkNp2Vj4Qw?feature=oembed\"  allow=\"accelerometer; autoplay; clipboard-write; encrypted-media; gyroscope; picture-in-picture; web-share\" allowfullscreen><\/iframe><\/p>\n<p>Vendo una Fender Telecaster 52 de 2008 en perfecto estado de funcionamiento. Es una telecaster muy vers\u00e1til y c\u00f3moda, cumple con los est\u00e1ndares ideales para cualquier amante de este tipo de guitarras. Fender American Vintage1952 Butterscotch Blando AVRI.<\/p>\n<div>Marca:\u00a0Fender<\/div>\n<div>Modelo:\u00a0American Vintage &#8217;52 Telecaster<\/div>\n<div>Categor\u00edas:\u00a0Cuerpo s\u00f3lido<\/div>\n<div>A\u00f1o:\u00a02008<\/div>\n<div>Hecho en:\u00a0Estados Unidos<\/div>\n<div>Configuraci\u00f3n de la pastilla:\u00a0SS<\/div>\n<div>Material del m\u00e1stil:\u00a0Arce<\/div>\n<div>Ancho de silleta:\u00a01,65&#8243;<\/div>\n<div>Numero de cuerdas:\u00a06 cuerdas<\/div>\n<div>Material del cuello:\u00a0Arce<\/div>\n<div>Cuerpo asim\u00e9trico:\u00a0No<\/div>\n<div>Estilo tapa de madera:\u00a0Liso<\/div>\n<div>Tipo De Cuerpo:\u00a0Cuerpo s\u00f3lido<\/div>\n<div>Material del cuerpo:\u00a0Fresno<\/div>\n<div>Familia de Modelo:\u00a0Fender Telecaster<\/div>\n<div>Serie:\u00a0Fender American Vintage<\/div>\n<div>Longitud de la escala:\u00a025,5&#8243;<\/div>\n<div>Radio del diapas\u00f3n:\u00a07,25&#8243;<\/div>\n<div>Forma del Cuerpo:\u00a0Estilo T<\/div>\n<div>Familia de colores:\u00a0Amarillo<\/div>\n<div>Confecci\u00f3n del m\u00e1stil:\u00a0M\u00e1stil atornillado<\/div>\n<div>N\u00famero de trastes:\u00a021<\/div>","protected":false},"excerpt":{"rendered":"<p>Vendo una Fender Telecaster 52 de 2008 en perfecto estado de funcionamiento. Es una telecaster muy vers\u00e1til y c\u00f3moda, cumple con los est\u00e1ndares ideales para cualquier amante de este tipo de guitarras.<\/p>","protected":false},"featured_media":1776,"template":"","meta":{"nf_dc_page":"","_et_pb_use_builder":"","_et_pb_old_content":"","_et_gb_content_width":""},"product_brand":[],"product_cat":[26,18],"product_tag":[],"class_list":{"0":"post-326","1":"product","2":"type-product","3":"status-publish","4":"has-post-thumbnail","6":"product_cat-fender","7":"product_cat-fender-telecaster","9":"first","10":"outofstock","11":"sold-individually","12":"taxable","13":"shipping-taxable","14":"purchasable","15":"product-type-simple"},"_links":{"self":[{"href":"https:\/\/escasainguitars.com\/pt\/wp-json\/wp\/v2\/product\/326","targetHints":{"allow":["GET"]}}],"collection":[{"href":"https:\/\/escasainguitars.com\/pt\/wp-json\/wp\/v2\/product"}],"about":[{"href":"https:\/\/escasainguitars.com\/pt\/wp-json\/wp\/v2\/types\/product"}],"wp:featuredmedia":[{"embeddable":true,"href":"https:\/\/escasainguitars.com\/pt\/wp-json\/wp\/v2\/media\/1776"}],"wp:attachment":[{"href":"https:\/\/escasainguitars.com\/pt\/wp-json\/wp\/v2\/media?parent=326"}],"wp:term":[{"taxonomy":"product_brand","embeddable":true,"href":"https:\/\/escasainguitars.com\/pt\/wp-json\/wp\/v2\/product_brand?post=326"},{"taxonomy":"product_cat","embeddable":true,"href":"https:\/\/escasainguitars.com\/pt\/wp-json\/wp\/v2\/product_cat?post=326"},{"taxonomy":"product_tag","embeddable":true,"href":"https:\/\/escasainguitars.com\/pt\/wp-json\/wp\/v2\/product_tag?post=326"}],"curies":[{"name":"wp","href":"https:\/\/api.w.org\/{rel}","templated":true}]}}