{"id":330,"date":"2021-03-18T14:06:01","date_gmt":"2021-03-18T14:06:01","guid":{"rendered":"https:\/\/escasainguitars.com\/producto\/kryo-x26-mtb-model-k\/"},"modified":"2023-07-14T09:08:39","modified_gmt":"2023-07-14T08:08:39","slug":"fenderstrato2004","status":"publish","type":"product","link":"https:\/\/escasainguitars.com\/pt\/fender-stratocaster\/fenderstrato2004\/","title":{"rendered":"Fender Stratocaster 2004 &#8211; Black"},"content":{"rendered":"<p>Vendo una Fender Stratocaster American Standard de 2004 completamente original. La guitarra est\u00e1 pr\u00e1cticamente nueva y parece la cl\u00e1sica Blackie de Eric Clapton (obviamente no lo es, hablo de est\u00e9tica). Sonido strato 100%, tonos cristalinos, brillantes y super vers\u00e1til. Suena de lujo para Rock y Blues.<\/p>","protected":false},"excerpt":{"rendered":"<p>Vendo una Fender Stratocaster American Standard de 2004 completamente original. La guitarra est\u00e1 pr\u00e1cticamente nueva y parece la cl\u00e1sica Blackie de Eric Clapton (obviamente no lo es, hablo de est\u00e9tica). Sonido strato 100%, tonos cristalinos, brillantes y super vers\u00e1til. Suena de lujo para Rock y Blues.<\/p>","protected":false},"featured_media":1758,"template":"","meta":{"nf_dc_page":"","_et_pb_use_builder":"","_et_pb_old_content":"","_et_gb_content_width":""},"product_brand":[],"product_cat":[17],"product_tag":[],"class_list":{"0":"post-330","1":"product","2":"type-product","3":"status-publish","4":"has-post-thumbnail","6":"product_cat-fender-stratocaster","8":"first","9":"outofstock","10":"sold-individually","11":"taxable","12":"shipping-taxable","13":"purchasable","14":"product-type-simple"},"_links":{"self":[{"href":"https:\/\/escasainguitars.com\/pt\/wp-json\/wp\/v2\/product\/330","targetHints":{"allow":["GET"]}}],"collection":[{"href":"https:\/\/escasainguitars.com\/pt\/wp-json\/wp\/v2\/product"}],"about":[{"href":"https:\/\/escasainguitars.com\/pt\/wp-json\/wp\/v2\/types\/product"}],"wp:featuredmedia":[{"embeddable":true,"href":"https:\/\/escasainguitars.com\/pt\/wp-json\/wp\/v2\/media\/1758"}],"wp:attachment":[{"href":"https:\/\/escasainguitars.com\/pt\/wp-json\/wp\/v2\/media?parent=330"}],"wp:term":[{"taxonomy":"product_brand","embeddable":true,"href":"https:\/\/escasainguitars.com\/pt\/wp-json\/wp\/v2\/product_brand?post=330"},{"taxonomy":"product_cat","embeddable":true,"href":"https:\/\/escasainguitars.com\/pt\/wp-json\/wp\/v2\/product_cat?post=330"},{"taxonomy":"product_tag","embeddable":true,"href":"https:\/\/escasainguitars.com\/pt\/wp-json\/wp\/v2\/product_tag?post=330"}],"curies":[{"name":"wp","href":"https:\/\/api.w.org\/{rel}","templated":true}]}}