{"id":5314,"date":"2023-07-06T12:35:31","date_gmt":"2023-07-06T11:35:31","guid":{"rendered":"https:\/\/escasainguitars.com\/?post_type=product&#038;p=5314"},"modified":"2023-12-02T11:43:48","modified_gmt":"2023-12-02T10:43:48","slug":"gibson-les-paul-custom-2005-black-beauty","status":"publish","type":"product","link":"https:\/\/escasainguitars.com\/pt\/gibson\/gibson-les-paul-custom-2005-black-beauty\/","title":{"rendered":"Gibson Les Paul Custom 2005 &#8211; Black Beauty"},"content":{"rendered":"<p><iframe loading=\"lazy\" title=\"SOLD | Gibson Les Paul Custom 2005 Black Beauty BEST GUITAR OMG \ud83d\ude31\ud83c\udfb8\" width=\"1080\" height=\"608\" src=\"https:\/\/www.youtube.com\/embed\/Y9UKzr5fyPk?start=35&#038;feature=oembed\"  allow=\"accelerometer; autoplay; clipboard-write; encrypted-media; gyroscope; picture-in-picture; web-share\" referrerpolicy=\"strict-origin-when-cross-origin\" allowfullscreen><\/iframe><\/p>\n<p>Gibson Les Paul Custom Black Beauty de 2005. Una de las mejores Gibson que existen, muy exclusiva y vers\u00e1til. La guitarra es completamente original y lleva unas hombuckers 498, 490. Buena Caoba, m\u00e1stil de \u00e9bano. No me interesan cambios.<\/p>\n<ul>\n<li>Marca:\u00a0Gibson<\/li>\n<li>Modelo:\u00a0Les Paul Custom<\/li>\n<li>Acabado:\u00a0Black Beauty<\/li>\n<li>Categor\u00edas:\u00a0Cuerpo s\u00f3lido<\/li>\n<li>A\u00f1o:\u00a02005<\/li>\n<li>Hecho en:\u00a0Estados Unidos<\/li>\n<li>Material del cuerpo:\u00a0Caoba<\/li>\n<li>Forma del Cuerpo:\u00a0Cutaway Singular<\/li>\n<li>Material del cuello:\u00a0Caoba<\/li>\n<li>Estilo tapa de madera:\u00a0Liso<\/li>\n<li>Subfamilia de modelos Gibson Les Paul Custom<\/li>\n<li>Tipo De Cuerpo:\u00a0Cuerpo s\u00f3lido<\/li>\n<li>Tipo de puente\/cordal:\u00a0Barra de parada<\/li>\n<li>Configuraci\u00f3n de la pastilla: HH\u00a0498 \/ 490<\/li>\n<li>Longitud de la escala:\u00a024,75&#8243;<\/li>\n<li>Material del tope:\u00a0Arce<\/li>\n<li>Material del m\u00e1stil:\u00a0Ebony<\/li>\n<li>Familia de colores:\u00a0Negro<\/li>\n<li>N\u00famero de trastes:\u00a022<\/li>\n<li>Peso: 4,7kgs.<\/li>\n<\/ul>\n<p>&nbsp;<\/p>","protected":false},"excerpt":{"rendered":"<p>Una preciosa Gibson Les Paul Custom Black Beauty de 2005. Completamente original, configuraci\u00f3n de pastillas HH, 498, 490. Buena Caoba, m\u00e1stil de \u00e9bano. No me interesan cambios.<\/p>","protected":false},"featured_media":5325,"template":"","meta":{"nf_dc_page":"","_et_pb_use_builder":"","_et_pb_old_content":"","_et_gb_content_width":""},"product_brand":[],"product_cat":[27,16],"product_tag":[],"class_list":{"0":"post-5314","1":"product","2":"type-product","3":"status-publish","4":"has-post-thumbnail","6":"product_cat-gibson","7":"product_cat-gibson-les-paul","9":"first","10":"outofstock","11":"sold-individually","12":"taxable","13":"shipping-taxable","14":"purchasable","15":"product-type-simple"},"_links":{"self":[{"href":"https:\/\/escasainguitars.com\/pt\/wp-json\/wp\/v2\/product\/5314","targetHints":{"allow":["GET"]}}],"collection":[{"href":"https:\/\/escasainguitars.com\/pt\/wp-json\/wp\/v2\/product"}],"about":[{"href":"https:\/\/escasainguitars.com\/pt\/wp-json\/wp\/v2\/types\/product"}],"wp:featuredmedia":[{"embeddable":true,"href":"https:\/\/escasainguitars.com\/pt\/wp-json\/wp\/v2\/media\/5325"}],"wp:attachment":[{"href":"https:\/\/escasainguitars.com\/pt\/wp-json\/wp\/v2\/media?parent=5314"}],"wp:term":[{"taxonomy":"product_brand","embeddable":true,"href":"https:\/\/escasainguitars.com\/pt\/wp-json\/wp\/v2\/product_brand?post=5314"},{"taxonomy":"product_cat","embeddable":true,"href":"https:\/\/escasainguitars.com\/pt\/wp-json\/wp\/v2\/product_cat?post=5314"},{"taxonomy":"product_tag","embeddable":true,"href":"https:\/\/escasainguitars.com\/pt\/wp-json\/wp\/v2\/product_tag?post=5314"}],"curies":[{"name":"wp","href":"https:\/\/api.w.org\/{rel}","templated":true}]}}