{"id":5374,"date":"2023-07-14T08:25:20","date_gmt":"2023-07-14T07:25:20","guid":{"rendered":"https:\/\/escasainguitars.com\/?post_type=product&#038;p=5374"},"modified":"2023-10-08T20:30:25","modified_gmt":"2023-10-08T19:30:25","slug":"gibsonlpr82011","status":"publish","type":"product","link":"https:\/\/escasainguitars.com\/pt\/gibson\/gibsonlpr82011\/","title":{"rendered":"Gibson Les Paul Standard 1958 R8 2011 &#8211; Iced Tea Burst"},"content":{"rendered":"<p><iframe loading=\"lazy\" title=\"Gibson Les Paul Standard 1958 R8 2011 - Iced Tea Burst\" width=\"1080\" height=\"608\" src=\"https:\/\/www.youtube.com\/embed\/Hn43ciZ8S3M?feature=oembed\"  allow=\"accelerometer; autoplay; clipboard-write; encrypted-media; gyroscope; picture-in-picture; web-share\" allowfullscreen><\/iframe><\/p>\n<p>&nbsp;<\/p>\n<p>Guitarra Gibson Custom Shop Les Paul 1958 Reissue en acabado Iced Tea Burst de 2011, con estuche original y certificado de originalidad. La reedici\u00f3n m\u00e1s fiel a la Gibson Les Paul Standard de 1958, una guitarra con un tono incre\u00edble.<\/p>\n<p>Notas de especificaciones<\/p>\n<ul>\n<li>Perfil del m\u00e1stil: 50s<\/li>\n<li>Material del M\u00e1stil: Caoba<\/li>\n<li>Material del diapas\u00f3n: Palo de rosa<\/li>\n<li>Recuento de trastes: 22<\/li>\n<li>Forma del cuerpo: LesPaul<\/li>\n<li>Material del cuerpo: caoba con tapa de arce<\/li>\n<li>Puente: ABR-1 Tune-O-Matic<\/li>\n<li>Pastilla de m\u00e1stil: Burstbucker<\/li>\n<li>Pastilla del puente: Burstbucker<\/li>\n<li>Controles: 2 vol\u00famenes, 2 tonos e interruptor de palanca<\/li>\n<li>Cuerdas: .010, .013, .017, .026, .036, .046<\/li>\n<li>Peso: 4Kg<\/li>\n<li>A\u00f1o 2011<\/li>\n<\/ul>","protected":false},"excerpt":{"rendered":"<p>Gibson Les Paul Custom Shop R8 de 2011 Iced Tea Burst en perfecto estado de funcionamiento y completamente original. Lleva las Bustbuckers 1 y 2 de f\u00e1brica.<\/p>","protected":false},"featured_media":5381,"template":"","meta":{"nf_dc_page":"","_et_pb_use_builder":"","_et_pb_old_content":"","_et_gb_content_width":""},"product_brand":[],"product_cat":[27,16],"product_tag":[],"class_list":{"0":"post-5374","1":"product","2":"type-product","3":"status-publish","4":"has-post-thumbnail","6":"product_cat-gibson","7":"product_cat-gibson-les-paul","9":"first","10":"outofstock","11":"sold-individually","12":"taxable","13":"shipping-taxable","14":"purchasable","15":"product-type-simple"},"_links":{"self":[{"href":"https:\/\/escasainguitars.com\/pt\/wp-json\/wp\/v2\/product\/5374","targetHints":{"allow":["GET"]}}],"collection":[{"href":"https:\/\/escasainguitars.com\/pt\/wp-json\/wp\/v2\/product"}],"about":[{"href":"https:\/\/escasainguitars.com\/pt\/wp-json\/wp\/v2\/types\/product"}],"wp:featuredmedia":[{"embeddable":true,"href":"https:\/\/escasainguitars.com\/pt\/wp-json\/wp\/v2\/media\/5381"}],"wp:attachment":[{"href":"https:\/\/escasainguitars.com\/pt\/wp-json\/wp\/v2\/media?parent=5374"}],"wp:term":[{"taxonomy":"product_brand","embeddable":true,"href":"https:\/\/escasainguitars.com\/pt\/wp-json\/wp\/v2\/product_brand?post=5374"},{"taxonomy":"product_cat","embeddable":true,"href":"https:\/\/escasainguitars.com\/pt\/wp-json\/wp\/v2\/product_cat?post=5374"},{"taxonomy":"product_tag","embeddable":true,"href":"https:\/\/escasainguitars.com\/pt\/wp-json\/wp\/v2\/product_tag?post=5374"}],"curies":[{"name":"wp","href":"https:\/\/api.w.org\/{rel}","templated":true}]}}