{"id":5389,"date":"2023-07-14T08:34:52","date_gmt":"2023-07-14T07:34:52","guid":{"rendered":"https:\/\/escasainguitars.com\/?post_type=product&#038;p=5389"},"modified":"2023-10-05T17:52:28","modified_gmt":"2023-10-05T16:52:28","slug":"gibsonlpr92014","status":"publish","type":"product","link":"https:\/\/escasainguitars.com\/pt\/gibson\/gibsonlpr92014\/","title":{"rendered":"Gibson 1959 R9 Les Paul Standard Reissue VOS 2014 Iced Tea Burst | Demo"},"content":{"rendered":"<p>Una Review de la guitarra:<\/p>\n<p><iframe loading=\"lazy\" title=\"Gibson 1959 R9 Les Paul Standard Reissue VOS 2014 Iced Tea Burst\" width=\"1080\" height=\"608\" src=\"https:\/\/www.youtube.com\/embed\/oHkp9lDI1Pw?feature=oembed\"  allow=\"accelerometer; autoplay; clipboard-write; encrypted-media; gyroscope; picture-in-picture; web-share\" allowfullscreen><\/iframe><\/p>\n<p>Modificaciones: Demostraci\u00f3n estampada en la parte posterior del clavijero<br \/>\nIncluye COA de restauraci\u00f3n de Gibson y garant\u00eda limitada de f\u00e1brica de 2 a\u00f1os de Gibson (solo reproducci\u00f3n)<br \/>\nEstuche r\u00edgido incluido.<\/p>\n<p>Notas de especificaciones:<\/p>\n<ul>\n<li style=\"list-style-type: none;\">\n<ul>\n<li>Perfil del m\u00e1stil: 50s Vintage<\/li>\n<li>Material del M\u00e1stil: Caoba<\/li>\n<li>Material de la cejilla: Nailon<\/li>\n<li>Escala: 24,75<\/li>\n<li>Material del diapas\u00f3n: Palisandro<\/li>\n<li>Radio del diapas\u00f3n: 12&#8243;<\/li>\n<li>Recuento de trastes: 22<\/li>\n<li>Forma del cuerpo: LesPaul<\/li>\n<li>Material del cuerpo: caoba con tapa de arce<\/li>\n<li>Tipo de acabado: Nitro Brillo VOS<\/li>\n<li>Sintonizadores: Kluson<\/li>\n<li>Puente: ABR-1 Tune-O-Matic<\/li>\n<li>Pastilla de m\u00e1stil: Custombucker<\/li>\n<li>Pastilla del puente: Custombucker<\/li>\n<li>Controles: 2 vol\u00famenes, 2 tonos e interruptor de palanca<\/li>\n<li>Cadenas: .010, .013, .017, .026, .036, .046<\/li>\n<li>Peso: 3,96Kg<\/li>\n<li>A\u00f1o 2014<\/li>\n<li>N\u00famero de serie: 943252<\/li>\n<\/ul>\n<\/li>\n<\/ul>","protected":false},"excerpt":{"rendered":"<p>Una R9 incre\u00edble, con marcas de uso, pero un sonido ESPECTACULAR. Ha sido utilizada como demostraci\u00f3n por la f\u00e1brica de Gibson Demo Shop en Europa. Es una de las guitarras que sirvieron de referencia para el dise\u00f1o Custom Shop Collectors Choice.<\/p>","protected":false},"featured_media":5392,"template":"","meta":{"nf_dc_page":"","_et_pb_use_builder":"","_et_pb_old_content":"","_et_gb_content_width":""},"product_brand":[],"product_cat":[27,16],"product_tag":[],"class_list":{"0":"post-5389","1":"product","2":"type-product","3":"status-publish","4":"has-post-thumbnail","6":"product_cat-gibson","7":"product_cat-gibson-les-paul","9":"first","10":"outofstock","11":"sold-individually","12":"taxable","13":"shipping-taxable","14":"purchasable","15":"product-type-simple"},"_links":{"self":[{"href":"https:\/\/escasainguitars.com\/pt\/wp-json\/wp\/v2\/product\/5389","targetHints":{"allow":["GET"]}}],"collection":[{"href":"https:\/\/escasainguitars.com\/pt\/wp-json\/wp\/v2\/product"}],"about":[{"href":"https:\/\/escasainguitars.com\/pt\/wp-json\/wp\/v2\/types\/product"}],"wp:featuredmedia":[{"embeddable":true,"href":"https:\/\/escasainguitars.com\/pt\/wp-json\/wp\/v2\/media\/5392"}],"wp:attachment":[{"href":"https:\/\/escasainguitars.com\/pt\/wp-json\/wp\/v2\/media?parent=5389"}],"wp:term":[{"taxonomy":"product_brand","embeddable":true,"href":"https:\/\/escasainguitars.com\/pt\/wp-json\/wp\/v2\/product_brand?post=5389"},{"taxonomy":"product_cat","embeddable":true,"href":"https:\/\/escasainguitars.com\/pt\/wp-json\/wp\/v2\/product_cat?post=5389"},{"taxonomy":"product_tag","embeddable":true,"href":"https:\/\/escasainguitars.com\/pt\/wp-json\/wp\/v2\/product_tag?post=5389"}],"curies":[{"name":"wp","href":"https:\/\/api.w.org\/{rel}","templated":true}]}}