{"id":5406,"date":"2023-07-14T08:43:50","date_gmt":"2023-07-14T07:43:50","guid":{"rendered":"https:\/\/escasainguitars.com\/?post_type=product&#038;p=5406"},"modified":"2024-01-08T16:39:58","modified_gmt":"2024-01-08T15:39:58","slug":"gibsonlpr72007","status":"publish","type":"product","link":"https:\/\/escasainguitars.com\/pt\/gibson\/gibsonlpr72007\/","title":{"rendered":"Gibson Les Paul Custom Shop R7 de 2007"},"content":{"rendered":"<p><iframe loading=\"lazy\" title=\"Gibson Les Paul Reissue r7 2007\" width=\"1080\" height=\"608\" src=\"https:\/\/www.youtube.com\/embed\/wypazqA9hxY?start=34&#038;feature=oembed\"  allow=\"accelerometer; autoplay; clipboard-write; encrypted-media; gyroscope; picture-in-picture; web-share\" allowfullscreen><\/iframe><\/p>\n<p>Gibson Les Paul Custom Shop Reissue R7 de 2007. La reedici\u00f3n cl\u00e1sica de las Gibson del 57, acabado goldtop, m\u00e1stil de los a\u00f1os 50. Completamente original, salvo por la cejuela que se le ha cambiado, algo muy com\u00fan en estas guitarras. Es una guitarra impresionante, con sus Burstbucker originales, que le dan ese sonido cl\u00e1sico de la les paul de 1957. Una maravilla de guitarra. No me interesan cambios.<\/p>\n<p>Marca: Gibson<br \/>\nModelo: Custom Shop &#8217;57 Les Paul Goldtop Reissue<br \/>\nAcabado: Goldtop<br \/>\nCategor\u00edas: Cuerpo s\u00f3lido<br \/>\nA\u00f1o: 2007<br \/>\nHecho en: Estados Unidos<br \/>\nMaterial del m\u00e1stil: Palo de rosa<br \/>\nSubfamilia de modelos: Gibson Les Paul Standard<br \/>\nNumero de cuerdas: 6 cuerdas<br \/>\nForma del Cuerpo: Cutaway Singular<br \/>\nTipo De Cuerpo: Cuerpo s\u00f3lido<br \/>\nFamilia de colores: Gold<br \/>\nSerie: Gibson Custom Shop<br \/>\nTipo de puente\/cordal: Barra de parada<br \/>\nConfiguraci\u00f3n de la pastilla: HH<br \/>\nN\u00famero de trastes: 22<\/p>","protected":false},"excerpt":{"rendered":"<pre id=\"tw-target-text\" class=\"tw-data-text tw-text-large tw-ta\" dir=\"ltr\" data-placeholder=\"Traducci\u00f3n\"><span class=\"Y2IQFc\" lang=\"es\">Gibson Les Paul Hist\u00f3rica 1957 Custom Shop '57 R7 2009 Goldtop\r\n\r\nEsta reedici\u00f3n se mantiene fiel al original del 57 con su acabado Goldtop, golpeador flotante blanco y perfil de m\u00e1stil grueso de los a\u00f1os 50. En el corte se puede ver evidencia de la tapa de arce tallada sobre un cuerpo de caoba, al igual que en los modelos originales.\r\n\r\nSuena como deber\u00eda hacerlo una Les Paul gracias, en parte, a sus pastillas Gibson BurstBucker. Herrajes de n\u00edquel, m\u00e1stil de caoba de una sola pieza, ribetes en cuerpo y m\u00e1stil, puente Tune-O-Matic, potenci\u00f3metros CTS, condensadores de abejorro y acabado en oro antiguo.<\/span><\/pre>\n<p>Gibson Les Paul Custom Shop Reissue R7 de 2007. La reedici\u00f3n cl\u00e1sica de las Gibson del 57. Completamente original, salvo por la cejuela que se le ha cambiado, algo muy com\u00fan en estas guitarras. Es una guitarra impresionante. No me interesan cambios.<\/p>","protected":false},"featured_media":5413,"template":"","meta":{"nf_dc_page":"","_et_pb_use_builder":"","_et_pb_old_content":"","_et_gb_content_width":""},"product_brand":[],"product_cat":[27,16],"product_tag":[],"class_list":{"0":"post-5406","1":"product","2":"type-product","3":"status-publish","4":"has-post-thumbnail","6":"product_cat-gibson","7":"product_cat-gibson-les-paul","9":"first","10":"outofstock","11":"sold-individually","12":"taxable","13":"shipping-taxable","14":"purchasable","15":"product-type-simple"},"_links":{"self":[{"href":"https:\/\/escasainguitars.com\/pt\/wp-json\/wp\/v2\/product\/5406","targetHints":{"allow":["GET"]}}],"collection":[{"href":"https:\/\/escasainguitars.com\/pt\/wp-json\/wp\/v2\/product"}],"about":[{"href":"https:\/\/escasainguitars.com\/pt\/wp-json\/wp\/v2\/types\/product"}],"wp:featuredmedia":[{"embeddable":true,"href":"https:\/\/escasainguitars.com\/pt\/wp-json\/wp\/v2\/media\/5413"}],"wp:attachment":[{"href":"https:\/\/escasainguitars.com\/pt\/wp-json\/wp\/v2\/media?parent=5406"}],"wp:term":[{"taxonomy":"product_brand","embeddable":true,"href":"https:\/\/escasainguitars.com\/pt\/wp-json\/wp\/v2\/product_brand?post=5406"},{"taxonomy":"product_cat","embeddable":true,"href":"https:\/\/escasainguitars.com\/pt\/wp-json\/wp\/v2\/product_cat?post=5406"},{"taxonomy":"product_tag","embeddable":true,"href":"https:\/\/escasainguitars.com\/pt\/wp-json\/wp\/v2\/product_tag?post=5406"}],"curies":[{"name":"wp","href":"https:\/\/api.w.org\/{rel}","templated":true}]}}