{"id":5418,"date":"2023-07-14T08:49:06","date_gmt":"2023-07-14T07:49:06","guid":{"rendered":"https:\/\/escasainguitars.com\/?post_type=product&#038;p=5418"},"modified":"2023-11-12T13:53:25","modified_gmt":"2023-11-12T12:53:25","slug":"gibsonlpr72012","status":"publish","type":"product","link":"https:\/\/escasainguitars.com\/pt\/gibson\/gibsonlpr72012\/","title":{"rendered":"Gibson Les Paul Custom R7 VOS 2012 &#8211; Goldtop"},"content":{"rendered":"<p><iframe loading=\"lazy\" title=\"Gibson Les Paul Custom Shop R7 VOS 2012\" width=\"1080\" height=\"608\" src=\"https:\/\/www.youtube.com\/embed\/DecGtDN9Dgc?feature=oembed\"  allow=\"accelerometer; autoplay; clipboard-write; encrypted-media; gyroscope; picture-in-picture; web-share\" allowfullscreen><\/iframe><\/p>\n<p>Vendo una Gibson Custom Shop Reissue7 de 2012 en perfecto estado de funcionamiento. Lleva instaladas unas Burstbucker 1 y 2 que le dan un tono muy c\u00e1lido, id\u00e9ntico al de las Les Paul originales de 1957. Es la reedici\u00f3n de la guitarra con la que Duane Allman grab\u00f3 el Album de Layla. La guitarra ha sido usada. Suena incre\u00edble.<\/p>\n<ul>\n<li>Marca: Gibson<\/li>\n<li>Modelo: Custom Shop &#8217;57 Les Paul Goldtop Reissue<\/li>\n<li>Acabado: Goldtop<\/li>\n<li>Categor\u00edas: Cuerpo s\u00f3lido<\/li>\n<li>A\u00f1o: 2012<\/li>\n<li>Hecho en: Estados Unidos<\/li>\n<li>Material del m\u00e1stil: Palo de rosa<\/li>\n<li>Subfamilia de modelos: Gibson Les Paul Standard<\/li>\n<li>Numero de cuerdas: 6 cuerdas<\/li>\n<li>Forma del Cuerpo: Cutaway Singular<\/li>\n<li>Tipo De Cuerpo: Cuerpo s\u00f3lido<\/li>\n<li>Familia de colores: Gold<\/li>\n<li>Serie: Gibson Custom Shop<\/li>\n<li>Tipo de puente\/cordal: Barra de parada<\/li>\n<li>Pastilla del puente: Burstbucker<\/li>\n<li>Pastillas del mastil: Burstbucker<\/li>\n<li>N\u00famero de trastes: 22<\/li>\n<li>Peso: 4kg<\/li>\n<\/ul>","protected":false},"excerpt":{"rendered":"<p>Gibson Custom Shop Reissue7 Les Paul de 2012. Una reedici\u00f3n de las cl\u00e1sicas Les Paul de 1957, un a\u00f1o hist\u00f3rico para Gibson.<\/p>","protected":false},"featured_media":5838,"template":"","meta":{"nf_dc_page":"","_et_pb_use_builder":"","_et_pb_old_content":"","_et_gb_content_width":""},"product_brand":[],"product_cat":[27,16],"product_tag":[],"class_list":{"0":"post-5418","1":"product","2":"type-product","3":"status-publish","4":"has-post-thumbnail","6":"product_cat-gibson","7":"product_cat-gibson-les-paul","9":"first","10":"outofstock","11":"sold-individually","12":"taxable","13":"shipping-taxable","14":"purchasable","15":"product-type-simple"},"_links":{"self":[{"href":"https:\/\/escasainguitars.com\/pt\/wp-json\/wp\/v2\/product\/5418","targetHints":{"allow":["GET"]}}],"collection":[{"href":"https:\/\/escasainguitars.com\/pt\/wp-json\/wp\/v2\/product"}],"about":[{"href":"https:\/\/escasainguitars.com\/pt\/wp-json\/wp\/v2\/types\/product"}],"wp:featuredmedia":[{"embeddable":true,"href":"https:\/\/escasainguitars.com\/pt\/wp-json\/wp\/v2\/media\/5838"}],"wp:attachment":[{"href":"https:\/\/escasainguitars.com\/pt\/wp-json\/wp\/v2\/media?parent=5418"}],"wp:term":[{"taxonomy":"product_brand","embeddable":true,"href":"https:\/\/escasainguitars.com\/pt\/wp-json\/wp\/v2\/product_brand?post=5418"},{"taxonomy":"product_cat","embeddable":true,"href":"https:\/\/escasainguitars.com\/pt\/wp-json\/wp\/v2\/product_cat?post=5418"},{"taxonomy":"product_tag","embeddable":true,"href":"https:\/\/escasainguitars.com\/pt\/wp-json\/wp\/v2\/product_tag?post=5418"}],"curies":[{"name":"wp","href":"https:\/\/api.w.org\/{rel}","templated":true}]}}