{"id":5429,"date":"2023-07-14T08:58:50","date_gmt":"2023-07-14T07:58:50","guid":{"rendered":"https:\/\/escasainguitars.com\/?post_type=product&#038;p=5429"},"modified":"2023-11-29T19:43:15","modified_gmt":"2023-11-29T18:43:15","slug":"gibsonlpr82008","status":"publish","type":"product","link":"https:\/\/escasainguitars.com\/pt\/gibson\/gibsonlpr82008\/","title":{"rendered":"Gibson Les Paul Reissue R8 2008 &#8211; Cherry Sunbrust"},"content":{"rendered":"<p>&nbsp;<\/p>\n<p><iframe loading=\"lazy\" title=\"Gibson Les Paul Custom Shop R8 VOS 2008 Cherry Sunburst\" width=\"1080\" height=\"608\" src=\"https:\/\/www.youtube.com\/embed\/jExZrSkjlzU?feature=oembed\"  allow=\"accelerometer; autoplay; clipboard-write; encrypted-media; gyroscope; picture-in-picture; web-share\" allowfullscreen><\/iframe><\/p>\n<p>Gibson Les Paul Custom Shop R8 VOS de 2008 Cherry Sunburst.\u00a0Estuche original y certificado de originalidad. La reedici\u00f3n m\u00e1s fiel a la Gibson Les Paul Standard de 1958, una guitarra con un tono incre\u00edble.<\/p>\n<p>Notas de especificaciones:<\/p>\n<ul>\n<li style=\"list-style-type: none;\">\n<ul>\n<li>Perfil del m\u00e1stil: 50s Vintage<\/li>\n<li>Material del M\u00e1stil: Caoba<\/li>\n<li>Material de la cejilla: Nailon<\/li>\n<li>Material del diapas\u00f3n: Palisandro<\/li>\n<li>Recuento de trastes: 22<\/li>\n<li>Forma del cuerpo: LesPaul<\/li>\n<li>Material del cuerpo: caoba con tapa de arce<\/li>\n<li>Puente: ABR-1 Tune-O-Matic<\/li>\n<li>Pastilla de m\u00e1stil: Burstbucker<\/li>\n<li>Pastilla del puente: Burstbucker<\/li>\n<li>Controles: 2 vol\u00famenes, 2 tonos e interruptor de palanca<\/li>\n<li>Cadenas: .010, .013, .017, .026, .036, .046<\/li>\n<li>A\u00f1o 2008<\/li>\n<\/ul>\n<\/li>\n<\/ul>","protected":false},"excerpt":{"rendered":"<p>Vendo una Gibson Les Paul Custom Shop R8 VOS de 2008 Cherry Sunburst en perfecto estado de funcionamiento y completamente original. Lleva las Bustbuckers 1 y 2 de f\u00e1brica.<\/p>","protected":false},"featured_media":5434,"template":"","meta":{"nf_dc_page":"","_et_pb_use_builder":"","_et_pb_old_content":"","_et_gb_content_width":""},"product_brand":[],"product_cat":[27,16],"product_tag":[],"class_list":{"0":"post-5429","1":"product","2":"type-product","3":"status-publish","4":"has-post-thumbnail","6":"product_cat-gibson","7":"product_cat-gibson-les-paul","9":"first","10":"outofstock","11":"sold-individually","12":"taxable","13":"shipping-taxable","14":"purchasable","15":"product-type-simple"},"_links":{"self":[{"href":"https:\/\/escasainguitars.com\/pt\/wp-json\/wp\/v2\/product\/5429","targetHints":{"allow":["GET"]}}],"collection":[{"href":"https:\/\/escasainguitars.com\/pt\/wp-json\/wp\/v2\/product"}],"about":[{"href":"https:\/\/escasainguitars.com\/pt\/wp-json\/wp\/v2\/types\/product"}],"wp:featuredmedia":[{"embeddable":true,"href":"https:\/\/escasainguitars.com\/pt\/wp-json\/wp\/v2\/media\/5434"}],"wp:attachment":[{"href":"https:\/\/escasainguitars.com\/pt\/wp-json\/wp\/v2\/media?parent=5429"}],"wp:term":[{"taxonomy":"product_brand","embeddable":true,"href":"https:\/\/escasainguitars.com\/pt\/wp-json\/wp\/v2\/product_brand?post=5429"},{"taxonomy":"product_cat","embeddable":true,"href":"https:\/\/escasainguitars.com\/pt\/wp-json\/wp\/v2\/product_cat?post=5429"},{"taxonomy":"product_tag","embeddable":true,"href":"https:\/\/escasainguitars.com\/pt\/wp-json\/wp\/v2\/product_tag?post=5429"}],"curies":[{"name":"wp","href":"https:\/\/api.w.org\/{rel}","templated":true}]}}