{"id":5440,"date":"2023-07-14T09:06:38","date_gmt":"2023-07-14T08:06:38","guid":{"rendered":"https:\/\/escasainguitars.com\/?post_type=product&#038;p=5440"},"modified":"2023-09-08T20:15:43","modified_gmt":"2023-09-08T19:15:43","slug":"gibsonlpstd1989","status":"publish","type":"product","link":"https:\/\/escasainguitars.com\/pt\/gibson\/gibsonlpstd1989\/","title":{"rendered":"Gibson Les Paul Standard 1989 &#8211; Tobacco Burst"},"content":{"rendered":"<p><iframe loading=\"lazy\" title=\"Gibson Les Paul Standard 1989 - Tobacco Burst\" width=\"1080\" height=\"608\" src=\"https:\/\/www.youtube.com\/embed\/66lACLCDdSs?start=2&#038;feature=oembed\"  allow=\"accelerometer; autoplay; clipboard-write; encrypted-media; gyroscope; picture-in-picture; web-share\" allowfullscreen><\/iframe><\/p>\n<p>Vendo una Gibson Les Paul Standard de 1989 en perfecto estado de funcionamiento. La \u00fanica 86-89 que hay en la UE. La guitarra lleva las pastillas originales Bill Lawrence Gibson HB-L y HB-R. Esta electr\u00f3nica se utiliz\u00f3 entre 1988 y 1990 y fue dise\u00f1ada por uno de los expertos m\u00e1s prestigiosos de la histor\u00eda en pastillas. Los clavijeros se han sustituido por unos Gibson Deluxe, que corresponden con los originales de la \u00e9poca, pero que no son los que ven\u00edan con la guitarra. Lleva un puente Nashville y tiene perfil 50s. La guitarra pesa 4,1 kg. Un peso muy bajo para ser de estos a\u00f1os, en esta \u00e9poca no las hab\u00eda m\u00e1s ligeras.<\/p>","protected":false},"excerpt":{"rendered":"<p>Vendo una Gibson Les Paul Standard de 1989 en perfecto estado de funcionamiento. La \u00fanica 86-89 que hay en la UE. La guitarra lleva las pastillas originales Bill Lawrence Gibson HB-L y HB-R. Esta electr\u00f3nica se utiliz\u00f3 entre 1988 y 1990 y fue dise\u00f1ada por uno de los expertos m\u00e1s prestigiosos de la histor\u00eda en [&hellip;]<\/p>\n","protected":false},"featured_media":5441,"template":"","meta":{"nf_dc_page":"","_et_pb_use_builder":"","_et_pb_old_content":"","_et_gb_content_width":""},"product_brand":[],"product_cat":[27,16],"product_tag":[],"class_list":{"0":"post-5440","1":"product","2":"type-product","3":"status-publish","4":"has-post-thumbnail","6":"product_cat-gibson","7":"product_cat-gibson-les-paul","9":"first","10":"outofstock","11":"sold-individually","12":"taxable","13":"shipping-taxable","14":"purchasable","15":"product-type-simple"},"_links":{"self":[{"href":"https:\/\/escasainguitars.com\/pt\/wp-json\/wp\/v2\/product\/5440","targetHints":{"allow":["GET"]}}],"collection":[{"href":"https:\/\/escasainguitars.com\/pt\/wp-json\/wp\/v2\/product"}],"about":[{"href":"https:\/\/escasainguitars.com\/pt\/wp-json\/wp\/v2\/types\/product"}],"wp:featuredmedia":[{"embeddable":true,"href":"https:\/\/escasainguitars.com\/pt\/wp-json\/wp\/v2\/media\/5441"}],"wp:attachment":[{"href":"https:\/\/escasainguitars.com\/pt\/wp-json\/wp\/v2\/media?parent=5440"}],"wp:term":[{"taxonomy":"product_brand","embeddable":true,"href":"https:\/\/escasainguitars.com\/pt\/wp-json\/wp\/v2\/product_brand?post=5440"},{"taxonomy":"product_cat","embeddable":true,"href":"https:\/\/escasainguitars.com\/pt\/wp-json\/wp\/v2\/product_cat?post=5440"},{"taxonomy":"product_tag","embeddable":true,"href":"https:\/\/escasainguitars.com\/pt\/wp-json\/wp\/v2\/product_tag?post=5440"}],"curies":[{"name":"wp","href":"https:\/\/api.w.org\/{rel}","templated":true}]}}