{"id":5454,"date":"2023-07-14T09:22:09","date_gmt":"2023-07-14T08:22:09","guid":{"rendered":"https:\/\/escasainguitars.com\/?post_type=product&#038;p=5454"},"modified":"2023-09-07T16:59:25","modified_gmt":"2023-09-07T15:59:25","slug":"gibsoncustomshopj45","status":"publish","type":"product","link":"https:\/\/escasainguitars.com\/pt\/gibson\/gibsoncustomshopj45\/","title":{"rendered":"Gibson Custom Shop J-45 2014 &#8211; Flamed Walnut Honey"},"content":{"rendered":"<p>GIBSON Custom Shop J-45 Flamed Walnut Honeyburst. A\u00f1o 2014. Edici\u00f3n limitada. Se vende con su estuche original. Parte superior abovedada para mayor proyecci\u00f3n y claridad. Acabado lacado nitrocelul\u00f3sico. Hecho a mano en Bozeman, Montana. Madera: tapa maciza de abeto rojo de Adirondack, fondo y aros de nogal macizo figurado M\u00e1stil: 1 pieza de caoba X represas Diapas\u00f3n: palisandro con radio de 12&#8243; e incrustaciones de abul\u00f3n Escala: 24-3\/4&#8243; Puente: Belly up rosweood Golpeador: Tortuga Clavijeros: Gold Grover espalda abierta Electr\u00f3nica: LR Baggs Element VTC Acabado: Honey burst, laca nitrocelul\u00f3sica<\/p>\n<p>Aqu\u00ed ten\u00e9is una review de la guitarra:<br \/>\n<a class=\"external\" href=\"https:\/\/www.youtube.com\/watch?v=FGB5e0yhT-g\" rel=\"ugc nofollow noopener\" target=\"_blank\">https:\/\/www.youtube.com\/watch?v=FGB5e0yhT-g<\/a><\/p>","protected":false},"excerpt":{"rendered":"<p>GIBSON Custom Shop J-45 Flamed Walnut Honeyburst. A\u00f1o 2014. Edici\u00f3n limitada. Se vende con su estuche original. Parte superior abovedada para mayor proyecci\u00f3n y claridad. Acabado lacado nitrocelul\u00f3sico. Hecho a mano en Bozeman, Montana. Madera: tapa maciza de abeto rojo de Adirondack, fondo y aros de nogal macizo figurado M\u00e1stil: 1 pieza de caoba X [&hellip;]<\/p>\n","protected":false},"featured_media":5460,"template":"","meta":{"nf_dc_page":"","_et_pb_use_builder":"","_et_pb_old_content":"","_et_gb_content_width":""},"product_brand":[],"product_cat":[27,15],"product_tag":[],"class_list":{"0":"post-5454","1":"product","2":"type-product","3":"status-publish","4":"has-post-thumbnail","6":"product_cat-gibson","7":"product_cat-otras","9":"first","10":"outofstock","11":"taxable","12":"shipping-taxable","13":"purchasable","14":"product-type-simple"},"_links":{"self":[{"href":"https:\/\/escasainguitars.com\/pt\/wp-json\/wp\/v2\/product\/5454","targetHints":{"allow":["GET"]}}],"collection":[{"href":"https:\/\/escasainguitars.com\/pt\/wp-json\/wp\/v2\/product"}],"about":[{"href":"https:\/\/escasainguitars.com\/pt\/wp-json\/wp\/v2\/types\/product"}],"wp:featuredmedia":[{"embeddable":true,"href":"https:\/\/escasainguitars.com\/pt\/wp-json\/wp\/v2\/media\/5460"}],"wp:attachment":[{"href":"https:\/\/escasainguitars.com\/pt\/wp-json\/wp\/v2\/media?parent=5454"}],"wp:term":[{"taxonomy":"product_brand","embeddable":true,"href":"https:\/\/escasainguitars.com\/pt\/wp-json\/wp\/v2\/product_brand?post=5454"},{"taxonomy":"product_cat","embeddable":true,"href":"https:\/\/escasainguitars.com\/pt\/wp-json\/wp\/v2\/product_cat?post=5454"},{"taxonomy":"product_tag","embeddable":true,"href":"https:\/\/escasainguitars.com\/pt\/wp-json\/wp\/v2\/product_tag?post=5454"}],"curies":[{"name":"wp","href":"https:\/\/api.w.org\/{rel}","templated":true}]}}