{"id":5934,"date":"2023-09-10T13:19:57","date_gmt":"2023-09-10T12:19:57","guid":{"rendered":"https:\/\/escasainguitars.com\/?post_type=product&#038;p=5934"},"modified":"2023-11-29T19:42:17","modified_gmt":"2023-11-29T18:42:17","slug":"gibson-les-paul-custom-shop-r6-2012-goldtop","status":"publish","type":"product","link":"https:\/\/escasainguitars.com\/pt\/gibson\/gibson-les-paul-custom-shop-r6-2012-goldtop\/","title":{"rendered":"Gibson Les Paul Custom Shop R6 2012 &#8211; Goldtop"},"content":{"rendered":"<p><iframe loading=\"lazy\" title=\"SOLD | Gibson Les Paul Custom Shop R6 from 2012 OMG\ud83d\ude4a!\" width=\"1080\" height=\"608\" src=\"https:\/\/www.youtube.com\/embed\/0j_kE9TEoPw?start=2&#038;feature=oembed\"  allow=\"accelerometer; autoplay; clipboard-write; encrypted-media; gyroscope; picture-in-picture; web-share\" referrerpolicy=\"strict-origin-when-cross-origin\" allowfullscreen><\/iframe><\/p>\n<p>Guitarra Gibson Custom Shop Les Paul R6 1956 Historic Reissue en acabado Goldtop, a\u00f1o 2012, usada en excelentes condiciones, incluye estuche r\u00edgido original, certificado de autenticidad y etiquetas. Espl\u00e9ndida Goldtop con P90, un verdadero cl\u00e1sico atemporal de calidad Custom Shop. Cuerpo de caoba, tapa de caoba, m\u00e1stil de caoba, diapas\u00f3n de palisandro, perfil del m\u00e1stil a\u00f1os 50, pastillas Gibson P90 originales.<\/p>\n<ul>\n<li>Perfil del m\u00e1stil: forma C<\/li>\n<li>Material del m\u00e1stil: Caoba<\/li>\n<li>Escala: 24,75<\/li>\n<li>Mater\u00f1ial del diapas\u00f3n: palisandro<\/li>\n<li>Radio del diapas\u00f3n 12<\/li>\n<li>N\u00famero de trastes: 22<\/li>\n<li>Forma del cuerpo: Les Paul<\/li>\n<li>Material del cuerpo: Caoba<\/li>\n<li>Puente: Abr-1 Tune-o-Matic<\/li>\n<li>Pastilla del puente: P90<\/li>\n<li>Pastilla del m\u00e1stil: P90<\/li>\n<li>Controles: 2 vol\u00famenes, 2 tonos<\/li>\n<li>Peso: 4,1 kgs.<\/li>\n<\/ul>\n<pre id=\"tw-target-text\" class=\"tw-data-text tw-text-large tw-ta\" dir=\"ltr\" data-placeholder=\"Traducci\u00f3n\"><\/pre>","protected":false},"excerpt":{"rendered":"<p>Gibson Les Paul Custom Shop r6 de 2012 en perfecto estado de funcionamiento. P90\u00b4s originales. La guitarra pesa 4,1 kgs.<\/p>","protected":false},"featured_media":5935,"template":"","meta":{"nf_dc_page":"","_et_pb_use_builder":"","_et_pb_old_content":"","_et_gb_content_width":""},"product_brand":[],"product_cat":[27,16],"product_tag":[],"class_list":{"0":"post-5934","1":"product","2":"type-product","3":"status-publish","4":"has-post-thumbnail","6":"product_cat-gibson","7":"product_cat-gibson-les-paul","9":"first","10":"outofstock","11":"taxable","12":"shipping-taxable","13":"purchasable","14":"product-type-simple"},"_links":{"self":[{"href":"https:\/\/escasainguitars.com\/pt\/wp-json\/wp\/v2\/product\/5934","targetHints":{"allow":["GET"]}}],"collection":[{"href":"https:\/\/escasainguitars.com\/pt\/wp-json\/wp\/v2\/product"}],"about":[{"href":"https:\/\/escasainguitars.com\/pt\/wp-json\/wp\/v2\/types\/product"}],"wp:featuredmedia":[{"embeddable":true,"href":"https:\/\/escasainguitars.com\/pt\/wp-json\/wp\/v2\/media\/5935"}],"wp:attachment":[{"href":"https:\/\/escasainguitars.com\/pt\/wp-json\/wp\/v2\/media?parent=5934"}],"wp:term":[{"taxonomy":"product_brand","embeddable":true,"href":"https:\/\/escasainguitars.com\/pt\/wp-json\/wp\/v2\/product_brand?post=5934"},{"taxonomy":"product_cat","embeddable":true,"href":"https:\/\/escasainguitars.com\/pt\/wp-json\/wp\/v2\/product_cat?post=5934"},{"taxonomy":"product_tag","embeddable":true,"href":"https:\/\/escasainguitars.com\/pt\/wp-json\/wp\/v2\/product_tag?post=5934"}],"curies":[{"name":"wp","href":"https:\/\/api.w.org\/{rel}","templated":true}]}}