{"id":6001,"date":"2023-11-14T13:32:51","date_gmt":"2023-11-14T12:32:51","guid":{"rendered":"https:\/\/escasainguitars.com\/?post_type=product&#038;p=6001"},"modified":"2024-07-15T15:39:15","modified_gmt":"2024-07-15T14:39:15","slug":"stratocaster60relicdaphneblue","status":"publish","type":"product","link":"https:\/\/escasainguitars.com\/pt\/fender\/stratocaster60relicdaphneblue\/","title":{"rendered":"Fender Custom Shop &#8217;60 Reissue Stratocaster Relic Daphne Blue"},"content":{"rendered":"<p><iframe loading=\"lazy\" title=\"SOLD | Fender Custom Shop 60 Reissue Stratocaster Relic Daphne Blue. OMG!\ud83d\ude4a\ud83d\ude49\" width=\"1080\" height=\"608\" src=\"https:\/\/www.youtube.com\/embed\/0hTzQVN-w8w?feature=oembed\"  allow=\"accelerometer; autoplay; clipboard-write; encrypted-media; gyroscope; picture-in-picture; web-share\" referrerpolicy=\"strict-origin-when-cross-origin\" allowfullscreen><\/iframe><\/p>\n<p>La Custom Shop 60 Stratocaster Time Capsule Daphne Blue es una Stratocaster de la Custom Shop de Fender.<\/p>\n<p>Un diapas\u00f3n de palisandro de calidad AAA con veinti\u00fan trastes est\u00e1 pegado a un m\u00e1stil de arce atornillado con un perfil ovalado en &#8220;C&#8221; estilo a\u00f1os 60. Los puntos de posici\u00f3n de micarta blanca hacen que la madera respire bien. Los puntos de posici\u00f3n de micarta blanca facilitan la navegaci\u00f3n por la superficie del diapas\u00f3n.<\/p>\n<p>Tres pastillas de bobina simple Strat de los 60 dan a la guitarra el aut\u00e9ntico tono y sensaci\u00f3n Fender Strat. Ajusta el car\u00e1cter del sonido usando los potenci\u00f3metros de volumen y tono y el interruptor de pastilla de cinco posiciones. Las cuerdas se sujetan con clavijeros de estilo vintage a juego y un tr\u00e9molo sincronizado igualmente elegante. La guitarra se entrega en su estuche original Fender CS de lujo.<\/p>\n<p>Pastillas Custom Shop Fat 60, Jumbo Frets, tremolo de 6 piezas. Perfil en C, radio de 9,5.<\/p>\n<p>&#8212;&#8212;&#8212;&#8211;<\/p>\n<p>The Custom Shop 60 Stratocaster Time Capsule Daphne Blue is a Stratocaster from the Fender Custom Shop.<\/p>\n<p>A AAA-quality rosewood fingerboard with twenty-one frets is attached to a bolt-on maple neck with a &#8217;60s-style oval &#8220;C&#8221; profile. White micarta position dots make the wood breathe well. White micarta position dots make it easy to navigate the fretboard surface.<\/p>\n<p>Three &#8217;60s Strat single coil pickups give the guitar authentic Fender Strat tone and feel. Adjust the character of the sound using the volume and tone pots and the five-position pickup switch. The strings are held with matching vintage-style tuners and an equally elegant synchronized tremolo. The guitar is delivered in its original deluxe Fender CS case.<\/p>\n<p>Custom Shop Fat 60 Pickups, Jumbo Frets, 6-Piece Tremolo. C profile, 9.5 radius.<\/p>","protected":false},"excerpt":{"rendered":"<p>Fender Stratocaster Custom Shop 60 Stratocaster Time Capsule Daphne Blue. Una preciosa Strato de la CS con un relicado impecable. Una guitarra con un sonido exquisito y coleccionable.<\/p>","protected":false},"featured_media":6227,"template":"","meta":{"nf_dc_page":"","_et_pb_use_builder":"","_et_pb_old_content":"","_et_gb_content_width":""},"product_brand":[],"product_cat":[26,17],"product_tag":[],"class_list":{"0":"post-6001","1":"product","2":"type-product","3":"status-publish","4":"has-post-thumbnail","6":"product_cat-fender","7":"product_cat-fender-stratocaster","9":"first","10":"outofstock","11":"taxable","12":"shipping-taxable","13":"purchasable","14":"product-type-simple"},"_links":{"self":[{"href":"https:\/\/escasainguitars.com\/pt\/wp-json\/wp\/v2\/product\/6001","targetHints":{"allow":["GET"]}}],"collection":[{"href":"https:\/\/escasainguitars.com\/pt\/wp-json\/wp\/v2\/product"}],"about":[{"href":"https:\/\/escasainguitars.com\/pt\/wp-json\/wp\/v2\/types\/product"}],"wp:featuredmedia":[{"embeddable":true,"href":"https:\/\/escasainguitars.com\/pt\/wp-json\/wp\/v2\/media\/6227"}],"wp:attachment":[{"href":"https:\/\/escasainguitars.com\/pt\/wp-json\/wp\/v2\/media?parent=6001"}],"wp:term":[{"taxonomy":"product_brand","embeddable":true,"href":"https:\/\/escasainguitars.com\/pt\/wp-json\/wp\/v2\/product_brand?post=6001"},{"taxonomy":"product_cat","embeddable":true,"href":"https:\/\/escasainguitars.com\/pt\/wp-json\/wp\/v2\/product_cat?post=6001"},{"taxonomy":"product_tag","embeddable":true,"href":"https:\/\/escasainguitars.com\/pt\/wp-json\/wp\/v2\/product_tag?post=6001"}],"curies":[{"name":"wp","href":"https:\/\/api.w.org\/{rel}","templated":true}]}}