{"id":6028,"date":"2023-12-01T19:32:52","date_gmt":"2023-12-01T18:32:52","guid":{"rendered":"https:\/\/escasainguitars.com\/?post_type=product&#038;p=6028"},"modified":"2024-04-05T10:03:52","modified_gmt":"2024-04-05T09:03:52","slug":"gibson-1959-es-335-reissue-2023-vos-vintage-natural","status":"publish","type":"product","link":"https:\/\/escasainguitars.com\/pt\/gibson\/gibson-1959-es-335-reissue-2023-vos-vintage-natural\/","title":{"rendered":"Gibson 1959 ES-335 Reissue 2023 &#8211; VOS Vintage Natural"},"content":{"rendered":"<p><iframe loading=\"lazy\" title=\"SOLD | Gibson 1959 ES-335 Reissue 2023 - VOS Vintage Natural OMG! \ud83d\ude4a\ud83c\udfb8\" width=\"1080\" height=\"608\" src=\"https:\/\/www.youtube.com\/embed\/YiyV3FkdymE?start=16&#038;feature=oembed\"  allow=\"accelerometer; autoplay; clipboard-write; encrypted-media; gyroscope; picture-in-picture; web-share\" referrerpolicy=\"strict-origin-when-cross-origin\" allowfullscreen><\/iframe><\/p>\n<p>Especificaciones:<\/p>\n<ul>\n<li>Modelo: ES-335 1959 Tienda personalizada Nashville VOS<\/li>\n<li>Acabado: Vintage Natural, VOS nitro<\/li>\n<li>Cuerpo: Arce\/\u00e1lamo\/arce con bloque central de arce macizo<\/li>\n<li>M\u00e1stil: Caoba, m\u00e1stil fijo, espiga de m\u00e1stil largo con ajuste de pegamento para piel<\/li>\n<li>Diapas\u00f3n: palisandro encuadernado, 22 trastes medium jumbo<\/li>\n<li>Incrustaciones de traste: puntos perlados<\/li>\n<li>Chapa del clavijero: Holly con incrustaciones de corona Gibson<\/li>\n<li>Perfil del m\u00e1stil: &#8217;59 redondeado, 1.er traste .922&#8243;, 12.\u00ba traste 1.057&#8243;<\/li>\n<li>Longitud de escala: 24-3\/4\u201d<\/li>\n<li>Ancho de tuerca: 1,69\u201d<\/li>\n<li>Puente: Tun-o-matic regulable con barra de tope<\/li>\n<li>Hardware: N\u00edquel, envejecido en laboratorio Murphy<\/li>\n<li>Clavijeros: tulip\u00e1n vintage<\/li>\n<li>Controles: 2 de volumen, 2 de tono, interruptor de 3 v\u00edas, potenci\u00f3metros c\u00f3nicos de audio CTS 500k, tapas de papel en aceite<\/li>\n<li>Perillas: Chisteras doradas<\/li>\n<li>Golpeador: 4 capas, bisel ancho, negro<\/li>\n<li>N\u00famero de serie A930xxx<\/li>\n<\/ul>\n<p>Est\u00e1 en perfectas condiciones de VOS, NUEVA, sin ning\u00fan tipo de desgaste. Tambi\u00e9n se incluye el estuche r\u00edgido original Gibson lifton Historic, el estuche y el certificado.<br \/>\n\u00a1Espero que la disfrut\u00e9is como se merece!<br \/>\n&#8212;&#8212;&#8212;&#8212;&#8212;<br \/>\nSpecifications:<\/p>\n<ul>\n<li>Model: ES-335 1959 Nashville VOS Custom Shop<\/li>\n<li>Finish: Vintage Natural, VOS nitro<\/li>\n<li>Body: Maple\/Poplar\/Maple with solid maple center block Neck: Mahogany, fixed neck, long neck tenon with skin glue adjustment<\/li>\n<li>Fingerboard: bound rosewood, 22 medium jumbo frets<\/li>\n<li>Fret Inlays: Pearl Dots<\/li>\n<li>Headstock: Holly with Gibson crown inlays<\/li>\n<li>Neck Profile: &#8217;59 Rounded, 1st Fret .922&#8243;, 12th Fret 1.057&#8243;<\/li>\n<li>Scale length: 24-3\/4\u201d<\/li>\n<li>Nut width: 1.69\u201d<\/li>\n<li>Bridge: Adjustable Tun-o-matic with stop bar<\/li>\n<li>Hardware: Nickel, Murphy laboratory aged<\/li>\n<li>Tuners: vintage tulip<\/li>\n<li>Controls: 2 volume, 2 tone, 3-way switch, CTS 500k audio taper potentiometers, paper-in-oil caps<\/li>\n<li>Knobs: Gold top hats Pickguard: 4-ply, wide bezel, black<\/li>\n<\/ul>\n<p>It is in perfect condition, NEW, without any type of wear. Also included is the original Gibson lifton Historic hard case, slipcase and certificate. I hope you enjoy it as it deserves!<\/p>","protected":false},"excerpt":{"rendered":"<p>Un guitarra muy exclusiva para los coleccionistas amantes de lo vintage. Una Gibson Custom Shop ES-335 de 1959 de 2023, con un acabado Vintage Natural VOS e incrustaciones de puntos en los trastes! A mi juicio una guitarra muy vers\u00e1til para tocar incluso con un canal limpio y un crunch. Unas din\u00e1micas impresionantes.<br \/>\n&#8212;&#8212;&#8212;&#8212;&#8212;<br \/>\nA very exclusive guitar for collectors who love vintage. A 2023 1959 Gibson Custom Shop ES-335, with a Vintage Natural VOS finish and dot fret inlays! In my opinion, a very versatile guitar to play even with a clean channel and a crunch. Some impressive dynamics. Specifications:<\/p>","protected":false},"featured_media":6029,"template":"","meta":{"nf_dc_page":"","_et_pb_use_builder":"","_et_pb_old_content":"","_et_gb_content_width":""},"product_brand":[],"product_cat":[27,33],"product_tag":[],"class_list":{"0":"post-6028","1":"product","2":"type-product","3":"status-publish","4":"has-post-thumbnail","6":"product_cat-gibson","7":"product_cat-es-335","9":"first","10":"outofstock","11":"taxable","12":"shipping-taxable","13":"purchasable","14":"product-type-simple"},"_links":{"self":[{"href":"https:\/\/escasainguitars.com\/pt\/wp-json\/wp\/v2\/product\/6028","targetHints":{"allow":["GET"]}}],"collection":[{"href":"https:\/\/escasainguitars.com\/pt\/wp-json\/wp\/v2\/product"}],"about":[{"href":"https:\/\/escasainguitars.com\/pt\/wp-json\/wp\/v2\/types\/product"}],"wp:featuredmedia":[{"embeddable":true,"href":"https:\/\/escasainguitars.com\/pt\/wp-json\/wp\/v2\/media\/6029"}],"wp:attachment":[{"href":"https:\/\/escasainguitars.com\/pt\/wp-json\/wp\/v2\/media?parent=6028"}],"wp:term":[{"taxonomy":"product_brand","embeddable":true,"href":"https:\/\/escasainguitars.com\/pt\/wp-json\/wp\/v2\/product_brand?post=6028"},{"taxonomy":"product_cat","embeddable":true,"href":"https:\/\/escasainguitars.com\/pt\/wp-json\/wp\/v2\/product_cat?post=6028"},{"taxonomy":"product_tag","embeddable":true,"href":"https:\/\/escasainguitars.com\/pt\/wp-json\/wp\/v2\/product_tag?post=6028"}],"curies":[{"name":"wp","href":"https:\/\/api.w.org\/{rel}","templated":true}]}}