{"id":6040,"date":"2023-12-14T19:36:23","date_gmt":"2023-12-14T18:36:23","guid":{"rendered":"https:\/\/escasainguitars.com\/?post_type=product&#038;p=6040"},"modified":"2025-06-09T10:03:45","modified_gmt":"2025-06-09T09:03:45","slug":"fender-stratocaster-custom-shop-54-reissue-stratocaster-masterbuilt-greg-fessler","status":"publish","type":"product","link":"https:\/\/escasainguitars.com\/pt\/fender\/fender-stratocaster-custom-shop-54-reissue-stratocaster-masterbuilt-greg-fessler\/","title":{"rendered":"Fender Stratocaster custom Shop 54 Reissue Stratocaster Masterbuilt Greg Fessler"},"content":{"rendered":"<p>2004 Fender Custom Shop 50.\u00ba aniversario Stratocaster 1954 Master-built por Greg Fessler. Fant\u00e1stica Stratocaster Masterbuilt de 1954 como nueva. Esta guitarra fue comprada y apenas utilizada en el estudio. Hermoso cuerpo de fresno veteado acabado en 2 tonos sunburst. M\u00e1stil de arce con perfil D y 21 trastes Medium Jumbo. Afinadores y puente de n\u00edquel estilo vintage. Golpeador, perillas y bordes de pastilla estilo a\u00f1os 50.<\/p>\n<p>Greg Fessler ayud\u00f3 con la l\u00ednea de guitarras exclusiva de Robben Ford, convirti\u00e9ndose finalmente en el \u00fanico constructor de esos instrumentos y, m\u00e1s tarde, en el constructor personal de Ford. Fessler ha construido modelos \u00fanicos de Stratocaster y Telecaster para una gran cantidad de m\u00fasicos, incluidos Joe Bonnamasa, Jeff Healey, Hank Marvin, John Mayer, Rhonda Smith, Neil Schon y Pete Wentz.<br \/>\n&#8212;&#8212;&#8212;&#8212;&#8212;<br \/>\n2004 Fender Custom Shop 50th Anniversary Stratocaster 1954 Master-built by Greg Fessler. Fantastic 1954 Masterbuilt Stratocaster like new. This guitar was purchased and barely used in the studio. Beautiful grained ash body finished in 2-tone sunburst. Maple neck with D profile and 21 Medium Jumbo frets. Vintage style nickel tuners and bridge. 50&#8217;s style pickguard, knobs and pickup edges.<\/p>\n<p>Greg Fessler helped with Robben Ford&#8217;s signature line of guitars, eventually becoming the sole builder of those instruments and, later, Ford&#8217;s personal builder. Fessler has built unique Stratocaster and Telecaster models for a host of musicians, including Joe Bonnamasa, Jeff Healey, Hank Marvin, John Mayer, Rhonda Smith, Neil Schon and Pete Wentz<\/p>","protected":false},"excerpt":{"rendered":"<p>2004 Fender Custom Shop 50.\u00ba aniversario Stratocaster 1954 Master-built por Greg Fessler. Fant\u00e1stica Stratocaster Masterbuilt de 1954 como nueva. Esta guitarra fue comprada y apenas utilizada en el estudio. Hermoso cuerpo de fresno veteado acabado en 2 tonos sunburst. M\u00e1stil de arce con perfil D y 21 trastes Medium Jumbo. Afinadores y puente de n\u00edquel [&hellip;]<\/p>\n","protected":false},"featured_media":6044,"template":"","meta":{"nf_dc_page":"","_et_pb_use_builder":"","_et_pb_old_content":"","_et_gb_content_width":""},"product_brand":[],"product_cat":[26,17],"product_tag":[],"class_list":{"0":"post-6040","1":"product","2":"type-product","3":"status-publish","4":"has-post-thumbnail","6":"product_cat-fender","7":"product_cat-fender-stratocaster","9":"first","10":"outofstock","11":"taxable","12":"shipping-taxable","13":"purchasable","14":"product-type-simple"},"_links":{"self":[{"href":"https:\/\/escasainguitars.com\/pt\/wp-json\/wp\/v2\/product\/6040","targetHints":{"allow":["GET"]}}],"collection":[{"href":"https:\/\/escasainguitars.com\/pt\/wp-json\/wp\/v2\/product"}],"about":[{"href":"https:\/\/escasainguitars.com\/pt\/wp-json\/wp\/v2\/types\/product"}],"wp:featuredmedia":[{"embeddable":true,"href":"https:\/\/escasainguitars.com\/pt\/wp-json\/wp\/v2\/media\/6044"}],"wp:attachment":[{"href":"https:\/\/escasainguitars.com\/pt\/wp-json\/wp\/v2\/media?parent=6040"}],"wp:term":[{"taxonomy":"product_brand","embeddable":true,"href":"https:\/\/escasainguitars.com\/pt\/wp-json\/wp\/v2\/product_brand?post=6040"},{"taxonomy":"product_cat","embeddable":true,"href":"https:\/\/escasainguitars.com\/pt\/wp-json\/wp\/v2\/product_cat?post=6040"},{"taxonomy":"product_tag","embeddable":true,"href":"https:\/\/escasainguitars.com\/pt\/wp-json\/wp\/v2\/product_tag?post=6040"}],"curies":[{"name":"wp","href":"https:\/\/api.w.org\/{rel}","templated":true}]}}