{"id":6067,"date":"2024-01-14T13:18:41","date_gmt":"2024-01-14T12:18:41","guid":{"rendered":"https:\/\/escasainguitars.com\/?post_type=product&#038;p=6067"},"modified":"2024-08-14T16:13:09","modified_gmt":"2024-08-14T15:13:09","slug":"lespaulcustombb2002","status":"publish","type":"product","link":"https:\/\/escasainguitars.com\/pt\/gibson\/lespaulcustombb2002\/","title":{"rendered":"Gibson Les Paul Custom Black Beauty 2002"},"content":{"rendered":"<p><iframe loading=\"lazy\" title=\"SOLD | Gibson Les Paul Custom Black Beauty 2002 \ud83d\ude4a\ud83d\ude48!!!\" width=\"1080\" height=\"608\" src=\"https:\/\/www.youtube.com\/embed\/DpI2xHgfpBs?start=10&#038;feature=oembed\"  allow=\"accelerometer; autoplay; clipboard-write; encrypted-media; gyroscope; picture-in-picture; web-share\" referrerpolicy=\"strict-origin-when-cross-origin\" allowfullscreen><\/iframe><\/p>","protected":false},"excerpt":{"rendered":"<p><span style=\"color: #000000;\">Vendo Gibson Les Paul Custom Black Beauty en perfecto estado de funcionamiento. La guitarra est\u00e1 perfecta y suena como un ca\u00f1\u00f3n, desde un limpio puro para jazz, hasta un punch para Heavy perfecto. Los herrajes tienen un desgaste normal para tener m\u00e1s de 20 a\u00f1os, por la parte trasera tiene algunas marcas normales. Por delante est\u00e1 impoluta.<\/span><br \/>\n<span style=\"color: #000000;\">&#8212;&#8212;&#8212;&#8212;<\/span><br \/>\n<span style=\"color: #000000;\">I am selling Gibson Les Paul Custom Black Beauty in perfect working condition. The guitar is perfect and sounds like a cannon, from a pure clean for jazz to a perfect punch for Heavy. The hardware has normal wear for being more than 20 years old, the back has some normal marks. In front it is spotless<\/span>.<\/p>","protected":false},"featured_media":6068,"template":"","meta":{"nf_dc_page":"","_et_pb_use_builder":"","_et_pb_old_content":"","_et_gb_content_width":""},"product_brand":[],"product_cat":[27,16],"product_tag":[],"class_list":{"0":"post-6067","1":"product","2":"type-product","3":"status-publish","4":"has-post-thumbnail","6":"product_cat-gibson","7":"product_cat-gibson-les-paul","9":"first","10":"outofstock","11":"taxable","12":"shipping-taxable","13":"purchasable","14":"product-type-simple"},"_links":{"self":[{"href":"https:\/\/escasainguitars.com\/pt\/wp-json\/wp\/v2\/product\/6067","targetHints":{"allow":["GET"]}}],"collection":[{"href":"https:\/\/escasainguitars.com\/pt\/wp-json\/wp\/v2\/product"}],"about":[{"href":"https:\/\/escasainguitars.com\/pt\/wp-json\/wp\/v2\/types\/product"}],"wp:featuredmedia":[{"embeddable":true,"href":"https:\/\/escasainguitars.com\/pt\/wp-json\/wp\/v2\/media\/6068"}],"wp:attachment":[{"href":"https:\/\/escasainguitars.com\/pt\/wp-json\/wp\/v2\/media?parent=6067"}],"wp:term":[{"taxonomy":"product_brand","embeddable":true,"href":"https:\/\/escasainguitars.com\/pt\/wp-json\/wp\/v2\/product_brand?post=6067"},{"taxonomy":"product_cat","embeddable":true,"href":"https:\/\/escasainguitars.com\/pt\/wp-json\/wp\/v2\/product_cat?post=6067"},{"taxonomy":"product_tag","embeddable":true,"href":"https:\/\/escasainguitars.com\/pt\/wp-json\/wp\/v2\/product_tag?post=6067"}],"curies":[{"name":"wp","href":"https:\/\/api.w.org\/{rel}","templated":true}]}}