{"id":6083,"date":"2024-01-17T18:54:01","date_gmt":"2024-01-17T17:54:01","guid":{"rendered":"https:\/\/escasainguitars.com\/?post_type=product&#038;p=6083"},"modified":"2024-02-16T22:50:40","modified_gmt":"2024-02-16T21:50:40","slug":"gibson-custom-shop-58-les-paul-standard-reissue-2010-cherry-burst-vos-r8","status":"publish","type":"product","link":"https:\/\/escasainguitars.com\/pt\/gibson\/gibson-custom-shop-58-les-paul-standard-reissue-2010-cherry-burst-vos-r8\/","title":{"rendered":"Gibson Custom Shop 58 Les Paul Standard Reissue 2010 Cherry Burst VOS R8"},"content":{"rendered":"<p><iframe loading=\"lazy\" title=\"SOLD | Gibson Custom Shop 58 Les Paul Standard Reissue 2010 Cherry Burst VOS R8 \ud83d\ude4a\ud83d\ude48!!!\" width=\"1080\" height=\"608\" src=\"https:\/\/www.youtube.com\/embed\/FHT9zcXTe2c?feature=oembed\"  allow=\"accelerometer; autoplay; clipboard-write; encrypted-media; gyroscope; picture-in-picture; web-share\" referrerpolicy=\"strict-origin-when-cross-origin\" allowfullscreen><\/iframe><\/p>\n<ul>\n<li>A\u00f1o de fabricaci\u00f3n: 2010<\/li>\n<li>Cuerpo: Caoba<\/li>\n<li>Tapa: tapa arqueada de arce<\/li>\n<li>M\u00e1stil: M\u00e1stil de caoba de una pieza con espiga larga, pegado<\/li>\n<li>Perfil del m\u00e1stil: a\u00f1os 50 redondeado<\/li>\n<li>Diapas\u00f3n: palisandro con incrustaciones de trapezoide perlado, encuadernado<\/li>\n<li>Radio del diapas\u00f3n: 12&#8221;<\/li>\n<li>Pastillas Burstbuckers<\/li>\n<li>Afinador: Gibson Deluxe Vintage Tulip Button Tuners<\/li>\n<li>Puente: Gibson ABR-1 Tune-o-Matic<\/li>\n<li>Stoptail: barra de tope de aluminio Gibson<\/li>\n<li>Trastes: 22, aut\u00e9ntico medio jumbo<\/li>\n<li>Hardware: N\u00edquel, Envejecido<\/li>\n<li>Acabado: Cereza Lavada, Nitrocelulosa<\/li>\n<li>Trastes: 22 Jumbo mediano hist\u00f3rico<\/li>\n<li>Longitud de escala: 628 mm<\/li>\n<\/ul>\n<p>&#8212;&#8212;&#8212;&#8212;&#8212;&#8212;&#8212;&#8212;&#8212;&#8212;&#8212;&#8212;<\/p>\n<ul>\n<li>Year of manufacture: 2010<\/li>\n<li>Body: Mahogany<\/li>\n<li>Top: arched maple top<\/li>\n<li>Neck: One-piece mahogany neck with long tenon, glued<\/li>\n<li>Neck profile: 50&#8217;s rounded<\/li>\n<li>Fingerboard: rosewood with pearlescent trapezoid inlays, bound<\/li>\n<li>Fingerboard radius: 12&#8221; Burstbuckers Pickups<\/li>\n<li>Tuner: Gibson Deluxe Vintage Tulip Button<\/li>\n<li>Tuners Bridge: Gibson ABR-1 Tune-o-Matic<\/li>\n<li>Stoptail: Gibson aluminum stop bar<\/li>\n<li>Frets: 22, authentic half jumbo<\/li>\n<li>Hardware: Nickel, Aged<\/li>\n<li>Finish: Washed Cherry Sunburst, Nitrocellulose<\/li>\n<li>Frets: 22 Historic Medium Jumbo<\/li>\n<li>Scale length: 628mm<\/li>\n<\/ul>\n<p>&nbsp;<\/p>","protected":false},"excerpt":{"rendered":"<p>Gibson Custom Shop Les Paul 1958 Reissue en acabado Cherry Sunburst de 2010, con estuche original y certificado de originalidad. La reedici\u00f3n m\u00e1s fiel a la Gibson Les Paul Standard de 1958, una guitarra con un tono incre\u00edble.<br \/>\n&#8212;&#8212;&#8212;&#8212;&#8212;-<br \/>\nGibson Custom Shop Les Paul 1958 Reissue guitar in Cherry Sunburst finish from 2010, with original case and certificate of originality. The most faithful reissue of the 1958 Gibson Les Paul Standard, a guitar with an incredible tone.<\/p>","protected":false},"featured_media":0,"template":"","meta":{"nf_dc_page":"","_et_pb_use_builder":"","_et_pb_old_content":"","_et_gb_content_width":""},"product_brand":[],"product_cat":[27,16],"product_tag":[],"class_list":{"0":"post-6083","1":"product","2":"type-product","3":"status-publish","5":"product_cat-gibson","6":"product_cat-gibson-les-paul","8":"first","9":"outofstock","10":"taxable","11":"shipping-taxable","12":"purchasable","13":"product-type-simple"},"_links":{"self":[{"href":"https:\/\/escasainguitars.com\/pt\/wp-json\/wp\/v2\/product\/6083","targetHints":{"allow":["GET"]}}],"collection":[{"href":"https:\/\/escasainguitars.com\/pt\/wp-json\/wp\/v2\/product"}],"about":[{"href":"https:\/\/escasainguitars.com\/pt\/wp-json\/wp\/v2\/types\/product"}],"wp:attachment":[{"href":"https:\/\/escasainguitars.com\/pt\/wp-json\/wp\/v2\/media?parent=6083"}],"wp:term":[{"taxonomy":"product_brand","embeddable":true,"href":"https:\/\/escasainguitars.com\/pt\/wp-json\/wp\/v2\/product_brand?post=6083"},{"taxonomy":"product_cat","embeddable":true,"href":"https:\/\/escasainguitars.com\/pt\/wp-json\/wp\/v2\/product_cat?post=6083"},{"taxonomy":"product_tag","embeddable":true,"href":"https:\/\/escasainguitars.com\/pt\/wp-json\/wp\/v2\/product_tag?post=6083"}],"curies":[{"name":"wp","href":"https:\/\/api.w.org\/{rel}","templated":true}]}}