{"id":6132,"date":"2024-04-26T15:00:46","date_gmt":"2024-04-26T14:00:46","guid":{"rendered":"https:\/\/escasainguitars.com\/?post_type=product&#038;p=6132"},"modified":"2024-06-28T11:01:42","modified_gmt":"2024-06-28T10:01:42","slug":"fender-custom-shop-eric-clapton-stratocaster-2008-blackie","status":"publish","type":"product","link":"https:\/\/escasainguitars.com\/pt\/fender-stratocaster\/fender-custom-shop-eric-clapton-stratocaster-2008-blackie\/","title":{"rendered":"Fender Custom Shop Eric Clapton Stratocaster 2008 &#8211; Blackie"},"content":{"rendered":"<p><iframe loading=\"lazy\" title=\"SOLD | Fender Custom Shop Tribute Series &quot;Blackie&quot; Eric Clapton Stratocaster 2008 OMG!!! \ud83d\ude48\ud83d\ude49\ud83d\ude4a\" width=\"1080\" height=\"608\" src=\"https:\/\/www.youtube.com\/embed\/adbxFAW_9z0?start=2&#038;feature=oembed\"  allow=\"accelerometer; autoplay; clipboard-write; encrypted-media; gyroscope; picture-in-picture; web-share\" referrerpolicy=\"strict-origin-when-cross-origin\" allowfullscreen><\/iframe><\/p>\n<p><span style=\"color: #000000;\"><br \/>\nFender Custom Shop Eric Clapton Signature Stratocaster, un modelo que empez\u00f3 a fabricarse en 2004 y se sigue haciendo en la actualidad. La guitarra est\u00e1 basada en la stratocaster m\u00e1s famosa de la historia, blackie. Se construyo con piezas de 3 stratocasters. Un cuerpo del 56 y un m\u00e1stil del 57.<\/span><\/p>\n<p><span style=\"color: #000000;\">Tenemos un cuerpo de aliso seleccionado. M\u00e1stil de arce, forma Soft &#8220;V&#8221;. Diapas\u00f3n de arce, radio 9,5&#8243;. 22 trastes. Ancho de cejilla 42mm. Puente tr\u00e9molo sincronizado blocked American Vintage. Herrajes niquelados\/cromados. Pastillas: Vintage Noiseless Single-Coil. Incluye Deluxe Hardshell Case, Strap y certificado de autenticidad. Made in USA.<\/span><\/p>\n<p><span style=\"color: #000000;\">Ning\u00fan cambio, por favor.<\/span><\/p>\n<p><span style=\"color: #000000;\">&#8212;&#8212;-<\/span><\/p>\n<p><span style=\"color: #000000;\">Fender Custom Shop Eric Clapton Signature Stratocaster, a model that began production in 2004 and continues to be manufactured today. The guitar is based on the most famous stratocaster in history, blackie. It was built with parts from 3 Stratocasters. A &#8217;56 body and a &#8217;57 neck.<\/span><\/p>\n<p><span style=\"color: #000000;\">We have a selected alder body. Maple neck, Soft &#8220;V&#8221; shape. Maple fingerboard, 9.5&#8243; radius. 22 frets. 42mm nut width. American Vintage blocked synchronized tremolo bridge. Nickel-plated\/chrome hardware. Pickups: Vintage Noiseless Single-Coil. Includes Deluxe Hardshell Case, Strap and certificate of authenticity. Made in USA.<\/span><\/p>","protected":false},"excerpt":{"rendered":"<p><span style=\"color: #000000;\">Fender Custom Shop Eric Clapton Signature Stratocaster from 2008. Amazing guitar.<\/span><\/p>","protected":false},"featured_media":6155,"template":"","meta":{"nf_dc_page":"","_et_pb_use_builder":"","_et_pb_old_content":"","_et_gb_content_width":""},"product_brand":[],"product_cat":[17,26],"product_tag":[],"class_list":{"0":"post-6132","1":"product","2":"type-product","3":"status-publish","4":"has-post-thumbnail","6":"product_cat-fender-stratocaster","7":"product_cat-fender","9":"first","10":"outofstock","11":"taxable","12":"shipping-taxable","13":"purchasable","14":"product-type-simple"},"_links":{"self":[{"href":"https:\/\/escasainguitars.com\/pt\/wp-json\/wp\/v2\/product\/6132","targetHints":{"allow":["GET"]}}],"collection":[{"href":"https:\/\/escasainguitars.com\/pt\/wp-json\/wp\/v2\/product"}],"about":[{"href":"https:\/\/escasainguitars.com\/pt\/wp-json\/wp\/v2\/types\/product"}],"wp:featuredmedia":[{"embeddable":true,"href":"https:\/\/escasainguitars.com\/pt\/wp-json\/wp\/v2\/media\/6155"}],"wp:attachment":[{"href":"https:\/\/escasainguitars.com\/pt\/wp-json\/wp\/v2\/media?parent=6132"}],"wp:term":[{"taxonomy":"product_brand","embeddable":true,"href":"https:\/\/escasainguitars.com\/pt\/wp-json\/wp\/v2\/product_brand?post=6132"},{"taxonomy":"product_cat","embeddable":true,"href":"https:\/\/escasainguitars.com\/pt\/wp-json\/wp\/v2\/product_cat?post=6132"},{"taxonomy":"product_tag","embeddable":true,"href":"https:\/\/escasainguitars.com\/pt\/wp-json\/wp\/v2\/product_tag?post=6132"}],"curies":[{"name":"wp","href":"https:\/\/api.w.org\/{rel}","templated":true}]}}