{"id":6166,"date":"2024-05-02T16:16:27","date_gmt":"2024-05-02T15:16:27","guid":{"rendered":"https:\/\/escasainguitars.com\/?post_type=product&#038;p=6166"},"modified":"2024-08-02T19:25:35","modified_gmt":"2024-08-02T18:25:35","slug":"gibson-custom-shop-57-les-paul-goldtop-reissue-2007-2-24","status":"publish","type":"product","link":"https:\/\/escasainguitars.com\/pt\/gibson\/gibson-custom-shop-57-les-paul-goldtop-reissue-2007-2-24\/","title":{"rendered":"Gibson Custom Shop 57 Les Paul Goldtop Reissue 2007 &#8211; Goldtop"},"content":{"rendered":"<p><iframe loading=\"lazy\" title=\"SOLD | Gibson Les Paul Reissue 1957 from 2007. AMAZING R7 OMG!!! \ud83d\ude48\ud83d\ude49\ud83d\ude4a\" width=\"1080\" height=\"608\" src=\"https:\/\/www.youtube.com\/embed\/yFOqbJ7iSds?feature=oembed\"  allow=\"accelerometer; autoplay; clipboard-write; encrypted-media; gyroscope; picture-in-picture; web-share\" referrerpolicy=\"strict-origin-when-cross-origin\" allowfullscreen><\/iframe><\/p>\n<p>&nbsp;<\/p>\n<p><span style=\"color: #000000;\">Gibson Les Paul Custom Shop Reissue R7 de 2007. La reedici\u00f3n cl\u00e1sica de las Gibson del 57, acabado goldtop, m\u00e1stil de los a\u00f1os 50. Completamente original, salvo por la cejuela que se le ha cambiado, algo muy com\u00fan en estas guitarras. Es una guitarra impresionante, con sus Burstbucker originales, que le dan ese sonido cl\u00e1sico de la les paul de 1957. Una maravilla de guitarra. No me interesan cambios.<\/span><\/p>\n<ul>\n<li><span style=\"color: #000000;\">Marca: Gibson<\/span><\/li>\n<li><span style=\"color: #000000;\">Modelo: Custom Shop &#8217;57 Les Paul Goldtop Reissue<\/span><\/li>\n<li><span style=\"color: #000000;\">Acabado: Goldtop<\/span><\/li>\n<li><span style=\"color: #000000;\">Categor\u00edas: Cuerpo s\u00f3lido<\/span><\/li>\n<li><span style=\"color: #000000;\">A\u00f1o: 2007<\/span><\/li>\n<li><span style=\"color: #000000;\">Hecho en: Estados Unidos<\/span><\/li>\n<li><span style=\"color: #000000;\">Forma del Cuerpo: Cutaway Singular<\/span><\/li>\n<li><span style=\"color: #000000;\">Tipo De Cuerpo: Cuerpo s\u00f3lido<\/span><\/li>\n<li><span style=\"color: #000000;\">Familia de colores: Gold<\/span><\/li>\n<li><span style=\"color: #000000;\">Serie: Gibson Custom Shop<\/span><\/li>\n<li><span style=\"color: #000000;\">Tipo de puente\/cordal: Barra de parada<\/span><\/li>\n<li><span style=\"color: #000000;\">Configuraci\u00f3n de la pastilla: HH<\/span><\/li>\n<li><span style=\"color: #000000;\">N\u00famero de trastes: 22<\/span><\/li>\n<\/ul>","protected":false},"excerpt":{"rendered":"<p id=\"tw-target-text\" class=\"tw-data-text tw-text-large tw-ta\" dir=\"ltr\" data-placeholder=\"Traducci\u00f3n\"><span class=\"Y2IQFc\" lang=\"es\" style=\"color: #000000;\">Gibson Les Paul Hist\u00f3rica 1957 Custom Shop &#8217;57 R7 2009 Goldtop Esta reedici\u00f3n se mantiene fiel al original del 57 con su acabado Goldtop, golpeador flotante blanco y perfil de m\u00e1stil grueso de los a\u00f1os 50. En el corte se puede ver evidencia de la tapa de arce tallada sobre un cuerpo de caoba, al igual que en los modelos originales. Suena como deber\u00eda hacerlo una Les Paul gracias, en parte, a sus pastillas Gibson BurstBucker. Herrajes de n\u00edquel, m\u00e1stil de caoba de una sola pieza, ribetes en cuerpo y m\u00e1stil, puente Tune-O-Matic, potenci\u00f3metros CTS, condensadores de abejorro y acabado en oro antiguo.<\/span><\/p>","protected":false},"featured_media":6167,"template":"","meta":{"nf_dc_page":"","_et_pb_use_builder":"","_et_pb_old_content":"","_et_gb_content_width":""},"product_brand":[],"product_cat":[27,16],"product_tag":[],"class_list":{"0":"post-6166","1":"product","2":"type-product","3":"status-publish","4":"has-post-thumbnail","6":"product_cat-gibson","7":"product_cat-gibson-les-paul","9":"first","10":"outofstock","11":"taxable","12":"shipping-taxable","13":"purchasable","14":"product-type-simple"},"_links":{"self":[{"href":"https:\/\/escasainguitars.com\/pt\/wp-json\/wp\/v2\/product\/6166","targetHints":{"allow":["GET"]}}],"collection":[{"href":"https:\/\/escasainguitars.com\/pt\/wp-json\/wp\/v2\/product"}],"about":[{"href":"https:\/\/escasainguitars.com\/pt\/wp-json\/wp\/v2\/types\/product"}],"wp:featuredmedia":[{"embeddable":true,"href":"https:\/\/escasainguitars.com\/pt\/wp-json\/wp\/v2\/media\/6167"}],"wp:attachment":[{"href":"https:\/\/escasainguitars.com\/pt\/wp-json\/wp\/v2\/media?parent=6166"}],"wp:term":[{"taxonomy":"product_brand","embeddable":true,"href":"https:\/\/escasainguitars.com\/pt\/wp-json\/wp\/v2\/product_brand?post=6166"},{"taxonomy":"product_cat","embeddable":true,"href":"https:\/\/escasainguitars.com\/pt\/wp-json\/wp\/v2\/product_cat?post=6166"},{"taxonomy":"product_tag","embeddable":true,"href":"https:\/\/escasainguitars.com\/pt\/wp-json\/wp\/v2\/product_tag?post=6166"}],"curies":[{"name":"wp","href":"https:\/\/api.w.org\/{rel}","templated":true}]}}