{"id":6278,"date":"2024-09-12T11:22:25","date_gmt":"2024-09-12T10:22:25","guid":{"rendered":"https:\/\/escasainguitars.com\/?post_type=product&#038;p=6278"},"modified":"2024-12-12T13:16:28","modified_gmt":"2024-12-12T12:16:28","slug":"gibsonlp1995ebony2024","status":"publish","type":"product","link":"https:\/\/escasainguitars.com\/pt\/gibson-les-paul\/gibsonlp1995ebony2024\/","title":{"rendered":"Gibson Les Paul Standard 1995 &#8211;  Ebony"},"content":{"rendered":"<p><iframe loading=\"lazy\" title=\"SOLD | Gibson Les Paul Standard 1995 - Ebony \ud83c\udfb8\ud83c\udfc2\" width=\"1080\" height=\"608\" src=\"https:\/\/www.youtube.com\/embed\/_bA6wR5Hdgw?start=2&#038;feature=oembed\"  allow=\"accelerometer; autoplay; clipboard-write; encrypted-media; gyroscope; picture-in-picture; web-share\" referrerpolicy=\"strict-origin-when-cross-origin\" allowfullscreen><\/iframe><\/p>\n<p>Vendo esta impresionante <strong>Gibson Les Paul Standard<\/strong> de 1995, en acabado <strong>ebony<\/strong> (negro) completamente original, sin modificaciones.<\/p>\n<p><strong>Especificaciones<\/strong>:<\/p>\n<ul>\n<li><strong>Cuerpo<\/strong>: Cuerpo macizo de caoba con tapa de arce, conocido por su resonancia y sustain inigualable.<\/li>\n<li><strong>M\u00e1stil<\/strong>: M\u00e1stil de caoba con diapas\u00f3n de palorosa, c\u00f3modo y r\u00e1pido, ideal tanto para r\u00edtmicas como solos.<\/li>\n<li><strong>Pastillas<\/strong>: Equipada con las pastillas originales <strong>Gibson humbucker<\/strong>, que ofrecen ese cl\u00e1sico tono Les Paul: graves profundos, medios potentes y agudos definidos.<\/li>\n<li><strong>Acabado<\/strong>: El cl\u00e1sico <strong>ebony<\/strong> que le da un look elegante y atemporal.<\/li>\n<\/ul>\n<p><strong>Condici\u00f3n<\/strong>: La guitarra est\u00e1 en excelente estado para sus a\u00f1os. Solo presenta signos m\u00ednimos de uso propios de su antig\u00fcedad, pero nada que afecte su funcionamiento. Todos los componentes son originales y no se han realizado modificaciones. La guitarra est\u00e1 bien ajustada y lista para tocar.<\/p>\n<p><strong>Extras<\/strong>:<\/p>\n<ul>\n<li>Incluye estuche r\u00edgido original.<\/li>\n<\/ul>\n<p>Una oportunidad \u00fanica para adquirir una <strong>Gibson Les Paul Standard<\/strong> de los a\u00f1os 90, \u00e9poca conocida por su gran calidad de construcci\u00f3n. Ideal para coleccionistas o m\u00fasicos que buscan ese sonido Les Paul cl\u00e1sico y aut\u00e9ntico.<\/p>\n<p><strong>&#8212;&#8212;&#8212;&#8212;&#8212;&#8212;&#8212;&#8212;&#8212;&#8211;<\/strong><\/p>\n<p>I\u2019m selling this amazing <strong>Gibson Les Paul Standard<\/strong> from 1995, in <strong>ebony<\/strong> (black) finish, completely original with no modifications.<\/p>\n<p><strong>Specifications<\/strong>:<\/p>\n<ul>\n<li><strong>Body<\/strong>: Solid mahogany body with maple top, known for its unmatched resonance and sustain.<\/li>\n<li><strong>Neck<\/strong>: Mahogany neck with rosewood fretboard, comfortable and fast, perfect for both rhythm and lead playing.<\/li>\n<li><strong>Pickups<\/strong>: Equipped with the original <strong>Gibson humbuckers<\/strong>, delivering that classic Les Paul tone: deep lows, powerful mids, and defined highs.<\/li>\n<li><strong>Finish<\/strong>: Classic <strong>ebony<\/strong> that gives it a sleek, timeless look.<\/li>\n<\/ul>\n<p><strong>Condition<\/strong>: The guitar is in excellent condition for its age. It only shows minimal signs of use typical of its age, but nothing that affects its performance. All components are original, and no modifications have been made. The guitar is well set up and ready to play.<\/p>\n<p><strong>Extras<\/strong>:<\/p>\n<ul>\n<li>Includes the original hard case.<\/li>\n<\/ul>\n<p>A unique opportunity to own a <strong>Gibson Les Paul Standard<\/strong> from the \u201890s, a period known for high-quality craftsmanship. Ideal for collectors or musicians seeking that classic, authentic Les Paul sound.<\/p>","protected":false},"excerpt":{"rendered":"<p><strong>Gibson Les Paul Standard 1995<\/strong> en acabado <strong>ebony<\/strong>, completamente original. Cuerpo de caoba, tapa de arce, m\u00e1stil de caoba con diapas\u00f3n de palorosa. Equipada con pastillas humbucker originales. Incluye estuche r\u00edgido.<\/p>\n<p><strong>&#8212;&#8212;&#8212;&#8212;&#8212;&#8212;&#8212;&#8212;&#8212;&#8211;<\/strong><\/p>\n<p><strong>Gibson Les Paul Standard 1995<\/strong> in <strong>ebony<\/strong> finish, completely original. Mahogany body, maple top, mahogany neck with rosewood fretboard. Equipped with original humbuckers. Includes hard case.<\/p>","protected":false},"featured_media":6279,"template":"","meta":{"nf_dc_page":"","_et_pb_use_builder":"","_et_pb_old_content":"","_et_gb_content_width":""},"product_brand":[],"product_cat":[16,27],"product_tag":[],"class_list":{"0":"post-6278","1":"product","2":"type-product","3":"status-publish","4":"has-post-thumbnail","6":"product_cat-gibson-les-paul","7":"product_cat-gibson","9":"first","10":"outofstock","11":"sold-individually","12":"taxable","13":"shipping-taxable","14":"purchasable","15":"product-type-simple"},"_links":{"self":[{"href":"https:\/\/escasainguitars.com\/pt\/wp-json\/wp\/v2\/product\/6278","targetHints":{"allow":["GET"]}}],"collection":[{"href":"https:\/\/escasainguitars.com\/pt\/wp-json\/wp\/v2\/product"}],"about":[{"href":"https:\/\/escasainguitars.com\/pt\/wp-json\/wp\/v2\/types\/product"}],"wp:featuredmedia":[{"embeddable":true,"href":"https:\/\/escasainguitars.com\/pt\/wp-json\/wp\/v2\/media\/6279"}],"wp:attachment":[{"href":"https:\/\/escasainguitars.com\/pt\/wp-json\/wp\/v2\/media?parent=6278"}],"wp:term":[{"taxonomy":"product_brand","embeddable":true,"href":"https:\/\/escasainguitars.com\/pt\/wp-json\/wp\/v2\/product_brand?post=6278"},{"taxonomy":"product_cat","embeddable":true,"href":"https:\/\/escasainguitars.com\/pt\/wp-json\/wp\/v2\/product_cat?post=6278"},{"taxonomy":"product_tag","embeddable":true,"href":"https:\/\/escasainguitars.com\/pt\/wp-json\/wp\/v2\/product_tag?post=6278"}],"curies":[{"name":"wp","href":"https:\/\/api.w.org\/{rel}","templated":true}]}}