{"id":6300,"date":"2024-09-17T18:38:32","date_gmt":"2024-09-17T17:38:32","guid":{"rendered":"https:\/\/escasainguitars.com\/?post_type=product&#038;p=6300"},"modified":"2024-11-02T13:50:04","modified_gmt":"2024-11-02T12:50:04","slug":"r92007","status":"publish","type":"product","link":"https:\/\/escasainguitars.com\/pt\/gibson\/r92007\/","title":{"rendered":"Gibson Les Paul R9 2007 &#8211; Flame Maple Top, Cherry Sunburst Finish"},"content":{"rendered":"<dl class=\"sell-form-key-value-list sell-form-key-value-list--margin-top\">\n<dd class=\"sell-form-key-value-list__definition sell-form-key-value-list__definition--single-column\">\n<div class=\"sell-form-review-section__description-content\">\n<p><iframe loading=\"lazy\" title=\"SOLD | Gibson Les Paul R9 VOS 2007 OMG!!! \ud83d\ude31\ud83e\udd11\ud83c\udfb8\" width=\"1080\" height=\"608\" src=\"https:\/\/www.youtube.com\/embed\/A63u6LjdsG8?start=2&#038;feature=oembed\"  allow=\"accelerometer; autoplay; clipboard-write; encrypted-media; gyroscope; picture-in-picture; web-share\" referrerpolicy=\"strict-origin-when-cross-origin\" allowfullscreen><\/iframe><\/p>\n<p>Vendo Gibson Les Paul R9 de 2007, completamente original y con un peso exacto de 4 kg. Esta guitarra ofrece todo el car\u00e1cter cl\u00e1sico y la artesan\u00eda impecable de la hist\u00f3rica Les Paul, con caracter\u00edsticas excepcionales:<\/p>\n<ul>\n<li><b><strong>Cuerpo<\/strong><\/b>: Caoba con tapa de arce flameado y acabado en Cherry Sunburst.<\/li>\n<li><b><strong>M\u00e1stil<\/strong><\/b>: Caoba con diapas\u00f3n de palorosa, 22 trastes y marcadores trapezoidales de abalone.<\/li>\n<li><b><strong>Escala<\/strong><\/b>: 24 3\/4&#8243; con una cejuela de 1 11\/16&#8243;.<\/li>\n<li><b><strong>Pastillas<\/strong><\/b>: PAF-Style BurstBuckers Humbuckers que ofrecen un tono cl\u00e1sico y poderoso.<\/li>\n<li><b><strong>Controles<\/strong><\/b>: Conmutador de 3 posiciones, 2 controles de volumen y 2 de tono.<\/li>\n<li><b><strong>Puente<\/strong><\/b>: Tune-O-Matic con cordal stopbar.<\/li>\n<li><b><strong>Herrajes<\/strong><\/b>: Botones tipo &#8220;top hat&#8221; dorados y clavijeros originales Gibson Deluxe.<\/li>\n<\/ul>\n<p>Incluye estuche r\u00edgido original\u00a0<b><strong>Gibson Historic<\/strong><\/b>.<\/p>\n<p>Una guitarra ic\u00f3nica para coleccionistas y m\u00fasicos que buscan el tono cl\u00e1sico de una Les Paul R9.<\/p>\n<p>&#8212;&#8212;&#8212;&#8212;<br \/>\nFor sale: a 2007 Gibson Les Paul R9, all original, weighing exactly 4 kg. This guitar embodies the classic character and impeccable craftsmanship of the historic Les Paul, with exceptional features:<\/p>\n<ul>\n<li><b><strong>Body<\/strong><\/b>: Mahogany with a flame maple top and Cherry Sunburst finish.<\/li>\n<li><b><strong>Neck<\/strong><\/b>: Mahogany neck with a rosewood fingerboard, 22 frets, and abalone trapezoid inlays.<\/li>\n<li><b><strong>Scale<\/strong><\/b>: 24 3\/4&#8243; with a 1 11\/16&#8243; nut width.<\/li>\n<li><b><strong>Pickups<\/strong><\/b>: PAF-Style BurstBuckers Humbuckers delivering classic, powerful tones.<\/li>\n<li><b><strong>Controls<\/strong><\/b>: 3-way toggle switch, 2 Volume and 2 Tone controls.<\/li>\n<li><b><strong>Bridge<\/strong><\/b>: Tune-O-Matic bridge with stopbar tailpiece.<\/li>\n<li><b><strong>Hardware<\/strong><\/b>: Gold \u201ctop hat\u201d knobs and original Gibson Deluxe tuners.<\/li>\n<\/ul>\n<p>Includes the original\u00a0<b><strong>Gibson Historic<\/strong><\/b>\u00a0hardshell case.<\/p>\n<p>This iconic guitar is perfect for collectors and players seeking the classic tone of a Les Paul R9.<\/p>\n<\/div>\n<\/dd>\n<\/dl>","protected":false},"excerpt":{"rendered":"<p><strong>Gibson Les Paul R9 2007<\/strong> en acabado <strong>Cherry Sunburst<\/strong>, completamente original y con un peso de 4 kg. Cuerpo de caoba, tapa de arce flameado, m\u00e1stil de caoba y diapas\u00f3n de palorosa. Equipado con pastillas <strong>BurstBuckers<\/strong> estilo PAF. Incluye estuche r\u00edgido <strong>Gibson Historic<\/strong> original.<br \/>\n&#8212;&#8211;<br \/>\n<strong>Gibson Les Paul R9 2007<\/strong> in <strong>Cherry Sunburst<\/strong> finish, completely original and weighing 4 kg. Mahogany body, flame maple top, mahogany neck, and rosewood fingerboard. Equipped with <strong>PAF-style BurstBuckers<\/strong> pickups. Includes original <strong>Gibson Historic<\/strong> hardshell case.<\/p>","protected":false},"featured_media":6301,"template":"","meta":{"nf_dc_page":"","_et_pb_use_builder":"","_et_pb_old_content":"","_et_gb_content_width":""},"product_brand":[],"product_cat":[27,16],"product_tag":[],"class_list":{"0":"post-6300","1":"product","2":"type-product","3":"status-publish","4":"has-post-thumbnail","6":"product_cat-gibson","7":"product_cat-gibson-les-paul","9":"first","10":"outofstock","11":"taxable","12":"shipping-taxable","13":"purchasable","14":"product-type-simple"},"_links":{"self":[{"href":"https:\/\/escasainguitars.com\/pt\/wp-json\/wp\/v2\/product\/6300","targetHints":{"allow":["GET"]}}],"collection":[{"href":"https:\/\/escasainguitars.com\/pt\/wp-json\/wp\/v2\/product"}],"about":[{"href":"https:\/\/escasainguitars.com\/pt\/wp-json\/wp\/v2\/types\/product"}],"wp:featuredmedia":[{"embeddable":true,"href":"https:\/\/escasainguitars.com\/pt\/wp-json\/wp\/v2\/media\/6301"}],"wp:attachment":[{"href":"https:\/\/escasainguitars.com\/pt\/wp-json\/wp\/v2\/media?parent=6300"}],"wp:term":[{"taxonomy":"product_brand","embeddable":true,"href":"https:\/\/escasainguitars.com\/pt\/wp-json\/wp\/v2\/product_brand?post=6300"},{"taxonomy":"product_cat","embeddable":true,"href":"https:\/\/escasainguitars.com\/pt\/wp-json\/wp\/v2\/product_cat?post=6300"},{"taxonomy":"product_tag","embeddable":true,"href":"https:\/\/escasainguitars.com\/pt\/wp-json\/wp\/v2\/product_tag?post=6300"}],"curies":[{"name":"wp","href":"https:\/\/api.w.org\/{rel}","templated":true}]}}