{"id":6562,"date":"2025-02-11T18:16:15","date_gmt":"2025-02-11T17:16:15","guid":{"rendered":"https:\/\/escasainguitars.com\/?post_type=product&#038;p=6562"},"modified":"2025-11-28T17:22:30","modified_gmt":"2025-11-28T16:22:30","slug":"gibson-custom-sg-kirk-douglas-signature","status":"publish","type":"product","link":"https:\/\/escasainguitars.com\/pt\/gibson\/gibson-custom-sg-kirk-douglas-signature\/","title":{"rendered":"Gibson Custom SG Kirk Douglas Signature Inverness Green &#8211; Limited Run"},"content":{"rendered":"<p><iframe loading=\"lazy\" title=\"Gibson Custom SG Kirk Douglas Signature Inverness Green - Limited Run OMG!!!\" width=\"1080\" height=\"608\" src=\"https:\/\/www.youtube.com\/embed\/5wpjAls0ib0?feature=oembed\"  allow=\"accelerometer; autoplay; clipboard-write; encrypted-media; gyroscope; picture-in-picture; web-share\" referrerpolicy=\"strict-origin-when-cross-origin\" allowfullscreen><\/iframe><\/p>\n<p data-start=\"184\" data-end=\"506\">En venta esta <strong data-start=\"198\" data-end=\"241\">Gibson Custom SG Kirk Douglas Signature<\/strong> en <strong data-start=\"245\" data-end=\"264\">Inverness Green<\/strong>, una edici\u00f3n limitada con especificaciones premium y una versatilidad tonal excepcional. Dise\u00f1ada en colaboraci\u00f3n con <strong data-start=\"383\" data-end=\"399\">Kirk Douglas<\/strong> de The Roots, esta SG combina el cl\u00e1sico tono Gibson con opciones modernas para una paleta sonora \u00fanica.<\/p>\n<h3 data-start=\"508\" data-end=\"535\"><strong data-start=\"512\" data-end=\"533\">Especificaciones:<\/strong><\/h3>\n<p data-start=\"536\" data-end=\"822\">&#x2705; <strong data-start=\"538\" data-end=\"549\">Cuerpo:<\/strong> Caoba, acabado <strong data-start=\"565\" data-end=\"597\">Gloss Nitrocellulose Lacquer<\/strong><br data-start=\"597\" data-end=\"600\" \/>&#x2705; <strong data-start=\"602\" data-end=\"613\">M\u00e1stil:<\/strong> Caoba, perfil <strong data-start=\"628\" data-end=\"641\">SlimTaper<\/strong>, escala <strong data-start=\"650\" data-end=\"660\">24.75\u201d<\/strong><br data-start=\"660\" data-end=\"663\" \/>&#x2705; <strong data-start=\"665\" data-end=\"678\">Diapas\u00f3n:<\/strong> Palisandro con <strong data-start=\"694\" data-end=\"712\">binding blanco<\/strong>, radio <strong data-start=\"720\" data-end=\"727\">12\u201d<\/strong>, inlays <strong data-start=\"736\" data-end=\"759\">acr\u00edlicos de bloque<\/strong><br data-start=\"759\" data-end=\"762\" \/>&#x2705; <strong data-start=\"764\" data-end=\"776\">Trastes:<\/strong> 22 Medium Jumbo<br data-start=\"792\" data-end=\"795\" \/>&#x2705; <strong data-start=\"797\" data-end=\"809\">Cejuela:<\/strong> Graph Tech<\/p>\n<h3 data-start=\"824\" data-end=\"846\"><strong data-start=\"828\" data-end=\"844\">Electr\u00f3nica:<\/strong><\/h3>\n<p data-start=\"847\" data-end=\"1084\">&#x1f3b5; <strong data-start=\"850\" data-end=\"867\">Burstbucker 1<\/strong> (m\u00e1stil) \u2013 <strong data-start=\"879\" data-end=\"896\">Burstbucker 2<\/strong> (medio) \u2013 <strong data-start=\"907\" data-end=\"924\">Burstbucker 3<\/strong> (puente)<br data-start=\"933\" data-end=\"936\" \/>&#x1f3b5; Controles individuales de volumen con <strong data-start=\"977\" data-end=\"1005\">push\/pull coil-splitting<\/strong><br data-start=\"1005\" data-end=\"1008\" \/>&#x1f3b5; <strong data-start=\"1011\" data-end=\"1026\">Blender pot<\/strong> para la pastilla central<br data-start=\"1051\" data-end=\"1054\" \/>&#x1f3b5; Selector <strong data-start=\"1066\" data-end=\"1082\">3 posiciones<\/strong><\/p>\n<h3 data-start=\"1086\" data-end=\"1105\"><strong data-start=\"1090\" data-end=\"1103\">Hardware:<\/strong><\/h3>\n<p data-start=\"1106\" data-end=\"1217\">&#x1f3af; <strong data-start=\"1109\" data-end=\"1151\">Puente Aluminum Nashville Tune-O-Matic<\/strong><br data-start=\"1151\" data-end=\"1154\" \/>&#x1f3af; <strong data-start=\"1157\" data-end=\"1187\">Clavijeros Nickel Keystone<\/strong><br data-start=\"1187\" data-end=\"1190\" \/>&#x1f3af; <strong data-start=\"1193\" data-end=\"1215\">Herrajes en n\u00edquel<\/strong><\/p>\n<p data-start=\"1219\" data-end=\"1339\">&#x1f4cc; <strong data-start=\"1222\" data-end=\"1233\">Estado: Nueva<\/strong><br data-start=\"1287\" data-end=\"1290\" \/>&#x1f4e6; <strong data-start=\"1293\" data-end=\"1337\">Incluye estuche original y documentaci\u00f3n<\/strong><\/p>\n<p>&#8212;<br \/>\nFor sale: <strong data-start=\"196\" data-end=\"239\">Gibson Custom SG Kirk Douglas Signature<\/strong> in <strong data-start=\"243\" data-end=\"262\">Inverness Green<\/strong>, a limited edition model with premium specs and outstanding tonal versatility. Designed in collaboration with <strong data-start=\"373\" data-end=\"389\">Kirk Douglas<\/strong> of The Roots, this SG blends Gibson&#8217;s classic tone with modern features for a unique sonic palette.<\/p>\n<h3 data-start=\"493\" data-end=\"518\"><strong data-start=\"497\" data-end=\"516\">Specifications:<\/strong><\/h3>\n<p data-start=\"519\" data-end=\"803\">&#x2705; <strong data-start=\"521\" data-end=\"530\">Body:<\/strong> Mahogany, <strong data-start=\"541\" data-end=\"573\">Gloss Nitrocellulose Lacquer<\/strong> finish<br data-start=\"580\" data-end=\"583\" \/>&#x2705; <strong data-start=\"585\" data-end=\"594\">Neck:<\/strong> Mahogany, <strong data-start=\"605\" data-end=\"618\">SlimTaper<\/strong> profile, <strong data-start=\"628\" data-end=\"651\">24.75\u201d scale length<\/strong><br data-start=\"651\" data-end=\"654\" \/>&#x2705; <strong data-start=\"656\" data-end=\"672\">Fingerboard:<\/strong> Rosewood with <strong data-start=\"687\" data-end=\"704\">white binding<\/strong>, <strong data-start=\"706\" data-end=\"720\">12\u201d radius<\/strong>, acrylic <strong data-start=\"730\" data-end=\"746\">block inlays<\/strong><br data-start=\"746\" data-end=\"749\" \/>&#x2705; <strong data-start=\"751\" data-end=\"761\">Frets:<\/strong> 22 Medium Jumbo<br data-start=\"777\" data-end=\"780\" \/>&#x2705; <strong data-start=\"782\" data-end=\"790\">Nut:<\/strong> Graph Tech<\/p>\n<h3 data-start=\"805\" data-end=\"827\"><strong data-start=\"809\" data-end=\"825\">Electronics:<\/strong><\/h3>\n<p data-start=\"828\" data-end=\"1053\">&#x1f3b5; <strong data-start=\"831\" data-end=\"848\">Burstbucker 1<\/strong> (neck) \u2013 <strong data-start=\"858\" data-end=\"875\">Burstbucker 2<\/strong> (middle) \u2013 <strong data-start=\"887\" data-end=\"904\">Burstbucker 3<\/strong> (bridge)<br data-start=\"913\" data-end=\"916\" \/>&#x1f3b5; Individual volume controls with <strong data-start=\"951\" data-end=\"979\">push\/pull coil-splitting<\/strong><br data-start=\"979\" data-end=\"982\" \/>&#x1f3b5; <strong data-start=\"985\" data-end=\"1000\">Blender pot<\/strong> for the middle pickup<br data-start=\"1022\" data-end=\"1025\" \/>&#x1f3b5; <strong data-start=\"1028\" data-end=\"1051\">3-way toggle switch<\/strong><\/p>\n<h3 data-start=\"1055\" data-end=\"1074\"><strong data-start=\"1059\" data-end=\"1072\">Hardware:<\/strong><\/h3>\n<p data-start=\"1075\" data-end=\"1179\">&#x1f3af; <strong data-start=\"1078\" data-end=\"1120\">Aluminum Nashville Tune-O-Matic bridge<\/strong><br data-start=\"1120\" data-end=\"1123\" \/>&#x1f3af; <strong data-start=\"1126\" data-end=\"1152\">Nickel Keystone tuners<\/strong><br data-start=\"1152\" data-end=\"1155\" \/>&#x1f3af; <strong data-start=\"1158\" data-end=\"1177\">Nickel hardware<\/strong><\/p>\n<p data-start=\"1181\" data-end=\"1295\">&#x1f4cc; <strong data-start=\"1184\" data-end=\"1198\">Condition:<\/strong>\u00a0New<br data-start=\"1237\" data-end=\"1240\" \/>&#x1f4e6; <strong data-start=\"1243\" data-end=\"1293\">Includes original hardshell case and paperwork<\/strong><\/p>\n<p data-start=\"1219\" data-end=\"1339\"><strong data-start=\"1293\" data-end=\"1337\">\u00a0<\/strong><\/p>","protected":false},"excerpt":{"rendered":"<p data-start=\"43\" data-end=\"387\"><strong data-start=\"43\" data-end=\"116\">Gibson Custom SG Kirk Douglas Signature Inverness Green &#8211; Limited Run<\/strong> &#x1f3b8; Edici\u00f3n limitada con cuerpo de caoba, m\u00e1stil SlimTaper y diapas\u00f3n de palisandro. Equipada con tres <strong data-start=\"219\" data-end=\"235\">Burstbuckers<\/strong>, coil-splitting y control de mezcla para la pastilla central. Hardware en n\u00edquel y acabado Gloss Nitro. <strong data-start=\"340\" data-end=\"385\">Incluye estuche original y documentaci\u00f3n.<\/strong><\/p>\n<p data-start=\"389\" data-end=\"419\">&#x1f4e9; <strong data-start=\"392\" data-end=\"417\">M\u00e1s info por mensaje.<\/strong><\/p>\n<hr data-start=\"421\" data-end=\"424\" \/>\n<h3 data-start=\"426\" data-end=\"465\"><strong data-start=\"430\" data-end=\"463\">Short Description in English:<\/strong><\/h3>\n<p data-start=\"466\" data-end=\"802\"><strong data-start=\"466\" data-end=\"539\">Gibson Custom SG Kirk Douglas Signature Inverness Green &#8211; Limited Run<\/strong> &#x1f3b8; Limited edition with a mahogany body, SlimTaper neck, and rosewood fingerboard. Features three <strong data-start=\"638\" data-end=\"654\">Burstbuckers<\/strong>, coil-splitting, and a blender pot for the middle pickup. Nickel hardware and Gloss Nitro finish. <strong data-start=\"753\" data-end=\"800\">Comes with the original case and paperwork.<\/strong><\/p>\n<p data-start=\"804\" data-end=\"839\" data-is-last-node=\"\">&#x1f4e9; <strong data-start=\"807\" data-end=\"839\" data-is-last-node=\"\">Message me for more details.<\/strong><\/p>","protected":false},"featured_media":6563,"template":"","meta":{"nf_dc_page":"","_et_pb_use_builder":"","_et_pb_old_content":"","_et_gb_content_width":""},"product_brand":[],"product_cat":[27,39],"product_tag":[],"class_list":{"0":"post-6562","1":"product","2":"type-product","3":"status-publish","4":"has-post-thumbnail","6":"product_cat-gibson","7":"product_cat-sg","9":"first","10":"outofstock","11":"taxable","12":"shipping-taxable","13":"purchasable","14":"product-type-simple"},"_links":{"self":[{"href":"https:\/\/escasainguitars.com\/pt\/wp-json\/wp\/v2\/product\/6562","targetHints":{"allow":["GET"]}}],"collection":[{"href":"https:\/\/escasainguitars.com\/pt\/wp-json\/wp\/v2\/product"}],"about":[{"href":"https:\/\/escasainguitars.com\/pt\/wp-json\/wp\/v2\/types\/product"}],"wp:featuredmedia":[{"embeddable":true,"href":"https:\/\/escasainguitars.com\/pt\/wp-json\/wp\/v2\/media\/6563"}],"wp:attachment":[{"href":"https:\/\/escasainguitars.com\/pt\/wp-json\/wp\/v2\/media?parent=6562"}],"wp:term":[{"taxonomy":"product_brand","embeddable":true,"href":"https:\/\/escasainguitars.com\/pt\/wp-json\/wp\/v2\/product_brand?post=6562"},{"taxonomy":"product_cat","embeddable":true,"href":"https:\/\/escasainguitars.com\/pt\/wp-json\/wp\/v2\/product_cat?post=6562"},{"taxonomy":"product_tag","embeddable":true,"href":"https:\/\/escasainguitars.com\/pt\/wp-json\/wp\/v2\/product_tag?post=6562"}],"curies":[{"name":"wp","href":"https:\/\/api.w.org\/{rel}","templated":true}]}}