{"id":6620,"date":"2025-05-07T15:05:04","date_gmt":"2025-05-07T14:05:04","guid":{"rendered":"https:\/\/escasainguitars.com\/?post_type=product&#038;p=6620"},"modified":"2025-06-30T21:35:36","modified_gmt":"2025-06-30T20:35:36","slug":"fender-custom-shop-1960-stratocaster-closet-classic-surf-green-2003","status":"publish","type":"product","link":"https:\/\/escasainguitars.com\/pt\/fender-stratocaster\/fender-custom-shop-1960-stratocaster-closet-classic-surf-green-2003\/","title":{"rendered":"Fender Custom Shop 1960 Stratocaster Closet Classic \u2013 Surf Green (2003)"},"content":{"rendered":"<p><iframe loading=\"lazy\" title=\"One of the BEST fender custom shop YOU WILL EVER HEARD!!! 60\u00b4s\" width=\"1080\" height=\"608\" src=\"https:\/\/www.youtube.com\/embed\/X3X2TRD21-U?feature=oembed\"  allow=\"accelerometer; autoplay; clipboard-write; encrypted-media; gyroscope; picture-in-picture; web-share\" referrerpolicy=\"strict-origin-when-cross-origin\" allowfullscreen><\/iframe><\/p>\n<p><a href=\"https:\/\/www.youtube.com\/watch?v=ESythapatJE\" rel=\"nofollow noopener\" target=\"_blank\">https:\/\/www.youtube.com\/watch?v=ESythapatJE<\/a><\/p>\n<p class=\"\" data-start=\"221\" data-end=\"283\"><strong data-start=\"221\" data-end=\"283\">Certificado de autenticidad incluido<\/strong><\/p>\n<p class=\"\" data-start=\"285\" data-end=\"464\">Una verdadera pieza de colecci\u00f3n con alma de escenario. Esta Fender Custom Shop Stratocaster 1960 Closet Classic representa el equilibrio perfecto entre historia, tono y est\u00e9tica.<\/p>\n<p class=\"\" data-start=\"466\" data-end=\"811\">Fabricada en 2003 por los mejores artesanos de Fender en Corona, California, esta guitarra recrea con fidelidad una Stratocaster de 1960 con el tratamiento &#8220;Closet Classic&#8221;: una guitarra que ha envejecido suavemente con el paso del tiempo, como si hubiese permanecido guardada durante d\u00e9cadas en su estuche, en perfecto estado de conservaci\u00f3n.<\/p>\n<p class=\"\" data-start=\"814\" data-end=\"1205\">El acabado <strong data-start=\"825\" data-end=\"839\">Surf Green<\/strong> en laca nitrocelulosa muestra un precioso craquelado (&#8220;checking&#8221;) natural que le da un car\u00e1cter inconfundible. Equipada con <strong data-start=\"964\" data-end=\"1001\">pastillas single coil Custom Shop<\/strong>, <strong data-start=\"1003\" data-end=\"1063\">m\u00e1stil de arce con diapas\u00f3n de palorrosa tipo slab board<\/strong>, y <strong data-start=\"1067\" data-end=\"1093\">puente tr\u00e9molo vintage<\/strong>, esta Strat ofrece un tono cristalino, din\u00e1mico y lleno de matices, ideal tanto para estudio como para directo.<\/p>\n<p class=\"\" data-start=\"1207\" data-end=\"1291\">Incluye estuche original tweed con interior en plush naranja y todos sus accesorios.<\/p>\n<hr class=\"\" data-start=\"1293\" data-end=\"1296\" \/>\n<p class=\"\" data-start=\"1298\" data-end=\"1333\">&#x1f9fe; <strong data-start=\"1301\" data-end=\"1332\">Especificaciones destacadas<\/strong>:<\/p>\n<ul data-start=\"1334\" data-end=\"1559\">\n<li class=\"\" data-start=\"1334\" data-end=\"1362\">\n<p class=\"\" data-start=\"1336\" data-end=\"1362\">A\u00f1o de fabricaci\u00f3n: 2003<\/p>\n<\/li>\n<li class=\"\" data-start=\"1363\" data-end=\"1387\">\n<p class=\"\" data-start=\"1365\" data-end=\"1387\">Serie Closet Classic<\/p>\n<\/li>\n<li class=\"\" data-start=\"1388\" data-end=\"1435\">\n<p class=\"\" data-start=\"1390\" data-end=\"1435\">Acabado: Surf Green (laca nitro envejecida)<\/p>\n<\/li>\n<li class=\"\" data-start=\"1436\" data-end=\"1463\">\n<p class=\"\" data-start=\"1438\" data-end=\"1463\">Diapas\u00f3n: Rosewood slab<\/p>\n<\/li>\n<li class=\"\" data-start=\"1464\" data-end=\"1502\">\n<p class=\"\" data-start=\"1466\" data-end=\"1502\">Pastillas: Fender Custom Shop &#8217;60s<\/p>\n<\/li>\n<li class=\"\" data-start=\"1503\" data-end=\"1559\">\n<p class=\"\" data-start=\"1505\" data-end=\"1559\">Incluye certificado de autenticidad y estuche original<\/p>\n<\/li>\n<\/ul>\n<hr class=\"\" data-start=\"83\" data-end=\"86\" \/>\n<h3 class=\"\" data-start=\"88\" data-end=\"169\"><strong data-start=\"92\" data-end=\"167\">Fender Custom Shop 1960 Stratocaster Closet Classic \u2013 Surf Green (2003)<\/strong><\/h3>\n<p class=\"\" data-start=\"170\" data-end=\"231\"><strong data-start=\"170\" data-end=\"231\">Certificate of Authenticity Included<\/strong><\/p>\n<p class=\"\" data-start=\"233\" data-end=\"411\">A true collector\u2019s piece with a stage-ready soul. This 2003 Fender Custom Shop 1960 Stratocaster Closet Classic strikes the perfect balance between history, tone, and aesthetics.<\/p>\n<p class=\"\" data-start=\"413\" data-end=\"657\">Built in 2003 by Fender\u2019s finest craftsmen in Corona, California, this guitar faithfully recreates a 1960 Stratocaster with the <strong data-start=\"541\" data-end=\"569\">Closet Classic treatment<\/strong> \u2014 lightly aged as if it had been stored in its case for decades, beautifully preserved.<\/p>\n<p class=\"\" data-start=\"659\" data-end=\"1031\">The <strong data-start=\"663\" data-end=\"677\">Surf Green<\/strong> nitrocellulose finish shows a naturally aged lacquer checking that gives it a unique and unmistakable character. Equipped with <strong data-start=\"805\" data-end=\"840\">Custom Shop single coil pickups<\/strong>, a <strong data-start=\"844\" data-end=\"889\">maple neck with slab rosewood fingerboard<\/strong>, and a <strong data-start=\"897\" data-end=\"929\">vintage-style tremolo bridge<\/strong>, this Strat delivers that clear, dynamic, and expressive tone that\u2019s ideal for both studio and stage.<\/p>\n<p class=\"\" data-start=\"1033\" data-end=\"1118\">Includes original tweed case with orange plush interior and all original accessories.<\/p>\n<hr class=\"\" data-start=\"1120\" data-end=\"1123\" \/>\n<p class=\"\" data-start=\"1125\" data-end=\"1142\">&#x1f9fe; <strong data-start=\"1128\" data-end=\"1141\">Key Specs<\/strong>:<\/p>\n<ul data-start=\"1143\" data-end=\"1367\">\n<li class=\"\" data-start=\"1143\" data-end=\"1157\">\n<p class=\"\" data-start=\"1145\" data-end=\"1157\">Year: 2003<\/p>\n<\/li>\n<li class=\"\" data-start=\"1158\" data-end=\"1183\">\n<p class=\"\" data-start=\"1160\" data-end=\"1183\">Closet Classic Series<\/p>\n<\/li>\n<li class=\"\" data-start=\"1184\" data-end=\"1227\">\n<p class=\"\" data-start=\"1186\" data-end=\"1227\">Finish: Surf Green (aged nitro lacquer)<\/p>\n<\/li>\n<li class=\"\" data-start=\"1228\" data-end=\"1258\">\n<p class=\"\" data-start=\"1230\" data-end=\"1258\">Fingerboard: Slab Rosewood<\/p>\n<\/li>\n<li class=\"\" data-start=\"1259\" data-end=\"1308\">\n<p class=\"\" data-start=\"1261\" data-end=\"1308\">Pickups: Fender Custom Shop &#8217;60s Single Coils<\/p>\n<\/li>\n<li class=\"\" data-start=\"1309\" data-end=\"1367\">\n<p class=\"\" data-start=\"1311\" data-end=\"1367\">Comes with Certificate of Authenticity and Original Case<\/p>\n<\/li>\n<\/ul>\n<hr class=\"\" data-start=\"1369\" data-end=\"1372\" \/>\n<p class=\"\" data-start=\"1374\" data-end=\"1519\">A unique opportunity to own a Custom Shop Stratocaster that blends vintage soul with modern performance.<\/p>","protected":false},"excerpt":{"rendered":"<p class=\"\" data-start=\"155\" data-end=\"476\">Fender Custom Shop Stratocaster 1960 Closet Classic Surf Green, fabricada en 2003 en Corona, California. Esta joya recrea con precisi\u00f3n una Strat del 60 con el tratamiento Closet Classic: envejecimiento suave, checking natural en la laca nitro y todo el mojo de una guitarra bien cuidada durante d\u00e9cadas.<\/p>\n<p class=\"\" data-start=\"478\" data-end=\"660\">Equipada con pastillas Custom Shop &#8217;60s, m\u00e1stil de arce con diapas\u00f3n de palorrosa slab board y puente tr\u00e9molo vintage. Incluye estuche original tweed y certificado de autenticidad.<\/p>\n<p class=\"\" data-start=\"662\" data-end=\"741\">Un modelo exclusivo para coleccionistas y amantes del tono cl\u00e1sico de Fender.<\/p>\n<p data-start=\"662\" data-end=\"741\">&#8212;<\/p>\n<p class=\"\" data-start=\"662\" data-end=\"741\">Fender Custom Shop Stratocaster 1960 Closet Classic Surf Green, built in 2003 in Corona, California. This gem faithfully recreates a &#8217;60s Strat with Closet Classic specs: light aging, natural nitro lacquer checking, and all the mojo of a well-preserved vintage guitar.<\/p>\n<p class=\"\" data-start=\"1035\" data-end=\"1204\">Features Custom Shop &#8217;60s pickups, maple neck with slab rosewood fingerboard, and vintage tremolo bridge. Includes original tweed case and certificate of authenticity.<\/p>\n<p class=\"\" data-start=\"1206\" data-end=\"1276\">A rare and beautiful piece for collectors and true Fender tone lovers.<\/p>","protected":false},"featured_media":6621,"template":"","meta":{"nf_dc_page":"","_et_pb_use_builder":"","_et_pb_old_content":"","_et_gb_content_width":""},"product_brand":[],"product_cat":[17,26],"product_tag":[],"class_list":{"0":"post-6620","1":"product","2":"type-product","3":"status-publish","4":"has-post-thumbnail","6":"product_cat-fender-stratocaster","7":"product_cat-fender","9":"first","10":"outofstock","11":"taxable","12":"shipping-taxable","13":"purchasable","14":"product-type-simple"},"_links":{"self":[{"href":"https:\/\/escasainguitars.com\/pt\/wp-json\/wp\/v2\/product\/6620","targetHints":{"allow":["GET"]}}],"collection":[{"href":"https:\/\/escasainguitars.com\/pt\/wp-json\/wp\/v2\/product"}],"about":[{"href":"https:\/\/escasainguitars.com\/pt\/wp-json\/wp\/v2\/types\/product"}],"wp:featuredmedia":[{"embeddable":true,"href":"https:\/\/escasainguitars.com\/pt\/wp-json\/wp\/v2\/media\/6621"}],"wp:attachment":[{"href":"https:\/\/escasainguitars.com\/pt\/wp-json\/wp\/v2\/media?parent=6620"}],"wp:term":[{"taxonomy":"product_brand","embeddable":true,"href":"https:\/\/escasainguitars.com\/pt\/wp-json\/wp\/v2\/product_brand?post=6620"},{"taxonomy":"product_cat","embeddable":true,"href":"https:\/\/escasainguitars.com\/pt\/wp-json\/wp\/v2\/product_cat?post=6620"},{"taxonomy":"product_tag","embeddable":true,"href":"https:\/\/escasainguitars.com\/pt\/wp-json\/wp\/v2\/product_tag?post=6620"}],"curies":[{"name":"wp","href":"https:\/\/api.w.org\/{rel}","templated":true}]}}