{"id":6646,"date":"2025-05-09T11:10:43","date_gmt":"2025-05-09T10:10:43","guid":{"rendered":"https:\/\/escasainguitars.com\/?post_type=product&#038;p=6646"},"modified":"2025-05-16T15:21:08","modified_gmt":"2025-05-16T14:21:08","slug":"gibson-les-paul-standard-60s-2005","status":"publish","type":"product","link":"https:\/\/escasainguitars.com\/pt\/gibson\/gibson-les-paul-standard-60s-2005\/","title":{"rendered":"Gibson Les Paul Standard &#8217;60s \u2013 2005"},"content":{"rendered":"<p><iframe loading=\"lazy\" title=\"SOLD | Gibson Les Paul Standard 2005 OMG! \u2764\ufe0f\ud83e\udd70\" width=\"1080\" height=\"608\" src=\"https:\/\/www.youtube.com\/embed\/z0_GuC2qv7U?feature=oembed\"  allow=\"accelerometer; autoplay; clipboard-write; encrypted-media; gyroscope; picture-in-picture; web-share\" referrerpolicy=\"strict-origin-when-cross-origin\" allowfullscreen><\/iframe><\/p>\n<p class=\"\" data-start=\"246\" data-end=\"310\"><strong data-start=\"246\" data-end=\"310\"><br \/>\nIced Tea Burst \u2022 Flame Top AAA \u2022 100% original \u2022 Made in USA<\/strong><\/p>\n<p class=\"\" data-start=\"312\" data-end=\"572\">\u00a1Una Les Paul con alma y presencia! Esta Gibson Les Paul Standard &#8217;60s fue fabricada el <strong data-start=\"400\" data-end=\"428\">27 de septiembre de 2005<\/strong> en la planta de Nashville (USA) y representa todo lo que esperas de una buena LP: sustain interminable, tono c\u00e1lido y una est\u00e9tica que enamora.<\/p>\n<p class=\"\" data-start=\"574\" data-end=\"865\">Lo primero que salta a la vista es su <strong data-start=\"612\" data-end=\"651\">impresionante tapa de arce flameado<\/strong>, con vetas profundas y perfectamente equilibradas, en un acabado <strong data-start=\"717\" data-end=\"735\">Iced Tea Burst<\/strong> cl\u00e1sico y elegante. El m\u00e1stil <strong data-start=\"766\" data-end=\"785\">Slim Taper &#8217;60s<\/strong> es c\u00f3modo y r\u00e1pido, ideal para cualquier estilo, desde blues hasta rock pesado.<\/p>\n<hr class=\"\" data-start=\"867\" data-end=\"870\" \/>\n<h3 class=\"\" data-start=\"872\" data-end=\"894\">&#x2728; Especificaciones<\/h3>\n<ul data-start=\"896\" data-end=\"1409\">\n<li class=\"\" data-start=\"896\" data-end=\"941\">\n<p class=\"\" data-start=\"898\" data-end=\"941\"><strong data-start=\"898\" data-end=\"909\">Modelo:<\/strong> Gibson Les Paul Standard &#8217;60s<\/p>\n<\/li>\n<li class=\"\" data-start=\"942\" data-end=\"959\">\n<p class=\"\" data-start=\"944\" data-end=\"959\"><strong data-start=\"944\" data-end=\"952\">A\u00f1o:<\/strong> 2005<\/p>\n<\/li>\n<li class=\"\" data-start=\"960\" data-end=\"994\">\n<p class=\"\" data-start=\"962\" data-end=\"994\"><strong data-start=\"962\" data-end=\"982\">N\u00famero de serie:<\/strong> 027050683<\/p>\n<\/li>\n<li class=\"\" data-start=\"995\" data-end=\"1023\">\n<p class=\"\" data-start=\"997\" data-end=\"1023\"><strong data-start=\"997\" data-end=\"1008\">Cuerpo:<\/strong> Caoba maciza<\/p>\n<\/li>\n<li class=\"\" data-start=\"1024\" data-end=\"1057\">\n<p class=\"\" data-start=\"1026\" data-end=\"1057\"><strong data-start=\"1026\" data-end=\"1035\">Tapa:<\/strong> Arce flameado (AAA)<\/p>\n<\/li>\n<li class=\"\" data-start=\"1058\" data-end=\"1098\">\n<p class=\"\" data-start=\"1060\" data-end=\"1098\"><strong data-start=\"1060\" data-end=\"1071\">M\u00e1stil:<\/strong> Caoba, perfil Slim Taper<\/p>\n<\/li>\n<li class=\"\" data-start=\"1099\" data-end=\"1127\">\n<p class=\"\" data-start=\"1101\" data-end=\"1127\"><strong data-start=\"1101\" data-end=\"1114\">Diapas\u00f3n:<\/strong> Palisandro<\/p>\n<\/li>\n<li class=\"\" data-start=\"1128\" data-end=\"1175\">\n<p class=\"\" data-start=\"1130\" data-end=\"1175\"><strong data-start=\"1130\" data-end=\"1144\">Pastillas:<\/strong> Burstbucker Pro (originales)<\/p>\n<\/li>\n<li class=\"\" data-start=\"1176\" data-end=\"1209\">\n<p class=\"\" data-start=\"1178\" data-end=\"1209\"><strong data-start=\"1178\" data-end=\"1193\">Clavijeros:<\/strong> Kluson Deluxe<\/p>\n<\/li>\n<li class=\"\" data-start=\"1210\" data-end=\"1234\">\n<p class=\"\" data-start=\"1212\" data-end=\"1234\"><strong data-start=\"1212\" data-end=\"1225\">Herrajes:<\/strong> N\u00edquel<\/p>\n<\/li>\n<li class=\"\" data-start=\"1235\" data-end=\"1282\">\n<p class=\"\" data-start=\"1237\" data-end=\"1282\"><strong data-start=\"1237\" data-end=\"1249\">Acabado:<\/strong> Iced Tea Burst (nitrocelulosa)<\/p>\n<\/li>\n<li class=\"\" data-start=\"1283\" data-end=\"1328\">\n<p class=\"\" data-start=\"1285\" data-end=\"1328\"><strong data-start=\"1285\" data-end=\"1297\">Estuche:<\/strong> Original Gibson USA incluido<\/p>\n<\/li>\n<li class=\"\" data-start=\"1329\" data-end=\"1409\">\n<p class=\"\" data-start=\"1331\" data-end=\"1409\"><strong data-start=\"1331\" data-end=\"1346\">Accesorios:<\/strong> Documentaci\u00f3n original (manual, hang tags, control de calidad)<\/p>\n<\/li>\n<\/ul>\n<hr class=\"\" data-start=\"1411\" data-end=\"1414\" \/>\n<h3 class=\"\" data-start=\"1416\" data-end=\"1429\">&#x1f9fe; Estado<\/h3>\n<p class=\"\" data-start=\"1431\" data-end=\"1725\">Esta guitarra se encuentra en <strong data-start=\"1461\" data-end=\"1497\">excelente estado de conservaci\u00f3n<\/strong>, con apenas marcas superficiales de uso en la parte trasera. No ha sido modificada ni reparada. Est\u00e1 <strong data-start=\"1599\" data-end=\"1625\">completamente original<\/strong>, tanto en electr\u00f3nica como en herrajes. Incluye su estuche r\u00edgido original y toda la documentaci\u00f3n.<\/p>\n<p class=\"\" data-start=\"1431\" data-end=\"1725\">&#8212;&#8212;&#8212;&#8212;&#8212;&#8212;&#8212;&#8212;&#8212;&#8212;&#8212;&#8212;&#8212;&#8212;&#8212;&#8212;&#8212;&#8212;&#8212;&#8212;&#8212;&#8212;&#8212;&#8212;&#8212;&#8212;&#8212;&#8212;&#8212;&#8212;&#8212;&#8212;&#8212;&#8212;&#8212;&#8212;&#8212;&#8212;&#8212;&#8212;&#8212;&#8212;&#8212;&#8212;&#8212;&#8212;&#8212;&#8212;&#8212;&#8212;&#8212;&#8212;&#8212;&#8212;&#8212;&#8212;&#8212;&#8212;&#8212;&#8212;&#8212;&#8212;&#8212;&#8212;&#8212;&#8212;&#8212;&#8212;&#8212;&#8212;&#8212;&#8211;<\/p>\n<p class=\"\" data-start=\"144\" data-end=\"208\"><strong data-start=\"144\" data-end=\"208\">Iced Tea Burst \u2022 AAA Flame Top \u2022 100% Original \u2022 Made in USA<\/strong><\/p>\n<p class=\"\" data-start=\"210\" data-end=\"464\">A Les Paul with soul and style. This Gibson Les Paul Standard &#8217;60s was crafted on <strong data-start=\"292\" data-end=\"316\">September 27th, 2005<\/strong>, in the Nashville factory (USA), and it delivers everything you&#8217;d expect from a great LP: endless sustain, warm tone, and a killer visual presence.<\/p>\n<p class=\"\" data-start=\"466\" data-end=\"729\">What immediately stands out is the <strong data-start=\"501\" data-end=\"534\">stunning AAA flamed maple top<\/strong>, with deep, balanced grain under a timeless <strong data-start=\"579\" data-end=\"597\">Iced Tea Burst<\/strong> nitro finish. The <strong data-start=\"616\" data-end=\"648\">Slim Taper &#8217;60s neck profile<\/strong> is fast and comfortable, making it ideal for everything from blues to hard rock.<\/p>\n<hr class=\"\" data-start=\"731\" data-end=\"734\" \/>\n<h3 class=\"\" data-start=\"736\" data-end=\"747\">&#x2728; Specs<\/h3>\n<ul data-start=\"749\" data-end=\"1284\">\n<li class=\"\" data-start=\"749\" data-end=\"793\">\n<p class=\"\" data-start=\"751\" data-end=\"793\"><strong data-start=\"751\" data-end=\"761\">Model:<\/strong> Gibson Les Paul Standard &#8217;60s<\/p>\n<\/li>\n<li class=\"\" data-start=\"794\" data-end=\"812\">\n<p class=\"\" data-start=\"796\" data-end=\"812\"><strong data-start=\"796\" data-end=\"805\">Year:<\/strong> 2005<\/p>\n<\/li>\n<li class=\"\" data-start=\"813\" data-end=\"845\">\n<p class=\"\" data-start=\"815\" data-end=\"845\"><strong data-start=\"815\" data-end=\"833\">Serial Number:<\/strong> 027050683<\/p>\n<\/li>\n<li class=\"\" data-start=\"846\" data-end=\"874\">\n<p class=\"\" data-start=\"848\" data-end=\"874\"><strong data-start=\"848\" data-end=\"857\">Body:<\/strong> Solid mahogany<\/p>\n<\/li>\n<li class=\"\" data-start=\"875\" data-end=\"904\">\n<p class=\"\" data-start=\"877\" data-end=\"904\"><strong data-start=\"877\" data-end=\"885\">Top:<\/strong> AAA flamed maple<\/p>\n<\/li>\n<li class=\"\" data-start=\"905\" data-end=\"947\">\n<p class=\"\" data-start=\"907\" data-end=\"947\"><strong data-start=\"907\" data-end=\"916\">Neck:<\/strong> Mahogany, Slim Taper profile<\/p>\n<\/li>\n<li class=\"\" data-start=\"948\" data-end=\"977\">\n<p class=\"\" data-start=\"950\" data-end=\"977\"><strong data-start=\"950\" data-end=\"966\">Fingerboard:<\/strong> Rosewood<\/p>\n<\/li>\n<li class=\"\" data-start=\"978\" data-end=\"1035\">\n<p class=\"\" data-start=\"980\" data-end=\"1035\"><strong data-start=\"980\" data-end=\"992\">Pickups:<\/strong> Original Burstbucker Pro (neck &amp; bridge)<\/p>\n<\/li>\n<li class=\"\" data-start=\"1036\" data-end=\"1079\">\n<p class=\"\" data-start=\"1038\" data-end=\"1079\"><strong data-start=\"1038\" data-end=\"1049\">Tuners:<\/strong> Kluson Deluxe vintage-style<\/p>\n<\/li>\n<li class=\"\" data-start=\"1080\" data-end=\"1104\">\n<p class=\"\" data-start=\"1082\" data-end=\"1104\"><strong data-start=\"1082\" data-end=\"1095\">Hardware:<\/strong> Nickel<\/p>\n<\/li>\n<li class=\"\" data-start=\"1105\" data-end=\"1152\">\n<p class=\"\" data-start=\"1107\" data-end=\"1152\"><strong data-start=\"1107\" data-end=\"1118\">Finish:<\/strong> Iced Tea Burst (nitrocellulose)<\/p>\n<\/li>\n<li class=\"\" data-start=\"1153\" data-end=\"1205\">\n<p class=\"\" data-start=\"1155\" data-end=\"1205\"><strong data-start=\"1155\" data-end=\"1164\">Case:<\/strong> Original Gibson USA hardshell included<\/p>\n<\/li>\n<li class=\"\" data-start=\"1206\" data-end=\"1284\">\n<p class=\"\" data-start=\"1208\" data-end=\"1284\"><strong data-start=\"1208\" data-end=\"1224\">Accessories:<\/strong> All original paperwork (owner\u2019s manual, hang tags, QC card)<\/p>\n<\/li>\n<\/ul>\n<hr class=\"\" data-start=\"1286\" data-end=\"1289\" \/>\n<h3 class=\"\" data-start=\"1291\" data-end=\"1307\">&#x1f9fe; Condition<\/h3>\n<p class=\"\" data-start=\"1309\" data-end=\"1558\">This guitar is in <strong data-start=\"1327\" data-end=\"1358\">excellent overall condition<\/strong>, with only minor surface marks on the back. No breaks, no repairs, and no mods. <strong data-start=\"1439\" data-end=\"1456\">100% original<\/strong>, including all electronics and hardware. Comes with the original Gibson hardshell case and paperwork.<\/p>","protected":false},"excerpt":{"rendered":"<p class=\"\" data-start=\"170\" data-end=\"453\">Gibson Les Paul Standard &#8217;60s de 2005 en acabado Iced Tea Burst, con una tapa flameada espectacular y completamente original. Pastillas Burstbucker Pro, m\u00e1stil Slim Taper, estuche original y documentaci\u00f3n incluida. Estado excelente. Sonido, est\u00e9tica y comodidad en una sola guitarra.<\/p>\n<hr class=\"\" data-start=\"455\" data-end=\"458\" \/>\n<p class=\"\" data-start=\"503\" data-end=\"744\">2005 Gibson Les Paul Standard &#8217;60s in Iced Tea Burst with an outstanding AAA flame top. 100% original with Burstbucker Pro pickups, Slim Taper neck, original case and paperwork. Excellent condition. Tone, looks, and playability \u2014 all in one.<\/p>","protected":false},"featured_media":6644,"template":"","meta":{"nf_dc_page":"","_et_pb_use_builder":"","_et_pb_old_content":"","_et_gb_content_width":""},"product_brand":[],"product_cat":[27,16],"product_tag":[],"class_list":{"0":"post-6646","1":"product","2":"type-product","3":"status-publish","4":"has-post-thumbnail","6":"product_cat-gibson","7":"product_cat-gibson-les-paul","9":"first","10":"outofstock","11":"taxable","12":"shipping-taxable","13":"purchasable","14":"product-type-simple"},"_links":{"self":[{"href":"https:\/\/escasainguitars.com\/pt\/wp-json\/wp\/v2\/product\/6646","targetHints":{"allow":["GET"]}}],"collection":[{"href":"https:\/\/escasainguitars.com\/pt\/wp-json\/wp\/v2\/product"}],"about":[{"href":"https:\/\/escasainguitars.com\/pt\/wp-json\/wp\/v2\/types\/product"}],"wp:featuredmedia":[{"embeddable":true,"href":"https:\/\/escasainguitars.com\/pt\/wp-json\/wp\/v2\/media\/6644"}],"wp:attachment":[{"href":"https:\/\/escasainguitars.com\/pt\/wp-json\/wp\/v2\/media?parent=6646"}],"wp:term":[{"taxonomy":"product_brand","embeddable":true,"href":"https:\/\/escasainguitars.com\/pt\/wp-json\/wp\/v2\/product_brand?post=6646"},{"taxonomy":"product_cat","embeddable":true,"href":"https:\/\/escasainguitars.com\/pt\/wp-json\/wp\/v2\/product_cat?post=6646"},{"taxonomy":"product_tag","embeddable":true,"href":"https:\/\/escasainguitars.com\/pt\/wp-json\/wp\/v2\/product_tag?post=6646"}],"curies":[{"name":"wp","href":"https:\/\/api.w.org\/{rel}","templated":true}]}}