{"id":6658,"date":"2025-05-23T14:46:21","date_gmt":"2025-05-23T13:46:21","guid":{"rendered":"https:\/\/escasainguitars.com\/?post_type=product&#038;p=6658"},"modified":"2025-09-21T11:01:34","modified_gmt":"2025-09-21T10:01:34","slug":"fender-stratocaster-custom-shop-65-relic-3tsb-c-2005","status":"publish","type":"product","link":"https:\/\/escasainguitars.com\/pt\/fender\/fender-stratocaster-custom-shop-65-relic-3tsb-c-2005\/","title":{"rendered":"Fender Stratocaster Custom Shop &#8217;65 Relic \u2013 3TSB (c.2005)"},"content":{"rendered":"<p><iframe loading=\"lazy\" title=\"SOLD | Fender Stratocaster Custom Shop 1965 Relic OMG! Hendrix, Frusciante and Gilmout \ud83d\ude0d\ud83c\udfb8\u2764\ufe0f\" width=\"1080\" height=\"608\" src=\"https:\/\/www.youtube.com\/embed\/KibCpNEg9j8?feature=oembed\"  allow=\"accelerometer; autoplay; clipboard-write; encrypted-media; gyroscope; picture-in-picture; web-share\" referrerpolicy=\"strict-origin-when-cross-origin\" allowfullscreen><\/iframe><\/p>\n<p><iframe loading=\"lazy\" title=\"SOLD | Eric Clapton would like to play this 1965 Fender Stratocaster CS like this \ud83d\ude31\ud83c\udfb8\ud83d\udd25\" width=\"1080\" height=\"608\" src=\"https:\/\/www.youtube.com\/embed\/Q5DSg7gR-1w?feature=oembed\"  allow=\"accelerometer; autoplay; clipboard-write; encrypted-media; gyroscope; picture-in-picture; web-share\" referrerpolicy=\"strict-origin-when-cross-origin\" allowfullscreen><\/iframe><\/p>\n<p data-start=\"222\" data-end=\"481\">Revive el sonido dorado de los a\u00f1os 60 con esta impresionante <strong data-start=\"284\" data-end=\"317\">Fender Stratocaster &#8217;65 Relic<\/strong> del Custom Shop. Una recreaci\u00f3n fiel y detallada de una Strat de 1965, construida en torno a la transici\u00f3n hist\u00f3rica de Fender, justo despu\u00e9s de la era Leo Fender.<\/p>\n<p data-start=\"483\" data-end=\"754\">Este modelo, acabado en <strong data-start=\"507\" data-end=\"526\">3-Tone Sunburst<\/strong> sobre cuerpo de <strong data-start=\"543\" data-end=\"565\">aliso seleccionado<\/strong>, presenta un relicado de f\u00e1brica meticuloso que simula d\u00e9cadas de uso profesional, con checking fino, desgaste natural y hardware envejecido. Una guitarra con alma desde el primer vistazo.<\/p>\n<p data-start=\"756\" data-end=\"1022\">El m\u00e1stil tiene un perfil c\u00f3modo <strong data-start=\"789\" data-end=\"804\">\u201cMid-60s C\u201d<\/strong>, fabricado en arce con diapas\u00f3n de <strong data-start=\"840\" data-end=\"853\">palorrosa<\/strong>, radio vintage y trastes estilo medium jumbo. Una combinaci\u00f3n que ofrece gran comodidad y sustain, perfecta tanto para el fraseo sutil como para los acordes con cuerpo.<\/p>\n<p data-start=\"1024\" data-end=\"1334\">Equipada con <strong data-start=\"1037\" data-end=\"1071\">tres pastillas Custom Shop \u201865<\/strong>, esta Strat ofrece un tono brillante, articulado y lleno de matices, ideal para estilos como blues, funk, rock cl\u00e1sico o soul. El selector de 5 posiciones permite explorar todas las combinaciones intermedias que han definido el sonido Strat durante generaciones.<\/p>\n<p data-start=\"1336\" data-end=\"1545\">Completa el conjunto un <strong data-start=\"1360\" data-end=\"1391\">puente vintage sincronizado<\/strong>, clavijeros tipo Kluson y el cl\u00e1sico golpeador de 3 capas envejecido. Incluye su <strong data-start=\"1473\" data-end=\"1520\">estuche original negro con interior naranja<\/strong>, junto a correa y cable.<\/p>\n<h3 data-start=\"1547\" data-end=\"1571\">&#x1f4cc; Especificaciones:<\/h3>\n<ul data-start=\"1572\" data-end=\"1960\">\n<li data-start=\"1572\" data-end=\"1611\">\n<p data-start=\"1574\" data-end=\"1611\">A\u00f1o de fabricaci\u00f3n estimado: <strong data-start=\"1603\" data-end=\"1611\">2005<\/strong><\/p>\n<\/li>\n<li data-start=\"1612\" data-end=\"1641\">\n<p data-start=\"1614\" data-end=\"1641\">N\u00famero de serie: <strong data-start=\"1631\" data-end=\"1641\">R23004<\/strong><\/p>\n<\/li>\n<li data-start=\"1642\" data-end=\"1704\">\n<p data-start=\"1644\" data-end=\"1704\">Cuerpo: Aliso (Alder), acabado 3-Tone Sunburst (nitro relic)<\/p>\n<\/li>\n<li data-start=\"1705\" data-end=\"1739\">\n<p data-start=\"1707\" data-end=\"1739\">M\u00e1stil: Arce, perfil \u201cMid-60s C\u201d<\/p>\n<\/li>\n<li data-start=\"1740\" data-end=\"1761\">\n<p data-start=\"1742\" data-end=\"1761\">Diapas\u00f3n: Palorrosa<\/p>\n<\/li>\n<li data-start=\"1807\" data-end=\"1859\">\n<p data-start=\"1809\" data-end=\"1859\">Pastillas: 3 x Fender Custom Shop &#8217;65 single coils<\/p>\n<\/li>\n<li data-start=\"1860\" data-end=\"1884\">\n<p data-start=\"1862\" data-end=\"1884\">Selector: 5 posiciones<\/p>\n<\/li>\n<li data-start=\"1885\" data-end=\"1920\">\n<p data-start=\"1887\" data-end=\"1920\">Hardware: Vintage Style, relicado<\/p>\n<\/li>\n<li data-start=\"1921\" data-end=\"1960\">\n<p data-start=\"1923\" data-end=\"1960\">Estuche incluido: Vintage Black Tolex<\/p>\n<\/li>\n<\/ul>\n<h3 data-start=\"1962\" data-end=\"1991\">&#x1f3b8; Guitarra de referencia<\/h3>\n<p data-start=\"1992\" data-end=\"2155\">Usada por artistas como <strong data-start=\"2016\" data-end=\"2076\">Jimi Hendrix, John Frusciante, Jeff Beck y David Gilmour<\/strong>, esta Strat te conecta directamente con una era dorada de creatividad musical.<\/p>\n<p>&#8212;&#8212;&#8212;&#8212;&#8212;&#8212;&#8212;&#8212;&#8212;&#8212;&#8212;&#8212;&#8212;&#8212;&#8212;&#8212;&#8212;&#8212;&#8212;&#8212;-<\/p>\n<h2 data-start=\"120\" data-end=\"180\">Fender Stratocaster Custom Shop &#8217;65 Relic \u2013 3TSB (c.2005)<\/h2>\n<p data-start=\"182\" data-end=\"431\">Relive the golden age of tone with this stunning <strong data-start=\"231\" data-end=\"264\">Fender Stratocaster &#8217;65 Relic<\/strong> from the Custom Shop \u2014 a faithful, detail-rich recreation of the iconic 1965 Stratocaster, built in tribute to the transitional era just after Leo Fender\u2019s departure.<\/p>\n<p data-start=\"433\" data-end=\"724\">Finished in a beautifully aged <strong data-start=\"464\" data-end=\"483\">3-Tone Sunburst<\/strong> over a select <strong data-start=\"498\" data-end=\"512\">alder body<\/strong>, this guitar features a factory <strong data-start=\"545\" data-end=\"569\">nitrocellulose relic<\/strong> that mimics decades of natural wear, with fine checking, realistic play wear, and aged hardware. It\u2019s a guitar that feels alive from the very first touch.<\/p>\n<p data-start=\"726\" data-end=\"955\">The <strong data-start=\"730\" data-end=\"758\">mid-60s &#8220;C&#8221; neck profile<\/strong> is crafted from maple with a <strong data-start=\"788\" data-end=\"810\">rosewood fretboard<\/strong>, vintage radius and medium jumbo frets \u2014 offering smooth playability and rich sustain, whether you&#8217;re soloing or laying down chord progressions.<\/p>\n<p data-start=\"957\" data-end=\"1226\">Equipped with a set of <strong data-start=\"980\" data-end=\"1019\">Custom Shop &#8217;65 single-coil pickups<\/strong>, it delivers that clear, articulate, and expressive Strat tone that defined generations \u2014 ideal for blues, funk, classic rock, and soul. The 5-way selector switch opens up all those iconic in-between tones.<\/p>\n<p data-start=\"1228\" data-end=\"1439\">A <strong data-start=\"1230\" data-end=\"1268\">vintage-style synchronized tremolo<\/strong>, Kluson-style tuners, and aged three-ply pickguard complete the setup. The guitar comes with its <strong data-start=\"1366\" data-end=\"1395\">original black tolex case<\/strong> with orange interior, plus strap and cable.<\/p>\n<h3 data-start=\"1441\" data-end=\"1463\">&#x1f4cc; Specifications:<\/h3>\n<ul data-start=\"1464\" data-end=\"1854\">\n<li data-start=\"1464\" data-end=\"1505\">\n<p data-start=\"1466\" data-end=\"1505\">Estimated Year of Manufacture: <strong data-start=\"1497\" data-end=\"1505\">2005<\/strong><\/p>\n<\/li>\n<li data-start=\"1506\" data-end=\"1533\">\n<p data-start=\"1508\" data-end=\"1533\">Serial Number: <strong data-start=\"1523\" data-end=\"1533\">R23004<\/strong><\/p>\n<\/li>\n<li data-start=\"1534\" data-end=\"1592\">\n<p data-start=\"1536\" data-end=\"1592\">Body: Select Alder, 3-Tone Sunburst (nitro relic finish)<\/p>\n<\/li>\n<li data-start=\"1593\" data-end=\"1627\">\n<p data-start=\"1595\" data-end=\"1627\">Neck: Maple, Mid-60s &#8220;C&#8221; Profile<\/p>\n<\/li>\n<li data-start=\"1628\" data-end=\"1651\">\n<p data-start=\"1630\" data-end=\"1651\">Fingerboard: Rosewood<\/p>\n<\/li>\n<li data-start=\"1706\" data-end=\"1756\">\n<p data-start=\"1708\" data-end=\"1756\">Pickups: 3 x Fender Custom Shop &#8217;65 Single Coils<\/p>\n<\/li>\n<li data-start=\"1757\" data-end=\"1772\">\n<p data-start=\"1759\" data-end=\"1772\">Switch: 5-Way<\/p>\n<\/li>\n<li data-start=\"1773\" data-end=\"1804\">\n<p data-start=\"1775\" data-end=\"1804\">Hardware: Vintage Style, Aged<\/p>\n<\/li>\n<li data-start=\"1805\" data-end=\"1854\">\n<p data-start=\"1807\" data-end=\"1854\">Case: Original Black Tolex with Orange Interior<\/p>\n<\/li>\n<\/ul>\n<h3 data-start=\"1856\" data-end=\"1891\">&#x1f3b8; A Guitar That Echoes Legends<\/h3>\n<p data-start=\"1892\" data-end=\"2059\">Favored by players like <strong data-start=\"1916\" data-end=\"1979\">Jimi Hendrix, John Frusciante, Jeff Beck, and David Gilmour<\/strong>, this Stratocaster connects you directly to a golden era of musical innovation.<\/p>","protected":false},"excerpt":{"rendered":"<p data-start=\"196\" data-end=\"581\">Fender Stratocaster Custom Shop &#8217;65 Relic en 3-Tone Sunburst, fabricada en torno a 2005. Acabado nitro relicado, cuerpo de aliso, m\u00e1stil de arce con diapas\u00f3n de palorrosa y perfil \u201cMid-60s C\u201d. Monta tres pastillas Custom Shop &#8217;65 y selector de 5 posiciones. Incluye estuche original negro con interior naranja. Inspirada en el tono de Hendrix, Frusciante y Gilmour. Pura esencia Strat.<\/p>\n<hr data-start=\"583\" data-end=\"586\" \/>\n<p data-start=\"629\" data-end=\"1007\">Fender Stratocaster Custom Shop &#8217;65 Relic in 3-Tone Sunburst, built around 2005. Nitro relic finish, select alder body, maple neck with rosewood fingerboard and mid-60s \u201cC\u201d profile. Equipped with three Custom Shop &#8217;65 pickups and a 5-way switch. Includes original black tolex case with orange interior. Inspired by the tones of Hendrix, Frusciante, and Gilmour. Pure Strat soul.<\/p>","protected":false},"featured_media":6661,"template":"","meta":{"nf_dc_page":"","_et_pb_use_builder":"","_et_pb_old_content":"","_et_gb_content_width":""},"product_brand":[],"product_cat":[26,17],"product_tag":[],"class_list":{"0":"post-6658","1":"product","2":"type-product","3":"status-publish","4":"has-post-thumbnail","6":"product_cat-fender","7":"product_cat-fender-stratocaster","9":"first","10":"outofstock","11":"taxable","12":"shipping-taxable","13":"purchasable","14":"product-type-simple"},"_links":{"self":[{"href":"https:\/\/escasainguitars.com\/pt\/wp-json\/wp\/v2\/product\/6658","targetHints":{"allow":["GET"]}}],"collection":[{"href":"https:\/\/escasainguitars.com\/pt\/wp-json\/wp\/v2\/product"}],"about":[{"href":"https:\/\/escasainguitars.com\/pt\/wp-json\/wp\/v2\/types\/product"}],"wp:featuredmedia":[{"embeddable":true,"href":"https:\/\/escasainguitars.com\/pt\/wp-json\/wp\/v2\/media\/6661"}],"wp:attachment":[{"href":"https:\/\/escasainguitars.com\/pt\/wp-json\/wp\/v2\/media?parent=6658"}],"wp:term":[{"taxonomy":"product_brand","embeddable":true,"href":"https:\/\/escasainguitars.com\/pt\/wp-json\/wp\/v2\/product_brand?post=6658"},{"taxonomy":"product_cat","embeddable":true,"href":"https:\/\/escasainguitars.com\/pt\/wp-json\/wp\/v2\/product_cat?post=6658"},{"taxonomy":"product_tag","embeddable":true,"href":"https:\/\/escasainguitars.com\/pt\/wp-json\/wp\/v2\/product_tag?post=6658"}],"curies":[{"name":"wp","href":"https:\/\/api.w.org\/{rel}","templated":true}]}}