{"id":6660,"date":"2025-05-23T14:44:04","date_gmt":"2025-05-23T13:44:04","guid":{"rendered":"https:\/\/escasainguitars.com\/?post_type=product&#038;p=6660"},"modified":"2025-08-19T13:23:09","modified_gmt":"2025-08-19T12:23:09","slug":"fender-stratocaster-custom-shop-56-relic-fiesta-red-2001","status":"publish","type":"product","link":"https:\/\/escasainguitars.com\/pt\/fender\/fender-stratocaster-custom-shop-56-relic-fiesta-red-2001\/","title":{"rendered":"Fender Stratocaster Custom Shop &#8217;56 Relic \u2013 Fiesta Red (2001)"},"content":{"rendered":"<p><iframe loading=\"lazy\" title=\"SOLD | Fender Stratocaster Custom Shop 56 Candy Red \ud83e\udd70\ud83c\udfb8\u2764\ufe0f\" width=\"1080\" height=\"608\" src=\"https:\/\/www.youtube.com\/embed\/CZWvdWVsYbk?feature=oembed\"  allow=\"accelerometer; autoplay; clipboard-write; encrypted-media; gyroscope; picture-in-picture; web-share\" referrerpolicy=\"strict-origin-when-cross-origin\" allowfullscreen><\/iframe><\/p>\n<p><iframe loading=\"lazy\" title=\"SOLD | Fender Stratocaster Custom Shop 56 Fiesta Red OMG!!! \ud83d\ude0d\ud83d\udd25\" width=\"1080\" height=\"608\" src=\"https:\/\/www.youtube.com\/embed\/vgsMdMupZWE?feature=oembed\"  allow=\"accelerometer; autoplay; clipboard-write; encrypted-media; gyroscope; picture-in-picture; web-share\" referrerpolicy=\"strict-origin-when-cross-origin\" allowfullscreen><\/iframe><\/p>\n<p data-start=\"236\" data-end=\"599\">Una aut\u00e9ntica c\u00e1psula del tiempo: esta <strong data-start=\"275\" data-end=\"308\">Fender Stratocaster &#8217;56 Relic<\/strong>, fabricada en el Custom Shop entre los a\u00f1os <strong data-start=\"353\" data-end=\"368\">2000 y 2001<\/strong>, rinde homenaje a una de las \u00e9pocas m\u00e1s legendarias de Fender. Acabada en <strong data-start=\"443\" data-end=\"457\">Fiesta Red<\/strong>, uno de los colores custom m\u00e1s ic\u00f3nicos de los a\u00f1os 50, combina el car\u00e1cter visual del rock cl\u00e1sico con una construcci\u00f3n artesanal impecable.<\/p>\n<p data-start=\"601\" data-end=\"947\">Forma parte de la <strong data-start=\"619\" data-end=\"641\">serie Time Machine<\/strong>, creada para reproducir con precisi\u00f3n las especificaciones y el esp\u00edritu de las Stratocasters originales. El cuerpo es de <strong data-start=\"764\" data-end=\"786\">aliso seleccionado<\/strong>, con acabado en <strong data-start=\"803\" data-end=\"840\">nitrocelulosa relicada de f\u00e1brica<\/strong>, que simula el paso del tiempo con checking, marcas de uso y un tono envejecido perfectamente equilibrado.<\/p>\n<p data-start=\"949\" data-end=\"1249\">El m\u00e1stil es de <strong data-start=\"965\" data-end=\"980\">arce macizo<\/strong>, con el perfil \u201c<strong data-start=\"997\" data-end=\"1016\">10\/56 Boat Neck<\/strong>\u201d, una forma gruesa en V suave, ideal para quienes buscan una experiencia vintage real. El diapas\u00f3n, tambi\u00e9n de arce, tiene un <strong data-start=\"1143\" data-end=\"1161\">radio de 7.25\u201d<\/strong> y <strong data-start=\"1164\" data-end=\"1186\">21 trastes vintage<\/strong>, ofreciendo un tacto r\u00e1pido, sensible y lleno de personalidad.<\/p>\n<p data-start=\"1251\" data-end=\"1585\">Montada con <strong data-start=\"1263\" data-end=\"1305\">tres pastillas Fender Custom Shop \u201850s<\/strong>, esta Strat ofrece ese tono dulce, brillante y din\u00e1mico que marc\u00f3 la m\u00fasica de toda una generaci\u00f3n. Lleva un selector de <strong data-start=\"1427\" data-end=\"1443\">3 posiciones<\/strong>, controles de volumen maestro y dos tonos, y todo el hardware est\u00e1 <strong data-start=\"1511\" data-end=\"1528\">ba\u00f1ado en oro<\/strong>: puente, jack plate, torniller\u00eda y clavijas tipo Kluson.<\/p>\n<p data-start=\"1587\" data-end=\"1695\">Incluye su <strong data-start=\"1598\" data-end=\"1624\">estuche tweed original<\/strong> con interior naranja, una joya por s\u00ed mismo. No incluye COA.<\/p>\n<h3 data-start=\"1697\" data-end=\"1721\">&#x1f4cc; Especificaciones:<\/h3>\n<ul data-start=\"1722\" data-end=\"2097\">\n<li data-start=\"1722\" data-end=\"1757\">\n<p data-start=\"1724\" data-end=\"1757\">A\u00f1o de fabricaci\u00f3n: <strong data-start=\"1744\" data-end=\"1757\">2000\u20132001<\/strong><\/p>\n<\/li>\n<li data-start=\"1758\" data-end=\"1787\">\n<p data-start=\"1760\" data-end=\"1787\">N\u00famero de serie: <strong data-start=\"1777\" data-end=\"1787\">R10763<\/strong><\/p>\n<\/li>\n<li data-start=\"1788\" data-end=\"1842\">\n<p data-start=\"1790\" data-end=\"1842\">Cuerpo: Aliso seleccionado (nitro relic, Fiesta Red)<\/p>\n<\/li>\n<li data-start=\"1843\" data-end=\"1883\">\n<p data-start=\"1845\" data-end=\"1883\">M\u00e1stil: Arce, perfil \u201c10\/56 Boat Neck\u201d<\/p>\n<\/li>\n<li data-start=\"1884\" data-end=\"1934\">\n<p data-start=\"1886\" data-end=\"1934\">Diapas\u00f3n: Arce, 7.25\u201d radius, 21 trastes vintage<\/p>\n<\/li>\n<li data-start=\"1935\" data-end=\"1988\">\n<p data-start=\"1937\" data-end=\"1988\">Pastillas: 3 x Fender Custom Shop &#8217;50s Single Coils<\/p>\n<\/li>\n<li data-start=\"1989\" data-end=\"2013\">\n<p data-start=\"1991\" data-end=\"2013\">Selector: 3 posiciones<\/p>\n<\/li>\n<li data-start=\"2014\" data-end=\"2051\">\n<p data-start=\"2016\" data-end=\"2051\">Hardware: Gold Plated Vintage Style<\/p>\n<\/li>\n<li data-start=\"2052\" data-end=\"2097\">\n<p data-start=\"2054\" data-end=\"2097\">Estuche: Tweed vintage con interior naranja<\/p>\n<\/li>\n<\/ul>\n<h3 data-start=\"2099\" data-end=\"2139\">&#x1f3b8; Una Strat con historia y car\u00e1cter<\/h3>\n<p data-start=\"2140\" data-end=\"2384\">Modelos como este han sido utilizados por artistas como <strong data-start=\"2196\" data-end=\"2210\">Gary Moore<\/strong>, <strong data-start=\"2212\" data-end=\"2227\">Hank Marvin<\/strong>, <strong data-start=\"2229\" data-end=\"2248\">John Frusciante<\/strong> y <strong data-start=\"2251\" data-end=\"2268\">Mark Knopfler<\/strong>, que encontraron en el acabado Fiesta Red y en la construcci\u00f3n de los a\u00f1os 50 una fuente inagotable de inspiraci\u00f3n.<\/p>\n<p data-start=\"2386\" data-end=\"2568\">Esta guitarra no es solo un instrumento. Es una declaraci\u00f3n de estilo, un homenaje al legado Fender y una pieza que cualquier coleccionista o m\u00fasico serio querr\u00eda tener en sus manos.<\/p>\n<p>&#8212;<\/p>\n<p data-start=\"186\" data-end=\"508\">A true time capsule: this <strong data-start=\"212\" data-end=\"245\">Fender Stratocaster &#8217;56 Relic<\/strong>, built by the Custom Shop between <strong data-start=\"280\" data-end=\"297\">2000 and 2001<\/strong>, pays tribute to one of the most iconic eras in Fender history. Finished in <strong data-start=\"374\" data-end=\"388\">Fiesta Red<\/strong>, one of the most legendary custom colors of the 1950s, it perfectly blends vintage character with master craftsmanship.<\/p>\n<p data-start=\"510\" data-end=\"808\">Part of the <strong data-start=\"522\" data-end=\"545\">Time Machine Series<\/strong>, this model is built to vintage-correct specs, capturing the look, feel, and sound of an original mid-1950s Strat. It features a select <strong data-start=\"682\" data-end=\"696\">alder body<\/strong> with a <strong data-start=\"704\" data-end=\"743\">factory nitrocellulose relic finish<\/strong>, exhibiting subtle checking, wear patterns, and authentic aging.<\/p>\n<p data-start=\"810\" data-end=\"1085\">The neck is made of <strong data-start=\"830\" data-end=\"845\">solid maple<\/strong> with a distinctive <strong data-start=\"865\" data-end=\"886\">\u201c10\/56 Boat Neck\u201d<\/strong> profile \u2014 a soft V shape that delivers a substantial, vintage feel. The <strong data-start=\"959\" data-end=\"980\">maple fingerboard<\/strong> has a <strong data-start=\"987\" data-end=\"1003\">7.25\u201d radius<\/strong> and <strong data-start=\"1008\" data-end=\"1034\">21 vintage-style frets<\/strong>, offering a snappy, responsive playing experience.<\/p>\n<p data-start=\"1087\" data-end=\"1408\">Loaded with <strong data-start=\"1099\" data-end=\"1152\">three Fender Custom Shop &#8217;50s single-coil pickups<\/strong>, this Strat delivers the sweet, clear, and dynamic tone that defined a generation. It comes with a <strong data-start=\"1252\" data-end=\"1277\">3-way selector switch<\/strong>, master volume, two tone controls, and all <strong data-start=\"1321\" data-end=\"1353\">gold-plated vintage hardware<\/strong>, including the bridge, jack plate, tuners, and screws.<\/p>\n<p data-start=\"1410\" data-end=\"1596\">It comes with its <strong data-start=\"1428\" data-end=\"1472\">original tweed case with orange interior<\/strong>.<br data-start=\"1491\" data-end=\"1494\" \/><strong data-start=\"1494\" data-end=\"1503\">Note:<\/strong> This guitar does <strong data-start=\"1521\" data-end=\"1528\">not<\/strong> include the original Custom Shop Certificate of Authenticity (COA).<\/p>\n<h3 data-start=\"1598\" data-end=\"1620\">&#x1f4cc; Specifications:<\/h3>\n<ul data-start=\"1621\" data-end=\"1981\">\n<li data-start=\"1621\" data-end=\"1657\">\n<p data-start=\"1623\" data-end=\"1657\">Year of manufacture: <strong data-start=\"1644\" data-end=\"1657\">2000\u20132001<\/strong><\/p>\n<\/li>\n<li data-start=\"1658\" data-end=\"1685\">\n<p data-start=\"1660\" data-end=\"1685\">Serial Number: <strong data-start=\"1675\" data-end=\"1685\">R10763<\/strong><\/p>\n<\/li>\n<li data-start=\"1686\" data-end=\"1737\">\n<p data-start=\"1688\" data-end=\"1737\">Body: Select alder, Fiesta Red nitro relic finish<\/p>\n<\/li>\n<li data-start=\"1738\" data-end=\"1778\">\n<p data-start=\"1740\" data-end=\"1778\">Neck: Maple, \u201c10\/56 Boat Neck\u201d profile<\/p>\n<\/li>\n<li data-start=\"1779\" data-end=\"1831\">\n<p data-start=\"1781\" data-end=\"1831\">Fingerboard: Maple, 7.25\u201d radius, 21 vintage frets<\/p>\n<\/li>\n<li data-start=\"1832\" data-end=\"1883\">\n<p data-start=\"1834\" data-end=\"1883\">Pickups: 3 x Fender Custom Shop &#8217;50s Single-Coils<\/p>\n<\/li>\n<li data-start=\"1884\" data-end=\"1899\">\n<p data-start=\"1886\" data-end=\"1899\">Switch: 3-way<\/p>\n<\/li>\n<li data-start=\"1900\" data-end=\"1937\">\n<p data-start=\"1902\" data-end=\"1937\">Hardware: Gold Plated Vintage Style<\/p>\n<\/li>\n<li data-start=\"1938\" data-end=\"1981\">\n<p data-start=\"1940\" data-end=\"1981\">Case: Original Tweed with Orange Interior<\/p>\n<\/li>\n<\/ul>\n<h3 data-start=\"1983\" data-end=\"2025\">&#x1f3b8; A Stratocaster with soul and legacy<\/h3>\n<p data-start=\"2026\" data-end=\"2207\">This model evokes the spirit of players like <strong data-start=\"2071\" data-end=\"2085\">Gary Moore<\/strong>, <strong data-start=\"2087\" data-end=\"2102\">Hank Marvin<\/strong>, <strong data-start=\"2104\" data-end=\"2123\">John Frusciante<\/strong>, and <strong data-start=\"2129\" data-end=\"2146\">Mark Knopfler<\/strong>, who found endless inspiration in this era of Fender design.<\/p>\n<p data-start=\"2209\" data-end=\"2382\">This guitar is more than an instrument \u2014 it\u2019s a statement piece, a tribute to Fender\u2019s golden years, and a collectible gem for serious players and vintage enthusiasts alike.<\/p>","protected":false},"excerpt":{"rendered":"<p data-start=\"230\" data-end=\"558\">Fender Stratocaster Custom Shop &#8217;56 Relic Fiesta Red (2000\u20132001). Acabado en nitro relicado, cuerpo de aliso, m\u00e1stil de arce con perfil \u201c10\/56 Boat Neck\u201d y diapas\u00f3n de arce. Pastillas Custom Shop \u201850s, hardware dorado, selector de 3 posiciones. Incluye estuche tweed original. <strong data-start=\"507\" data-end=\"525\">No incluye COA<\/strong>. Tono cl\u00e1sico, est\u00e9tica ic\u00f3nica.<\/p>\n<hr data-start=\"560\" data-end=\"563\" \/>\n<p data-start=\"606\" data-end=\"915\">Fender Stratocaster Custom Shop &#8217;56 Relic Fiesta Red (2000\u20132001). Nitro relic finish, select alder body, maple neck with \u201c10\/56 Boat Neck\u201d profile and maple fretboard. Custom Shop \u201850s pickups, gold hardware, 3-way switch. Includes original tweed case. <strong data-start=\"859\" data-end=\"879\">COA not included<\/strong>. Classic tone, iconic vintage look.<\/p>","protected":false},"featured_media":6665,"template":"","meta":{"nf_dc_page":"","_et_pb_use_builder":"","_et_pb_old_content":"","_et_gb_content_width":""},"product_brand":[],"product_cat":[26,17],"product_tag":[],"class_list":{"0":"post-6660","1":"product","2":"type-product","3":"status-publish","4":"has-post-thumbnail","6":"product_cat-fender","7":"product_cat-fender-stratocaster","9":"first","10":"outofstock","11":"taxable","12":"shipping-taxable","13":"purchasable","14":"product-type-simple"},"_links":{"self":[{"href":"https:\/\/escasainguitars.com\/pt\/wp-json\/wp\/v2\/product\/6660","targetHints":{"allow":["GET"]}}],"collection":[{"href":"https:\/\/escasainguitars.com\/pt\/wp-json\/wp\/v2\/product"}],"about":[{"href":"https:\/\/escasainguitars.com\/pt\/wp-json\/wp\/v2\/types\/product"}],"wp:featuredmedia":[{"embeddable":true,"href":"https:\/\/escasainguitars.com\/pt\/wp-json\/wp\/v2\/media\/6665"}],"wp:attachment":[{"href":"https:\/\/escasainguitars.com\/pt\/wp-json\/wp\/v2\/media?parent=6660"}],"wp:term":[{"taxonomy":"product_brand","embeddable":true,"href":"https:\/\/escasainguitars.com\/pt\/wp-json\/wp\/v2\/product_brand?post=6660"},{"taxonomy":"product_cat","embeddable":true,"href":"https:\/\/escasainguitars.com\/pt\/wp-json\/wp\/v2\/product_cat?post=6660"},{"taxonomy":"product_tag","embeddable":true,"href":"https:\/\/escasainguitars.com\/pt\/wp-json\/wp\/v2\/product_tag?post=6660"}],"curies":[{"name":"wp","href":"https:\/\/api.w.org\/{rel}","templated":true}]}}