{"id":6673,"date":"2025-05-23T15:19:52","date_gmt":"2025-05-23T14:19:52","guid":{"rendered":"https:\/\/escasainguitars.com\/?post_type=product&#038;p=6673"},"modified":"2025-12-16T16:37:32","modified_gmt":"2025-12-16T15:37:32","slug":"ce241990","status":"publish","type":"product","link":"https:\/\/escasainguitars.com\/pt\/prs\/ce241990\/","title":{"rendered":"PRS CE 24 \u2013 1990 (Early Prototype)"},"content":{"rendered":"<p><iframe loading=\"lazy\" title=\"SOLD | PRS CE 1990 FIRST MODERN PRS PROTOTYPE OMG!!! \ud83d\ude31\ud83d\ude31\ud83d\ude31\" width=\"1080\" height=\"608\" src=\"https:\/\/www.youtube.com\/embed\/nlTG9nyLx7c?feature=oembed\"  allow=\"accelerometer; autoplay; clipboard-write; encrypted-media; gyroscope; picture-in-picture; web-share\" referrerpolicy=\"strict-origin-when-cross-origin\" allowfullscreen><\/iframe><\/p>\n<p><iframe loading=\"lazy\" title=\"SOLD |  PRS CE 1990 first PROTOTYPE of CE Model? OMG! \ud83c\udfb8\ud83c\udfb8\ud83c\udfb8\" width=\"1080\" height=\"608\" src=\"https:\/\/www.youtube.com\/embed\/ef7X8fICA70?feature=oembed\"  allow=\"accelerometer; autoplay; clipboard-write; encrypted-media; gyroscope; picture-in-picture; web-share\" referrerpolicy=\"strict-origin-when-cross-origin\" allowfullscreen><\/iframe><\/p>\n<p>&nbsp;<\/p>\n<h2 data-start=\"161\" data-end=\"198\">PRS CE 24 \u2013 1990 (Early Prototype)<\/h2>\n<p data-start=\"200\" data-end=\"669\">Esta <strong data-start=\"205\" data-end=\"226\">PRS CE 24 de 1990<\/strong> no es una guitarra cualquiera. Se trata de uno de los <strong data-start=\"281\" data-end=\"304\">primeros prototipos<\/strong> de la serie CE, una l\u00ednea hist\u00f3rica dentro de Paul Reed Smith que marc\u00f3 un antes y un despu\u00e9s en la evoluci\u00f3n de la marca. Este modelo representa el inicio de la apuesta por el m\u00e1stil atornillado en una \u00e9poca dominada por dise\u00f1os con m\u00e1stil encolado, buscando un tono m\u00e1s directo, con m\u00e1s ataque y brillo, sin renunciar al refinamiento tonal caracter\u00edstico de PRS.<\/p>\n<p data-start=\"671\" data-end=\"979\">Fabricada en 1990, con n\u00famero de serie <strong data-start=\"710\" data-end=\"720\">072213<\/strong>, esta CE 24 destaca por su sonido vers\u00e1til, su comodidad y una est\u00e9tica cl\u00e1sica que ha resistido el paso del tiempo. Su m\u00e1stil de arce atornillado, con diapas\u00f3n de palorrosa y <strong data-start=\"897\" data-end=\"912\">moon inlays<\/strong>, ofrece una experiencia de interpretaci\u00f3n r\u00e1pida, firme y musical.<\/p>\n<p data-start=\"981\" data-end=\"1381\">Equipada con <strong data-start=\"994\" data-end=\"1008\">24 trastes<\/strong>, selector rotatorio de 5 posiciones y dos humbuckers originales de la \u00e9poca (probablemente una combinaci\u00f3n <strong data-start=\"1116\" data-end=\"1136\">HFS\/Vintage Bass<\/strong>), esta guitarra cubre con soltura desde el rock cl\u00e1sico hasta el jazz fusi\u00f3n m\u00e1s moderno. El cuerpo combina una tapa de arce con un tono <strong data-start=\"1274\" data-end=\"1294\">Vintage Sunburst<\/strong> y una construcci\u00f3n que, a pesar de sus m\u00e1s de 30 a\u00f1os, se mantiene s\u00f3lida y resonante.<\/p>\n<p data-start=\"1383\" data-end=\"1707\">El puente es el cl\u00e1sico tr\u00e9molo PRS, y los clavijeros vintage originales completan un instrumento que, adem\u00e1s de su valor como herramienta de trabajo, posee una enorme carga emocional e hist\u00f3rica. Fue una de las guitarras que ayud\u00f3 a definir el sonido PRS de los a\u00f1os 90, y hoy se considera una verdadera pieza de colecci\u00f3n.<\/p>\n<h3 data-start=\"1709\" data-end=\"1733\">&#x1f4cc; Especificaciones:<\/h3>\n<ul data-start=\"1734\" data-end=\"2130\">\n<li data-start=\"1734\" data-end=\"1764\">\n<p data-start=\"1736\" data-end=\"1764\">A\u00f1o de fabricaci\u00f3n: <strong data-start=\"1756\" data-end=\"1764\">1990<\/strong><\/p>\n<\/li>\n<li data-start=\"1765\" data-end=\"1794\">\n<p data-start=\"1767\" data-end=\"1794\">N\u00famero de serie: <strong data-start=\"1784\" data-end=\"1794\">072213<\/strong><\/p>\n<\/li>\n<li data-start=\"1795\" data-end=\"1848\">\n<p data-start=\"1797\" data-end=\"1848\">Cuerpo: Tapa de arce, cuerpo probablemente de aliso<\/p>\n<\/li>\n<li data-start=\"1849\" data-end=\"1875\">\n<p data-start=\"1851\" data-end=\"1875\">M\u00e1stil: Arce atornillado<\/p>\n<\/li>\n<li data-start=\"1876\" data-end=\"1918\">\n<p data-start=\"1878\" data-end=\"1918\">Diapas\u00f3n: Palorrosa con inlays tipo moon<\/p>\n<\/li>\n<li data-start=\"1919\" data-end=\"1932\">\n<p data-start=\"1921\" data-end=\"1932\">Trastes: 24<\/p>\n<\/li>\n<li data-start=\"1933\" data-end=\"2007\">\n<p data-start=\"1935\" data-end=\"2007\">Pastillas: Humbuckers originales PRS (HFS &amp; Vintage Bass, probablemente)<\/p>\n<\/li>\n<li data-start=\"2008\" data-end=\"2045\">\n<p data-start=\"2010\" data-end=\"2045\">Selector: Rotatorio de 5 posiciones<\/p>\n<\/li>\n<li data-start=\"2046\" data-end=\"2076\">\n<p data-start=\"2048\" data-end=\"2076\">Puente: PRS tremolo original<\/p>\n<\/li>\n<li data-start=\"2077\" data-end=\"2102\">\n<p data-start=\"2079\" data-end=\"2102\">Clavijeros: PRS Phase I<\/p>\n<\/li>\n<li data-start=\"2103\" data-end=\"2130\">\n<p data-start=\"2105\" data-end=\"2130\">Acabado: Vintage Sunburst<\/p>\n<\/li>\n<\/ul>\n<h3 data-start=\"2132\" data-end=\"2157\">&#x1f3b8; Una pieza con alma<\/h3>\n<p data-start=\"2158\" data-end=\"2431\">Esta PRS CE 24 representa algo m\u00e1s que una guitarra. Es un testimonio de los primeros pasos de una marca que redefinir\u00eda el est\u00e1ndar de calidad en guitarras el\u00e9ctricas. Para m\u00fasicos que buscan un sonido definido y una guitarra con historia, esta pieza es simplemente \u00fanica.<\/p>\n<hr data-start=\"133\" data-end=\"136\" \/>\n<h2 data-start=\"138\" data-end=\"175\">PRS CE 24 \u2013 1990 (Early Prototype)<\/h2>\n<p data-start=\"177\" data-end=\"617\">This <strong data-start=\"182\" data-end=\"200\">1990 PRS CE 24<\/strong> is far from just another guitar. It\u2019s one of the <strong data-start=\"250\" data-end=\"273\">earliest prototypes<\/strong> of the CE series \u2014 a historic line in Paul Reed Smith\u2019s catalog that marked a turning point in the evolution of the brand. This model represents PRS\u2019s first steps into bolt-on neck construction at a time when set-neck guitars dominated the scene, aiming for a brighter, snappier tone without sacrificing PRS\u2019s signature refinement and quality.<\/p>\n<p data-start=\"619\" data-end=\"896\">Built in 1990, with serial number <strong data-start=\"653\" data-end=\"663\">072213<\/strong>, this CE 24 stands out for its tonal versatility, comfort, and timeless aesthetic. The <strong data-start=\"751\" data-end=\"773\">bolt-on maple neck<\/strong> with rosewood fretboard and <strong data-start=\"802\" data-end=\"817\">moon inlays<\/strong> offers a smooth, responsive playing experience with a distinctly vintage vibe.<\/p>\n<p data-start=\"898\" data-end=\"1294\">Equipped with <strong data-start=\"912\" data-end=\"924\">24 frets<\/strong>, a 5-way rotary switch, and a set of original PRS humbuckers (most likely the classic <strong data-start=\"1011\" data-end=\"1033\">HFS &amp; Vintage Bass<\/strong> combo), this guitar effortlessly covers ground from classic rock to modern fusion. The carved maple top features a beautiful <strong data-start=\"1159\" data-end=\"1186\">Vintage Sunburst finish<\/strong>, and the body construction has aged gracefully, remaining resonant and solid after more than three decades.<\/p>\n<p data-start=\"1296\" data-end=\"1622\">It comes with the original <strong data-start=\"1323\" data-end=\"1345\">PRS tremolo bridge<\/strong>, vintage-style <strong data-start=\"1361\" data-end=\"1379\">Phase I tuners<\/strong>, and all the signature details that defined the early CE models. Beyond its function as a high-level professional instrument, it carries tremendous <strong data-start=\"1528\" data-end=\"1562\">historical and emotional value<\/strong> as one of the early guitars that helped shape PRS\u2019s legacy.<\/p>\n<h3 data-start=\"1624\" data-end=\"1646\">&#x1f4cc; Specifications:<\/h3>\n<ul data-start=\"1647\" data-end=\"1962\">\n<li data-start=\"1647\" data-end=\"1663\">\n<p data-start=\"1649\" data-end=\"1663\">Year: <strong data-start=\"1655\" data-end=\"1663\">1990<\/strong><\/p>\n<\/li>\n<li data-start=\"1664\" data-end=\"1691\">\n<p data-start=\"1666\" data-end=\"1691\">Serial Number: <strong data-start=\"1681\" data-end=\"1691\">072213<\/strong><\/p>\n<\/li>\n<li data-start=\"1692\" data-end=\"1728\">\n<p data-start=\"1694\" data-end=\"1728\">Body: Maple top, likely alder back<\/p>\n<\/li>\n<li data-start=\"1729\" data-end=\"1752\">\n<p data-start=\"1731\" data-end=\"1752\">Neck: Maple (bolt-on)<\/p>\n<\/li>\n<li data-start=\"1753\" data-end=\"1793\">\n<p data-start=\"1755\" data-end=\"1793\">Fingerboard: Rosewood with moon inlays<\/p>\n<\/li>\n<li data-start=\"1794\" data-end=\"1805\">\n<p data-start=\"1796\" data-end=\"1805\">Frets: 24<\/p>\n<\/li>\n<li data-start=\"1806\" data-end=\"1868\">\n<p data-start=\"1808\" data-end=\"1868\">Pickups: Original PRS humbuckers (likely HFS &amp; Vintage Bass)<\/p>\n<\/li>\n<li data-start=\"1869\" data-end=\"1891\">\n<p data-start=\"1871\" data-end=\"1891\">Switch: 5-way rotary<\/p>\n<\/li>\n<li data-start=\"1892\" data-end=\"1913\">\n<p data-start=\"1894\" data-end=\"1913\">Bridge: PRS tremolo<\/p>\n<\/li>\n<li data-start=\"1914\" data-end=\"1935\">\n<p data-start=\"1916\" data-end=\"1935\">Tuners: PRS Phase I<\/p>\n<\/li>\n<li data-start=\"1936\" data-end=\"1962\">\n<p data-start=\"1938\" data-end=\"1962\">Finish: Vintage Sunburst<\/p>\n<\/li>\n<\/ul>\n<h3 data-start=\"1964\" data-end=\"1989\">&#x1f3b8; A Guitar with Soul<\/h3>\n<p data-start=\"1990\" data-end=\"2246\">This early PRS CE 24 is more than an instrument \u2014 it&#8217;s a testament to the early days of a company that would go on to redefine excellence in electric guitar design. For players who appreciate tone, history, and character, this piece is truly one of a kind.<\/p>\n<p data-start=\"2158\" data-end=\"2431\">","protected":false},"excerpt":{"rendered":"<p data-start=\"207\" data-end=\"520\">PRS CE 24 de 1990, uno de los primeros prototipos con m\u00e1stil atornillado. 24 trastes, selector rotatorio de 5 posiciones, pastillas PRS originales (probablemente HFS y Vintage Bass), tr\u00e9molo PRS y afinadores Phase I. Acabado Vintage Sunburst. Una pieza hist\u00f3rica con gran valor emocional. N\u00famero de serie: 072213.<\/p>\n<hr data-start=\"522\" data-end=\"525\" \/>\n<p data-start=\"568\" data-end=\"826\">1990 PRS CE 24 \u2013 early prototype with bolt-on neck. 24 frets, 5-way rotary switch, original PRS pickups (likely HFS &amp; Vintage Bass), PRS tremolo and Phase I tuners. Vintage Sunburst finish. A historical piece with deep emotional value. Serial number: 072213.<\/p>","protected":false},"featured_media":6680,"template":"","meta":{"nf_dc_page":"","_et_pb_use_builder":"","_et_pb_old_content":"","_et_gb_content_width":""},"product_brand":[],"product_cat":[40],"product_tag":[],"class_list":{"0":"post-6673","1":"product","2":"type-product","3":"status-publish","4":"has-post-thumbnail","6":"product_cat-prs","8":"first","9":"outofstock","10":"taxable","11":"shipping-taxable","12":"purchasable","13":"product-type-simple"},"_links":{"self":[{"href":"https:\/\/escasainguitars.com\/pt\/wp-json\/wp\/v2\/product\/6673","targetHints":{"allow":["GET"]}}],"collection":[{"href":"https:\/\/escasainguitars.com\/pt\/wp-json\/wp\/v2\/product"}],"about":[{"href":"https:\/\/escasainguitars.com\/pt\/wp-json\/wp\/v2\/types\/product"}],"wp:featuredmedia":[{"embeddable":true,"href":"https:\/\/escasainguitars.com\/pt\/wp-json\/wp\/v2\/media\/6680"}],"wp:attachment":[{"href":"https:\/\/escasainguitars.com\/pt\/wp-json\/wp\/v2\/media?parent=6673"}],"wp:term":[{"taxonomy":"product_brand","embeddable":true,"href":"https:\/\/escasainguitars.com\/pt\/wp-json\/wp\/v2\/product_brand?post=6673"},{"taxonomy":"product_cat","embeddable":true,"href":"https:\/\/escasainguitars.com\/pt\/wp-json\/wp\/v2\/product_cat?post=6673"},{"taxonomy":"product_tag","embeddable":true,"href":"https:\/\/escasainguitars.com\/pt\/wp-json\/wp\/v2\/product_tag?post=6673"}],"curies":[{"name":"wp","href":"https:\/\/api.w.org\/{rel}","templated":true}]}}