{"id":6710,"date":"2025-06-09T10:04:06","date_gmt":"2025-06-09T09:04:06","guid":{"rendered":"https:\/\/escasainguitars.com\/?post_type=product&#038;p=6710"},"modified":"2025-11-14T17:49:05","modified_gmt":"2025-11-14T16:49:05","slug":"fender-custom-shop-54-reissue-stratocaster-masterbuilt-mark-kendrick-ii","status":"publish","type":"product","link":"https:\/\/escasainguitars.com\/pt\/fender\/fender-custom-shop-54-reissue-stratocaster-masterbuilt-mark-kendrick-ii\/","title":{"rendered":"Fender Masterbuilt 54 Reissue Stratocaster Mark Kendrick II"},"content":{"rendered":"<p><iframe loading=\"lazy\" title=\"SOLD | Fender Stratocaster 54 Masterbuilt Mark Kendrick 50th Anniversary OMG! \ud83d\ude33\ud83d\ude31\ud83d\ude0d\" width=\"1080\" height=\"608\" src=\"https:\/\/www.youtube.com\/embed\/RLDwsSjNoYM?feature=oembed\"  allow=\"accelerometer; autoplay; clipboard-write; encrypted-media; gyroscope; picture-in-picture; web-share\" referrerpolicy=\"strict-origin-when-cross-origin\" allowfullscreen><\/iframe><\/p>\n<p><iframe loading=\"lazy\" title=\"Fender Stratocaster Masterbuilt 54\u2019s Mark Kendrick AMAZING MASTERBUILDER OMG!!!\" width=\"1080\" height=\"608\" src=\"https:\/\/www.youtube.com\/embed\/rSdHrsiOYws?feature=oembed\"  allow=\"accelerometer; autoplay; clipboard-write; encrypted-media; gyroscope; picture-in-picture; web-share\" referrerpolicy=\"strict-origin-when-cross-origin\" allowfullscreen><\/iframe><\/p>\n<p>La guitarra est\u00e1 hecha para ser una copia exacta de una Stratocaster original de 1954. Se tomaron cuidadosas medidas digitales de varios originales y, en muchos casos, se utiliz\u00f3 la misma herramienta para fabricar este instrumento. Incluso las pastillas tienen las alturas de pieza polar originales exclusivas de 1954-1955, con un im\u00e1n D m\u00e1s alto que el que encontrar\u00edas en las Stratocaster posteriores.<\/p>\n<p>El cuerpo es una pieza de fresno de pantano seleccionada a mano con un hermoso patr\u00f3n de vetas. El m\u00e1stil es una pieza gruesa de arce en forma de U que s\u00f3lo encontrar\u00e1 en las Stratocasters de 1954-1955. A los 56 se ve la famosa forma de V, y luego los m\u00e1stiles se vuelven m\u00e1s delgados en 1959.<\/p>\n<p>Todas las piezas de pl\u00e1stico son de &#8220;baquelita&#8221; como las originales. Incluso envejecen de la misma manera en las zapatas traseras que en las originales.<\/p>\n<p>Fieles a los instrumentos originales, hay varias otras caracter\u00edsticas. Aqu\u00ed, por primera vez desde 1954, se encuentran las exclusivas perillas, la punta del interruptor, el protector del golpeador, la placa de cubierta del tr\u00e9molo y las cubiertas de las pastillas que han sido remodeladas y fabricadas utilizando las f\u00f3rmulas y materiales exactos. Tambi\u00e9n se incluyen las monturas de puente originales, entonces &#8220;pendientes de patente&#8221;. que se han replicado a pesar de que Fender posee desde hace mucho tiempo las patentes de estas piezas. Finalmente, completando el paquete hay una r\u00e9plica del estuche ajustado enviado con los originales en 1954.<\/p>\n<p>Estos instrumentos son altamente coleccionables y tambi\u00e9n es un placer tocarlos.<br \/>\n&#8212;&#8212;&#8212;&#8212;&#8212;&#8212;&#8212;&#8212;&#8212;&#8212;&#8212;&#8212;&#8212;&#8212;<br \/>\nThe guitar is made to be an exact copy of an original 1954 Stratocaster. Careful digital measurements were taken from several originals and in many cases the same tool was used to make this instrument. Even the pickups have the original polepiece heights unique to 1954-1955, with a higher D magnet than you&#8217;d find on later Stratocasters.<\/p>\n<p>The body is a hand-selected piece of swamp ash with a beautiful grain pattern. The neck is a thick U-shaped piece of maple that you will only find on 1954-1955 Stratocasters. At 56 you see the famous V shape, and then the masts become thinner in 1959.<\/p>\n<p>All plastic parts are &#8220;Bakelite&#8221; like the originals. They even age the same way on the rear shoes as on the original ones.<\/p>\n<p>True to the original instruments, there are several other features. Here, for the first time since 1954, are the unique knobs, switch tip, pickguard guard, tremolo cover plate and pickup covers that have been reshaped and manufactured using the exact formulas and materials. Also included are the original, then &#8220;patent pending&#8221; bridge mounts. which have been replicated even though Fender has long held the patents for these parts. Finally, completing the package is a fitted replica case shipped with the originals in 1954.<\/p>\n<p>These instruments are highly collectible and are also a pleasure to play.<\/p>","protected":false},"excerpt":{"rendered":"<p>A la venta est\u00e1 esta fabulosa Stratocaster Masterbuilt Custom Shop 1954. Esto fue parte de una edici\u00f3n limitada en 2004 que marc\u00f3 el 50 aniversario de este instrumento revolucionario. Esta guitarra en particular est\u00e1 fabricada por el maestro constructor Mark Kendrick.<br \/>\n&#8212;&#8212;&#8212;-<br \/>\nUp for sale is this fabulous Masterbuilt Custom Shop 1954 Stratocaster. This was part of a limited edition in 2004 that marked the 50th anniversary of this revolutionary instrument. This particular guitar is made by master builder Mark Kendrick.<\/p>","protected":false},"featured_media":6711,"template":"","meta":{"nf_dc_page":"","_et_pb_use_builder":"","_et_pb_old_content":"","_et_gb_content_width":""},"product_brand":[],"product_cat":[26,17],"product_tag":[],"class_list":{"0":"post-6710","1":"product","2":"type-product","3":"status-publish","4":"has-post-thumbnail","6":"product_cat-fender","7":"product_cat-fender-stratocaster","9":"first","10":"outofstock","11":"taxable","12":"shipping-taxable","13":"purchasable","14":"product-type-simple"},"_links":{"self":[{"href":"https:\/\/escasainguitars.com\/pt\/wp-json\/wp\/v2\/product\/6710","targetHints":{"allow":["GET"]}}],"collection":[{"href":"https:\/\/escasainguitars.com\/pt\/wp-json\/wp\/v2\/product"}],"about":[{"href":"https:\/\/escasainguitars.com\/pt\/wp-json\/wp\/v2\/types\/product"}],"wp:featuredmedia":[{"embeddable":true,"href":"https:\/\/escasainguitars.com\/pt\/wp-json\/wp\/v2\/media\/6711"}],"wp:attachment":[{"href":"https:\/\/escasainguitars.com\/pt\/wp-json\/wp\/v2\/media?parent=6710"}],"wp:term":[{"taxonomy":"product_brand","embeddable":true,"href":"https:\/\/escasainguitars.com\/pt\/wp-json\/wp\/v2\/product_brand?post=6710"},{"taxonomy":"product_cat","embeddable":true,"href":"https:\/\/escasainguitars.com\/pt\/wp-json\/wp\/v2\/product_cat?post=6710"},{"taxonomy":"product_tag","embeddable":true,"href":"https:\/\/escasainguitars.com\/pt\/wp-json\/wp\/v2\/product_tag?post=6710"}],"curies":[{"name":"wp","href":"https:\/\/api.w.org\/{rel}","templated":true}]}}