{"id":6738,"date":"2025-08-06T21:45:26","date_gmt":"2025-08-06T20:45:26","guid":{"rendered":"https:\/\/escasainguitars.com\/?post_type=product&#038;p=6738"},"modified":"2025-11-26T10:14:31","modified_gmt":"2025-11-26T09:14:31","slug":"fender-stratocaster-1973-sunburst","status":"publish","type":"product","link":"https:\/\/escasainguitars.com\/pt\/fender\/fender-stratocaster-1973-sunburst\/","title":{"rendered":"Fender Stratocaster 1973 Sunburst"},"content":{"rendered":"<p><iframe loading=\"lazy\" title=\"Fender Stratocaster 1973 OMG!!! \ud83d\ude31\ud83c\udfb8\ud83c\udf81\" width=\"1080\" height=\"608\" src=\"https:\/\/www.youtube.com\/embed\/IQtn1MKUVW8?feature=oembed\"  allow=\"accelerometer; autoplay; clipboard-write; encrypted-media; gyroscope; picture-in-picture; web-share\" referrerpolicy=\"strict-origin-when-cross-origin\" allowfullscreen><\/iframe><\/p>\n<p data-start=\"228\" data-end=\"532\">\nUna pieza con historia. Esta Fender Stratocaster de 1973 representa todo lo que define a una Strat vintage: tono, mojo y car\u00e1cter. Con su acabado original en Sunburst de tres tonos y un desgaste natural precioso, esta guitarra es un ejemplo aut\u00e9ntico del trabajo de Fender en los primeros a\u00f1os de los 70.<\/p>\n<p data-start=\"534\" data-end=\"566\"><strong data-start=\"534\" data-end=\"566\">Especificaciones destacadas:<\/strong><\/p>\n<ul data-start=\"568\" data-end=\"1110\">\n<li data-start=\"568\" data-end=\"585\">\n<p data-start=\"570\" data-end=\"585\"><strong data-start=\"570\" data-end=\"578\">A\u00f1o:<\/strong> 1973<\/p>\n<\/li>\n<li data-start=\"586\" data-end=\"616\">\n<p data-start=\"588\" data-end=\"616\"><strong data-start=\"588\" data-end=\"598\">Color:<\/strong> 3-Tone Sunburst<\/p>\n<\/li>\n<li data-start=\"617\" data-end=\"681\">\n<p data-start=\"619\" data-end=\"681\"><strong data-start=\"619\" data-end=\"630\">Cuerpo:<\/strong> Fresno (ash) con un vetado visible impresionante<\/p>\n<\/li>\n<li data-start=\"682\" data-end=\"728\">\n<p data-start=\"684\" data-end=\"728\"><strong data-start=\"684\" data-end=\"695\">M\u00e1stil:<\/strong> Arce con diapas\u00f3n de palorrosa<\/p>\n<\/li>\n<li data-start=\"729\" data-end=\"757\">\n<p data-start=\"731\" data-end=\"757\"><strong data-start=\"731\" data-end=\"744\">Herrajes:<\/strong> Originales<\/p>\n<\/li>\n<li data-start=\"758\" data-end=\"978\">\n<p data-start=\"760\" data-end=\"778\"><strong data-start=\"760\" data-end=\"776\">Electr\u00f3nica:<\/strong><\/p>\n<ul data-start=\"781\" data-end=\"978\">\n<li data-start=\"781\" data-end=\"831\">\n<p data-start=\"783\" data-end=\"831\">Potenci\u00f3metros originales CTS con fecha del 73<\/p>\n<\/li>\n<li data-start=\"834\" data-end=\"865\">\n<p data-start=\"836\" data-end=\"865\">Condensadores no originales<\/p>\n<\/li>\n<li data-start=\"868\" data-end=\"905\">\n<p data-start=\"870\" data-end=\"905\">Selector de 3 posiciones original<\/p>\n<\/li>\n<li data-start=\"908\" data-end=\"978\">\n<p data-start=\"910\" data-end=\"978\">Pastillas originales excepto la de puente, que es una r\u00e9plica fiel<\/p>\n<\/li>\n<\/ul>\n<\/li>\n<li data-start=\"979\" data-end=\"1060\">\n<p data-start=\"981\" data-end=\"1060\"><strong data-start=\"981\" data-end=\"995\">Golpeador:<\/strong> Original, con el envejecido natural caracter\u00edstico de la \u00e9poca<\/p>\n<\/li>\n<li data-start=\"1061\" data-end=\"1110\">\n<p data-start=\"1063\" data-end=\"1110\"><strong data-start=\"1063\" data-end=\"1075\">Estuche:<\/strong> Incluido, posiblemente no original<\/p>\n<\/li>\n<\/ul>\n<p data-start=\"1112\" data-end=\"1351\">El m\u00e1stil conserva la estampaci\u00f3n \u201c13 FEB 73 B\u201d y el cuerpo tambi\u00e9n muestra los sellos caracter\u00edsticos de f\u00e1brica. Los trastes est\u00e1n en buen estado para su edad, y el instrumento ha sido revisado para garantizar un funcionamiento perfecto.<\/p>\n<p data-start=\"1353\" data-end=\"1633\"><strong data-start=\"1353\" data-end=\"1382\">Notas sobre originalidad:<\/strong><br data-start=\"1382\" data-end=\"1385\" \/>La pastilla del puente ha sido reemplazada por una r\u00e9plica vintage-spec. Los condensadores tampoco son originales, pero el resto de la electr\u00f3nica mantiene su autenticidad, con los potenci\u00f3metros originales \u201cMade in Japan\u201d visibles en el pickguard.<\/p>\n<p data-start=\"1635\" data-end=\"1812\">Una Stratocaster con mucho car\u00e1cter y sonido cl\u00e1sico, ideal para coleccionistas y m\u00fasicos que buscan una vintage con personalidad sin pagar el precio de una totalmente original.<\/p>\n<p>&#8212;<\/p>\n<p data-start=\"336\" data-end=\"635\">A true vintage gem. This 1973 Fender Stratocaster brings the unmistakable vibe, tone, and aesthetic of early &#8217;70s Fenders. Featuring its original 3-tone Sunburst finish with beautifully aged wear patterns, it offers everything you&#8217;d expect from a well-loved instrument that&#8217;s stood the test of time.<\/p>\n<p data-start=\"637\" data-end=\"656\"><strong data-start=\"637\" data-end=\"656\">Specifications:<\/strong><\/p>\n<ul data-start=\"658\" data-end=\"1109\">\n<li data-start=\"658\" data-end=\"676\">\n<p data-start=\"660\" data-end=\"676\"><strong data-start=\"660\" data-end=\"669\">Year:<\/strong> 1973<\/p>\n<\/li>\n<li data-start=\"677\" data-end=\"717\">\n<p data-start=\"679\" data-end=\"717\"><strong data-start=\"679\" data-end=\"690\">Finish:<\/strong> Original 3-Tone Sunburst<\/p>\n<\/li>\n<li data-start=\"718\" data-end=\"754\">\n<p data-start=\"720\" data-end=\"754\"><strong data-start=\"720\" data-end=\"729\">Body:<\/strong> Ash with visible grain<\/p>\n<\/li>\n<li data-start=\"755\" data-end=\"798\">\n<p data-start=\"757\" data-end=\"798\"><strong data-start=\"757\" data-end=\"766\">Neck:<\/strong> Maple with rosewood fretboard<\/p>\n<\/li>\n<li data-start=\"799\" data-end=\"825\">\n<p data-start=\"801\" data-end=\"825\"><strong data-start=\"801\" data-end=\"814\">Hardware:<\/strong> Original<\/p>\n<\/li>\n<li data-start=\"826\" data-end=\"1020\">\n<p data-start=\"828\" data-end=\"846\"><strong data-start=\"828\" data-end=\"844\">Electronics:<\/strong><\/p>\n<ul data-start=\"849\" data-end=\"1020\">\n<li data-start=\"849\" data-end=\"882\">\n<p data-start=\"851\" data-end=\"882\">Original CTS pots (dated &#8217;73)<\/p>\n<\/li>\n<li data-start=\"885\" data-end=\"912\">\n<p data-start=\"887\" data-end=\"912\">Non-original capacitors<\/p>\n<\/li>\n<li data-start=\"915\" data-end=\"949\">\n<p data-start=\"917\" data-end=\"949\">Original 3-way selector switch<\/p>\n<\/li>\n<li data-start=\"952\" data-end=\"1020\">\n<p data-start=\"954\" data-end=\"1020\">Original pickups except for the bridge pickup (accurate replica)<\/p>\n<\/li>\n<\/ul>\n<\/li>\n<li data-start=\"1021\" data-end=\"1064\">\n<p data-start=\"1023\" data-end=\"1064\"><strong data-start=\"1023\" data-end=\"1037\">Pickguard:<\/strong> Original, naturally aged<\/p>\n<\/li>\n<li data-start=\"1065\" data-end=\"1109\">\n<p data-start=\"1067\" data-end=\"1109\"><strong data-start=\"1067\" data-end=\"1076\">Case:<\/strong> Included (possibly non-original)<\/p>\n<\/li>\n<\/ul>\n<p data-start=\"1111\" data-end=\"1310\">The neck stamp reads \u201c13 FEB 73 B\u201d, and the body retains the original factory stamps. Frets are in good condition for the age, and the instrument has been professionally checked and is ready to play.<\/p>\n<p data-start=\"1312\" data-end=\"1544\"><strong data-start=\"1312\" data-end=\"1337\">Notes on originality:<\/strong><br data-start=\"1337\" data-end=\"1340\" \/>The bridge pickup has been replaced with a vintage-spec replica. The capacitors are not original, but the rest of the electronics remain stock and period-correct, including the &#8220;Made in Japan&#8221; 250k\u03a9 pots.<\/p>\n<p data-start=\"1546\" data-end=\"1725\">This Strat offers genuine vintage tone and looks, with enough wear to tell its story\u2014perfect for collectors and players looking for vintage mojo without paying Custom Shop prices.<\/p>","protected":false},"excerpt":{"rendered":"<p><strong data-start=\"1879\" data-end=\"1916\">Fender Stratocaster 1973 Sunburst<br data-start=\"102\" data-end=\"105\" \/><\/strong>Stratocaster vintage con acabado y herrajes originales. La pastilla del puente es una r\u00e9plica y los condensadores no son originales. Revisada por completo y lista para tocar. Todo el tono y el car\u00e1cter de una Fender de los 70.<br \/>\n&#8212;<strong data-start=\"1879\" data-end=\"1916\"><br \/>\nFender Stratocaster 1973 Sunburst<\/strong><br data-start=\"1916\" data-end=\"1919\" \/>Vintage Fender Strat with original finish and hardware. Non-original bridge pickup (replica) and caps. Professionally checked and ready to play. A true &#8217;70s Strat with classic tone and vibe.<\/p>","protected":false},"featured_media":6764,"template":"","meta":{"nf_dc_page":"","_et_pb_use_builder":"","_et_pb_old_content":"","_et_gb_content_width":""},"product_brand":[],"product_cat":[26,17],"product_tag":[],"class_list":{"0":"post-6738","1":"product","2":"type-product","3":"status-publish","4":"has-post-thumbnail","6":"product_cat-fender","7":"product_cat-fender-stratocaster","9":"first","10":"instock","11":"taxable","12":"shipping-taxable","13":"purchasable","14":"product-type-simple"},"_links":{"self":[{"href":"https:\/\/escasainguitars.com\/pt\/wp-json\/wp\/v2\/product\/6738","targetHints":{"allow":["GET"]}}],"collection":[{"href":"https:\/\/escasainguitars.com\/pt\/wp-json\/wp\/v2\/product"}],"about":[{"href":"https:\/\/escasainguitars.com\/pt\/wp-json\/wp\/v2\/types\/product"}],"wp:featuredmedia":[{"embeddable":true,"href":"https:\/\/escasainguitars.com\/pt\/wp-json\/wp\/v2\/media\/6764"}],"wp:attachment":[{"href":"https:\/\/escasainguitars.com\/pt\/wp-json\/wp\/v2\/media?parent=6738"}],"wp:term":[{"taxonomy":"product_brand","embeddable":true,"href":"https:\/\/escasainguitars.com\/pt\/wp-json\/wp\/v2\/product_brand?post=6738"},{"taxonomy":"product_cat","embeddable":true,"href":"https:\/\/escasainguitars.com\/pt\/wp-json\/wp\/v2\/product_cat?post=6738"},{"taxonomy":"product_tag","embeddable":true,"href":"https:\/\/escasainguitars.com\/pt\/wp-json\/wp\/v2\/product_tag?post=6738"}],"curies":[{"name":"wp","href":"https:\/\/api.w.org\/{rel}","templated":true}]}}