{"id":6740,"date":"2025-08-06T22:03:08","date_gmt":"2025-08-06T21:03:08","guid":{"rendered":"https:\/\/escasainguitars.com\/?post_type=product&#038;p=6740"},"modified":"2025-10-13T18:51:09","modified_gmt":"2025-10-13T17:51:09","slug":"gibson-les-paul-custom-2015-ebony","status":"publish","type":"product","link":"https:\/\/escasainguitars.com\/pt\/gibson\/gibson-les-paul-custom-2015-ebony\/","title":{"rendered":"Gibson Les Paul Custom 2015 Ebony"},"content":{"rendered":"<p data-start=\"378\" data-end=\"666\">Una Custom moderna con alma cl\u00e1sica. Esta Gibson Les Paul Custom de 2015 en acabado Ebony ofrece la elegancia atemporal de las Black Beauty, con todas las mejoras de construcci\u00f3n de la era reciente de Gibson USA. Es una guitarra poderosa, vers\u00e1til y construida con los mejores materiales.<\/p>\n<p data-start=\"668\" data-end=\"689\"><strong data-start=\"668\" data-end=\"689\">Especificaciones:<\/strong><\/p>\n<ul data-start=\"691\" data-end=\"1158\">\n<li data-start=\"691\" data-end=\"708\">\n<p data-start=\"693\" data-end=\"708\"><strong data-start=\"693\" data-end=\"701\">A\u00f1o:<\/strong> 2015<\/p>\n<\/li>\n<li data-start=\"709\" data-end=\"747\">\n<p data-start=\"711\" data-end=\"747\"><strong data-start=\"711\" data-end=\"721\">Color:<\/strong> Ebony (negro brillante)<\/p>\n<\/li>\n<li data-start=\"748\" data-end=\"796\">\n<p data-start=\"750\" data-end=\"796\"><strong data-start=\"750\" data-end=\"761\">Cuerpo:<\/strong> Cuerpo de caoba con tapa de arce<\/p>\n<\/li>\n<li data-start=\"797\" data-end=\"834\">\n<p data-start=\"799\" data-end=\"834\"><strong data-start=\"799\" data-end=\"810\">M\u00e1stil:<\/strong> Caoba, perfil Rounded<\/p>\n<\/li>\n<li data-start=\"835\" data-end=\"882\">\n<p data-start=\"837\" data-end=\"882\"><strong data-start=\"837\" data-end=\"850\">Diapas\u00f3n:<\/strong> Richlite con bloques perlados<\/p>\n<\/li>\n<li data-start=\"883\" data-end=\"912\">\n<p data-start=\"885\" data-end=\"912\"><strong data-start=\"885\" data-end=\"897\">Trastes:<\/strong> Medium jumbo<\/p>\n<\/li>\n<li data-start=\"913\" data-end=\"968\">\n<p data-start=\"915\" data-end=\"968\"><strong data-start=\"915\" data-end=\"929\">Pastillas:<\/strong> Gibson 490R (m\u00e1stil) \/ 498T (puente)<\/p>\n<\/li>\n<li data-start=\"969\" data-end=\"1020\">\n<p data-start=\"971\" data-end=\"1020\"><strong data-start=\"971\" data-end=\"983\">Cejuela:<\/strong> Zero Fret Nut con ajuste de altura<\/p>\n<\/li>\n<li data-start=\"1021\" data-end=\"1056\">\n<p data-start=\"1023\" data-end=\"1056\"><strong data-start=\"1023\" data-end=\"1038\">Clavijeros:<\/strong> Grover Keystone<\/p>\n<\/li>\n<li data-start=\"1057\" data-end=\"1107\">\n<p data-start=\"1059\" data-end=\"1107\"><strong data-start=\"1059\" data-end=\"1070\">Puente:<\/strong> Nashville Tune-O-Matic con stopbar<\/p>\n<\/li>\n<li data-start=\"1108\" data-end=\"1158\">\n<p data-start=\"1110\" data-end=\"1158\"><strong data-start=\"1110\" data-end=\"1125\">Accesorios:<\/strong> Estuche original Gibson incluido<\/p>\n<\/li>\n<\/ul>\n<p data-start=\"1160\" data-end=\"1464\">Esta guitarra forma parte de la colecci\u00f3n del 120\u00ba aniversario de Gibson, por lo que lleva la incrustaci\u00f3n conmemorativa en el traste 12 y detalles distintivos de ese a\u00f1o. El acabado negro brillante muestra ligeros signos de uso, pero est\u00e1 en excelente estado general, sin reparaciones ni modificaciones.<\/p>\n<p data-start=\"1466\" data-end=\"1645\">Una Les Paul Custom ideal para quien busca ese look ic\u00f3nico de los grandes del rock y del metal, pero con especificaciones m\u00e1s modernas y una gran fiabilidad en directo y estudio.<\/p>\n<p>&#8212;<\/p>\n<p data-start=\"196\" data-end=\"482\">A modern Custom with a classic soul. This 2015 Gibson Les Paul Custom in Ebony finish delivers the timeless elegance of a Black Beauty, paired with the build quality and modern features of the recent Gibson USA era. It&#8217;s a powerful, versatile instrument crafted with top-tier materials.<\/p>\n<p data-start=\"484\" data-end=\"503\"><strong data-start=\"484\" data-end=\"503\">Specifications:<\/strong><\/p>\n<ul data-start=\"505\" data-end=\"956\">\n<li data-start=\"505\" data-end=\"523\">\n<p data-start=\"507\" data-end=\"523\"><strong data-start=\"507\" data-end=\"516\">Year:<\/strong> 2015<\/p>\n<\/li>\n<li data-start=\"524\" data-end=\"560\">\n<p data-start=\"526\" data-end=\"560\"><strong data-start=\"526\" data-end=\"537\">Finish:<\/strong> Ebony (glossy black)<\/p>\n<\/li>\n<li data-start=\"561\" data-end=\"605\">\n<p data-start=\"563\" data-end=\"605\"><strong data-start=\"563\" data-end=\"572\">Body:<\/strong> Mahogany with carved maple top<\/p>\n<\/li>\n<li data-start=\"606\" data-end=\"645\">\n<p data-start=\"608\" data-end=\"645\"><strong data-start=\"608\" data-end=\"617\">Neck:<\/strong> Mahogany, Rounded profile<\/p>\n<\/li>\n<li data-start=\"646\" data-end=\"700\">\n<p data-start=\"648\" data-end=\"700\"><strong data-start=\"648\" data-end=\"662\">Fretboard:<\/strong> Richlite with pearloid block inlays<\/p>\n<\/li>\n<li data-start=\"701\" data-end=\"728\">\n<p data-start=\"703\" data-end=\"728\"><strong data-start=\"703\" data-end=\"713\">Frets:<\/strong> Medium jumbo<\/p>\n<\/li>\n<li data-start=\"729\" data-end=\"780\">\n<p data-start=\"731\" data-end=\"780\"><strong data-start=\"731\" data-end=\"743\">Pickups:<\/strong> Gibson 490R (neck) \/ 498T (bridge)<\/p>\n<\/li>\n<li data-start=\"781\" data-end=\"818\">\n<p data-start=\"783\" data-end=\"818\"><strong data-start=\"783\" data-end=\"791\">Nut:<\/strong> Adjustable Zero Fret Nut<\/p>\n<\/li>\n<li data-start=\"819\" data-end=\"850\">\n<p data-start=\"821\" data-end=\"850\"><strong data-start=\"821\" data-end=\"832\">Tuners:<\/strong> Grover Keystone<\/p>\n<\/li>\n<li data-start=\"851\" data-end=\"902\">\n<p data-start=\"853\" data-end=\"902\"><strong data-start=\"853\" data-end=\"864\">Bridge:<\/strong> Nashville Tune-O-Matic with stopbar<\/p>\n<\/li>\n<li data-start=\"903\" data-end=\"956\">\n<p data-start=\"905\" data-end=\"956\"><strong data-start=\"905\" data-end=\"921\">Accessories:<\/strong> Original Gibson hard case included<\/p>\n<\/li>\n<\/ul>\n<p data-start=\"958\" data-end=\"1260\">This model is part of Gibson&#8217;s 120th Anniversary collection and features the commemorative inlay at the 12th fret along with several unique design elements from that year. The glossy black finish shows minimal playwear and the guitar is in excellent overall condition, with no repairs or modifications.<\/p>\n<p data-start=\"1262\" data-end=\"1433\">An ideal Les Paul Custom for players seeking that iconic Black Beauty look loved by rock and metal legends, combined with modern reliability for both stage and studio use.<\/p>","protected":false},"excerpt":{"rendered":"<p data-start=\"1799\" data-end=\"1990\"><strong data-start=\"1799\" data-end=\"1836\">Gibson Les Paul Custom 2015 Ebony<\/strong><br data-start=\"1836\" data-end=\"1839\" \/>Elegancia y potencia en una sola guitarra. Cl\u00e1sica Black Beauty con pastillas Gibson 490R\/498T, cejuela ajustable y estuche original. Lista para tocar.<br \/>\n&#8212;<br \/>\n<strong data-start=\"1574\" data-end=\"1611\">Gibson Les Paul Custom 2015 Ebony<\/strong><br data-start=\"1611\" data-end=\"1614\" \/>Timeless Black Beauty with Gibson 490R\/498T pickups, adjustable nut, and original hard case. Elegant, powerful, and ready to play.<\/p>","protected":false},"featured_media":6774,"template":"","meta":{"nf_dc_page":"","_et_pb_use_builder":"","_et_pb_old_content":"","_et_gb_content_width":""},"product_brand":[],"product_cat":[27,16],"product_tag":[],"class_list":{"0":"post-6740","1":"product","2":"type-product","3":"status-publish","4":"has-post-thumbnail","6":"product_cat-gibson","7":"product_cat-gibson-les-paul","9":"first","10":"outofstock","11":"taxable","12":"shipping-taxable","13":"purchasable","14":"product-type-simple"},"_links":{"self":[{"href":"https:\/\/escasainguitars.com\/pt\/wp-json\/wp\/v2\/product\/6740","targetHints":{"allow":["GET"]}}],"collection":[{"href":"https:\/\/escasainguitars.com\/pt\/wp-json\/wp\/v2\/product"}],"about":[{"href":"https:\/\/escasainguitars.com\/pt\/wp-json\/wp\/v2\/types\/product"}],"wp:featuredmedia":[{"embeddable":true,"href":"https:\/\/escasainguitars.com\/pt\/wp-json\/wp\/v2\/media\/6774"}],"wp:attachment":[{"href":"https:\/\/escasainguitars.com\/pt\/wp-json\/wp\/v2\/media?parent=6740"}],"wp:term":[{"taxonomy":"product_brand","embeddable":true,"href":"https:\/\/escasainguitars.com\/pt\/wp-json\/wp\/v2\/product_brand?post=6740"},{"taxonomy":"product_cat","embeddable":true,"href":"https:\/\/escasainguitars.com\/pt\/wp-json\/wp\/v2\/product_cat?post=6740"},{"taxonomy":"product_tag","embeddable":true,"href":"https:\/\/escasainguitars.com\/pt\/wp-json\/wp\/v2\/product_tag?post=6740"}],"curies":[{"name":"wp","href":"https:\/\/api.w.org\/{rel}","templated":true}]}}