{"id":6794,"date":"2025-10-23T17:34:09","date_gmt":"2025-10-23T16:34:09","guid":{"rendered":"https:\/\/escasainguitars.com\/?post_type=product&#038;p=6794"},"modified":"2025-11-14T17:48:49","modified_gmt":"2025-11-14T16:48:49","slug":"gibson-les-paul-1958-reissue-r8-2023-lemonburst-custom-shop","status":"publish","type":"product","link":"https:\/\/escasainguitars.com\/pt\/gibson\/gibson-les-paul-1958-reissue-r8-2023-lemonburst-custom-shop\/","title":{"rendered":"Gibson Les Paul 1958 Reissue R8 2023 Lemonburst \u2013 Custom Shop"},"content":{"rendered":"<p><iframe loading=\"lazy\" title=\"Gibson Les Paul 1958 Reissue R8 2023 \u2013 Lemonburst (Custom Shop)\" width=\"1080\" height=\"608\" src=\"https:\/\/www.youtube.com\/embed\/l6wA12Nxj1k?start=1&#038;feature=oembed\"  allow=\"accelerometer; autoplay; clipboard-write; encrypted-media; gyroscope; picture-in-picture; web-share\" referrerpolicy=\"strict-origin-when-cross-origin\" allowfullscreen><\/iframe><\/p>\n<p>&nbsp;<\/p>\n<p data-start=\"232\" data-end=\"295\"><strong data-start=\"232\" data-end=\"295\">N\u00famero de serie: 831653 | Estado: Impecable | 100% original<\/strong><\/p>\n<p data-start=\"297\" data-end=\"598\">Esta <strong data-start=\"302\" data-end=\"354\">Gibson Les Paul R8 de 2023 en acabado Lemonburst<\/strong> representa la esencia del Custom Shop moderno: fidelidad hist\u00f3rica, tono vintage y una tapa con un flameado precioso y natural. Fabricada en el Custom Shop de Nashville, pertenece a la etapa m\u00e1s precisa en t\u00e9rminos de especificaciones vintage.<\/p>\n<h3 data-start=\"600\" data-end=\"634\">&#x1f527; Especificaciones destacadas<\/h3>\n<ul data-start=\"635\" data-end=\"1035\">\n<li data-start=\"635\" data-end=\"717\">\n<p data-start=\"637\" data-end=\"717\">Clavijeros Kluson Deluxe <strong data-start=\"662\" data-end=\"693\">\u201csingle line \/ single ring\u201d<\/strong> (correctos para 1958)<\/p>\n<\/li>\n<li data-start=\"718\" data-end=\"770\">\n<p data-start=\"720\" data-end=\"770\">Pastillas <strong data-start=\"730\" data-end=\"757\">Custombucker Alnico III<\/strong> sin potear<\/p>\n<\/li>\n<li data-start=\"771\" data-end=\"826\">\n<p data-start=\"773\" data-end=\"826\">Cableado <strong data-start=\"782\" data-end=\"796\">50s wiring<\/strong> con condensadores Bumblebee<\/p>\n<\/li>\n<li data-start=\"827\" data-end=\"906\">\n<p data-start=\"829\" data-end=\"906\"><strong data-start=\"829\" data-end=\"875\">Acabado nitrocelul\u00f3sico sin plastificantes<\/strong>, con pl\u00e1sticos True Historic<\/p>\n<\/li>\n<li data-start=\"907\" data-end=\"974\">\n<p data-start=\"909\" data-end=\"974\"><strong data-start=\"909\" data-end=\"935\">Cuerpo de caoba maciza<\/strong> y tapa de arce flameado de una pieza<\/p>\n<\/li>\n<li data-start=\"975\" data-end=\"1035\">\n<p data-start=\"977\" data-end=\"1035\">Perfil de m\u00e1stil <strong data-start=\"994\" data-end=\"1009\">Rounded &#8217;58<\/strong> escaneado de originales<\/p>\n<\/li>\n<\/ul>\n<h3 data-start=\"1037\" data-end=\"1051\">&#x1f3a8; Acabado<\/h3>\n<p data-start=\"1052\" data-end=\"1312\">El color <strong data-start=\"1061\" data-end=\"1075\">Lemonburst<\/strong> es uno de los m\u00e1s deseados entre las Reissue por su est\u00e9tica cl\u00e1sica y su capacidad para resaltar las vetas del arce. Bajo la luz natural, ofrece un tono c\u00e1lido, dorado y equilibrado, evocando las aut\u00e9nticas Bursts de finales de los 50.<\/p>\n<h3 data-start=\"1314\" data-end=\"1328\">&#x1f9f3; Incluye<\/h3>\n<ul data-start=\"1329\" data-end=\"1445\">\n<li data-start=\"1329\" data-end=\"1359\">\n<p data-start=\"1331\" data-end=\"1359\">Estuche marr\u00f3n tipo Lifton<\/p>\n<\/li>\n<li data-start=\"1360\" data-end=\"1397\">\n<p data-start=\"1362\" data-end=\"1397\">Certificado de autenticidad (COA)<\/p>\n<\/li>\n<li data-start=\"1398\" data-end=\"1445\">\n<p data-start=\"1400\" data-end=\"1445\">Manuales, etiquetas y accesorios originales<\/p>\n<\/li>\n<\/ul>\n<h3 data-start=\"1447\" data-end=\"1460\">&#x1f4f9; Review<\/h3>\n<p data-start=\"1461\" data-end=\"1504\">Disponible en YouTube: <strong data-start=\"1484\" data-end=\"1504\">Escasain Guitars<\/strong><\/p>\n<hr data-start=\"123\" data-end=\"126\" \/>\n<p data-start=\"198\" data-end=\"257\"><strong data-start=\"198\" data-end=\"257\">Serial Number: 831653 | Condition: Mint | 100% Original<\/strong><\/p>\n<p data-start=\"259\" data-end=\"555\">This <strong data-start=\"264\" data-end=\"302\">2023 Gibson Les Paul R8 Lemonburst<\/strong> perfectly captures the essence of the modern Custom Shop: historical accuracy, vintage tone, and a beautifully figured maple top. Built at the Gibson Custom Shop in Nashville, it belongs to one of the most precise and authentic production eras to date.<\/p>\n<h3 data-start=\"557\" data-end=\"576\">&#x1f527; Key Features<\/h3>\n<ul data-start=\"577\" data-end=\"954\">\n<li data-start=\"577\" data-end=\"659\">\n<p data-start=\"579\" data-end=\"659\">Kluson Deluxe <strong data-start=\"593\" data-end=\"624\">\u201csingle line \/ single ring\u201d<\/strong> tuners (period-correct for 1958)<\/p>\n<\/li>\n<li data-start=\"660\" data-end=\"708\">\n<p data-start=\"662\" data-end=\"708\"><strong data-start=\"662\" data-end=\"698\">Unpotted Alnico III Custombucker<\/strong> pickups<\/p>\n<\/li>\n<li data-start=\"709\" data-end=\"753\">\n<p data-start=\"711\" data-end=\"753\"><strong data-start=\"711\" data-end=\"725\">50s wiring<\/strong> with Bumblebee capacitors<\/p>\n<\/li>\n<li data-start=\"754\" data-end=\"833\">\n<p data-start=\"756\" data-end=\"833\"><strong data-start=\"756\" data-end=\"802\">Nitrocellulose finish without plasticizers<\/strong>, with True Historic plastics<\/p>\n<\/li>\n<li data-start=\"834\" data-end=\"890\">\n<p data-start=\"836\" data-end=\"890\"><strong data-start=\"836\" data-end=\"863\">One-piece mahogany body<\/strong> and <strong data-start=\"868\" data-end=\"888\">carved maple top<\/strong><\/p>\n<\/li>\n<li data-start=\"891\" data-end=\"954\">\n<p data-start=\"893\" data-end=\"954\"><strong data-start=\"893\" data-end=\"921\">Rounded \u201958 neck profile<\/strong> scanned from vintage originals<\/p>\n<\/li>\n<\/ul>\n<h3 data-start=\"956\" data-end=\"969\">&#x1f3a8; Finish<\/h3>\n<p data-start=\"970\" data-end=\"1192\">The <strong data-start=\"974\" data-end=\"988\">Lemonburst<\/strong> finish is one of the most sought-after in the Historic Reissue series, showcasing an elegant, natural flame. Under natural light, it reveals a warm, golden hue reminiscent of the iconic late-\u201950s Bursts.<\/p>\n<h3 data-start=\"1194\" data-end=\"1209\">&#x1f9f3; Includes<\/h3>\n<ul data-start=\"1210\" data-end=\"1350\">\n<li data-start=\"1210\" data-end=\"1246\">\n<p data-start=\"1212\" data-end=\"1246\">Original brown Lifton-style case<\/p>\n<\/li>\n<li data-start=\"1247\" data-end=\"1303\">\n<p data-start=\"1249\" data-end=\"1303\">Gibson Custom Shop Certificate of Authenticity (COA)<\/p>\n<\/li>\n<li data-start=\"1304\" data-end=\"1350\">\n<p data-start=\"1306\" data-end=\"1350\">Manuals, tags, and all original case candy<\/p>\n<\/li>\n<\/ul>\n<h3 data-start=\"1352\" data-end=\"1365\">&#x1f4f9; Review<\/h3>\n<p data-start=\"1366\" data-end=\"1420\">Watch the full review on YouTube: <strong data-start=\"1400\" data-end=\"1420\">Escasain Guitars<\/strong><\/p>\n<p data-start=\"1461\" data-end=\"1504\"><strong data-start=\"1484\" data-end=\"1504\">\u00a0<\/strong><\/p>","protected":false},"excerpt":{"rendered":"<p data-start=\"185\" data-end=\"479\">Gibson Les Paul 1958 Reissue R8 2023 Lemonburst. Custom Shop de Nashville, totalmente original y en estado impecable. Una de las mejores etapas modernas: tono vintage, tapa flameada espectacular y m\u00e1xima fidelidad hist\u00f3rica. Incluye estuche Lifton y COA. Review en YouTube \u2013 Escasain Guitars.<\/p>\n<hr data-start=\"481\" data-end=\"484\" \/>\n<p data-start=\"530\" data-end=\"806\" data-is-last-node=\"\" data-is-only-node=\"\">2023 Gibson Les Paul 1958 Reissue R8 Lemonburst. Nashville Custom Shop, 100% original and mint condition. One of the finest modern Reissues: authentic vintage tone, stunning flame top and true historic specs. Includes Lifton case and COA. Review on YouTube \u2013 Escasain Guitars.<\/p>","protected":false},"featured_media":6795,"template":"","meta":{"nf_dc_page":"","_et_pb_use_builder":"","_et_pb_old_content":"","_et_gb_content_width":""},"product_brand":[],"product_cat":[27,16],"product_tag":[],"class_list":{"0":"post-6794","1":"product","2":"type-product","3":"status-publish","4":"has-post-thumbnail","6":"product_cat-gibson","7":"product_cat-gibson-les-paul","9":"first","10":"outofstock","11":"taxable","12":"shipping-taxable","13":"purchasable","14":"product-type-simple"},"_links":{"self":[{"href":"https:\/\/escasainguitars.com\/pt\/wp-json\/wp\/v2\/product\/6794","targetHints":{"allow":["GET"]}}],"collection":[{"href":"https:\/\/escasainguitars.com\/pt\/wp-json\/wp\/v2\/product"}],"about":[{"href":"https:\/\/escasainguitars.com\/pt\/wp-json\/wp\/v2\/types\/product"}],"wp:featuredmedia":[{"embeddable":true,"href":"https:\/\/escasainguitars.com\/pt\/wp-json\/wp\/v2\/media\/6795"}],"wp:attachment":[{"href":"https:\/\/escasainguitars.com\/pt\/wp-json\/wp\/v2\/media?parent=6794"}],"wp:term":[{"taxonomy":"product_brand","embeddable":true,"href":"https:\/\/escasainguitars.com\/pt\/wp-json\/wp\/v2\/product_brand?post=6794"},{"taxonomy":"product_cat","embeddable":true,"href":"https:\/\/escasainguitars.com\/pt\/wp-json\/wp\/v2\/product_cat?post=6794"},{"taxonomy":"product_tag","embeddable":true,"href":"https:\/\/escasainguitars.com\/pt\/wp-json\/wp\/v2\/product_tag?post=6794"}],"curies":[{"name":"wp","href":"https:\/\/api.w.org\/{rel}","templated":true}]}}