{"id":6830,"date":"2025-12-18T19:49:27","date_gmt":"2025-12-18T18:49:27","guid":{"rendered":"https:\/\/escasainguitars.com\/?post_type=product&#038;p=6830"},"modified":"2026-04-12T18:54:54","modified_gmt":"2026-04-12T17:54:54","slug":"gibson-les-paul-1956-reissue-r6-goldtop-custom-shop-2024","status":"publish","type":"product","link":"https:\/\/escasainguitars.com\/pt\/gibson\/gibson-les-paul-1956-reissue-r6-goldtop-custom-shop-2024\/","title":{"rendered":"Gibson Les Paul 1956 Reissue R6 Goldtop \u2013 Custom Shop (2024)"},"content":{"rendered":"<p><iframe loading=\"lazy\" title=\"Gibson Les Paul 1956 R6 Goldtop 2024 OMG!!! \ud83d\ude31\ud83c\udfb8\ud83e\udef6\" width=\"1080\" height=\"608\" src=\"https:\/\/www.youtube.com\/embed\/ABGzuwamUkk?feature=oembed\"  allow=\"accelerometer; autoplay; clipboard-write; encrypted-media; gyroscope; picture-in-picture; web-share\" referrerpolicy=\"strict-origin-when-cross-origin\" allowfullscreen><\/iframe><\/p>\n<h2 data-start=\"129\" data-end=\"192\">Gibson Les Paul 1956 Reissue R6 Goldtop \u2013 Custom Shop (2024)<\/h2>\n<p data-start=\"194\" data-end=\"376\">Disponible en <strong data-start=\"208\" data-end=\"228\">Escasain Guitars<\/strong> esta espectacular <strong data-start=\"247\" data-end=\"294\">Gibson Les Paul R6 Goldtop Custom Shop 2024<\/strong>, una recreaci\u00f3n fiel de uno de los modelos m\u00e1s ic\u00f3nicos de la historia de Gibson.<\/p>\n<p data-start=\"378\" data-end=\"625\">Construida en el <strong data-start=\"395\" data-end=\"423\">Gibson Custom Shop (USA)<\/strong>, esta R6 presenta el cl\u00e1sico acabado <strong data-start=\"461\" data-end=\"472\">Goldtop<\/strong>, cuerpo de <strong data-start=\"484\" data-end=\"506\">caoba de una pieza<\/strong>, tapa de <strong data-start=\"516\" data-end=\"524\">arce<\/strong>, y el inconfundible m\u00e1stil <strong data-start=\"552\" data-end=\"568\">\u201950s Rounded<\/strong>, ofreciendo una sensaci\u00f3n s\u00f3lida y aut\u00e9ntica en la mano.<\/p>\n<p data-start=\"627\" data-end=\"939\">Equipada con <strong data-start=\"640\" data-end=\"674\">dos pastillas P-90 Custom Shop<\/strong>, entrega un sonido <strong data-start=\"694\" data-end=\"737\">abierto, din\u00e1mico y con enorme car\u00e1cter<\/strong>, con graves definidos, medios ricos y ese ataque crudo que hizo legendarias a las Goldtop de los a\u00f1os 50. Una guitarra extremadamente expresiva, tanto en limpio como empujando un amplificador a romper.<\/p>\n<p data-start=\"941\" data-end=\"1123\">Se encuentra en <strong data-start=\"957\" data-end=\"977\">estado excelente<\/strong>, totalmente <strong data-start=\"990\" data-end=\"1002\">original<\/strong>, sin modificaciones, e incluye <strong data-start=\"1034\" data-end=\"1066\">estuche original Custom Shop<\/strong>, <strong data-start=\"1068\" data-end=\"1105\">certificado de autenticidad (COA)<\/strong> y candy completo.<\/p>\n<h3 data-start=\"1125\" data-end=\"1146\">Especificaciones:<\/h3>\n<ul data-start=\"1147\" data-end=\"1483\">\n<li data-start=\"1147\" data-end=\"1160\">\n<p data-start=\"1149\" data-end=\"1160\">A\u00f1o: 2024<\/p>\n<\/li>\n<li data-start=\"1161\" data-end=\"1204\">\n<p data-start=\"1163\" data-end=\"1204\">Modelo: Gibson Les Paul 1956 Reissue R6<\/p>\n<\/li>\n<li data-start=\"1205\" data-end=\"1225\">\n<p data-start=\"1207\" data-end=\"1225\">Acabado: Goldtop<\/p>\n<\/li>\n<li data-start=\"1226\" data-end=\"1267\">\n<p data-start=\"1228\" data-end=\"1267\">Fabricaci\u00f3n: Gibson Custom Shop (USA)<\/p>\n<\/li>\n<li data-start=\"1268\" data-end=\"1298\">\n<p data-start=\"1270\" data-end=\"1298\">Cuerpo: Caoba de una pieza<\/p>\n<\/li>\n<li data-start=\"1299\" data-end=\"1313\">\n<p data-start=\"1301\" data-end=\"1313\">Tapa: Arce<\/p>\n<\/li>\n<li data-start=\"1314\" data-end=\"1351\">\n<p data-start=\"1316\" data-end=\"1351\">M\u00e1stil: Caoba perfil \u201950s Rounded<\/p>\n<\/li>\n<li data-start=\"1352\" data-end=\"1375\">\n<p data-start=\"1354\" data-end=\"1375\">Diapas\u00f3n: Palorrosa<\/p>\n<\/li>\n<li data-start=\"1376\" data-end=\"1411\">\n<p data-start=\"1378\" data-end=\"1411\">Pastillas: 2 \u00d7 P-90 Custom Shop<\/p>\n<\/li>\n<li data-start=\"1412\" data-end=\"1458\">\n<p data-start=\"1414\" data-end=\"1458\">Electr\u00f3nica y hardware: Historic correctos<\/p>\n<\/li>\n<li data-start=\"1459\" data-end=\"1483\">\n<p data-start=\"1461\" data-end=\"1483\">Estuche original + COA<\/p>\n<\/li>\n<\/ul>\n<p data-start=\"1485\" data-end=\"1647\">Una <strong data-start=\"1489\" data-end=\"1506\">Les Paul pura<\/strong>, sin artificios, directa y con alma vintage.<br data-start=\"1551\" data-end=\"1554\" \/>Ideal tanto para <strong data-start=\"1571\" data-end=\"1589\">coleccionistas<\/strong> como para m\u00fasicos que buscan <strong data-start=\"1619\" data-end=\"1646\">el tono P-90 definitivo<\/strong>.<\/p>\n<hr data-start=\"70\" data-end=\"73\" \/>\n<h2 data-start=\"75\" data-end=\"138\">Gibson Les Paul 1956 Reissue R6 Goldtop \u2013 Custom Shop (2024)<\/h2>\n<p data-start=\"140\" data-end=\"304\">Now available at <strong data-start=\"157\" data-end=\"177\">Escasain Guitars<\/strong>, this stunning <strong data-start=\"193\" data-end=\"240\">Gibson Les Paul R6 Goldtop Custom Shop 2024<\/strong> is a faithful recreation of one of Gibson\u2019s most iconic models.<\/p>\n<p data-start=\"306\" data-end=\"556\">Built in the <strong data-start=\"319\" data-end=\"347\">Gibson Custom Shop (USA)<\/strong>, this R6 features the classic <strong data-start=\"378\" data-end=\"396\">Goldtop finish<\/strong>, a <strong data-start=\"400\" data-end=\"427\">one-piece mahogany body<\/strong>, <strong data-start=\"429\" data-end=\"442\">maple top<\/strong>, and the legendary <strong data-start=\"462\" data-end=\"491\">\u201950s Rounded neck profile<\/strong>, delivering an authentic vintage feel and exceptional resonance.<\/p>\n<p data-start=\"558\" data-end=\"797\">Equipped with <strong data-start=\"572\" data-end=\"604\">two Custom Shop P-90 pickups<\/strong>, it offers a <strong data-start=\"618\" data-end=\"655\">raw, open and highly dynamic tone<\/strong>, with defined lows, rich midrange and the unmistakable attack that made 1950s Goldtops legendary. Extremely responsive both clean and driven.<\/p>\n<p data-start=\"799\" data-end=\"1000\">The guitar is in <strong data-start=\"816\" data-end=\"839\">excellent condition<\/strong>, <strong data-start=\"841\" data-end=\"858\">100% original<\/strong>, with no modifications, and comes complete with its <strong data-start=\"911\" data-end=\"940\">original Custom Shop case<\/strong>, <strong data-start=\"942\" data-end=\"979\">Certificate of Authenticity (COA)<\/strong> and full case candy.<\/p>\n<h3 data-start=\"1002\" data-end=\"1021\">Specifications:<\/h3>\n<ul data-start=\"1022\" data-end=\"1363\">\n<li data-start=\"1022\" data-end=\"1036\">\n<p data-start=\"1024\" data-end=\"1036\">Year: 2024<\/p>\n<\/li>\n<li data-start=\"1037\" data-end=\"1079\">\n<p data-start=\"1039\" data-end=\"1079\">Model: Gibson Les Paul 1956 Reissue R6<\/p>\n<\/li>\n<li data-start=\"1080\" data-end=\"1099\">\n<p data-start=\"1082\" data-end=\"1099\">Finish: Goldtop<\/p>\n<\/li>\n<li data-start=\"1100\" data-end=\"1137\">\n<p data-start=\"1102\" data-end=\"1137\">Made in: Gibson Custom Shop (USA)<\/p>\n<\/li>\n<li data-start=\"1138\" data-end=\"1166\">\n<p data-start=\"1140\" data-end=\"1166\">Body: One-piece mahogany<\/p>\n<\/li>\n<li data-start=\"1167\" data-end=\"1181\">\n<p data-start=\"1169\" data-end=\"1181\">Top: Maple<\/p>\n<\/li>\n<li data-start=\"1182\" data-end=\"1222\">\n<p data-start=\"1184\" data-end=\"1222\">Neck: Mahogany, \u201950s Rounded profile<\/p>\n<\/li>\n<li data-start=\"1223\" data-end=\"1248\">\n<p data-start=\"1225\" data-end=\"1248\">Fingerboard: Rosewood<\/p>\n<\/li>\n<li data-start=\"1249\" data-end=\"1282\">\n<p data-start=\"1251\" data-end=\"1282\">Pickups: 2 \u00d7 Custom Shop P-90<\/p>\n<\/li>\n<li data-start=\"1283\" data-end=\"1332\">\n<p data-start=\"1285\" data-end=\"1332\">Electronics &amp; hardware: Correct Historic spec<\/p>\n<\/li>\n<li data-start=\"1333\" data-end=\"1363\">\n<p data-start=\"1335\" data-end=\"1363\">Original case + COA included<\/p>\n<\/li>\n<\/ul>\n<p data-start=\"1365\" data-end=\"1513\">A <strong data-start=\"1367\" data-end=\"1384\">pure Les Paul<\/strong>, no gimmicks \u2014 just <strong data-start=\"1405\" data-end=\"1431\">true vintage character<\/strong>.<br data-start=\"1432\" data-end=\"1435\" \/>Perfect for <strong data-start=\"1447\" data-end=\"1461\">collectors<\/strong> and players looking for <strong data-start=\"1486\" data-end=\"1512\">the ultimate P-90 tone<\/strong>.<\/p>","protected":false},"excerpt":{"rendered":"<p data-start=\"115\" data-end=\"355\"><strong data-start=\"115\" data-end=\"163\">Gibson Les Paul R6 Goldtop Custom Shop 2024.<\/strong><br data-start=\"163\" data-end=\"166\" \/>Reissue 1956 con cuerpo de caoba de una pieza, tapa de arce y dos P-90 Custom Shop. Sonido abierto, crudo y lleno de car\u00e1cter vintage. En estado excelente, 100% original, con estuche y COA.<\/p>\n<hr data-start=\"357\" data-end=\"360\" \/>\n<p data-start=\"379\" data-end=\"624\"><strong data-start=\"379\" data-end=\"427\">Gibson Les Paul R6 Goldtop Custom Shop 2024.<\/strong><br data-start=\"427\" data-end=\"430\" \/>1956 Reissue featuring a one-piece mahogany body, maple top and two Custom Shop P-90s. Open, raw vintage tone with plenty of character. Excellent condition, 100% original, case and COA included.<\/p>","protected":false},"featured_media":6831,"template":"","meta":{"nf_dc_page":"","_et_pb_use_builder":"","_et_pb_old_content":"","_et_gb_content_width":""},"product_brand":[],"product_cat":[27,16],"product_tag":[],"class_list":{"0":"post-6830","1":"product","2":"type-product","3":"status-publish","4":"has-post-thumbnail","6":"product_cat-gibson","7":"product_cat-gibson-les-paul","9":"first","10":"onbackorder","11":"taxable","12":"shipping-taxable","13":"purchasable","14":"product-type-simple"},"_links":{"self":[{"href":"https:\/\/escasainguitars.com\/pt\/wp-json\/wp\/v2\/product\/6830","targetHints":{"allow":["GET"]}}],"collection":[{"href":"https:\/\/escasainguitars.com\/pt\/wp-json\/wp\/v2\/product"}],"about":[{"href":"https:\/\/escasainguitars.com\/pt\/wp-json\/wp\/v2\/types\/product"}],"wp:featuredmedia":[{"embeddable":true,"href":"https:\/\/escasainguitars.com\/pt\/wp-json\/wp\/v2\/media\/6831"}],"wp:attachment":[{"href":"https:\/\/escasainguitars.com\/pt\/wp-json\/wp\/v2\/media?parent=6830"}],"wp:term":[{"taxonomy":"product_brand","embeddable":true,"href":"https:\/\/escasainguitars.com\/pt\/wp-json\/wp\/v2\/product_brand?post=6830"},{"taxonomy":"product_cat","embeddable":true,"href":"https:\/\/escasainguitars.com\/pt\/wp-json\/wp\/v2\/product_cat?post=6830"},{"taxonomy":"product_tag","embeddable":true,"href":"https:\/\/escasainguitars.com\/pt\/wp-json\/wp\/v2\/product_tag?post=6830"}],"curies":[{"name":"wp","href":"https:\/\/api.w.org\/{rel}","templated":true}]}}