{"id":6839,"date":"2026-01-22T01:48:34","date_gmt":"2026-01-22T00:48:34","guid":{"rendered":"https:\/\/escasainguitars.com\/?post_type=product&#038;p=6839"},"modified":"2026-03-14T21:17:24","modified_gmt":"2026-03-14T20:17:24","slug":"gibson-custom-shop-les-paul-custom-ebony-2021","status":"publish","type":"product","link":"https:\/\/escasainguitars.com\/pt\/gibson\/gibson-custom-shop-les-paul-custom-ebony-2021\/","title":{"rendered":"Gibson Custom Shop Les Paul Custom Ebony \u2013 2021"},"content":{"rendered":"<p><iframe loading=\"lazy\" title=\"SOLD | Gibson Les Paul Custom Black Beauty 2021 OMG! \ud83d\ude31\ud83c\udfb8\u2764\ufe0f\" width=\"1080\" height=\"608\" src=\"https:\/\/www.youtube.com\/embed\/EVlS0MhTw5E?feature=oembed\"  allow=\"accelerometer; autoplay; clipboard-write; encrypted-media; gyroscope; picture-in-picture; web-share\" referrerpolicy=\"strict-origin-when-cross-origin\" allowfullscreen><\/iframe><\/p>\n<p data-start=\"315\" data-end=\"494\">Ponemos a la venta esta <strong data-start=\"339\" data-end=\"377\">Gibson Custom Shop Les Paul Custom<\/strong> fabricada en <strong data-start=\"391\" data-end=\"418\">2021 en Nashville (USA)<\/strong>, una de las guitarras m\u00e1s ic\u00f3nicas y elegantes jam\u00e1s producidas por Gibson.<\/p>\n<p data-start=\"496\" data-end=\"735\">Construida con <strong data-start=\"511\" data-end=\"539\">cuerpo y m\u00e1stil de caoba<\/strong>, <strong data-start=\"541\" data-end=\"557\">tapa de arce<\/strong> y <strong data-start=\"560\" data-end=\"602\">diapas\u00f3n de \u00e9bano con bloques de n\u00e1car<\/strong>, ofrece el cl\u00e1sico sonido Custom: potente, definido, con gran sustain y una respuesta excepcional tanto en limpio como con ganancia.<\/p>\n<p data-start=\"737\" data-end=\"969\">La guitarra se encuentra en <strong data-start=\"765\" data-end=\"785\">excelente estado<\/strong>, muy cuidada, completamente original y sin modificaciones. Monta <strong data-start=\"851\" data-end=\"882\">electr\u00f3nica Gibson original<\/strong>, <strong data-start=\"884\" data-end=\"903\">hardware dorado<\/strong>, y clavijas <strong data-start=\"916\" data-end=\"926\">Grover<\/strong>. Ha sido revisada y est\u00e1 lista para tocar.<\/p>\n<p data-start=\"971\" data-end=\"1083\">Incluye <strong data-start=\"979\" data-end=\"1018\">estuche original Gibson Custom Shop<\/strong>, <strong data-start=\"1020\" data-end=\"1057\">Certificate of Authenticity (COA)<\/strong> y documentaci\u00f3n original.<\/p>\n<h3 data-start=\"1085\" data-end=\"1106\">Especificaciones:<\/h3>\n<ul data-start=\"1107\" data-end=\"1390\">\n<li data-start=\"1107\" data-end=\"1120\">\n<p data-start=\"1109\" data-end=\"1120\">A\u00f1o: 2021<\/p>\n<\/li>\n<li data-start=\"1121\" data-end=\"1173\">\n<p data-start=\"1123\" data-end=\"1173\">Fabricaci\u00f3n: Gibson Custom Shop \u2013 Nashville, USA<\/p>\n<\/li>\n<li data-start=\"1174\" data-end=\"1192\">\n<p data-start=\"1176\" data-end=\"1192\">Acabado: Ebony<\/p>\n<\/li>\n<li data-start=\"1193\" data-end=\"1210\">\n<p data-start=\"1195\" data-end=\"1210\">Cuerpo: Caoba<\/p>\n<\/li>\n<li data-start=\"1211\" data-end=\"1225\">\n<p data-start=\"1213\" data-end=\"1225\">Tapa: Arce<\/p>\n<\/li>\n<li data-start=\"1226\" data-end=\"1243\">\n<p data-start=\"1228\" data-end=\"1243\">M\u00e1stil: Caoba<\/p>\n<\/li>\n<li data-start=\"1244\" data-end=\"1263\">\n<p data-start=\"1246\" data-end=\"1263\">Diapas\u00f3n: \u00c9bano<\/p>\n<\/li>\n<li data-start=\"1264\" data-end=\"1282\">\n<p data-start=\"1266\" data-end=\"1282\">Escala: 24,75\u201d<\/p>\n<\/li>\n<li data-start=\"1283\" data-end=\"1311\">\n<p data-start=\"1285\" data-end=\"1311\">Inlays: Bloques de n\u00e1car<\/p>\n<\/li>\n<li data-start=\"1312\" data-end=\"1344\">\n<p data-start=\"1314\" data-end=\"1344\">Electr\u00f3nica: Gibson original<\/p>\n<\/li>\n<li data-start=\"1345\" data-end=\"1365\">\n<p data-start=\"1347\" data-end=\"1365\">Hardware: Dorado<\/p>\n<\/li>\n<li data-start=\"1366\" data-end=\"1390\">\n<p data-start=\"1368\" data-end=\"1390\">Estuche original + COA<\/p>\n<\/li>\n<\/ul>\n<p data-start=\"1392\" data-end=\"1518\">Una <strong data-start=\"1396\" data-end=\"1423\">Les Paul Custom moderna<\/strong>, con la calidad y el car\u00e1cter del Custom Shop, ideal tanto para escenario como para colecci\u00f3n.<\/p>\n<p>&#8212;&#8212;&#8212;<\/p>\n<h2 data-start=\"1525\" data-end=\"1580\">Gibson Custom Shop Les Paul Custom Ebony \u2013 2021<\/h2>\n<p data-start=\"1582\" data-end=\"1731\">We are offering this <strong data-start=\"1603\" data-end=\"1641\">Gibson Custom Shop Les Paul Custom<\/strong>, built in <strong data-start=\"1652\" data-end=\"1678\">2021 in Nashville, USA<\/strong>, one of Gibson\u2019s most iconic and prestigious models.<\/p>\n<p data-start=\"1733\" data-end=\"1961\">Featuring a <strong data-start=\"1745\" data-end=\"1771\">mahogany body and neck<\/strong>, <strong data-start=\"1773\" data-end=\"1786\">maple top<\/strong>, and an <strong data-start=\"1795\" data-end=\"1840\">ebony fingerboard with pearl block inlays<\/strong>, this guitar delivers the classic Les Paul Custom tone: powerful, articulate, rich in sustain, and incredibly versatile.<\/p>\n<p data-start=\"1963\" data-end=\"2184\">The guitar is in <strong data-start=\"1980\" data-end=\"2003\">excellent condition<\/strong>, very well cared for, fully original and unmodified. It retains <strong data-start=\"2068\" data-end=\"2099\">original Gibson electronics<\/strong>, <strong data-start=\"2101\" data-end=\"2118\">gold hardware<\/strong>, and <strong data-start=\"2124\" data-end=\"2141\">Grover tuners<\/strong>. Professionally checked and ready to play.<\/p>\n<p data-start=\"2186\" data-end=\"2327\">It comes complete with the <strong data-start=\"2213\" data-end=\"2259\">original Gibson Custom Shop hardshell case<\/strong>, <strong data-start=\"2261\" data-end=\"2298\">Certificate of Authenticity (COA)<\/strong>, and original documentation.<\/p>\n<h3 data-start=\"2329\" data-end=\"2348\">Specifications:<\/h3>\n<ul data-start=\"2349\" data-end=\"2639\">\n<li data-start=\"2349\" data-end=\"2363\">\n<p data-start=\"2351\" data-end=\"2363\">Year: 2021<\/p>\n<\/li>\n<li data-start=\"2364\" data-end=\"2413\">\n<p data-start=\"2366\" data-end=\"2413\">Built by: Gibson Custom Shop \u2013 Nashville, USA<\/p>\n<\/li>\n<li data-start=\"2414\" data-end=\"2431\">\n<p data-start=\"2416\" data-end=\"2431\">Finish: Ebony<\/p>\n<\/li>\n<li data-start=\"2432\" data-end=\"2450\">\n<p data-start=\"2434\" data-end=\"2450\">Body: Mahogany<\/p>\n<\/li>\n<li data-start=\"2451\" data-end=\"2465\">\n<p data-start=\"2453\" data-end=\"2465\">Top: Maple<\/p>\n<\/li>\n<li data-start=\"2466\" data-end=\"2484\">\n<p data-start=\"2468\" data-end=\"2484\">Neck: Mahogany<\/p>\n<\/li>\n<li data-start=\"2485\" data-end=\"2507\">\n<p data-start=\"2487\" data-end=\"2507\">Fingerboard: Ebony<\/p>\n<\/li>\n<li data-start=\"2508\" data-end=\"2532\">\n<p data-start=\"2510\" data-end=\"2532\">Scale length: 24.75\u201d<\/p>\n<\/li>\n<li data-start=\"2533\" data-end=\"2556\">\n<p data-start=\"2535\" data-end=\"2556\">Inlays: Pearl block<\/p>\n<\/li>\n<li data-start=\"2557\" data-end=\"2589\">\n<p data-start=\"2559\" data-end=\"2589\">Electronics: Original Gibson<\/p>\n<\/li>\n<li data-start=\"2590\" data-end=\"2608\">\n<p data-start=\"2592\" data-end=\"2608\">Hardware: Gold<\/p>\n<\/li>\n<li data-start=\"2609\" data-end=\"2639\">\n<p data-start=\"2611\" data-end=\"2639\">Original case + COA included<\/p>\n<\/li>\n<\/ul>\n<p data-start=\"2641\" data-end=\"2755\">A <strong data-start=\"2643\" data-end=\"2669\">modern Les Paul Custom<\/strong> with true Custom Shop quality, perfect for professional players and collectors alike.<\/p>","protected":false},"excerpt":{"rendered":"<p data-start=\"205\" data-end=\"532\">Gibson Custom Shop Les Paul Custom fabricada en 2021 en Nashville, USA. Cuerpo y m\u00e1stil de caoba con tapa de arce, diapas\u00f3n de \u00e9bano e inlays de n\u00e1car. Electr\u00f3nica original Gibson y hardware dorado. Guitarra en excelente estado, completamente original. Incluye estuche original Gibson Custom Shop y certificado de autenticidad.<\/p>\n<hr data-start=\"534\" data-end=\"537\" \/>\n<p data-start=\"552\" data-end=\"875\">Gibson Custom Shop Les Paul Custom built in 2021 in Nashville, USA. Mahogany body and neck with maple top, ebony fingerboard and pearl block inlays. Original Gibson electronics and gold hardware. Guitar is in excellent condition and fully original. Includes original Gibson Custom Shop case and certificate of authenticity.<\/p>","protected":false},"featured_media":7070,"template":"","meta":{"nf_dc_page":"","_et_pb_use_builder":"","_et_pb_old_content":"","_et_gb_content_width":""},"product_brand":[],"product_cat":[27,16],"product_tag":[],"class_list":{"0":"post-6839","1":"product","2":"type-product","3":"status-publish","4":"has-post-thumbnail","6":"product_cat-gibson","7":"product_cat-gibson-les-paul","9":"first","10":"outofstock","11":"taxable","12":"shipping-taxable","13":"purchasable","14":"product-type-simple"},"_links":{"self":[{"href":"https:\/\/escasainguitars.com\/pt\/wp-json\/wp\/v2\/product\/6839","targetHints":{"allow":["GET"]}}],"collection":[{"href":"https:\/\/escasainguitars.com\/pt\/wp-json\/wp\/v2\/product"}],"about":[{"href":"https:\/\/escasainguitars.com\/pt\/wp-json\/wp\/v2\/types\/product"}],"wp:featuredmedia":[{"embeddable":true,"href":"https:\/\/escasainguitars.com\/pt\/wp-json\/wp\/v2\/media\/7070"}],"wp:attachment":[{"href":"https:\/\/escasainguitars.com\/pt\/wp-json\/wp\/v2\/media?parent=6839"}],"wp:term":[{"taxonomy":"product_brand","embeddable":true,"href":"https:\/\/escasainguitars.com\/pt\/wp-json\/wp\/v2\/product_brand?post=6839"},{"taxonomy":"product_cat","embeddable":true,"href":"https:\/\/escasainguitars.com\/pt\/wp-json\/wp\/v2\/product_cat?post=6839"},{"taxonomy":"product_tag","embeddable":true,"href":"https:\/\/escasainguitars.com\/pt\/wp-json\/wp\/v2\/product_tag?post=6839"}],"curies":[{"name":"wp","href":"https:\/\/api.w.org\/{rel}","templated":true}]}}