{"id":6869,"date":"2026-01-31T14:15:34","date_gmt":"2026-01-31T13:15:34","guid":{"rendered":"https:\/\/escasainguitars.com\/?post_type=product&#038;p=6869"},"modified":"2026-03-01T13:28:09","modified_gmt":"2026-03-01T12:28:09","slug":"gibson-es-137-custom-candy-apple-red-2011","status":"publish","type":"product","link":"https:\/\/escasainguitars.com\/pt\/gibson\/gibson-es-137-custom-candy-apple-red-2011\/","title":{"rendered":"Gibson ES-137 Custom \u2013 Candy Apple Red (2011)"},"content":{"rendered":"<p data-start=\"304\" data-end=\"488\">Gibson ES-137 <strong data-start=\"318\" data-end=\"328\">Custom<\/strong>, fabricada en <strong data-start=\"343\" data-end=\"351\">2011<\/strong>, \u00faltimo a\u00f1o de producci\u00f3n de este modelo. Una de las versiones m\u00e1s exclusivas de la ES-137, tanto por especificaciones como por acabado.<\/p>\n<p data-start=\"490\" data-end=\"792\">Construida en la factor\u00eda de <strong data-start=\"519\" data-end=\"537\">Gibson Memphis<\/strong>, dedicada exclusivamente a guitarras huecas y semihuecas, con un enfoque m\u00e1s artesanal que la l\u00ednea USA est\u00e1ndar. Se trata de una guitarra <strong data-start=\"677\" data-end=\"707\">semihueca con center block<\/strong>, ofreciendo un equilibrio excelente entre cuerpo, definici\u00f3n y control del feedback.<\/p>\n<p data-start=\"794\" data-end=\"958\">Esta unidad destaca especialmente por su <strong data-start=\"835\" data-end=\"862\">acabado Candy Apple Red<\/strong>, extremadamente poco com\u00fan en la ES-137 Custom y muy dif\u00edcil de encontrar en el mercado actual.<\/p>\n<p data-start=\"960\" data-end=\"1207\">La versi\u00f3n Custom se distingue claramente frente a la Classic por su <strong data-start=\"1029\" data-end=\"1050\">diapas\u00f3n de \u00e9bano<\/strong>, los exclusivos <strong data-start=\"1067\" data-end=\"1107\">inlays tipo Split Diamond \/ Cat Eyes<\/strong>, el binding m\u00faltiple y los herrajes dorados, detalles reservados por Gibson a modelos de gama alta.<\/p>\n<p data-start=\"1209\" data-end=\"1476\">Equipada con un set de <strong data-start=\"1232\" data-end=\"1264\">pastillas Gibson \u201957 Classic<\/strong>, ofrece el tono cl\u00e1sico Gibson, con riqueza arm\u00f3nica, graves definidos y medios presentes. Incorpora adem\u00e1s <strong data-start=\"1373\" data-end=\"1392\">Varitone switch<\/strong>, ampliando notablemente la paleta sonora hacia registros m\u00e1s jazz, blues o vintage.<\/p>\n<p data-start=\"1478\" data-end=\"1665\">Modelo <strong data-start=\"1485\" data-end=\"1502\">descatalogado<\/strong>, sin equivalente directo en el cat\u00e1logo actual de Gibson, lo que la convierte en una guitarra especialmente atractiva tanto para m\u00fasicos como para coleccionistas.<\/p>\n<h3 data-start=\"1667\" data-end=\"1688\">Especificaciones:<\/h3>\n<ul data-start=\"1689\" data-end=\"2081\">\n<li data-start=\"1689\" data-end=\"1704\">\n<p data-start=\"1691\" data-end=\"1704\">A\u00f1o: <strong data-start=\"1696\" data-end=\"1704\">2011<\/strong><\/p>\n<\/li>\n<li data-start=\"1705\" data-end=\"1734\">\n<p data-start=\"1707\" data-end=\"1734\">F\u00e1brica: <strong data-start=\"1716\" data-end=\"1734\">Gibson Memphis<\/strong><\/p>\n<\/li>\n<li data-start=\"1735\" data-end=\"1777\">\n<p data-start=\"1737\" data-end=\"1777\">Construcci\u00f3n: Semihueca con center block<\/p>\n<\/li>\n<li data-start=\"1778\" data-end=\"1824\">\n<p data-start=\"1780\" data-end=\"1824\">Acabado: <strong data-start=\"1789\" data-end=\"1808\">Candy Apple Red<\/strong> (nitrocelulosa)<\/p>\n<\/li>\n<li data-start=\"1825\" data-end=\"1840\">\n<p data-start=\"1827\" data-end=\"1840\">M\u00e1stil: Caoba<\/p>\n<\/li>\n<li data-start=\"1841\" data-end=\"1862\">\n<p data-start=\"1843\" data-end=\"1862\">Diapas\u00f3n: <strong data-start=\"1853\" data-end=\"1862\">\u00c9bano<\/strong><\/p>\n<\/li>\n<li data-start=\"1863\" data-end=\"1901\">\n<p data-start=\"1865\" data-end=\"1901\">Inlays: <strong data-start=\"1873\" data-end=\"1901\">Split Diamond \/ Cat Eyes<\/strong><\/p>\n<\/li>\n<li data-start=\"1902\" data-end=\"1937\">\n<p data-start=\"1904\" data-end=\"1937\">Pastillas: <strong data-start=\"1915\" data-end=\"1937\">Gibson \u201957 Classic<\/strong><\/p>\n<\/li>\n<li data-start=\"1938\" data-end=\"1972\">\n<p data-start=\"1940\" data-end=\"1972\">Electr\u00f3nica: <strong data-start=\"1953\" data-end=\"1972\">Varitone switch<\/strong><\/p>\n<\/li>\n<li data-start=\"1973\" data-end=\"1992\">\n<p data-start=\"1975\" data-end=\"1992\">Herrajes: Dorados<\/p>\n<\/li>\n<li data-start=\"1993\" data-end=\"2024\">\n<p data-start=\"1995\" data-end=\"2024\">N\u00famero de serie: <strong data-start=\"2012\" data-end=\"2024\">13361726<\/strong><\/p>\n<\/li>\n<li data-start=\"1993\" data-end=\"2024\">\n<p data-start=\"1995\" data-end=\"2024\">Estuche original y certificado Gibson Custom incluidos<\/p>\n<\/li>\n<\/ul>\n<p>&nbsp;<\/p>\n<hr data-start=\"2083\" data-end=\"2086\" \/>\n<h2 data-start=\"2088\" data-end=\"2171\"><strong data-start=\"2091\" data-end=\"2171\"><span class=\"hover:entity-accent entity-underline inline cursor-pointer align-baseline\"><span class=\"whitespace-normal\">Gibson<\/span><\/span> ES-137 Custom \u2013 Candy Apple Red (2011)<\/strong><\/h2>\n<p data-start=\"2173\" data-end=\"2349\">Gibson ES-137 <strong data-start=\"2187\" data-end=\"2197\">Custom<\/strong>, built in <strong data-start=\"2208\" data-end=\"2216\">2011<\/strong>, the final year of production for this model. One of the most exclusive ES-137 versions, both in terms of specifications and finish.<\/p>\n<p data-start=\"2351\" data-end=\"2655\">Crafted at the <strong data-start=\"2366\" data-end=\"2384\">Gibson Memphis<\/strong> facility, dedicated to hollow and semi-hollow instruments, with a more artisanal approach compared to standard USA production. The guitar features a <strong data-start=\"2534\" data-end=\"2582\">semi-hollow construction with a center block<\/strong>, providing an excellent balance of warmth, clarity and feedback control.<\/p>\n<p data-start=\"2657\" data-end=\"2799\">This example stands out for its <strong data-start=\"2689\" data-end=\"2720\">rare Candy Apple Red finish<\/strong>, exceptionally uncommon on ES-137 Custom models and highly sought after today.<\/p>\n<p data-start=\"2801\" data-end=\"3037\">The Custom version is clearly distinguished from the Classic by its <strong data-start=\"2869\" data-end=\"2890\">ebony fingerboard<\/strong>, exclusive <strong data-start=\"2902\" data-end=\"2937\">Split Diamond \/ Cat Eyes inlays<\/strong>, multi-ply binding and gold hardware, details typically reserved for Gibson\u2019s high-end instruments.<\/p>\n<p data-start=\"3039\" data-end=\"3298\">Equipped with <strong data-start=\"3053\" data-end=\"3083\">Gibson \u201957 Classic pickups<\/strong>, it delivers the classic Gibson tone with rich harmonics, strong mids and defined lows. The <strong data-start=\"3176\" data-end=\"3195\">Varitone switch<\/strong> further expands its tonal versatility, making it suitable for jazz, blues and vintage-inspired sounds.<\/p>\n<p data-start=\"3300\" data-end=\"3450\">A <strong data-start=\"3302\" data-end=\"3324\">discontinued model<\/strong> with no direct modern equivalent in the current Gibson lineup, making it an excellent choice for both players and collectors.<\/p>\n<h3 data-start=\"3452\" data-end=\"3471\">Specifications:<\/h3>\n<ul data-start=\"3472\" data-end=\"3863\">\n<li data-start=\"3472\" data-end=\"3488\">\n<p data-start=\"3474\" data-end=\"3488\">Year: <strong data-start=\"3480\" data-end=\"3488\">2011<\/strong><\/p>\n<\/li>\n<li data-start=\"3489\" data-end=\"3518\">\n<p data-start=\"3491\" data-end=\"3518\">Factory: <strong data-start=\"3500\" data-end=\"3518\">Gibson Memphis<\/strong><\/p>\n<\/li>\n<li data-start=\"3519\" data-end=\"3564\">\n<p data-start=\"3521\" data-end=\"3564\">Construction: Semi-hollow with center block<\/p>\n<\/li>\n<li data-start=\"3565\" data-end=\"3611\">\n<p data-start=\"3567\" data-end=\"3611\">Finish: <strong data-start=\"3575\" data-end=\"3594\">Candy Apple Red<\/strong> (nitrocellulose)<\/p>\n<\/li>\n<li data-start=\"3612\" data-end=\"3628\">\n<p data-start=\"3614\" data-end=\"3628\">Neck: Mahogany<\/p>\n<\/li>\n<li data-start=\"3629\" data-end=\"3653\">\n<p data-start=\"3631\" data-end=\"3653\">Fingerboard: <strong data-start=\"3644\" data-end=\"3653\">Ebony<\/strong><\/p>\n<\/li>\n<li data-start=\"3654\" data-end=\"3692\">\n<p data-start=\"3656\" data-end=\"3692\">Inlays: <strong data-start=\"3664\" data-end=\"3692\">Split Diamond \/ Cat Eyes<\/strong><\/p>\n<\/li>\n<li data-start=\"3693\" data-end=\"3726\">\n<p data-start=\"3695\" data-end=\"3726\">Pickups: <strong data-start=\"3704\" data-end=\"3726\">Gibson \u201957 Classic<\/strong><\/p>\n<\/li>\n<li data-start=\"3727\" data-end=\"3761\">\n<p data-start=\"3729\" data-end=\"3761\">Electronics: <strong data-start=\"3742\" data-end=\"3761\">Varitone switch<\/strong><\/p>\n<\/li>\n<li data-start=\"3762\" data-end=\"3778\">\n<p data-start=\"3764\" data-end=\"3778\">Hardware: Gold<\/p>\n<\/li>\n<li data-start=\"3779\" data-end=\"3808\">\n<p data-start=\"3781\" data-end=\"3808\">Serial number: <strong data-start=\"3796\" data-end=\"3808\">13361726<\/strong><\/p>\n<\/li>\n<li data-start=\"3809\" data-end=\"3863\">\n<p data-start=\"3811\" data-end=\"3863\">Original case and Gibson Custom certificate included<\/p>\n<\/li>\n<\/ul>\n<hr \/>","protected":false},"excerpt":{"rendered":"<p data-start=\"202\" data-end=\"535\">Gibson ES-137 Custom de 2011, \u00faltimo a\u00f1o de producci\u00f3n. Fabricada en Gibson Memphis, con construcci\u00f3n semihueca y center block. Acabado Candy Apple Red poco com\u00fan, diapas\u00f3n de \u00e9bano, inlays Split Diamond \/ Cat Eyes, pastillas Gibson \u201957 Classic y Varitone switch. Modelo descatalogado, muy dif\u00edcil de encontrar en esta configuraci\u00f3n.<\/p>\n<hr data-start=\"537\" data-end=\"540\" \/>\n<p data-start=\"574\" data-end=\"908\">Gibson ES-137 Custom built in 2011, the final year of production. Crafted at Gibson Memphis with semi-hollow construction and center block. Rare Candy Apple Red finish, ebony fingerboard, Split Diamond \/ Cat Eyes inlays, Gibson \u201957 Classic pickups and Varitone switch. Discontinued model, extremely hard to find in this configuration.<\/p>","protected":false},"featured_media":7074,"template":"","meta":{"nf_dc_page":"","_et_pb_use_builder":"","_et_pb_old_content":"","_et_gb_content_width":""},"product_brand":[],"product_cat":[27,15],"product_tag":[],"class_list":{"0":"post-6869","1":"product","2":"type-product","3":"status-publish","4":"has-post-thumbnail","6":"product_cat-gibson","7":"product_cat-otras","9":"first","10":"outofstock","11":"taxable","12":"shipping-taxable","13":"purchasable","14":"product-type-simple"},"_links":{"self":[{"href":"https:\/\/escasainguitars.com\/pt\/wp-json\/wp\/v2\/product\/6869","targetHints":{"allow":["GET"]}}],"collection":[{"href":"https:\/\/escasainguitars.com\/pt\/wp-json\/wp\/v2\/product"}],"about":[{"href":"https:\/\/escasainguitars.com\/pt\/wp-json\/wp\/v2\/types\/product"}],"wp:featuredmedia":[{"embeddable":true,"href":"https:\/\/escasainguitars.com\/pt\/wp-json\/wp\/v2\/media\/7074"}],"wp:attachment":[{"href":"https:\/\/escasainguitars.com\/pt\/wp-json\/wp\/v2\/media?parent=6869"}],"wp:term":[{"taxonomy":"product_brand","embeddable":true,"href":"https:\/\/escasainguitars.com\/pt\/wp-json\/wp\/v2\/product_brand?post=6869"},{"taxonomy":"product_cat","embeddable":true,"href":"https:\/\/escasainguitars.com\/pt\/wp-json\/wp\/v2\/product_cat?post=6869"},{"taxonomy":"product_tag","embeddable":true,"href":"https:\/\/escasainguitars.com\/pt\/wp-json\/wp\/v2\/product_tag?post=6869"}],"curies":[{"name":"wp","href":"https:\/\/api.w.org\/{rel}","templated":true}]}}