{"id":6890,"date":"2026-02-20T16:18:47","date_gmt":"2026-02-20T15:18:47","guid":{"rendered":"https:\/\/escasainguitars.com\/?post_type=product&#038;p=6890"},"modified":"2026-04-08T19:10:30","modified_gmt":"2026-04-08T18:10:30","slug":"gretsch-g6196t-59-vintage-select-59-country-club","status":"publish","type":"product","link":"https:\/\/escasainguitars.com\/pt\/otras\/gretsch-g6196t-59-vintage-select-59-country-club\/","title":{"rendered":"Gretsch G6196T-59 Vintage Select \u201959 Country Club"},"content":{"rendered":"<p><iframe loading=\"lazy\" title=\"Gretsch G6196T-59 Vintage Select Edition 59 Country Club OMG! \ud83d\ude31\u2764\ufe0f\ud83c\udfb8\" width=\"1080\" height=\"608\" src=\"https:\/\/www.youtube.com\/embed\/_ZO0wwONjEE?feature=oembed\"  allow=\"accelerometer; autoplay; clipboard-write; encrypted-media; gyroscope; picture-in-picture; web-share\" referrerpolicy=\"strict-origin-when-cross-origin\" allowfullscreen><\/iframe><\/p>\n<p data-start=\"130\" data-end=\"488\">La Gretsch G6196T-59 Vintage Select \u201959 Country Club en acabado Cadillac Green Lacquer es una de las interpretaciones m\u00e1s elegantes del cat\u00e1logo moderno de la marca. Fabricada en 2018 en la prestigiosa factor\u00eda Terada (Jap\u00f3n), pertenece a la Professional Collection y destaca por su precisi\u00f3n constructiva y fidelidad est\u00e9tica a las especificaciones de 1959.<\/p>\n<p data-start=\"490\" data-end=\"938\">Su cuerpo full hollow de 17\u201d aporta una profundidad y resonancia superiores, ofreciendo un sonido amplio, tridimensional y muy definido. Equipada con pastillas TV Jones Classic, combina graves llenos, medios articulados y agudos brillantes pero suaves, manteniendo el car\u00e1cter cl\u00e1sico Gretsch con un enfoque refinado y equilibrado. M\u00e1s profunda y sofisticada que una 6120, es una guitarra ideal para jazz, rockabilly, country, blues o rock cl\u00e1sico.<\/p>\n<p data-start=\"940\" data-end=\"1018\">Se encuentra en excelente estado, muy cuidada y con estuche original incluido.<\/p>\n<p data-start=\"1020\" data-end=\"1048\">Caracter\u00edsticas principales:<\/p>\n<ul data-start=\"1050\" data-end=\"1366\">\n<li data-start=\"1050\" data-end=\"1103\">\n<p data-start=\"1052\" data-end=\"1103\">Modelo: G6196T-59 Vintage Select \u201959 Country Club<\/p>\n<\/li>\n<li data-start=\"1104\" data-end=\"1117\">\n<p data-start=\"1106\" data-end=\"1117\">A\u00f1o: 2018<\/p>\n<\/li>\n<li data-start=\"1118\" data-end=\"1148\">\n<p data-start=\"1120\" data-end=\"1148\">Fabricaci\u00f3n: Terada, Jap\u00f3n<\/p>\n<\/li>\n<li data-start=\"1149\" data-end=\"1193\">\n<p data-start=\"1151\" data-end=\"1193\">Cuerpo: 17\u201d full hollow de arce laminado<\/p>\n<\/li>\n<li data-start=\"1194\" data-end=\"1210\">\n<p data-start=\"1196\" data-end=\"1210\">M\u00e1stil: Arce<\/p>\n<\/li>\n<li data-start=\"1211\" data-end=\"1230\">\n<p data-start=\"1213\" data-end=\"1230\">Diapas\u00f3n: \u00c9bano<\/p>\n<\/li>\n<li data-start=\"1231\" data-end=\"1262\">\n<p data-start=\"1233\" data-end=\"1262\">Pastillas: TV Jones Classic<\/p>\n<\/li>\n<li data-start=\"1263\" data-end=\"1308\">\n<p data-start=\"1265\" data-end=\"1308\">Puente: Adjusto-Matic sobre base de \u00e9bano<\/p>\n<\/li>\n<li data-start=\"1309\" data-end=\"1330\">\n<p data-start=\"1311\" data-end=\"1330\">Bigsby B6G dorado<\/p>\n<\/li>\n<li data-start=\"1309\" data-end=\"1330\">\n<p data-start=\"1311\" data-end=\"1330\">Acabado: Cadillac Green Lacquer<\/p>\n<\/li>\n<\/ul>\n<hr data-start=\"1368\" data-end=\"1371\" \/>\n<p data-start=\"1387\" data-end=\"1720\">The Gretsch G6196T-59 Vintage Select \u201959 Country Club in Cadillac Green Lacquer is one of the most elegant interpretations within the modern Gretsch lineup. Built in 2018 at the renowned Terada factory in Japan, it belongs to the Professional Collection and stands out for its craftsmanship and faithful 1959-inspired specifications.<\/p>\n<p data-start=\"1722\" data-end=\"2154\">Its 17\u201d full hollow body delivers enhanced depth and resonance, producing a wide, three-dimensional and articulate tone. Equipped with TV Jones Classic pickups, it offers full lows, defined mids and smooth yet bright highs, preserving the classic Gretsch character with a refined and balanced response. Deeper and more sophisticated than a standard 6120, it is perfectly suited for jazz, rockabilly, country, blues and classic rock.<\/p>\n<p data-start=\"2156\" data-end=\"2224\">The guitar is in excellent condition and includes its original case.<\/p>\n<p data-start=\"2226\" data-end=\"2246\">Main specifications:<\/p>\n<ul data-start=\"2248\" data-end=\"2548\">\n<li data-start=\"2248\" data-end=\"2300\">\n<p data-start=\"2250\" data-end=\"2300\">Model: G6196T-59 Vintage Select \u201959 Country Club<\/p>\n<\/li>\n<li data-start=\"2301\" data-end=\"2315\">\n<p data-start=\"2303\" data-end=\"2315\">Year: 2018<\/p>\n<\/li>\n<li data-start=\"2316\" data-end=\"2342\">\n<p data-start=\"2318\" data-end=\"2342\">Made in: Terada, Japan<\/p>\n<\/li>\n<li data-start=\"2343\" data-end=\"2384\">\n<p data-start=\"2345\" data-end=\"2384\">Body: 17\u201d laminated maple full hollow<\/p>\n<\/li>\n<li data-start=\"2385\" data-end=\"2400\">\n<p data-start=\"2387\" data-end=\"2400\">Neck: Maple<\/p>\n<\/li>\n<li data-start=\"2401\" data-end=\"2423\">\n<p data-start=\"2403\" data-end=\"2423\">Fingerboard: Ebony<\/p>\n<\/li>\n<li data-start=\"2424\" data-end=\"2453\">\n<p data-start=\"2426\" data-end=\"2453\">Pickups: TV Jones Classic<\/p>\n<\/li>\n<li data-start=\"2454\" data-end=\"2493\">\n<p data-start=\"2456\" data-end=\"2493\">Bridge: Adjusto-Matic on ebony base<\/p>\n<\/li>\n<li data-start=\"2494\" data-end=\"2513\">\n<p data-start=\"2496\" data-end=\"2513\">Bigsby B6G gold<\/p>\n<\/li>\n<li data-start=\"2514\" data-end=\"2548\">\n<p data-start=\"2516\" data-end=\"2548\">Finish: Cadillac Green Lacquer<\/p>\n<\/li>\n<\/ul>\n<p data-start=\"2555\" data-end=\"2662\" data-is-last-node=\"\" data-is-only-node=\"\">","protected":false},"excerpt":{"rendered":"<p data-start=\"121\" data-end=\"520\">La Gretsch G6196T-59 Vintage Select \u201959 Country Club, fabricada en 2018 en la factor\u00eda Terada (Jap\u00f3n), es una hollowbody de 17\u201d que combina elegancia cl\u00e1sica y construcci\u00f3n de alto nivel. Equipada con pastillas TV Jones Classic y Bigsby B6G dorado, ofrece un sonido amplio, profundo y refinado, ideal para jazz, rockabilly, country y blues. Acabado Cadillac Green Lacquer y excelente estado general.<\/p>\n<hr data-start=\"522\" data-end=\"525\" \/>\n<p data-start=\"541\" data-end=\"943\">The Gretsch G6196T-59 Vintage Select \u201959 Country Club, built in 2018 at the Terada factory in Japan, is a 17\u201d hollowbody that blends classic elegance with high-level craftsmanship. Equipped with TV Jones Classic pickups and a gold Bigsby B6G, it delivers a wide, deep and refined tone ideal for jazz, rockabilly, country and blues. Finished in Cadillac Green Lacquer and in excellent overall condition.<\/p>","protected":false},"featured_media":6892,"template":"","meta":{"nf_dc_page":"","_et_pb_use_builder":"","_et_pb_old_content":"","_et_gb_content_width":""},"product_brand":[],"product_cat":[15],"product_tag":[],"class_list":{"0":"post-6890","1":"product","2":"type-product","3":"status-publish","4":"has-post-thumbnail","6":"product_cat-otras","8":"first","9":"instock","10":"taxable","11":"shipping-taxable","12":"purchasable","13":"product-type-simple"},"_links":{"self":[{"href":"https:\/\/escasainguitars.com\/pt\/wp-json\/wp\/v2\/product\/6890","targetHints":{"allow":["GET"]}}],"collection":[{"href":"https:\/\/escasainguitars.com\/pt\/wp-json\/wp\/v2\/product"}],"about":[{"href":"https:\/\/escasainguitars.com\/pt\/wp-json\/wp\/v2\/types\/product"}],"wp:featuredmedia":[{"embeddable":true,"href":"https:\/\/escasainguitars.com\/pt\/wp-json\/wp\/v2\/media\/6892"}],"wp:attachment":[{"href":"https:\/\/escasainguitars.com\/pt\/wp-json\/wp\/v2\/media?parent=6890"}],"wp:term":[{"taxonomy":"product_brand","embeddable":true,"href":"https:\/\/escasainguitars.com\/pt\/wp-json\/wp\/v2\/product_brand?post=6890"},{"taxonomy":"product_cat","embeddable":true,"href":"https:\/\/escasainguitars.com\/pt\/wp-json\/wp\/v2\/product_cat?post=6890"},{"taxonomy":"product_tag","embeddable":true,"href":"https:\/\/escasainguitars.com\/pt\/wp-json\/wp\/v2\/product_tag?post=6890"}],"curies":[{"name":"wp","href":"https:\/\/api.w.org\/{rel}","templated":true}]}}