{"id":7029,"date":"2026-03-01T12:15:54","date_gmt":"2026-03-01T11:15:54","guid":{"rendered":"https:\/\/escasainguitars.com\/?post_type=product&#038;p=7029"},"modified":"2026-04-06T23:13:46","modified_gmt":"2026-04-06T22:13:46","slug":"fender-telecaster-richie-kotzen-signature-flame-top-sunburst","status":"publish","type":"product","link":"https:\/\/escasainguitars.com\/pt\/fender\/fender-telecaster-richie-kotzen-signature-flame-top-sunburst\/","title":{"rendered":"Fender Telecaster Richie Kotzen Signature \u2013 Flame Top Sunburst"},"content":{"rendered":"<p><iframe loading=\"lazy\" title=\"Fender Telecaster Richie Kotzen Signature \u2013 Flame Top Sunburst\" width=\"1080\" height=\"608\" src=\"https:\/\/www.youtube.com\/embed\/q22ZI_56Tek?feature=oembed\"  allow=\"accelerometer; autoplay; clipboard-write; encrypted-media; gyroscope; picture-in-picture; web-share\" referrerpolicy=\"strict-origin-when-cross-origin\" allowfullscreen><\/iframe><\/p>\n<p data-start=\"304\" data-end=\"445\">La Fender Telecaster Richie Kotzen Signature es una de las versiones m\u00e1s especiales y vers\u00e1tiles dentro del cat\u00e1logo moderno de Fender Jap\u00f3n.<\/p>\n<p data-start=\"447\" data-end=\"727\">Fabricada en Jap\u00f3n (MIJ), esta Telecaster combina est\u00e9tica cl\u00e1sica con especificaciones orientadas a un guitarrista de alto nivel t\u00e9cnico y expresivo. No es una Tele tradicional de corte vintage: es una Tele con car\u00e1cter moderno, mayor salida y una respuesta din\u00e1mica excepcional.<\/p>\n<hr data-start=\"729\" data-end=\"732\" \/>\n<h2 data-start=\"734\" data-end=\"753\">Especificaciones<\/h2>\n<ul data-start=\"755\" data-end=\"1135\">\n<li data-start=\"755\" data-end=\"785\">\n<p data-start=\"757\" data-end=\"785\">Fabricaci\u00f3n: Made in Japan<\/p>\n<\/li>\n<li data-start=\"786\" data-end=\"836\">\n<p data-start=\"788\" data-end=\"836\">Cuerpo: Fresno (Ash) con tapa de arce flameado<\/p>\n<\/li>\n<li data-start=\"837\" data-end=\"877\">\n<p data-start=\"839\" data-end=\"877\">Acabado: Brown Sunburst transparente<\/p>\n<\/li>\n<li data-start=\"878\" data-end=\"904\">\n<p data-start=\"880\" data-end=\"904\">M\u00e1stil: Arce one-piece<\/p>\n<\/li>\n<li data-start=\"905\" data-end=\"932\">\n<p data-start=\"907\" data-end=\"932\">Perfil: Grueso tipo \u201cU\u201d<\/p>\n<\/li>\n<li data-start=\"933\" data-end=\"947\">\n<p data-start=\"935\" data-end=\"947\">Radio: 12\u201d<\/p>\n<\/li>\n<li data-start=\"948\" data-end=\"966\">\n<p data-start=\"950\" data-end=\"966\">Trastes: Jumbo<\/p>\n<\/li>\n<li data-start=\"967\" data-end=\"1029\">\n<p data-start=\"969\" data-end=\"1029\">Pastillas: DiMarzio (Chopper T puente \/ Twang King m\u00e1stil)<\/p>\n<\/li>\n<li data-start=\"1030\" data-end=\"1062\">\n<p data-start=\"1032\" data-end=\"1062\">Puente moderno de 6 selletas<\/p>\n<\/li>\n<li data-start=\"1063\" data-end=\"1082\">\n<p data-start=\"1065\" data-end=\"1082\">Hardware dorado<\/p>\n<\/li>\n<li data-start=\"1083\" data-end=\"1135\">\n<p data-start=\"1085\" data-end=\"1135\">Control de volumen y tono con selector integrado<\/p>\n<\/li>\n<\/ul>\n<hr data-start=\"1137\" data-end=\"1140\" \/>\n<h2 data-start=\"1142\" data-end=\"1162\">Car\u00e1cter y sonido<\/h2>\n<p data-start=\"1164\" data-end=\"1253\">Esta Telecaster ofrece un equilibrio perfecto entre definici\u00f3n Fender y potencia moderna.<\/p>\n<p data-start=\"1255\" data-end=\"1531\">La pastilla del puente proporciona mayor salida y sustain que una Tele tradicional, con un rango medio m\u00e1s presente y excelente comportamiento con overdrive y distorsi\u00f3n. La posici\u00f3n de m\u00e1stil mantiene claridad y articulaci\u00f3n, ideal para limpios expresivos y solos con cuerpo.<\/p>\n<p data-start=\"1533\" data-end=\"1753\">El radio de 12\u201d y los trastes jumbo permiten una acci\u00f3n baja y bends amplios sin esfuerzo, convirti\u00e9ndola en una guitarra extremadamente c\u00f3moda para estilos que van desde el blues y rock cl\u00e1sico hasta hard rock y fusi\u00f3n.<\/p>\n<hr data-start=\"1755\" data-end=\"1758\" \/>\n<h2 data-start=\"1760\" data-end=\"1769\">Estado<\/h2>\n<p data-start=\"1771\" data-end=\"1946\">Guitarra en excelente estado general, completamente funcional y ajustada profesionalmente. Presenta desgaste ligero acorde al uso normal, manteniendo una est\u00e9tica muy cuidada.<\/p>\n<hr data-start=\"103\" data-end=\"106\" \/>\n<h2 data-start=\"178\" data-end=\"192\">Description<\/h2>\n<p data-start=\"194\" data-end=\"319\">The Fender Telecaster Richie Kotzen Signature is one of the most distinctive and versatile models in the Fender Japan lineup.<\/p>\n<p data-start=\"321\" data-end=\"628\">Crafted in Japan (MIJ), this Telecaster blends classic aesthetics with high-performance specifications designed for expressive and technically demanding players. This is not a traditional vintage-style Tele \u2014 it is a hot-rodded version with increased output, enhanced sustain and a more modern playing feel.<\/p>\n<hr data-start=\"630\" data-end=\"633\" \/>\n<h2 data-start=\"635\" data-end=\"652\">Specifications<\/h2>\n<ul data-start=\"654\" data-end=\"1004\">\n<li data-start=\"654\" data-end=\"671\">\n<p data-start=\"656\" data-end=\"671\">Made in Japan<\/p>\n<\/li>\n<li data-start=\"672\" data-end=\"706\">\n<p data-start=\"674\" data-end=\"706\">Ash body with flamed maple top<\/p>\n<\/li>\n<li data-start=\"707\" data-end=\"744\">\n<p data-start=\"709\" data-end=\"744\">Brown Sunburst transparent finish<\/p>\n<\/li>\n<li data-start=\"745\" data-end=\"769\">\n<p data-start=\"747\" data-end=\"769\">One-piece maple neck<\/p>\n<\/li>\n<li data-start=\"770\" data-end=\"791\">\n<p data-start=\"772\" data-end=\"791\">Thick \u201cU\u201d profile<\/p>\n<\/li>\n<li data-start=\"792\" data-end=\"818\">\n<p data-start=\"794\" data-end=\"818\">12\u201d fingerboard radius<\/p>\n<\/li>\n<li data-start=\"819\" data-end=\"834\">\n<p data-start=\"821\" data-end=\"834\">Jumbo frets<\/p>\n<\/li>\n<li data-start=\"835\" data-end=\"892\">\n<p data-start=\"837\" data-end=\"892\">DiMarzio pickups (Chopper T bridge \/ Twang King neck)<\/p>\n<\/li>\n<li data-start=\"893\" data-end=\"919\">\n<p data-start=\"895\" data-end=\"919\">Modern 6-saddle bridge<\/p>\n<\/li>\n<li data-start=\"920\" data-end=\"937\">\n<p data-start=\"922\" data-end=\"937\">Gold hardware<\/p>\n<\/li>\n<li data-start=\"938\" data-end=\"1004\">\n<p data-start=\"940\" data-end=\"1004\">Master volume and tone controls with integrated blade selector<\/p>\n<\/li>\n<\/ul>\n<hr data-start=\"1006\" data-end=\"1009\" \/>\n<h2 data-start=\"1011\" data-end=\"1030\">Tone &amp; Character<\/h2>\n<p data-start=\"1032\" data-end=\"1123\">This Telecaster delivers a perfect balance between classic Fender clarity and modern power.<\/p>\n<p data-start=\"1125\" data-end=\"1402\">The bridge pickup offers higher output and greater sustain than a traditional Tele, with pronounced midrange presence and excellent response under overdrive and distortion. The neck pickup retains articulation and warmth, ideal for expressive clean tones and singing lead work.<\/p>\n<p data-start=\"1404\" data-end=\"1586\">The 12\u201d radius and jumbo frets allow for low action and effortless wide bends, making it extremely comfortable for styles ranging from blues and classic rock to hard rock and fusion.<\/p>\n<hr data-start=\"1588\" data-end=\"1591\" \/>\n<h2 data-start=\"1593\" data-end=\"1605\">Condition<\/h2>\n<p data-start=\"1607\" data-end=\"1790\">The guitar is in excellent overall condition, fully functional and professionally set up. It shows light cosmetic wear consistent with normal use, while remaining very well preserved.<\/p>","protected":false},"excerpt":{"rendered":"<p data-start=\"115\" data-end=\"451\">Fender Telecaster Richie Kotzen Signature Made in Japan, con cuerpo de fresno y tapa de arce flameado en acabado Sunburst. Equipada con pastillas DiMarzio de mayor salida, radio de 12\u201d, trastes jumbo y m\u00e1stil de perfil grueso. Una Tele moderna, potente y vers\u00e1til, dise\u00f1ada para ofrecer m\u00e1s sustain y comodidad que una Tele tradicional.<\/p>\n<hr data-start=\"453\" data-end=\"456\" \/>\n<p data-start=\"471\" data-end=\"793\" data-is-last-node=\"\" data-is-only-node=\"\">Fender Richie Kotzen Telecaster Signature Made in Japan, featuring an ash body with flamed maple top in Sunburst finish. Equipped with high-output DiMarzio pickups, 12\u201d radius, jumbo frets and a thick neck profile. A modern, powerful and versatile Telecaster offering more sustain and playability than a traditional model.<\/p>","protected":false},"featured_media":7043,"template":"","meta":{"nf_dc_page":"","_et_pb_use_builder":"","_et_pb_old_content":"","_et_gb_content_width":""},"product_brand":[],"product_cat":[26,18],"product_tag":[],"class_list":{"0":"post-7029","1":"product","2":"type-product","3":"status-publish","4":"has-post-thumbnail","6":"product_cat-fender","7":"product_cat-fender-telecaster","9":"first","10":"outofstock","11":"taxable","12":"shipping-taxable","13":"purchasable","14":"product-type-simple"},"_links":{"self":[{"href":"https:\/\/escasainguitars.com\/pt\/wp-json\/wp\/v2\/product\/7029","targetHints":{"allow":["GET"]}}],"collection":[{"href":"https:\/\/escasainguitars.com\/pt\/wp-json\/wp\/v2\/product"}],"about":[{"href":"https:\/\/escasainguitars.com\/pt\/wp-json\/wp\/v2\/types\/product"}],"wp:featuredmedia":[{"embeddable":true,"href":"https:\/\/escasainguitars.com\/pt\/wp-json\/wp\/v2\/media\/7043"}],"wp:attachment":[{"href":"https:\/\/escasainguitars.com\/pt\/wp-json\/wp\/v2\/media?parent=7029"}],"wp:term":[{"taxonomy":"product_brand","embeddable":true,"href":"https:\/\/escasainguitars.com\/pt\/wp-json\/wp\/v2\/product_brand?post=7029"},{"taxonomy":"product_cat","embeddable":true,"href":"https:\/\/escasainguitars.com\/pt\/wp-json\/wp\/v2\/product_cat?post=7029"},{"taxonomy":"product_tag","embeddable":true,"href":"https:\/\/escasainguitars.com\/pt\/wp-json\/wp\/v2\/product_tag?post=7029"}],"curies":[{"name":"wp","href":"https:\/\/api.w.org\/{rel}","templated":true}]}}