{"id":7129,"date":"2026-03-02T17:45:26","date_gmt":"2026-03-02T16:45:26","guid":{"rendered":"https:\/\/escasainguitars.com\/?post_type=product&#038;p=7129"},"modified":"2026-04-10T18:49:32","modified_gmt":"2026-04-10T17:49:32","slug":"gibson-es-347-1980-cherry-sunburst-ebony-board-norlin-era","status":"publish","type":"product","link":"https:\/\/escasainguitars.com\/pt\/gibson\/gibson-es-347-1980-cherry-sunburst-ebony-board-norlin-era\/","title":{"rendered":"Gibson ES-347 1980 \u2013 Cherry Sunburst \u2013 Ebony Board \u2013 Norlin Era"},"content":{"rendered":"<p><iframe loading=\"lazy\" title=\"Gibson ES-347 1980 \u2013 Cherry Sunburst - LARRY CARLTON!!! \ud83c\udfb8\ud83c\udfb8\ud83c\udfb8\" width=\"1080\" height=\"608\" src=\"https:\/\/www.youtube.com\/embed\/Pjg8eN0WB3E?feature=oembed\"  allow=\"accelerometer; autoplay; clipboard-write; encrypted-media; gyroscope; picture-in-picture; web-share\" referrerpolicy=\"strict-origin-when-cross-origin\" allowfullscreen><\/iframe><\/p>\n<p data-start=\"804\" data-end=\"948\">Gibson ES-347 de 1980, uno de los modelos m\u00e1s interesantes de la era Norlin, concebido como una versi\u00f3n m\u00e1s sofisticada y vers\u00e1til de la ES-335.<\/p>\n<p data-start=\"950\" data-end=\"1098\">Este modelo combina la construcci\u00f3n semi-hollow cl\u00e1sica de Gibson con detalles de gama superior que le aportan mayor definici\u00f3n, ataque y presencia.<\/p>\n<hr data-start=\"1100\" data-end=\"1103\" \/>\n<h2 data-start=\"1105\" data-end=\"1124\">Especificaciones<\/h2>\n<p data-start=\"1126\" data-end=\"1408\">\u2022 A\u00f1o: 1980<br data-start=\"1137\" data-end=\"1140\" \/>\u2022 Acabado: Cherry Sunburst<br data-start=\"1166\" data-end=\"1169\" \/>\u2022 Construcci\u00f3n semi-hollow con bloque central<br data-start=\"1214\" data-end=\"1217\" \/>\u2022 Tapa y fondo de arce laminado<br data-start=\"1248\" data-end=\"1251\" \/>\u2022 Diapas\u00f3n de \u00e9bano con inlays tipo block<br data-start=\"1292\" data-end=\"1295\" \/>\u2022 2 humbuckers Gibson de la \u00e9poca<br data-start=\"1328\" data-end=\"1331\" \/>\u2022 Sistema coil tap<br data-start=\"1349\" data-end=\"1352\" \/>\u2022 Hardware cromado<br data-start=\"1370\" data-end=\"1373\" \/>\u2022 Incluye estuche original Gibson<\/p>\n<hr data-start=\"1410\" data-end=\"1413\" \/>\n<h2 data-start=\"1415\" data-end=\"1424\">Estado<\/h2>\n<p data-start=\"1426\" data-end=\"1456\">Excelente estado para su edad.<\/p>\n<p data-start=\"1458\" data-end=\"1576\">Presenta ligeras marcas de uso acordes a m\u00e1s de 40 a\u00f1os, manteniendo una est\u00e9tica muy cuidada y gran presencia visual.<\/p>\n<p data-start=\"1578\" data-end=\"1677\">M\u00e1stil recto, funcionamiento impecable y ajustada profesionalmente. Lista para escenario o estudio.<\/p>\n<hr data-start=\"1679\" data-end=\"1682\" \/>\n<h2 data-start=\"1684\" data-end=\"1693\">Sonido<\/h2>\n<p data-start=\"1695\" data-end=\"1761\">La ES-347 ofrece una personalidad propia dentro de la familia 335:<\/p>\n<p data-start=\"1763\" data-end=\"1986\">\u2022 Graves definidos y controlados<br data-start=\"1795\" data-end=\"1798\" \/>\u2022 Medios claros y articulados<br data-start=\"1827\" data-end=\"1830\" \/>\u2022 Mayor ataque gracias al diapas\u00f3n de \u00e9bano<br data-start=\"1873\" data-end=\"1876\" \/>\u2022 Versatilidad adicional gracias al coil tap<br data-start=\"1920\" data-end=\"1923\" \/>\u2022 Excelente comportamiento tanto en limpio como con overdrive<\/p>\n<p data-start=\"1988\" data-end=\"2057\">Una semi-hollow s\u00f3lida, vers\u00e1til y con car\u00e1cter Norlin bien definido.<\/p>\n<p data-start=\"2059\" data-end=\"2090\">Disponible en Escasain Guitars.<\/p>\n<hr data-start=\"1679\" data-end=\"1682\" \/>\n<h1 data-start=\"120\" data-end=\"191\">Gibson ES-347 1980 \u2013 Cherry Sunburst \u2013 Ebony Fingerboard \u2013 Norlin Era<\/h1>\n<p data-start=\"193\" data-end=\"346\">1980 Gibson ES-347, one of the most distinctive semi-hollow models from the Norlin era, designed as a more refined and versatile evolution of the ES-335.<\/p>\n<p data-start=\"348\" data-end=\"499\">This model combines classic Gibson semi-hollow construction with higher-end features that deliver increased clarity, articulation and dynamic response.<\/p>\n<hr data-start=\"501\" data-end=\"504\" \/>\n<h2 data-start=\"506\" data-end=\"523\">Specifications<\/h2>\n<p data-start=\"525\" data-end=\"814\">\u2022 Year: 1980<br data-start=\"537\" data-end=\"540\" \/>\u2022 Finish: Cherry Sunburst<br data-start=\"565\" data-end=\"568\" \/>\u2022 Semi-hollow construction with center block<br data-start=\"612\" data-end=\"615\" \/>\u2022 Laminated maple top and back<br data-start=\"645\" data-end=\"648\" \/>\u2022 Ebony fingerboard with block inlays<br data-start=\"685\" data-end=\"688\" \/>\u2022 2 Gibson humbuckers from the period<br data-start=\"725\" data-end=\"728\" \/>\u2022 Factory coil tap system<br data-start=\"753\" data-end=\"756\" \/>\u2022 Chrome hardware<br data-start=\"773\" data-end=\"776\" \/>\u2022 Includes original Gibson hard case<\/p>\n<hr data-start=\"816\" data-end=\"819\" \/>\n<h2 data-start=\"821\" data-end=\"833\">Condition<\/h2>\n<p data-start=\"835\" data-end=\"867\">Excellent condition for its age.<\/p>\n<p data-start=\"869\" data-end=\"994\">Shows light cosmetic wear consistent with over four decades, while maintaining strong visual appeal and structural integrity.<\/p>\n<p data-start=\"996\" data-end=\"1090\">Straight neck, excellent playability and professionally set up. Ready for stage or studio use.<\/p>\n<hr data-start=\"1092\" data-end=\"1095\" \/>\n<h2 data-start=\"1097\" data-end=\"1104\">Tone<\/h2>\n<p data-start=\"1106\" data-end=\"1161\">The ES-347 offers a unique voice within the 335 family:<\/p>\n<p data-start=\"1163\" data-end=\"1378\">\u2022 Defined and controlled low end<br data-start=\"1195\" data-end=\"1198\" \/>\u2022 Clear, articulate midrange<br data-start=\"1226\" data-end=\"1229\" \/>\u2022 Enhanced attack thanks to the ebony fingerboard<br data-start=\"1278\" data-end=\"1281\" \/>\u2022 Added versatility through the coil tap system<br data-start=\"1328\" data-end=\"1331\" \/>\u2022 Excellent performance both clean and driven<\/p>\n<p data-start=\"1380\" data-end=\"1477\">A solid, versatile Norlin-era semi-hollow with a distinctive character and refined tonal profile.<\/p>\n<p data-start=\"1479\" data-end=\"1509\" data-is-last-node=\"\" data-is-only-node=\"\">Available at Escasain Guitars.<\/p>","protected":false},"excerpt":{"rendered":"<p data-start=\"108\" data-end=\"416\">Gibson ES-347 de 1980 en acabado Cherry Sunburst, modelo semi-hollow de la era Norlin con diapas\u00f3n de \u00e9bano e inlays block. Equipada con humbuckers Gibson y sistema coil tap para mayor versatilidad. Excelente estado para su edad, ajustada profesionalmente y lista para tocar. Incluye estuche original Gibson.<\/p>\n<hr data-start=\"418\" data-end=\"421\" \/>\n<p data-start=\"436\" data-end=\"733\" data-is-last-node=\"\" data-is-only-node=\"\">1980 Gibson ES-347 in Cherry Sunburst, Norlin-era semi-hollow featuring an ebony fingerboard with block inlays. Equipped with Gibson humbuckers and factory coil tap for added versatility. Excellent condition for its age, professionally set up and ready to play. Includes original Gibson hard case.<\/p>","protected":false},"featured_media":7076,"template":"","meta":{"nf_dc_page":"","_et_pb_use_builder":"","_et_pb_old_content":"","_et_gb_content_width":""},"product_brand":[],"product_cat":[27],"product_tag":[],"class_list":{"0":"post-7129","1":"product","2":"type-product","3":"status-publish","4":"has-post-thumbnail","6":"product_cat-gibson","8":"first","9":"instock","10":"taxable","11":"shipping-taxable","12":"purchasable","13":"product-type-simple"},"_links":{"self":[{"href":"https:\/\/escasainguitars.com\/pt\/wp-json\/wp\/v2\/product\/7129","targetHints":{"allow":["GET"]}}],"collection":[{"href":"https:\/\/escasainguitars.com\/pt\/wp-json\/wp\/v2\/product"}],"about":[{"href":"https:\/\/escasainguitars.com\/pt\/wp-json\/wp\/v2\/types\/product"}],"wp:featuredmedia":[{"embeddable":true,"href":"https:\/\/escasainguitars.com\/pt\/wp-json\/wp\/v2\/media\/7076"}],"wp:attachment":[{"href":"https:\/\/escasainguitars.com\/pt\/wp-json\/wp\/v2\/media?parent=7129"}],"wp:term":[{"taxonomy":"product_brand","embeddable":true,"href":"https:\/\/escasainguitars.com\/pt\/wp-json\/wp\/v2\/product_brand?post=7129"},{"taxonomy":"product_cat","embeddable":true,"href":"https:\/\/escasainguitars.com\/pt\/wp-json\/wp\/v2\/product_cat?post=7129"},{"taxonomy":"product_tag","embeddable":true,"href":"https:\/\/escasainguitars.com\/pt\/wp-json\/wp\/v2\/product_tag?post=7129"}],"curies":[{"name":"wp","href":"https:\/\/api.w.org\/{rel}","templated":true}]}}