{"id":7142,"date":"2026-03-10T18:41:28","date_gmt":"2026-03-10T17:41:28","guid":{"rendered":"https:\/\/escasainguitars.com\/?post_type=product&#038;p=7142"},"modified":"2026-03-13T18:58:53","modified_gmt":"2026-03-13T17:58:53","slug":"lsl-s-style-vintage-white-hss-made-in-usa","status":"publish","type":"product","link":"https:\/\/escasainguitars.com\/pt\/otras\/lsl-s-style-vintage-white-hss-made-in-usa\/","title":{"rendered":"LSL S-Style Vintage White HSS \u2013 Made in USA"},"content":{"rendered":"<p data-start=\"270\" data-end=\"421\">LSL Instruments S-Style fabricada en California (USA) por <strong data-start=\"328\" data-end=\"347\">LSL Instruments<\/strong>, uno de los fabricantes boutique m\u00e1s reconocidos dentro del estilo Strat.<\/p>\n<p data-start=\"423\" data-end=\"655\">Este modelo presenta acabado <strong data-start=\"452\" data-end=\"490\">Vintage White con checking natural<\/strong>, con una est\u00e9tica claramente inspirada en las Stratocaster cl\u00e1sicas. La guitarra tiene un aspecto muy elegante y un envejecido natural que le aporta mucho car\u00e1cter.<\/p>\n<p data-start=\"657\" data-end=\"746\">El m\u00e1stil es de <strong data-start=\"673\" data-end=\"690\">arce flameado<\/strong>, con un tacto muy c\u00f3modo y una gran sensaci\u00f3n al tocar.<\/p>\n<p data-start=\"748\" data-end=\"1030\">La guitarra monta una <strong data-start=\"770\" data-end=\"791\">configuraci\u00f3n HSS<\/strong>, con dos pastillas single coil y una humbucker en el puente, lo que la convierte en un instrumento muy vers\u00e1til. Permite cubrir desde sonidos Strat cl\u00e1sicos, definidos y abiertos, hasta tonos m\u00e1s potentes y modernos en posici\u00f3n de puente.<\/p>\n<p data-start=\"1032\" data-end=\"1175\">LSL es una marca boutique americana muy apreciada por la calidad de sus maderas, la resonancia de sus instrumentos y su construcci\u00f3n artesanal.<\/p>\n<p data-start=\"1177\" data-end=\"1240\">Instrumento muy equilibrado, resonante y con gran personalidad.<\/p>\n<p data-start=\"1242\" data-end=\"1290\">Incluye <strong data-start=\"1250\" data-end=\"1259\">funda<\/strong> (no es el estuche de la foto).<\/p>\n<p data-start=\"1292\" data-end=\"1353\">M\u00e1s informaci\u00f3n en <strong data-start=\"1311\" data-end=\"1352\">Instagram y YouTube: Escasain Guitars<\/strong>.<\/p>\n<p data-start=\"1292\" data-end=\"1353\">&#8212;<\/p>\n<p data-start=\"290\" data-end=\"431\">LSL Instruments S-Style built in California (USA) by <strong data-start=\"343\" data-end=\"362\">LSL Instruments<\/strong>, one of the most respected boutique builders of Strat-style guitars.<\/p>\n<p data-start=\"433\" data-end=\"584\">This instrument features a <strong data-start=\"460\" data-end=\"506\">Vintage White finish with natural checking<\/strong>, giving it an elegant look clearly inspired by classic vintage Stratocasters.<\/p>\n<p data-start=\"586\" data-end=\"679\">The neck is made of <strong data-start=\"606\" data-end=\"622\">flamed maple<\/strong>, offering a very comfortable feel and great playability.<\/p>\n<p data-start=\"681\" data-end=\"907\">It comes with an <strong data-start=\"698\" data-end=\"726\">HSS pickup configuration<\/strong>, with two single coils and a humbucker in the bridge position, making it a very versatile guitar capable of covering classic Strat tones as well as more powerful and modern sounds.<\/p>\n<p data-start=\"909\" data-end=\"1070\">LSL is a highly regarded American boutique brand known for the quality of its woods, the resonance of its instruments and its excellent handcrafted construction.<\/p>\n<p data-start=\"1072\" data-end=\"1137\">A very balanced and resonant instrument with plenty of character.<\/p>\n<p data-start=\"1139\" data-end=\"1195\">Includes <strong data-start=\"1148\" data-end=\"1159\">gig bag<\/strong> (not the case shown in the photos).<\/p>\n<p data-start=\"1197\" data-end=\"1261\">More information on <strong data-start=\"1217\" data-end=\"1260\">Instagram and YouTube: Escasain Guitars<\/strong>.<\/p>","protected":false},"excerpt":{"rendered":"<p data-start=\"1395\" data-end=\"1730\">LSL S-Style Vintage White HSS fabricada en California (USA). Guitarra boutique inspirada en las Stratocaster cl\u00e1sicas. Acabado Vintage White con checking natural, m\u00e1stil de arce flameado y configuraci\u00f3n HSS que combina sonidos Strat tradicionales con mayor potencia en el puente. Instrumento muy resonante y equilibrado. Incluye funda.<\/p>\n<p data-start=\"1745\" data-end=\"2014\">LSL S-Style Vintage White HSS made in California (USA). Boutique guitar inspired by classic Stratocasters. Vintage White finish with natural checking, flame maple neck and versatile HSS pickup configuration. Very resonant and well-balanced instrument. Includes gig bag.<\/p>","protected":false},"featured_media":7143,"template":"","meta":{"nf_dc_page":"","_et_pb_use_builder":"","_et_pb_old_content":"","_et_gb_content_width":""},"product_brand":[],"product_cat":[15],"product_tag":[],"class_list":{"0":"post-7142","1":"product","2":"type-product","3":"status-publish","4":"has-post-thumbnail","6":"product_cat-otras","8":"first","9":"outofstock","10":"taxable","11":"shipping-taxable","12":"purchasable","13":"product-type-simple"},"_links":{"self":[{"href":"https:\/\/escasainguitars.com\/pt\/wp-json\/wp\/v2\/product\/7142","targetHints":{"allow":["GET"]}}],"collection":[{"href":"https:\/\/escasainguitars.com\/pt\/wp-json\/wp\/v2\/product"}],"about":[{"href":"https:\/\/escasainguitars.com\/pt\/wp-json\/wp\/v2\/types\/product"}],"wp:featuredmedia":[{"embeddable":true,"href":"https:\/\/escasainguitars.com\/pt\/wp-json\/wp\/v2\/media\/7143"}],"wp:attachment":[{"href":"https:\/\/escasainguitars.com\/pt\/wp-json\/wp\/v2\/media?parent=7142"}],"wp:term":[{"taxonomy":"product_brand","embeddable":true,"href":"https:\/\/escasainguitars.com\/pt\/wp-json\/wp\/v2\/product_brand?post=7142"},{"taxonomy":"product_cat","embeddable":true,"href":"https:\/\/escasainguitars.com\/pt\/wp-json\/wp\/v2\/product_cat?post=7142"},{"taxonomy":"product_tag","embeddable":true,"href":"https:\/\/escasainguitars.com\/pt\/wp-json\/wp\/v2\/product_tag?post=7142"}],"curies":[{"name":"wp","href":"https:\/\/api.w.org\/{rel}","templated":true}]}}