{"id":7166,"date":"2026-03-13T19:34:48","date_gmt":"2026-03-13T18:34:48","guid":{"rendered":"https:\/\/escasainguitars.com\/?post_type=product&#038;p=7166"},"modified":"2026-04-19T11:58:41","modified_gmt":"2026-04-19T10:58:41","slug":"gibson-l6-s-1974-santana","status":"publish","type":"product","link":"https:\/\/escasainguitars.com\/pt\/gibson\/gibson-l6-s-1974-santana\/","title":{"rendered":"Gibson L6-S \u2013 1974 &#8211; Santana"},"content":{"rendered":"<p><iframe loading=\"lazy\" title=\"Gibson L6-S 1974 - SANTANA OMG! \ud83d\ude31\ud83d\ude31\ud83d\ude31\" width=\"1080\" height=\"608\" src=\"https:\/\/www.youtube.com\/embed\/nNiV9RC8MyQ?feature=oembed\"  allow=\"accelerometer; autoplay; clipboard-write; encrypted-media; gyroscope; picture-in-picture; web-share\" referrerpolicy=\"strict-origin-when-cross-origin\" allowfullscreen><\/iframe><\/p>\n<p>&nbsp;<\/p>\n<p data-start=\"88\" data-end=\"425\">La <strong data-start=\"91\" data-end=\"106\">Gibson L6-S<\/strong> es uno de los modelos m\u00e1s singulares del cat\u00e1logo vintage de <span class=\"hover:entity-accent entity-underline inline cursor-pointer align-baseline\"><span class=\"whitespace-normal\">Gibson<\/span><\/span>. Dise\u00f1ada a principios de los a\u00f1os 70 por el reconocido dise\u00f1ador de pastillas <span class=\"hover:entity-accent entity-underline inline cursor-pointer align-baseline\"><span class=\"whitespace-normal\">Bill Lawrence<\/span><\/span> durante la era Norlin, este instrumento destaca por una construcci\u00f3n poco habitual dentro de la marca.<\/p>\n<p data-start=\"427\" data-end=\"739\">A diferencia de la mayor\u00eda de Gibson, la L6-S combina <strong data-start=\"481\" data-end=\"506\">cuerpo de arce macizo<\/strong> con <strong data-start=\"511\" data-end=\"541\">m\u00e1stil de arce atornillado<\/strong>, una configuraci\u00f3n que aporta ataque r\u00e1pido, gran definici\u00f3n y una respuesta muy directa. El resultado es una guitarra muy resonante y con una personalidad sonora propia dentro del universo Gibson.<\/p>\n<p data-start=\"741\" data-end=\"1102\">Este modelo incorpora <strong data-start=\"763\" data-end=\"796\">24 trastes y escala de 24.75\u201d<\/strong>, adem\u00e1s de un sistema electr\u00f3nico muy avanzado para su \u00e9poca, con dos humbuckers dise\u00f1adas por Bill Lawrence y un selector rotatorio de m\u00faltiples posiciones que permite una gran variedad de combinaciones tonales. Todo ello convierte a la L6-S en una de las guitarras m\u00e1s vers\u00e1tiles de la d\u00e9cada de los 70.<\/p>\n<p data-start=\"1104\" data-end=\"1423\">La unidad que presentamos est\u00e1 fabricada en Estados Unidos a mediados de los a\u00f1os 70 (aprox. <strong data-start=\"1197\" data-end=\"1210\">1973\u20131975<\/strong>) y mantiene la est\u00e9tica cl\u00e1sica en <strong data-start=\"1246\" data-end=\"1265\">acabado Natural<\/strong>. Presenta algunas modificaciones en la electr\u00f3nica y monta <strong data-start=\"1325\" data-end=\"1346\">clavijeros Grover<\/strong>, pero conserva plenamente el car\u00e1cter y la identidad de este modelo vintage.<\/p>\n<p data-start=\"1425\" data-end=\"1595\">Una guitarra diferente dentro del cat\u00e1logo hist\u00f3rico de Gibson, muy apreciada por m\u00fasicos y coleccionistas que buscan instrumentos de los a\u00f1os 70 con personalidad propia.<\/p>\n<hr data-start=\"1597\" data-end=\"1600\" \/>\n<h3 data-section-id=\"epc39b\" data-start=\"1602\" data-end=\"1622\">Especificaciones<\/h3>\n<ul data-start=\"1624\" data-end=\"1817\">\n<li data-section-id=\"1vg9nnu\" data-start=\"1624\" data-end=\"1648\">\n<p data-start=\"1626\" data-end=\"1648\">Cuerpo: maple macizo<\/p>\n<\/li>\n<li data-section-id=\"2kd300\" data-start=\"1649\" data-end=\"1674\">\n<p data-start=\"1651\" data-end=\"1674\">M\u00e1stil: maple bolt-on<\/p>\n<\/li>\n<li data-section-id=\"scfcm4\" data-start=\"1675\" data-end=\"1693\">\n<p data-start=\"1677\" data-end=\"1693\">Escala: 24.75\u201d<\/p>\n<\/li>\n<li data-section-id=\"rmty9k\" data-start=\"1694\" data-end=\"1708\">\n<p data-start=\"1696\" data-end=\"1708\">24 trastes<\/p>\n<\/li>\n<li data-section-id=\"17cefs6\" data-start=\"1709\" data-end=\"1755\">\n<p data-start=\"1711\" data-end=\"1755\">2 humbuckers Bill Lawrence Super Humbucker<\/p>\n<\/li>\n<li data-section-id=\"1fvffdh\" data-start=\"1756\" data-end=\"1794\">\n<p data-start=\"1758\" data-end=\"1794\">Selector rotatorio de 6 posiciones<\/p>\n<\/li>\n<li data-section-id=\"soop2z\" data-start=\"1795\" data-end=\"1817\">\n<p data-start=\"1797\" data-end=\"1817\">1 volumen \/ 1 tono<\/p>\n<\/li>\n<\/ul>\n<hr data-start=\"1819\" data-end=\"1822\" \/>\n<h2 data-section-id=\"12k6hbj\" data-start=\"0\" data-end=\"44\">Gibson L6-S \u2013 Natural Vintage (1973\u20131975)<\/h2>\n<p data-start=\"46\" data-end=\"311\">The <strong data-start=\"50\" data-end=\"65\">Gibson L6-S<\/strong> is one of the most distinctive vintage models in the Gibson catalog. Designed in the early 1970s by renowned pickup designer <strong data-start=\"191\" data-end=\"208\">Bill Lawrence<\/strong> during the Norlin era, this instrument stands out for a construction that is quite unusual for Gibson.<\/p>\n<p data-start=\"313\" data-end=\"610\">Unlike most Gibson guitars, the L6-S features a <strong data-start=\"361\" data-end=\"381\">solid maple body<\/strong> paired with a <strong data-start=\"396\" data-end=\"418\">bolt-on maple neck<\/strong>, a configuration that provides a fast attack, excellent clarity, and a very direct response. The result is a highly resonant instrument with a unique tonal character within the Gibson lineup.<\/p>\n<p data-start=\"612\" data-end=\"965\">This model includes <strong data-start=\"632\" data-end=\"670\">24 frets and a 24.75\u201d scale length<\/strong>, along with a sophisticated electronic system for its time. It is equipped with two Bill Lawrence\u2013designed humbuckers and a <strong data-start=\"795\" data-end=\"845\">rotary selector switch with multiple positions<\/strong>, offering a wide range of tonal combinations. This design made the L6-S one of the most versatile guitars of the 1970s.<\/p>\n<p data-start=\"967\" data-end=\"1300\">The instrument presented here was manufactured in the United States in the mid-1970s (approx. <strong data-start=\"1061\" data-end=\"1074\">1973\u20131975<\/strong>) and retains the classic <strong data-start=\"1100\" data-end=\"1118\">Natural finish<\/strong>. This particular guitar features some modifications to the electronics and is fitted with <strong data-start=\"1209\" data-end=\"1226\">Grover tuners<\/strong>, while still preserving the character and identity of this vintage model.<\/p>\n<p data-start=\"1302\" data-end=\"1456\">A unique piece within the historic Gibson lineup, highly appreciated by musicians and collectors looking for a 1970s instrument with a strong personality.<\/p>\n<h3 data-section-id=\"1yl5694\" data-start=\"1458\" data-end=\"1476\">Specifications<\/h3>\n<ul data-start=\"1478\" data-end=\"1665\">\n<li data-section-id=\"1ffaccq\" data-start=\"1478\" data-end=\"1499\">\n<p data-start=\"1480\" data-end=\"1499\">Body: solid maple<\/p>\n<\/li>\n<li data-section-id=\"2vzazh\" data-start=\"1500\" data-end=\"1523\">\n<p data-start=\"1502\" data-end=\"1523\">Neck: bolt-on maple<\/p>\n<\/li>\n<li data-section-id=\"csg2w1\" data-start=\"1524\" data-end=\"1548\">\n<p data-start=\"1526\" data-end=\"1548\">Scale length: 24.75\u201d<\/p>\n<\/li>\n<li data-section-id=\"1q6er20\" data-start=\"1549\" data-end=\"1561\">\n<p data-start=\"1551\" data-end=\"1561\">24 frets<\/p>\n<\/li>\n<li data-section-id=\"1h29uy2\" data-start=\"1562\" data-end=\"1605\">\n<p data-start=\"1564\" data-end=\"1605\">2 Bill Lawrence Super Humbucker pickups<\/p>\n<\/li>\n<li data-section-id=\"1a7qeum\" data-start=\"1606\" data-end=\"1643\">\n<p data-start=\"1608\" data-end=\"1643\">6-position rotary selector switch<\/p>\n<\/li>\n<li data-section-id=\"8dstz3\" data-start=\"1644\" data-end=\"1665\">\n<p data-start=\"1646\" data-end=\"1665\">1 volume \/ 1 tone<\/p>\n<\/li>\n<\/ul>","protected":false},"excerpt":{"rendered":"<p data-start=\"0\" data-end=\"480\">Gibson L6-S fabricada en Estados Unidos a mediados de los a\u00f1os 70 (1973\u20131975). Modelo dise\u00f1ado por Bill Lawrence durante la era Norlin. Cuerpo de arce macizo y m\u00e1stil de arce atornillado, una construcci\u00f3n poco habitual en Gibson que aporta un ataque r\u00e1pido y gran definici\u00f3n. Escala 24.75\u201d, 24 trastes y selector rotatorio de 6 posiciones con dos humbuckers Bill Lawrence. Guitarra vintage muy vers\u00e1til con est\u00e9tica cl\u00e1sica en acabado Natural.<\/p>\n<hr data-start=\"1819\" data-end=\"1822\" \/>\n<p data-start=\"482\" data-end=\"917\" data-is-last-node=\"\" data-is-only-node=\"\"><br data-start=\"513\" data-end=\"516\" \/>Gibson L6-S made in the USA in the mid-1970s (1973\u20131975). Model designed by Bill Lawrence during the Norlin era. Solid maple body with a bolt-on maple neck, an unusual construction for Gibson that provides fast attack and great clarity. 24.75\u201d scale length, 24 frets and a 6-position rotary selector with two Bill Lawrence humbuckers. A versatile vintage guitar with classic Natural finish aesthetics.<\/p>","protected":false},"featured_media":7169,"template":"","meta":{"nf_dc_page":"","_et_pb_use_builder":"","_et_pb_old_content":"","_et_gb_content_width":""},"product_brand":[],"product_cat":[27],"product_tag":[],"class_list":{"0":"post-7166","1":"product","2":"type-product","3":"status-publish","4":"has-post-thumbnail","6":"product_cat-gibson","8":"first","9":"instock","10":"taxable","11":"shipping-taxable","12":"purchasable","13":"product-type-simple"},"_links":{"self":[{"href":"https:\/\/escasainguitars.com\/pt\/wp-json\/wp\/v2\/product\/7166","targetHints":{"allow":["GET"]}}],"collection":[{"href":"https:\/\/escasainguitars.com\/pt\/wp-json\/wp\/v2\/product"}],"about":[{"href":"https:\/\/escasainguitars.com\/pt\/wp-json\/wp\/v2\/types\/product"}],"wp:featuredmedia":[{"embeddable":true,"href":"https:\/\/escasainguitars.com\/pt\/wp-json\/wp\/v2\/media\/7169"}],"wp:attachment":[{"href":"https:\/\/escasainguitars.com\/pt\/wp-json\/wp\/v2\/media?parent=7166"}],"wp:term":[{"taxonomy":"product_brand","embeddable":true,"href":"https:\/\/escasainguitars.com\/pt\/wp-json\/wp\/v2\/product_brand?post=7166"},{"taxonomy":"product_cat","embeddable":true,"href":"https:\/\/escasainguitars.com\/pt\/wp-json\/wp\/v2\/product_cat?post=7166"},{"taxonomy":"product_tag","embeddable":true,"href":"https:\/\/escasainguitars.com\/pt\/wp-json\/wp\/v2\/product_tag?post=7166"}],"curies":[{"name":"wp","href":"https:\/\/api.w.org\/{rel}","templated":true}]}}