{"id":7201,"date":"2026-03-13T20:22:38","date_gmt":"2026-03-13T19:22:38","guid":{"rendered":"https:\/\/escasainguitars.com\/?post_type=product&#038;p=7201"},"modified":"2026-03-17T22:03:48","modified_gmt":"2026-03-17T21:03:48","slug":"fender-stratocaster-1979-sunburst-vintage","status":"publish","type":"product","link":"https:\/\/escasainguitars.com\/pt\/fender\/fender-stratocaster-1979-sunburst-vintage\/","title":{"rendered":"Fender Stratocaster 1979 \u2013 Sunburst Vintage"},"content":{"rendered":"<p data-start=\"48\" data-end=\"512\">La <strong data-start=\"51\" data-end=\"82\">Fender Stratocaster de 1979<\/strong> pertenece a la etapa final de la era CBS de <span class=\"hover:entity-accent entity-underline inline cursor-pointer align-baseline\"><span class=\"whitespace-normal\">Fender<\/span><\/span> y representa perfectamente el car\u00e1cter de las Stratocaster de finales de los a\u00f1os 70. Fabricada en <strong data-start=\"264\" data-end=\"289\">Fullerton, California<\/strong>, este periodo se caracteriza por el inconfundible <strong data-start=\"340\" data-end=\"359\">large headstock<\/strong>, la uni\u00f3n de m\u00e1stil de <strong data-start=\"383\" data-end=\"424\">tres tornillos con sistema Micro-Tilt<\/strong> y una construcci\u00f3n s\u00f3lida que se ha convertido en una se\u00f1a de identidad de estas Strat.<\/p>\n<p data-start=\"514\" data-end=\"856\">El instrumento presenta un elegante <strong data-start=\"550\" data-end=\"577\">acabado 3-Tone Sunburst<\/strong> sobre cuerpo de <strong data-start=\"594\" data-end=\"610\">fresno (ash)<\/strong>, una combinaci\u00f3n muy habitual en esta \u00e9poca que aporta gran resonancia, ataque definido y un sonido abierto con mucha presencia. El m\u00e1stil de <strong data-start=\"753\" data-end=\"782\">arce con diapas\u00f3n de arce<\/strong> ofrece el tacto cl\u00e1sico de las Strat vintage y una respuesta muy directa.<\/p>\n<p data-start=\"858\" data-end=\"1147\">Equipada con la configuraci\u00f3n tradicional de <strong data-start=\"903\" data-end=\"924\">tres single coils<\/strong>, esta guitarra entrega el sonido Stratocaster cl\u00e1sico: limpio, din\u00e1mico y articulado, con gran claridad en cada posici\u00f3n del selector. El puente tremolo Fender mantiene la est\u00e9tica y funcionalidad tradicionales del modelo.<\/p>\n<p data-start=\"1149\" data-end=\"1340\">Esta unidad se encuentra en <strong data-start=\"1177\" data-end=\"1210\">excelente estado para su edad<\/strong>, algo poco habitual en instrumentos de finales de los a\u00f1os 70, conservando plenamente su est\u00e9tica vintage y su car\u00e1cter original.<\/p>\n<p data-start=\"1342\" data-end=\"1501\">Una Stratocaster aut\u00e9ntica de la era CBS, muy atractiva tanto para coleccionistas como para guitarristas que buscan una Fender vintage con personalidad propia.<\/p>\n<hr data-start=\"1503\" data-end=\"1506\" \/>\n<h3 data-section-id=\"epc39b\" data-start=\"1508\" data-end=\"1528\">Especificaciones<\/h3>\n<ul data-start=\"1530\" data-end=\"1990\">\n<li data-section-id=\"1jhynch\" data-start=\"1530\" data-end=\"1561\">\n<p data-start=\"1532\" data-end=\"1561\">Modelo: Fender Stratocaster<\/p>\n<\/li>\n<li data-section-id=\"o62023\" data-start=\"1562\" data-end=\"1579\">\n<p data-start=\"1564\" data-end=\"1579\">A\u00f1o: <strong data-start=\"1569\" data-end=\"1577\">1979<\/strong><\/p>\n<\/li>\n<li data-section-id=\"1wg7pp1\" data-start=\"1580\" data-end=\"1627\">\n<p data-start=\"1582\" data-end=\"1627\">Fabricaci\u00f3n: <strong data-start=\"1595\" data-end=\"1625\">Fullerton, California, USA<\/strong><\/p>\n<\/li>\n<li data-section-id=\"qynf04\" data-start=\"1628\" data-end=\"1656\">\n<p data-start=\"1630\" data-end=\"1656\">Cuerpo: <strong data-start=\"1638\" data-end=\"1654\">ash (fresno)<\/strong><\/p>\n<\/li>\n<li data-section-id=\"xts97h\" data-start=\"1657\" data-end=\"1689\">\n<p data-start=\"1659\" data-end=\"1689\">Acabado: <strong data-start=\"1668\" data-end=\"1687\">3-Tone Sunburst<\/strong><\/p>\n<\/li>\n<li data-section-id=\"123bu3t\" data-start=\"1690\" data-end=\"1711\">\n<p data-start=\"1692\" data-end=\"1711\">M\u00e1stil: <strong data-start=\"1700\" data-end=\"1709\">maple<\/strong><\/p>\n<\/li>\n<li data-section-id=\"87lj2s\" data-start=\"1712\" data-end=\"1735\">\n<p data-start=\"1714\" data-end=\"1735\">Diapas\u00f3n: <strong data-start=\"1724\" data-end=\"1733\">maple<\/strong><\/p>\n<\/li>\n<li data-section-id=\"a2xrje\" data-start=\"1736\" data-end=\"1757\">\n<p data-start=\"1738\" data-end=\"1757\">Escala: <strong data-start=\"1746\" data-end=\"1755\">25.5\u201d<\/strong><\/p>\n<\/li>\n<li data-section-id=\"l5kjwd\" data-start=\"1758\" data-end=\"1772\">\n<p data-start=\"1760\" data-end=\"1772\">21 trastes<\/p>\n<\/li>\n<li data-section-id=\"2duqj3\" data-start=\"1773\" data-end=\"1796\">\n<p data-start=\"1775\" data-end=\"1796\">Large CBS headstock<\/p>\n<\/li>\n<li data-section-id=\"1lxdz83\" data-start=\"1797\" data-end=\"1842\">\n<p data-start=\"1799\" data-end=\"1842\">Uni\u00f3n de m\u00e1stil <strong data-start=\"1815\" data-end=\"1840\">3-bolt con Micro-Tilt<\/strong><\/p>\n<\/li>\n<li data-section-id=\"1kj1lzv\" data-start=\"1843\" data-end=\"1881\">\n<p data-start=\"1845\" data-end=\"1881\">3 pastillas <strong data-start=\"1857\" data-end=\"1879\">Fender single coil<\/strong><\/p>\n<\/li>\n<li data-section-id=\"63qc4g\" data-start=\"1882\" data-end=\"1916\">\n<p data-start=\"1884\" data-end=\"1916\">Controles: 1 volumen \/ 2 tonos<\/p>\n<\/li>\n<li data-section-id=\"usmhpt\" data-start=\"1917\" data-end=\"1949\">\n<p data-start=\"1919\" data-end=\"1949\">Selector de <strong data-start=\"1931\" data-end=\"1947\">5 posiciones<\/strong><\/p>\n<\/li>\n<li data-section-id=\"y8akl\" data-start=\"1950\" data-end=\"1990\">\n<p data-start=\"1952\" data-end=\"1990\">Puente <strong data-start=\"1959\" data-end=\"1990\">Fender synchronized tremolo<\/strong><\/p>\n<\/li>\n<\/ul>\n<hr data-start=\"1992\" data-end=\"1995\" \/>\n<p data-start=\"48\" data-end=\"451\">The <strong data-start=\"52\" data-end=\"85\">Fender Stratocaster from 1979<\/strong> comes from the final years of the CBS era of <span class=\"hover:entity-accent entity-underline inline cursor-pointer align-baseline\"><span class=\"whitespace-normal\">Fender<\/span><\/span> and perfectly represents the character of late-1970s Stratocasters. Built in <strong data-start=\"246\" data-end=\"271\">Fullerton, California<\/strong>, guitars from this period are known for their distinctive <strong data-start=\"330\" data-end=\"349\">large headstock<\/strong>, the <strong data-start=\"355\" data-end=\"403\">three-bolt neck joint with Micro-Tilt system<\/strong>, and the solid construction typical of the era.<\/p>\n<p data-start=\"453\" data-end=\"777\">This example features a classic <strong data-start=\"485\" data-end=\"511\">3-Tone Sunburst finish<\/strong> over an <strong data-start=\"520\" data-end=\"532\">ash body<\/strong>, a very common combination during the late 70s that provides strong resonance, clear attack and an open, articulate tone. The <strong data-start=\"659\" data-end=\"694\">maple neck with maple fretboard<\/strong> delivers the traditional Strat feel with a fast and responsive playing experience.<\/p>\n<p data-start=\"779\" data-end=\"1072\">Equipped with the classic <strong data-start=\"805\" data-end=\"840\">three single-coil configuration<\/strong>, this guitar offers the unmistakable Stratocaster sound: clear, dynamic and well defined across all pickup positions. The traditional <strong data-start=\"975\" data-end=\"1006\">Fender synchronized tremolo<\/strong> bridge maintains the classic look and functionality of the model.<\/p>\n<p data-start=\"1074\" data-end=\"1245\">This instrument is in <strong data-start=\"1096\" data-end=\"1131\">excellent condition for its age<\/strong>, something increasingly uncommon for late-1970s guitars, retaining its vintage aesthetic and authentic character.<\/p>\n<p data-start=\"1247\" data-end=\"1370\">A true CBS-era Stratocaster, appealing both to collectors and players looking for a vintage Fender with strong personality.<\/p>\n<hr data-start=\"1372\" data-end=\"1375\" \/>\n<h3 data-section-id=\"1yl5694\" data-start=\"1377\" data-end=\"1395\">Specifications<\/h3>\n<ul data-start=\"1397\" data-end=\"1837\">\n<li data-section-id=\"1k2d0ke\" data-start=\"1397\" data-end=\"1427\">\n<p data-start=\"1399\" data-end=\"1427\">Model: Fender Stratocaster<\/p>\n<\/li>\n<li data-section-id=\"d0onmj\" data-start=\"1428\" data-end=\"1446\">\n<p data-start=\"1430\" data-end=\"1446\">Year: <strong data-start=\"1436\" data-end=\"1444\">1979<\/strong><\/p>\n<\/li>\n<li data-section-id=\"z3scj8\" data-start=\"1447\" data-end=\"1490\">\n<p data-start=\"1449\" data-end=\"1490\">Made in: <strong data-start=\"1458\" data-end=\"1488\">Fullerton, California, USA<\/strong><\/p>\n<\/li>\n<li data-section-id=\"a8swpk\" data-start=\"1491\" data-end=\"1508\">\n<p data-start=\"1493\" data-end=\"1508\">Body: <strong data-start=\"1499\" data-end=\"1506\">ash<\/strong><\/p>\n<\/li>\n<li data-section-id=\"z51izp\" data-start=\"1509\" data-end=\"1540\">\n<p data-start=\"1511\" data-end=\"1540\">Finish: <strong data-start=\"1519\" data-end=\"1538\">3-Tone Sunburst<\/strong><\/p>\n<\/li>\n<li data-section-id=\"1c51s4\" data-start=\"1541\" data-end=\"1560\">\n<p data-start=\"1543\" data-end=\"1560\">Neck: <strong data-start=\"1549\" data-end=\"1558\">maple<\/strong><\/p>\n<\/li>\n<li data-section-id=\"1ebtap8\" data-start=\"1561\" data-end=\"1587\">\n<p data-start=\"1563\" data-end=\"1587\">Fingerboard: <strong data-start=\"1576\" data-end=\"1585\">maple<\/strong><\/p>\n<\/li>\n<li data-section-id=\"1wjo6k7\" data-start=\"1588\" data-end=\"1615\">\n<p data-start=\"1590\" data-end=\"1615\">Scale length: <strong data-start=\"1604\" data-end=\"1613\">25.5\u201d<\/strong><\/p>\n<\/li>\n<li data-section-id=\"s1kl19\" data-start=\"1616\" data-end=\"1628\">\n<p data-start=\"1618\" data-end=\"1628\">21 frets<\/p>\n<\/li>\n<li data-section-id=\"zm81jj\" data-start=\"1629\" data-end=\"1656\">\n<p data-start=\"1631\" data-end=\"1656\"><strong data-start=\"1631\" data-end=\"1654\">Large CBS headstock<\/strong><\/p>\n<\/li>\n<li data-section-id=\"5mt7u8\" data-start=\"1657\" data-end=\"1692\">\n<p data-start=\"1659\" data-end=\"1692\"><strong data-start=\"1659\" data-end=\"1690\">3-bolt neck with Micro-Tilt<\/strong><\/p>\n<\/li>\n<li data-section-id=\"1f397uk\" data-start=\"1693\" data-end=\"1729\">\n<p data-start=\"1695\" data-end=\"1729\">3 <strong data-start=\"1697\" data-end=\"1727\">Fender single-coil pickups<\/strong><\/p>\n<\/li>\n<li data-section-id=\"cidsia\" data-start=\"1730\" data-end=\"1765\">\n<p data-start=\"1732\" data-end=\"1765\">Controls: <strong data-start=\"1742\" data-end=\"1763\">1 volume \/ 2 tone<\/strong><\/p>\n<\/li>\n<li data-section-id=\"1khzjug\" data-start=\"1766\" data-end=\"1795\">\n<p data-start=\"1768\" data-end=\"1795\"><strong data-start=\"1768\" data-end=\"1793\">5-way selector switch<\/strong><\/p>\n<\/li>\n<li data-section-id=\"us9cov\" data-start=\"1796\" data-end=\"1837\">\n<p data-start=\"1798\" data-end=\"1837\">Bridge: <strong data-start=\"1806\" data-end=\"1837\">Fender synchronized tremolo<\/strong><\/p>\n<\/li>\n<\/ul>","protected":false},"excerpt":{"rendered":"<p data-start=\"0\" data-end=\"492\">Fender Stratocaster fabricada en Fullerton, California en 1979, perteneciente a la etapa CBS de la marca. Cuerpo de fresno en acabado 3-Tone Sunburst y m\u00e1stil de arce con diapas\u00f3n de arce. Presenta el caracter\u00edstico large headstock y uni\u00f3n de m\u00e1stil de tres tornillos con sistema Micro-Tilt. Equipada con tres pastillas single coil y puente Fender synchronized tremolo. Una Stratocaster vintage con el sonido y est\u00e9tica cl\u00e1sicos de finales de los a\u00f1os 70.<\/p>\n<p data-start=\"494\" data-end=\"950\" data-is-last-node=\"\" data-is-only-node=\"\"><strong data-start=\"494\" data-end=\"525\">&#8212;<\/strong><br data-start=\"525\" data-end=\"528\" \/>Fender Stratocaster made in Fullerton, California in 1979, from the CBS era. Ash body with a classic 3-Tone Sunburst finish and a maple neck with maple fretboard. Features the characteristic large headstock and the three-bolt neck joint with Micro-Tilt system. Equipped with three single-coil pickups and a Fender synchronized tremolo bridge. A vintage Stratocaster with the classic sound and aesthetics of the late 1970s.<\/p>","protected":false},"featured_media":7223,"template":"","meta":{"nf_dc_page":"","_et_pb_use_builder":"","_et_pb_old_content":"","_et_gb_content_width":""},"product_brand":[],"product_cat":[26,17],"product_tag":[],"class_list":{"0":"post-7201","1":"product","2":"type-product","3":"status-publish","4":"has-post-thumbnail","6":"product_cat-fender","7":"product_cat-fender-stratocaster","9":"first","10":"outofstock","11":"taxable","12":"shipping-taxable","13":"purchasable","14":"product-type-simple"},"_links":{"self":[{"href":"https:\/\/escasainguitars.com\/pt\/wp-json\/wp\/v2\/product\/7201","targetHints":{"allow":["GET"]}}],"collection":[{"href":"https:\/\/escasainguitars.com\/pt\/wp-json\/wp\/v2\/product"}],"about":[{"href":"https:\/\/escasainguitars.com\/pt\/wp-json\/wp\/v2\/types\/product"}],"wp:featuredmedia":[{"embeddable":true,"href":"https:\/\/escasainguitars.com\/pt\/wp-json\/wp\/v2\/media\/7223"}],"wp:attachment":[{"href":"https:\/\/escasainguitars.com\/pt\/wp-json\/wp\/v2\/media?parent=7201"}],"wp:term":[{"taxonomy":"product_brand","embeddable":true,"href":"https:\/\/escasainguitars.com\/pt\/wp-json\/wp\/v2\/product_brand?post=7201"},{"taxonomy":"product_cat","embeddable":true,"href":"https:\/\/escasainguitars.com\/pt\/wp-json\/wp\/v2\/product_cat?post=7201"},{"taxonomy":"product_tag","embeddable":true,"href":"https:\/\/escasainguitars.com\/pt\/wp-json\/wp\/v2\/product_tag?post=7201"}],"curies":[{"name":"wp","href":"https:\/\/api.w.org\/{rel}","templated":true}]}}