{"id":7257,"date":"2026-03-14T12:19:12","date_gmt":"2026-03-14T11:19:12","guid":{"rendered":"https:\/\/escasainguitars.com\/?post_type=product&#038;p=7257"},"modified":"2026-04-06T12:00:36","modified_gmt":"2026-04-06T11:00:36","slug":"music-man-axis-super-sport-1998-usa","status":"publish","type":"product","link":"https:\/\/escasainguitars.com\/pt\/otras\/music-man-axis-super-sport-1998-usa\/","title":{"rendered":"Music Man Axis Super Sport \u2013 1998 \u2013 USA"},"content":{"rendered":"<p data-start=\"44\" data-end=\"371\">La <strong data-start=\"47\" data-end=\"77\">Music Man Axis Super Sport<\/strong> es uno de los modelos m\u00e1s vers\u00e1tiles y mejor construidos del cat\u00e1logo de <span class=\"hover:entity-accent entity-underline inline cursor-pointer align-baseline\"><span class=\"whitespace-normal\">Ernie Ball Music Man<\/span><\/span>. Fabricada en <strong data-start=\"203\" data-end=\"242\">1998 en San Luis Obispo, California<\/strong>, esta guitarra representa perfectamente la filosof\u00eda de la marca: gran calidad de construcci\u00f3n, comodidad y versatilidad sonora.<\/p>\n<p data-start=\"373\" data-end=\"579\">La <strong data-start=\"376\" data-end=\"396\">Axis Super Sport<\/strong> es la evoluci\u00f3n de la famosa Axis, con una configuraci\u00f3n m\u00e1s flexible pensada para cubrir desde sonidos limpios hasta alta ganancia manteniendo siempre un excelente confort al tocar.<\/p>\n<p data-start=\"581\" data-end=\"798\">Esta unidad se encuentra <strong data-start=\"606\" data-end=\"653\">completamente original y en muy buen estado<\/strong>. Est\u00e1 construida con <strong data-start=\"675\" data-end=\"694\">cuerpo de aliso<\/strong> y un <strong data-start=\"700\" data-end=\"731\">m\u00e1stil de arce seleccionado<\/strong>, con el caracter\u00edstico perfil c\u00f3modo y r\u00e1pido t\u00edpico de Music Man.<\/p>\n<p data-start=\"800\" data-end=\"1031\">Monta <strong data-start=\"806\" data-end=\"834\">dos humbuckers Music Man<\/strong> y un <strong data-start=\"840\" data-end=\"868\">selector de 5 posiciones<\/strong>, que permite obtener tanto sonidos potentes tipo humbucker como registros m\u00e1s cercanos a single coil, lo que la convierte en una guitarra extremadamente vers\u00e1til.<\/p>\n<p data-start=\"1033\" data-end=\"1204\">Cuenta adem\u00e1s con <strong data-start=\"1051\" data-end=\"1083\">puente Music Man con vibrato<\/strong> y <strong data-start=\"1086\" data-end=\"1121\">clavijeros con bloqueo Schaller<\/strong>, que proporcionan una afinaci\u00f3n muy estable incluso con uso intensivo del tremolo.<\/p>\n<p data-start=\"1206\" data-end=\"1328\">El <strong data-start=\"1209\" data-end=\"1226\">acabado negro<\/strong> le da una est\u00e9tica elegante y atemporal, muy representativa de los modelos de finales de los a\u00f1os 90.<\/p>\n<p data-start=\"1330\" data-end=\"1598\">Una guitarra muy equilibrada, con gran resonancia, excelente estabilidad de afinaci\u00f3n y un m\u00e1stil extremadamente c\u00f3modo que hace que tocarla resulte muy natural. Las <strong data-start=\"1496\" data-end=\"1516\">Axis Super Sport<\/strong> son modelos muy apreciados por su calidad de construcci\u00f3n y su gran versatilidad.<\/p>\n<hr data-start=\"1600\" data-end=\"1603\" \/>\n<h3 data-section-id=\"epc39b\" data-start=\"1605\" data-end=\"1625\">Especificaciones<\/h3>\n<ul data-start=\"1627\" data-end=\"2044\">\n<li data-section-id=\"1ev6m55\" data-start=\"1627\" data-end=\"1665\">\n<p data-start=\"1629\" data-end=\"1665\">Modelo: Music Man Axis Super Sport<\/p>\n<\/li>\n<li data-section-id=\"ucu8p0\" data-start=\"1666\" data-end=\"1683\">\n<p data-start=\"1668\" data-end=\"1683\">A\u00f1o: <strong data-start=\"1673\" data-end=\"1681\">1998<\/strong><\/p>\n<\/li>\n<li data-section-id=\"hmlh6b\" data-start=\"1684\" data-end=\"1737\">\n<p data-start=\"1686\" data-end=\"1737\">Fabricaci\u00f3n: <strong data-start=\"1699\" data-end=\"1735\">San Luis Obispo, California, USA<\/strong><\/p>\n<\/li>\n<li data-section-id=\"1dli7fv\" data-start=\"1738\" data-end=\"1767\">\n<p data-start=\"1740\" data-end=\"1767\">Cuerpo: <strong data-start=\"1748\" data-end=\"1765\">aliso (alder)<\/strong><\/p>\n<\/li>\n<li data-section-id=\"dm61lg\" data-start=\"1768\" data-end=\"1801\">\n<p data-start=\"1770\" data-end=\"1801\">M\u00e1stil: <strong data-start=\"1778\" data-end=\"1799\">arce seleccionado<\/strong><\/p>\n<\/li>\n<li data-section-id=\"kw0i44\" data-start=\"1802\" data-end=\"1824\">\n<p data-start=\"1804\" data-end=\"1824\">Diapas\u00f3n: <strong data-start=\"1814\" data-end=\"1822\">arce<\/strong><\/p>\n<\/li>\n<li data-section-id=\"a2xrje\" data-start=\"1825\" data-end=\"1846\">\n<p data-start=\"1827\" data-end=\"1846\">Escala: <strong data-start=\"1835\" data-end=\"1844\">25.5\u201d<\/strong><\/p>\n<\/li>\n<li data-section-id=\"10rqpby\" data-start=\"1847\" data-end=\"1861\">\n<p data-start=\"1849\" data-end=\"1861\">22 trastes<\/p>\n<\/li>\n<li data-section-id=\"1bfad\" data-start=\"1862\" data-end=\"1903\">\n<p data-start=\"1864\" data-end=\"1903\">Pastillas: <strong data-start=\"1875\" data-end=\"1901\">2 humbuckers Music Man<\/strong><\/p>\n<\/li>\n<li data-section-id=\"1faw22y\" data-start=\"1904\" data-end=\"1934\">\n<p data-start=\"1906\" data-end=\"1934\">Selector: <strong data-start=\"1916\" data-end=\"1932\">5 posiciones<\/strong><\/p>\n<\/li>\n<li data-section-id=\"44nuxc\" data-start=\"1935\" data-end=\"1968\">\n<p data-start=\"1937\" data-end=\"1968\">Controles: <strong data-start=\"1948\" data-end=\"1966\">volumen \/ tono<\/strong><\/p>\n<\/li>\n<li data-section-id=\"9akubf\" data-start=\"1969\" data-end=\"2002\">\n<p data-start=\"1971\" data-end=\"2002\">Puente: <strong data-start=\"1979\" data-end=\"2000\">Music Man vibrato<\/strong><\/p>\n<\/li>\n<li data-section-id=\"1uu0or0\" data-start=\"2003\" data-end=\"2044\">\n<p data-start=\"2005\" data-end=\"2044\">Clavijeros: <strong data-start=\"2017\" data-end=\"2044\">Schaller locking tuners<\/strong><\/p>\n<\/li>\n<\/ul>\n<hr data-start=\"2046\" data-end=\"2049\" \/>\n<p data-start=\"44\" data-end=\"351\">The <strong data-start=\"48\" data-end=\"78\">Music Man Axis Super Sport<\/strong> is one of the most versatile and well-built models in the catalog of <span class=\"hover:entity-accent entity-underline inline cursor-pointer align-baseline\"><span class=\"whitespace-normal\">Ernie Ball Music Man<\/span><\/span>. Built in <strong data-start=\"196\" data-end=\"235\">1998 in San Luis Obispo, California<\/strong>, this guitar perfectly represents the brand\u2019s philosophy: outstanding build quality, comfort and tonal versatility.<\/p>\n<p data-start=\"353\" data-end=\"577\">The <strong data-start=\"357\" data-end=\"377\">Axis Super Sport<\/strong> is the evolution of the well-known Axis model, featuring a more flexible configuration designed to cover everything from clean tones to high-gain sounds while maintaining exceptional playing comfort.<\/p>\n<p data-start=\"579\" data-end=\"810\">This particular instrument is <strong data-start=\"609\" data-end=\"659\">completely original and in very good condition<\/strong>. It features an <strong data-start=\"676\" data-end=\"690\">alder body<\/strong> paired with a <strong data-start=\"705\" data-end=\"728\">selected maple neck<\/strong>, with the fast and comfortable neck profile that Music Man guitars are known for.<\/p>\n<p data-start=\"812\" data-end=\"1010\">It is equipped with <strong data-start=\"832\" data-end=\"860\">two Music Man humbuckers<\/strong> and a <strong data-start=\"867\" data-end=\"892\">5-way pickup selector<\/strong>, allowing both powerful humbucker tones and brighter single-coil-like sounds, making this guitar extremely versatile.<\/p>\n<p data-start=\"1012\" data-end=\"1170\">The guitar also features a <strong data-start=\"1039\" data-end=\"1067\">Music Man vibrato bridge<\/strong> and <strong data-start=\"1072\" data-end=\"1099\">Schaller locking tuners<\/strong>, providing excellent tuning stability even with extensive tremolo use.<\/p>\n<p data-start=\"1172\" data-end=\"1294\">The <strong data-start=\"1176\" data-end=\"1192\">black finish<\/strong> gives the instrument a clean, elegant and timeless aesthetic typical of late-1990s Music Man guitars.<\/p>\n<p data-start=\"1296\" data-end=\"1529\">A very balanced instrument with strong resonance, excellent tuning stability and a highly comfortable neck that makes it a pleasure to play. The <strong data-start=\"1441\" data-end=\"1461\">Axis Super Sport<\/strong> models are highly regarded for their build quality and versatility.<\/p>\n<hr data-start=\"1531\" data-end=\"1534\" \/>\n<h3 data-section-id=\"1yl5694\" data-start=\"1536\" data-end=\"1554\">Specifications<\/h3>\n<ul data-start=\"1556\" data-end=\"1961\">\n<li data-section-id=\"1py8rh2\" data-start=\"1556\" data-end=\"1593\">\n<p data-start=\"1558\" data-end=\"1593\">Model: Music Man Axis Super Sport<\/p>\n<\/li>\n<li data-section-id=\"j7gw9g\" data-start=\"1594\" data-end=\"1612\">\n<p data-start=\"1596\" data-end=\"1612\">Year: <strong data-start=\"1602\" data-end=\"1610\">1998<\/strong><\/p>\n<\/li>\n<li data-section-id=\"8p98lu\" data-start=\"1613\" data-end=\"1662\">\n<p data-start=\"1615\" data-end=\"1662\">Made in: <strong data-start=\"1624\" data-end=\"1660\">San Luis Obispo, California, USA<\/strong><\/p>\n<\/li>\n<li data-section-id=\"ieagrg\" data-start=\"1663\" data-end=\"1682\">\n<p data-start=\"1665\" data-end=\"1682\">Body: <strong data-start=\"1671\" data-end=\"1680\">alder<\/strong><\/p>\n<\/li>\n<li data-section-id=\"u4vb71\" data-start=\"1683\" data-end=\"1711\">\n<p data-start=\"1685\" data-end=\"1711\">Neck: <strong data-start=\"1691\" data-end=\"1709\">selected maple<\/strong><\/p>\n<\/li>\n<li data-section-id=\"1ebtap8\" data-start=\"1712\" data-end=\"1738\">\n<p data-start=\"1714\" data-end=\"1738\">Fingerboard: <strong data-start=\"1727\" data-end=\"1736\">maple<\/strong><\/p>\n<\/li>\n<li data-section-id=\"1wjo6k7\" data-start=\"1739\" data-end=\"1766\">\n<p data-start=\"1741\" data-end=\"1766\">Scale length: <strong data-start=\"1755\" data-end=\"1764\">25.5\u201d<\/strong><\/p>\n<\/li>\n<li data-section-id=\"131n6ri\" data-start=\"1767\" data-end=\"1779\">\n<p data-start=\"1769\" data-end=\"1779\">22 frets<\/p>\n<\/li>\n<li data-section-id=\"1pb1wwf\" data-start=\"1780\" data-end=\"1819\">\n<p data-start=\"1782\" data-end=\"1819\">Pickups: <strong data-start=\"1791\" data-end=\"1817\">2 Music Man humbuckers<\/strong><\/p>\n<\/li>\n<li data-section-id=\"129yqxi\" data-start=\"1820\" data-end=\"1857\">\n<p data-start=\"1822\" data-end=\"1857\">Pickup selector: <strong data-start=\"1839\" data-end=\"1855\">5-way switch<\/strong><\/p>\n<\/li>\n<li data-section-id=\"wv809d\" data-start=\"1858\" data-end=\"1889\">\n<p data-start=\"1860\" data-end=\"1889\">Controls: <strong data-start=\"1870\" data-end=\"1887\">volume \/ tone<\/strong><\/p>\n<\/li>\n<li data-section-id=\"24oqhn\" data-start=\"1890\" data-end=\"1923\">\n<p data-start=\"1892\" data-end=\"1923\">Bridge: <strong data-start=\"1900\" data-end=\"1921\">Music Man vibrato<\/strong><\/p>\n<\/li>\n<li data-section-id=\"1q5fsif\" data-start=\"1924\" data-end=\"1961\">\n<p data-start=\"1926\" data-end=\"1961\">Tuners: <strong data-start=\"1934\" data-end=\"1961\">Schaller locking tuners<\/strong><\/p>\n<\/li>\n<\/ul>","protected":false},"excerpt":{"rendered":"<div class=\"relative basis-auto flex-col -mb-(--composer-overlap-px) [--composer-overlap-px:28px] grow flex\">\n<div class=\"flex flex-col text-sm pb-25\">\n<article class=\"text-token-text-primary w-full focus:outline-none [--shadow-height:45px] has-data-writing-block:pointer-events-none has-data-writing-block:-mt-(--shadow-height) has-data-writing-block:pt-(--shadow-height) [&amp;:has([data-writing-block])&gt;*]:pointer-events-auto scroll-mt-[calc(var(--header-height)+min(200px,max(70px,20svh)))]\" dir=\"auto\" tabindex=\"-1\" data-turn-id=\"request-69b2d961-b9e8-838d-878e-c9845810dc05-18\" data-testid=\"conversation-turn-78\" data-scroll-anchor=\"true\" data-turn=\"assistant\">\n<div class=\"text-base my-auto mx-auto pb-10 [--thread-content-margin:var(--thread-content-margin-xs,calc(var(--spacing)*4))] @w-sm\/main:[--thread-content-margin:var(--thread-content-margin-sm,calc(var(--spacing)*6))] @w-lg\/main:[--thread-content-margin:var(--thread-content-margin-lg,calc(var(--spacing)*16))] px-(--thread-content-margin)\">\n<div class=\"[--thread-content-max-width:40rem] @w-lg\/main:[--thread-content-max-width:48rem] mx-auto max-w-(--thread-content-max-width) flex-1 group\/turn-messages focus-visible:outline-hidden relative flex w-full min-w-0 flex-col agent-turn\" tabindex=\"-1\">\n<div class=\"flex max-w-full flex-col gap-4 grow\">\n<div class=\"min-h-8 text-message relative flex w-full flex-col items-end gap-2 text-start break-words whitespace-normal [.text-message+&amp;]:mt-1\" dir=\"auto\" data-message-author-role=\"assistant\" data-message-id=\"5c8d5fa9-c747-49da-830b-f841c4789d37\" data-message-model-slug=\"gpt-5-3\">\n<div class=\"flex w-full flex-col gap-1 empty:hidden\">\n<div class=\"markdown prose dark:prose-invert w-full wrap-break-word dark markdown-new-styling\"><\/div>\n<\/div>\n<\/div>\n<\/div>\n<\/div>\n<\/div>\n<\/article>\n<\/div>\n<\/div>\n<div id=\"thread-bottom-container\" class=\"sticky bottom-0 group\/thread-bottom-container relative isolate z-10 w-full basis-auto has-data-has-thread-error:pt-2 has-data-has-thread-error:[box-shadow:var(--sharp-edge-bottom-shadow)] md:border-transparent md:pt-0 dark:border-white\/20 md:dark:border-transparent print:hidden content-fade single-line\">\n<div>\n<div class=\"text-base mx-auto [--thread-content-margin:var(--thread-content-margin-xs,calc(var(--spacing)*4))] @w-sm\/main:[--thread-content-margin:var(--thread-content-margin-sm,calc(var(--spacing)*6))] @w-lg\/main:[--thread-content-margin:var(--thread-content-margin-lg,calc(var(--spacing)*16))] px-(--thread-content-margin)\">\n<div class=\"[--thread-content-max-width:40rem] @w-lg\/main:[--thread-content-max-width:48rem] mx-auto max-w-(--thread-content-max-width) flex-1 mb-[var(--thread-component-gap,1rem)]\">\n<div class=\"pointer-events-auto relative z-1 flex h-(--composer-container-height,100%) max-w-full flex-(--composer-container-flex,1) flex-col\">\n<form class=\"group\/composer w-full\" data-type=\"unified-composer\">\n<div class=\"\">\n<div class=\"bg-token-bg-primary corner-superellipse\/1.1 cursor-text overflow-clip bg-clip-padding p-2.5 contain-inline-size motion-safe:transition-colors motion-safe:duration-200 motion-safe:ease-in-out dark:bg-[#303030] grid grid-cols-[auto_1fr_auto] [grid-template-areas:'header_header_header'_'leading_primary_trailing'_'._footer_.'] group-data-expanded\/composer:[grid-template-areas:'header_header_header'_'primary_primary_primary'_'leading_footer_trailing'] shadow-short-composer\" data-composer-surface=\"true\">\n<div class=\"flex items-center gap-2 [grid-area:trailing]\">\n<div class=\"ms-auto flex items-center gap-1.5\">\n<p data-start=\"0\" data-end=\"528\">Music Man Axis Super Sport fabricada en 1998 en San Luis Obispo, California (USA). Cuerpo de aliso y m\u00e1stil de arce con el perfil r\u00e1pido y c\u00f3modo caracter\u00edstico de Music Man. Equipada con dos humbuckers Music Man y selector de 5 posiciones que permite desde sonidos potentes tipo humbucker hasta registros m\u00e1s cercanos a single coil. Puente Music Man con vibrato y clavijeros Schaller con bloqueo para una gran estabilidad de afinaci\u00f3n. Guitarra muy vers\u00e1til, resonante y en muy buen estado.<\/p>\n<p data-start=\"0\" data-end=\"528\">&#8212;<\/p>\n<p data-start=\"0\" data-end=\"528\">Music Man Axis Super Sport made in 1998 in San Luis Obispo, California (USA). Alder body with a maple neck featuring the fast and comfortable profile typical of Music Man guitars. Equipped with two Music Man humbuckers and a 5-way selector allowing both powerful humbucker tones and brighter single-coil-like sounds. Music Man vibrato bridge and Schaller locking tuners provide excellent tuning stability. A very versatile and resonant guitar in very good condition.<\/p>\n<\/div>\n<\/div>\n<\/div>\n<\/div>\n<\/form>\n<\/div>\n<\/div>\n<\/div>\n<\/div>\n<\/div>\n","protected":false},"featured_media":7262,"template":"","meta":{"nf_dc_page":"","_et_pb_use_builder":"","_et_pb_old_content":"","_et_gb_content_width":""},"product_brand":[],"product_cat":[15],"product_tag":[],"class_list":{"0":"post-7257","1":"product","2":"type-product","3":"status-publish","4":"has-post-thumbnail","6":"product_cat-otras","8":"first","9":"outofstock","10":"taxable","11":"shipping-taxable","12":"purchasable","13":"product-type-simple"},"_links":{"self":[{"href":"https:\/\/escasainguitars.com\/pt\/wp-json\/wp\/v2\/product\/7257","targetHints":{"allow":["GET"]}}],"collection":[{"href":"https:\/\/escasainguitars.com\/pt\/wp-json\/wp\/v2\/product"}],"about":[{"href":"https:\/\/escasainguitars.com\/pt\/wp-json\/wp\/v2\/types\/product"}],"wp:featuredmedia":[{"embeddable":true,"href":"https:\/\/escasainguitars.com\/pt\/wp-json\/wp\/v2\/media\/7262"}],"wp:attachment":[{"href":"https:\/\/escasainguitars.com\/pt\/wp-json\/wp\/v2\/media?parent=7257"}],"wp:term":[{"taxonomy":"product_brand","embeddable":true,"href":"https:\/\/escasainguitars.com\/pt\/wp-json\/wp\/v2\/product_brand?post=7257"},{"taxonomy":"product_cat","embeddable":true,"href":"https:\/\/escasainguitars.com\/pt\/wp-json\/wp\/v2\/product_cat?post=7257"},{"taxonomy":"product_tag","embeddable":true,"href":"https:\/\/escasainguitars.com\/pt\/wp-json\/wp\/v2\/product_tag?post=7257"}],"curies":[{"name":"wp","href":"https:\/\/api.w.org\/{rel}","templated":true}]}}