{"id":7596,"date":"2026-05-12T18:48:32","date_gmt":"2026-05-12T17:48:32","guid":{"rendered":"https:\/\/escasainguitars.com\/?post_type=product&#038;p=7596"},"modified":"2026-05-12T19:46:28","modified_gmt":"2026-05-12T18:46:28","slug":"miguel-nieto-antonio-sanchis-guitarra-clasica-artesanal-espanola","status":"publish","type":"product","link":"https:\/\/escasainguitars.com\/pt\/clasicas\/miguel-nieto-antonio-sanchis-guitarra-clasica-artesanal-espanola\/","title":{"rendered":"Miguel Nieto \/ Antonio Sanchis \u2013 Guitarra Cl\u00e1sica Artesanal Espa\u00f1ola"},"content":{"rendered":"<div class=\"qMYqUG_convSearchResultHighlightRoot\">\n<div class=\"relative w-full overflow-visible\">\n<section class=\"text-token-text-primary w-full focus:outline-none [--shadow-height:45px] has-data-writing-block:pointer-events-none has-data-writing-block:-mt-(--shadow-height) has-data-writing-block:pt-(--shadow-height) [&amp;:has([data-writing-block])&gt;*]:pointer-events-auto [content-visibility:auto] supports-[content-visibility:auto]:[contain-intrinsic-size:auto_100lvh] R6Vx5W_threadScrollVars scroll-mb-[calc(var(--scroll-root-safe-area-inset-bottom,0px)+var(--thread-response-height))] scroll-mt-[calc(var(--header-height)+min(200px,max(70px,20svh)))]\" dir=\"auto\" data-turn-id=\"request-WEB:42d76749-924c-44f1-8870-8e79fd30a505-22\" data-turn-id-container=\"request-WEB:42d76749-924c-44f1-8870-8e79fd30a505-22\" data-testid=\"conversation-turn-42\" data-scroll-anchor=\"false\" data-turn=\"assistant\">\n<div class=\"text-base my-auto mx-auto pb-10 [--thread-content-margin:var(--thread-content-margin-xs,calc(var(--spacing)*4))] @w-sm\/main:[--thread-content-margin:var(--thread-content-margin-sm,calc(var(--spacing)*6))] @w-lg\/main:[--thread-content-margin:var(--thread-content-margin-lg,calc(var(--spacing)*16))] px-(--thread-content-margin)\">\n<div class=\"[--thread-content-max-width:40rem] @w-lg\/main:[--thread-content-max-width:48rem] mx-auto max-w-(--thread-content-max-width) flex-1 group\/turn-messages focus-visible:outline-hidden relative flex w-full min-w-0 flex-col agent-turn\">\n<div class=\"flex max-w-full flex-col gap-4 grow\">\n<div class=\"min-h-8 text-message relative flex w-full flex-col items-end gap-2 text-start break-words whitespace-normal outline-none keyboard-focused:focus-ring [.text-message+&amp;]:mt-1\" dir=\"auto\" tabindex=\"0\" data-message-author-role=\"assistant\" data-message-id=\"b4e6d373-ac5a-45c9-b0c4-eef18f3cbb4e\" data-message-model-slug=\"gpt-5-5\" data-turn-start-message=\"true\">\n<div class=\"flex w-full flex-col gap-1 empty:hidden\">\n<div class=\"markdown prose dark:prose-invert wrap-break-word w-full dark markdown-new-styling\">\n<p data-start=\"73\" data-end=\"349\">Presentamos esta preciosa guitarra cl\u00e1sica artesanal construida por Miguel Nieto en colaboraci\u00f3n con Antonio Sanchis, una pieza de aut\u00e9ntica tradici\u00f3n espa\u00f1ola con una est\u00e9tica espectacular y una construcci\u00f3n claramente orientada a la guitarra flamenca y cl\u00e1sica de alta gama.<\/p>\n<p data-start=\"351\" data-end=\"703\">Se trata de un instrumento construido en Espa\u00f1a dentro de la escuela valenciana, con una respuesta extremadamente viva, gran volumen y un car\u00e1cter muy org\u00e1nico. La guitarra destaca inmediatamente por su resonancia natural, su ataque r\u00e1pido y una riqueza arm\u00f3nica impresionante, manteniendo al mismo tiempo un sonido c\u00e1lido, equilibrado y muy expresivo.<\/p>\n<p data-start=\"705\" data-end=\"1033\">Visualmente es una guitarra realmente especial. La combinaci\u00f3n de la tapa en acabado naranja tradicional con el precioso palosanto oscuro del fondo y aros le da una presencia espectacular. El veteado del palosanto es especialmente bonito y elegante, con un aspecto muy cercano al de instrumentos artesanales de gama profesional.<\/p>\n<p data-start=\"1035\" data-end=\"1253\">El m\u00e1stil resulta muy c\u00f3modo y r\u00e1pido, con una acci\u00f3n agradable y una gran sensaci\u00f3n de ligereza al tocar. La guitarra responde perfectamente tanto para repertorio cl\u00e1sico como para estilos m\u00e1s flamencos o fingerstyle.<\/p>\n<p data-start=\"1255\" data-end=\"1552\">Seg\u00fan la informaci\u00f3n recibida del entorno del antiguo taller Sanchis, estas guitarras pertenec\u00edan a tiradas muy limitadas realizadas artesanalmente por Ricardo Sanchis, con producciones realmente peque\u00f1as y muy dif\u00edciles de encontrar actualmente, especialmente desde el cierre del taller original.<\/p>\n<p data-start=\"1554\" data-end=\"1581\">Caracter\u00edsticas destacadas:<\/p>\n<ul data-start=\"1583\" data-end=\"1890\">\n<li data-section-id=\"1jg25rt\" data-start=\"1583\" data-end=\"1616\">Construcci\u00f3n artesanal espa\u00f1ola<\/li>\n<li data-section-id=\"f785vg\" data-start=\"1617\" data-end=\"1658\">Etiqueta Miguel Nieto \/ Antonio Sanchis<\/li>\n<li data-section-id=\"potxip\" data-start=\"1659\" data-end=\"1672\">Tapa maciza<\/li>\n<li data-section-id=\"1hyn87a\" data-start=\"1673\" data-end=\"1700\">Fondo y aros de palosanto<\/li>\n<li data-section-id=\"19o21yp\" data-start=\"1701\" data-end=\"1720\">Diapas\u00f3n de \u00e9bano<\/li>\n<li data-section-id=\"gtruw8\" data-start=\"1721\" data-end=\"1748\">Gran volumen y proyecci\u00f3n<\/li>\n<li data-section-id=\"4qj5kt\" data-start=\"1749\" data-end=\"1789\">Sonido c\u00e1lido, abierto y muy resonante<\/li>\n<li data-section-id=\"1j2n5ur\" data-start=\"1790\" data-end=\"1820\">Excelente respuesta din\u00e1mica<\/li>\n<li data-section-id=\"9xs3vc\" data-start=\"1821\" data-end=\"1865\">Est\u00e9tica tradicional espa\u00f1ola espectacular<\/li>\n<li data-section-id=\"dmyumi\" data-start=\"1866\" data-end=\"1890\">Incluye estuche r\u00edgido<\/li>\n<\/ul>\n<p data-start=\"1892\" data-end=\"1973\">La guitarra se encuentra en muy buen estado general, ajustada y lista para tocar.<\/p>\n<p data-start=\"1975\" data-end=\"2176\" data-is-last-node=\"\" data-is-only-node=\"\">Una pieza muy interesante para guitarristas que buscan una guitarra artesanal espa\u00f1ola con personalidad, sonido aut\u00e9ntico y una construcci\u00f3n claramente superior a la de modelos industriales habituales.<\/p>\n<\/div>\n<\/div>\n<\/div>\n<\/div>\n<div class=\"z-0 flex min-h-[46px] justify-start\">\n<p>&#8212;<\/p>\n<p data-start=\"71\" data-end=\"344\">We are proud to present this beautiful handmade Spanish classical guitar built by Miguel Nieto in collaboration with Antonio Sanchis, a truly authentic instrument deeply rooted in the Spanish luthier tradition, with outstanding craftsmanship and a stunning visual presence.<\/p>\n<p data-start=\"346\" data-end=\"656\">This guitar was built in Spain following the renowned Valencian school of guitar making, offering an extremely lively response, impressive projection, and a rich, organic tonal character. It delivers a warm, balanced and expressive sound, with fast attack, excellent sustain and remarkable harmonic complexity.<\/p>\n<p data-start=\"658\" data-end=\"983\">Visually, this instrument is absolutely gorgeous. The traditional bright orange top combined with the dark rosewood back and sides creates a spectacular classic Spanish aesthetic. The rosewood grain is particularly elegant and visually striking, giving the guitar the look and feel of a true professional handmade instrument.<\/p>\n<p data-start=\"985\" data-end=\"1191\">The neck feels comfortable and fast, with a very pleasant action and lightweight playing feel. It responds beautifully both for classical repertoire and more flamenco-oriented or fingerstyle playing styles.<\/p>\n<p data-start=\"1193\" data-end=\"1492\">According to information related to the former Sanchis workshop, these guitars belonged to very limited handmade production runs built by Ricardo Sanchis, with extremely small quantities made each year, making them increasingly difficult to find today, especially since the original workshop closed.<\/p>\n<p data-start=\"1494\" data-end=\"1508\">Main features:<\/p>\n<ul data-start=\"1510\" data-end=\"1804\">\n<li data-section-id=\"1gfc2lh\" data-start=\"1510\" data-end=\"1541\">Handmade Spanish construction<\/li>\n<li data-section-id=\"mgduhi\" data-start=\"1542\" data-end=\"1580\">Miguel Nieto \/ Antonio Sanchis label<\/li>\n<li data-section-id=\"13czyse\" data-start=\"1581\" data-end=\"1592\">Solid top<\/li>\n<li data-section-id=\"1805upk\" data-start=\"1593\" data-end=\"1618\">Rosewood back and sides<\/li>\n<li data-section-id=\"1fhdz18\" data-start=\"1619\" data-end=\"1638\">Ebony fingerboard<\/li>\n<li data-section-id=\"1kqkpzm\" data-start=\"1639\" data-end=\"1672\">Excellent projection and volume<\/li>\n<li data-section-id=\"xrwkp3\" data-start=\"1673\" data-end=\"1710\">Warm, open and highly resonant tone<\/li>\n<li data-section-id=\"1qyoo9o\" data-start=\"1711\" data-end=\"1741\">Outstanding dynamic response<\/li>\n<li data-section-id=\"1e7bfzw\" data-start=\"1742\" data-end=\"1783\">Stunning traditional Spanish aesthetics<\/li>\n<li data-section-id=\"i5rbfw\" data-start=\"1784\" data-end=\"1804\">Includes hard case<\/li>\n<\/ul>\n<p data-start=\"1806\" data-end=\"1894\">The guitar is in very good overall condition, professionally adjusted and ready to play.<\/p>\n<p data-start=\"1896\" data-end=\"2070\" data-is-last-node=\"\" data-is-only-node=\"\">A truly special instrument for players looking for an authentic handmade Spanish guitar with personality, rich tone and craftsmanship far beyond standard factory-made models.<\/p>\n<\/div>\n<div class=\"mt-3 w-full empty:hidden\">\n<div class=\"text-center\"><\/div>\n<\/div>\n<\/div>\n<\/div>\n<\/section>\n<div class=\"contents\"><\/div>\n<\/div>\n<\/div>\n<div class=\"pointer-events-none -mt-px h-px translate-y-[calc(var(--scroll-root-safe-area-inset-bottom)-14*var(--spacing))]\" aria-hidden=\"true\"><\/div>\n","protected":false},"excerpt":{"rendered":"<p data-start=\"0\" data-end=\"366\">Miguel Nieto \/ Antonio Sanchis guitarra cl\u00e1sica artesanal espa\u00f1ola construida en la escuela valenciana. Sonido c\u00e1lido, abierto y muy resonante, con gran volumen y excelente respuesta din\u00e1mica. Fondo y aros de palosanto, diapas\u00f3n de \u00e9bano y preciosa est\u00e9tica tradicional espa\u00f1ola. Instrumento muy especial y dif\u00edcil de encontrar. Incluye estuche r\u00edgido.<\/p>\n<hr data-start=\"368\" data-end=\"371\" \/>\n<p data-start=\"373\" data-end=\"713\" data-is-last-node=\"\" data-is-only-node=\"\">Miguel Nieto \/ Antonio Sanchis handmade Spanish classical guitar built in the Valencian tradition. Warm, open and highly resonant tone with excellent projection and dynamic response. Rosewood back and sides, ebony fingerboard and stunning traditional Spanish aesthetics. A rare and very special instrument. Includes hard case.<\/p>","protected":false},"featured_media":7600,"template":"","meta":{"nf_dc_page":"","_et_pb_use_builder":"","_et_pb_old_content":"","_et_gb_content_width":""},"product_brand":[],"product_cat":[41],"product_tag":[],"class_list":{"0":"post-7596","1":"product","2":"type-product","3":"status-publish","4":"has-post-thumbnail","6":"product_cat-clasicas","8":"first","9":"instock","10":"taxable","11":"shipping-taxable","12":"purchasable","13":"product-type-simple"},"_links":{"self":[{"href":"https:\/\/escasainguitars.com\/pt\/wp-json\/wp\/v2\/product\/7596","targetHints":{"allow":["GET"]}}],"collection":[{"href":"https:\/\/escasainguitars.com\/pt\/wp-json\/wp\/v2\/product"}],"about":[{"href":"https:\/\/escasainguitars.com\/pt\/wp-json\/wp\/v2\/types\/product"}],"wp:featuredmedia":[{"embeddable":true,"href":"https:\/\/escasainguitars.com\/pt\/wp-json\/wp\/v2\/media\/7600"}],"wp:attachment":[{"href":"https:\/\/escasainguitars.com\/pt\/wp-json\/wp\/v2\/media?parent=7596"}],"wp:term":[{"taxonomy":"product_brand","embeddable":true,"href":"https:\/\/escasainguitars.com\/pt\/wp-json\/wp\/v2\/product_brand?post=7596"},{"taxonomy":"product_cat","embeddable":true,"href":"https:\/\/escasainguitars.com\/pt\/wp-json\/wp\/v2\/product_cat?post=7596"},{"taxonomy":"product_tag","embeddable":true,"href":"https:\/\/escasainguitars.com\/pt\/wp-json\/wp\/v2\/product_tag?post=7596"}],"curies":[{"name":"wp","href":"https:\/\/api.w.org\/{rel}","templated":true}]}}